{"id":8513,"date":"2017-12-30T16:22:19","date_gmt":"2017-12-30T16:22:19","guid":{"rendered":"http:\/\/www.tatanka.nl\/?post_type=product&#038;p=8513"},"modified":"2025-10-16T07:58:44","modified_gmt":"2025-10-16T06:58:44","slug":"peyote-seeds","status":"publish","type":"product","link":"https:\/\/www.tatanka.nl\/pl\/peyote-seeds\/","title":{"rendered":"Nasiona kaktusa pejotlowego"},"content":{"rendered":"<h2 data-start=\"427\" data-end=\"476\">Czym jest Lophophora Williamsii - kaktus pejotlowy?<\/h2>\n<p data-start=\"478\" data-end=\"1364\">Lophophora Williamsii, powszechnie nazywany pejotlem, to ma\u0142y, pozbawiony kolc\u00f3w kaktus pochodz\u0105cy z pusty\u0144 Meksyku i po\u0142udniowo-zachodnich Stan\u00f3w Zjednoczonych. Znany ze swoich psychoaktywnych efekt\u00f3w, kaktus Peyote zawiera meskalin\u0119, naturalnie wyst\u0119puj\u0105cy zwi\u0105zek, kt\u00f3ry wywo\u0142uje halucynacje i zmienione stany \u015bwiadomo\u015bci. Pejotl by\u0142 u\u017cywany od wiek\u00f3w w duchowych i leczniczych ceremoniach rdzennych Amerykan\u00f3w. Kaktus jest tradycyjnie spo\u017cywany poprzez krojenie plasterk\u00f3w ro\u015bliny i spo\u017cywanie surowego mi\u0105\u017cszu, suszenie go lub parzenie herbaty. Jego dzia\u0142anie jest g\u0142\u0119boko introspektywne i cz\u0119sto opisywane jako kolorowe i rozszerzaj\u0105ce umys\u0142. Kaktus pejotlowy zajmuje wa\u017cne miejsce zar\u00f3wno w historii botaniki, jak i duchowo\u015bci, a teraz mo\u017cna go uprawia\u0107 we w\u0142asnym domu z nasion. Pomimo skromnego wygl\u0105du, pejotl znany jest ze swojego pot\u0119\u017cnego, d\u0142ugotrwa\u0142ego wp\u0142ywu na umys\u0142 i cia\u0142o.<\/p>\n<h2 data-start=\"1371\" data-end=\"1422\">Historia Lophophora Williamsii - kaktusa pejotlowego<\/h2>\n<p data-start=\"1424\" data-end=\"2361\">Historia kaktusa Lophophora Williamsii si\u0119ga tysi\u0119cy lat wstecz, kiedy to by\u0142 on wykorzystywany przez rdzenne kultury obu Ameryk, w szczeg\u00f3lno\u015bci przez plemiona rdzennych Amerykan\u00f3w z Meksyku i po\u0142udniowo-zachodnich Stan\u00f3w Zjednoczonych. Kaktus ten zosta\u0142 po raz pierwszy napotkany przez hiszpa\u0144skich odkrywc\u00f3w podczas ich wypraw do Nowego \u015awiata. Odkrywcy byli zszokowani psychoaktywnym dzia\u0142aniem ro\u015bliny i cz\u0119sto postrzegali jej stosowanie przez rdzennych mieszka\u0144c\u00f3w jako poga\u0144skie lub satanistyczne. Jednak z biegiem czasu botanicy, lekarze i farmakolodzy zacz\u0119li dostrzega\u0107 potencjalne lecznicze i duchowe korzy\u015bci pejotlu. Uwa\u017ca si\u0119, \u017ce Aztekowie byli jednymi z pierwszych, kt\u00f3rzy u\u017cywali pejotlu w ceremoniach religijnych, wierz\u0105c, \u017ce \u0142\u0105czy\u0142 ich z bogami i oferowa\u0142 g\u0142\u0119boki wgl\u0105d w natur\u0119 \u017cycia. Ro\u015blina ta pozosta\u0142a centraln\u0105 cz\u0119\u015bci\u0105 r\u00f3\u017cnych praktyk religijnych i kulturowych i nadal jest szeroko stosowana we wsp\u00f3\u0142czesnych ceremoniach ko\u015bcielnych rdzennych Amerykan\u00f3w.<\/p>\n<h2 data-start=\"2368\" data-end=\"2419\">Jak stosowa\u0107 Lophophora Williamsii - kaktus pejotlowy<\/h2>\n<p data-start=\"2421\" data-end=\"3388\">U\u017cywanie Lophophora Williamsii - kaktusa pejotlowego polega na przygotowaniu kaktusa na r\u00f3\u017cne sposoby, aby do\u015bwiadczy\u0107 jego psychoaktywnych efekt\u00f3w. Najpopularniejsz\u0105 metod\u0105 jest krojenie plasterk\u00f3w kaktusa, a nast\u0119pnie spo\u017cywanie surowego mi\u0105\u017cszu, kt\u00f3ry ma gorzki smak. Mo\u017cliwe jest r\u00f3wnie\u017c suszenie kaktusa i stosowanie go w r\u00f3\u017cnych formach, takich jak jedzenie lub herbata. Podczas spo\u017cywania \u015bwie\u017cego kaktusa nale\u017cy pami\u0119ta\u0107, \u017ce pocz\u0105tkowe skutki mog\u0105 obejmowa\u0107 nudno\u015bci i wymioty z powodu jego goryczy. Jednak gdy efekty te ust\u0105pi\u0105 po godzinie, u\u017cytkownicy do\u015bwiadczaj\u0105 silnego psychodelicznego do\u015bwiadczenia, kt\u00f3re cz\u0119sto opisywane jest jako kolorowa i d\u0142ugotrwa\u0142a podr\u00f3\u017c. W przypadku pocz\u0105tkuj\u0105cych u\u017cytkownik\u00f3w zaleca si\u0119 rozpocz\u0119cie od niewielkiej ilo\u015bci, aby oceni\u0107 tolerancj\u0119, i wa\u017cne jest, aby unika\u0107 wszelkich forsownych czynno\u015bci, zw\u0142aszcza prowadzenia pojazd\u00f3w lub obs\u0142ugi maszyn, podczas tego do\u015bwiadczenia. Zaleca si\u0119 r\u00f3wnie\u017c unikanie Peyote, je\u015bli masz histori\u0119 problem\u00f3w ze zdrowiem psychicznym, takich jak l\u0119k lub depresja.<\/p>\n<h2 data-start=\"3395\" data-end=\"3450\">Sk\u0142adniki Lophophora Williamsii - kaktusa pejotlowego<\/h2>\n<p data-start=\"3452\" data-end=\"4408\">Podstawowym zwi\u0105zkiem psychoaktywnym wyst\u0119puj\u0105cym w kaktusie Lophophora Williamsii - Peyote jest meskalina, naturalnie wyst\u0119puj\u0105cy alkaloid, kt\u00f3ry, jak wykazano, wywo\u0142uje efekty psychodeliczne. Meskalina znajduje si\u0119 g\u0142\u00f3wnie w mi\u0105\u017cszu kaktusa, z najwy\u017cszym st\u0119\u017ceniem tu\u017c pod sk\u00f3r\u0105. Zwi\u0105zek ten wp\u0142ywa na receptory serotoniny w m\u00f3zgu, co prowadzi do zmian w percepcji, nastroju i \u015bwiadomo\u015bci. Chocia\u017c g\u0142\u00f3wnym sk\u0142adnikiem jest meskalina, kaktus zawiera r\u00f3wnie\u017c r\u00f3\u017cne inne zwi\u0105zki, w tym alkaloidy, kt\u00f3re przyczyniaj\u0105 si\u0119 do jego wyj\u0105tkowych efekt\u00f3w. Opr\u00f3cz w\u0142a\u015bciwo\u015bci psychoaktywnych, pejotl by\u0142 badany pod k\u0105tem potencjalnych korzy\u015bci leczniczych, takich jak zdolno\u015b\u0107 do \u0142agodzenia b\u00f3lu, promowania duchowego wgl\u0105du i pomocy w leczeniu uzale\u017cnie\u0144. Chocia\u017c stosowanie pejotlu jest prawnie ograniczone w wielu krajach, jego znaczenie w kontek\u015bcie religijnym i kulturowym pozostaje wa\u017cne, szczeg\u00f3lnie w\u015br\u00f3d spo\u0142eczno\u015bci rdzennych Amerykan\u00f3w.<\/p>\n<p data-start=\"4415\" data-end=\"4427\"><strong data-start=\"4415\" data-end=\"4427\">Ostrze\u017cenie:<\/strong><\/p>\n<p data-start=\"4429\" data-end=\"4970\" data-is-last-node=\"\">Pejotl mo\u017ce wywo\u0142ywa\u0107 silne efekty psychiczne, w tym intensywne halucynacje. Mo\u017ce prowadzi\u0107 do nudno\u015bci, wymiot\u00f3w i innych dolegliwo\u015bci fizycznych, zw\u0142aszcza u niedo\u015bwiadczonych u\u017cytkownik\u00f3w. Zaleca si\u0119 ostro\u017cne podej\u015bcie do stosowania tego kaktusa. Unikaj u\u017cywania pejotlu, je\u015bli masz histori\u0119 chor\u00f3b psychicznych, takich jak depresja, l\u0119k lub psychoza. Zawsze upewnij si\u0119, \u017ce znajdujesz si\u0119 w bezpiecznym, kontrolowanym \u015brodowisku podczas spo\u017cywania pejotlu i nie anga\u017cuj si\u0119 w czynno\u015bci takie jak prowadzenie pojazdu lub obs\u0142uga maszyn pod jego wp\u0142ywem.<\/p>","protected":false},"excerpt":{"rendered":"<p>Lophophora Williamsii, powszechnie znany jako kaktus pejotlowy, to wyj\u0105tkowa ro\u015blina o bogatej historii i w\u0142a\u015bciwo\u015bciach psychoaktywnych. Znany ze swojej zawarto\u015bci meskaliny, kaktus ten by\u0142 u\u017cywany od wiek\u00f3w w praktykach duchowych i leczniczych. Dzi\u0119ki bezig\u0142owemu, zaokr\u0105glonemu kszta\u0142towi kaktus pejotlowy jest \u0142atwy w uprawie domowej przy u\u017cyciu nasion i zapewnia mo\u017cliwo\u015b\u0107 do\u015bwiadczenia jego psychodelicznych efekt\u00f3w.<\/p>\n<p>Wyhoduj sw\u00f3j w\u0142asny! Zawiera 10 nasion.<span style=\"color: #000000;\"><br \/>\n<\/span><\/p>","protected":false},"featured_media":126153,"template":"","meta":[],"product_brand":[],"product_cat":[536,297,600,513,476],"product_tag":[],"class_list":{"0":"post-8513","1":"product","2":"type-product","3":"status-publish","4":"has-post-thumbnail","6":"product_cat-mescaline-cacti","7":"product_cat-all-products","8":"product_cat-mcmystic","9":"product_cat-party","10":"product_cat-smartshop","11":"product_shipping_class-creditcard-off","13":"first","14":"instock","15":"taxable","16":"shipping-taxable","17":"purchasable","18":"product-type-variable"},"_links":{"self":[{"href":"https:\/\/www.tatanka.nl\/pl\/wp-json\/wp\/v2\/product\/8513","targetHints":{"allow":["GET"]}}],"collection":[{"href":"https:\/\/www.tatanka.nl\/pl\/wp-json\/wp\/v2\/product"}],"about":[{"href":"https:\/\/www.tatanka.nl\/pl\/wp-json\/wp\/v2\/types\/product"}],"wp:featuredmedia":[{"embeddable":true,"href":"https:\/\/www.tatanka.nl\/pl\/wp-json\/wp\/v2\/media\/126153"}],"wp:attachment":[{"href":"https:\/\/www.tatanka.nl\/pl\/wp-json\/wp\/v2\/media?parent=8513"}],"wp:term":[{"taxonomy":"product_brand","embeddable":true,"href":"https:\/\/www.tatanka.nl\/pl\/wp-json\/wp\/v2\/product_brand?post=8513"},{"taxonomy":"product_cat","embeddable":true,"href":"https:\/\/www.tatanka.nl\/pl\/wp-json\/wp\/v2\/product_cat?post=8513"},{"taxonomy":"product_tag","embeddable":true,"href":"https:\/\/www.tatanka.nl\/pl\/wp-json\/wp\/v2\/product_tag?post=8513"}],"curies":[{"name":"wp","href":"https:\/\/api.w.org\/{rel}","templated":true}]}}