{"id":8522,"date":"2017-12-30T17:45:20","date_gmt":"2017-12-30T15:45:20","guid":{"rendered":"http:\/\/www.tatanka.nl\/?post_type=product&#038;p=8522"},"modified":"2025-10-16T07:58:42","modified_gmt":"2025-10-16T06:58:42","slug":"san-pedro-trichocereus-peruvianus-seeds","status":"publish","type":"product","link":"https:\/\/www.tatanka.nl\/pl\/san-pedro-trichocereus-peruvianus-seeds\/","title":{"rendered":"Nasiona San Pedro Peruvianus"},"content":{"rendered":"<h2 data-pm-slice=\"1 1 []\">Co to jest San Pedro Trichocereus Peruvianus?<\/h2>\n<p>Trichocereus Peruvianus to gatunek kaktusa pochodz\u0105cy z Peru. Nale\u017cy do rodzaju Echinopsis i jest blisko spokrewniony z Trichocereus Pachanoi, znanym r\u00f3wnie\u017c jako San Pedro. Kaktus Peruvian Torch wyr\u00f3\u017cnia si\u0119 wysokim, cylindrycznym kszta\u0142tem, cz\u0119sto dorastaj\u0105cym do kilku metr\u00f3w wysoko\u015bci. Charakteryzuje si\u0119 niebiesko-zielonym odcieniem, wyra\u017anymi kolcami i wyra\u017anymi \u017cebrami, kt\u00f3re nadaj\u0105 mu wyj\u0105tkowy i dekoracyjny wygl\u0105d. Ze wzgl\u0119du na swoje podobie\u0144stwo do filar\u00f3w \u015bwi\u0105tynnych, czasami nazywany jest \"kaktusem San Pedro\".<\/p>\n<p>Kaktus ten ma bogat\u0105 histori\u0119 tradycyjnego wykorzystania i jest ceniony za swoj\u0105 odporno\u015b\u0107. Mo\u017ce kwitn\u0105\u0107 w r\u00f3\u017cnych \u015brodowiskach, ale preferuje kwa\u015bn\u0105, dobrze przepuszczaln\u0105 gleb\u0119 i du\u017co \u015bwiat\u0142a s\u0142onecznego. Przy odpowiedniej piel\u0119gnacji Trichocereus Peruvianus mo\u017ce by\u0107 uprawiany zar\u00f3wno w pomieszczeniach, jak i na zewn\u0105trz, co czyni go wszechstronn\u0105 ro\u015blin\u0105 dla kolekcjoner\u00f3w i ogrodnik\u00f3w.<\/p>\n<h2>Historia San Pedro Trichocereus Peruvianus<\/h2>\n<p>Historia Trichocereus Peruvianus jest g\u0142\u0119boko zwi\u0105zana z kulturami Ameryki Po\u0142udniowej. Rdzenni mieszka\u0144cy ceni\u0105 ten kaktus od wiek\u00f3w, cz\u0119sto wykorzystuj\u0105c go w praktykach duchowych i leczniczych. Nazwa \"San Pedro\" jest wsp\u00f3lna z Trichocereus Pachanoi i pochodzi od \u015bwi\u0119tego Piotra, kt\u00f3ry wed\u0142ug wierze\u0144 dzier\u017cy klucze do nieba - jest to odniesienie do historycznego duchowego znaczenia tej ro\u015bliny.<\/p>\n<p>Podobnie jak wiele kaktus\u00f3w z regionu And\u00f3w, Trichocereus Peruvianus by\u0142 cz\u0119\u015bci\u0105 tradycyjnych rytua\u0142\u00f3w. By\u0142 cz\u0119sto u\u017cywany w ceremoniach, aby u\u0142atwi\u0107 wizjonerskie do\u015bwiadczenia i g\u0142\u0119bok\u0105 introspekcj\u0119. Z czasem jego uprawa rozprzestrzeni\u0142a si\u0119 poza Peru, czyni\u0105c go poszukiwan\u0105 ro\u015blin\u0105 zar\u00f3wno dla entuzjast\u00f3w botaniki, jak i os\u00f3b zainteresowanych jego historycznymi zastosowaniami. Dzi\u015b pozostaje popularnym gatunkiem w\u015br\u00f3d kolekcjoner\u00f3w i hobbyst\u00f3w na ca\u0142ym \u015bwiecie.<\/p>\n<h2>Jak stosowa\u0107 San Pedro Trichocereus Peruvianus<\/h2>\n<p>Trichocereus Peruvianus jest uprawiany g\u0142\u00f3wnie jako ro\u015blina ozdobna. Ze wzgl\u0119du na efektowny wygl\u0105d i odporno\u015b\u0107 jest ulubie\u0144cem mi\u0142o\u015bnik\u00f3w kaktus\u00f3w. Ro\u015bnie w ciep\u0142ym, suchym klimacie i wymaga minimalnej piel\u0119gnacji po zadomowieniu. Aby wyhodowa\u0107 tego kaktusa, nale\u017cy posadzi\u0107 jego nasiona w lekko kwa\u015bnej, dobrze przepuszczalnej glebie, zapewniaj\u0105c wysok\u0105 wilgotno\u015b\u0107 w okresie kie\u0142kowania. Sadzonki zazwyczaj kie\u0142kuj\u0105 w ci\u0105gu dwunastu dni.<\/p>\n<p>W miar\u0119 dojrzewania Trichocereus Peruvianus wymaga pe\u0142nego nas\u0142onecznienia i okazjonalnego podlewania. Konieczne jest pozostawienie gleby do wyschni\u0119cia mi\u0119dzy podlewaniami, aby zapobiec gniciu korzeni. Kaktus ten doskonale nadaje si\u0119 do ogrod\u00f3w skalnych, szklarni lub doniczek wewn\u0119trznych umieszczonych w pobli\u017cu s\u0142onecznego okna. W regionach o ch\u0142odniejszym klimacie przeniesienie kaktusa do pomieszczenia na zim\u0119 pomaga chroni\u0107 go przed uszkodzeniami spowodowanymi przez mr\u00f3z.<\/p>\n<h2>Sk\u0142adniki San Pedro Trichocereus Peruvianus<\/h2>\n<p>Trichocereus Peruvianus to naturalna ro\u015blina sk\u0142adaj\u0105ca si\u0119 g\u0142\u00f3wnie z w\u0142\u00f3knistej tkanki kaktusa, kom\u00f3rek magazynuj\u0105cych wod\u0119 i niezb\u0119dnych zwi\u0105zk\u00f3w ro\u015blinnych. Podobnie jak inne kaktusy, zawiera alkaloidy, w tym meskalin\u0119, cho\u0107 w ni\u017cszych st\u0119\u017ceniach ni\u017c niekt\u00f3re pokrewne gatunki. Meskalina jest naturalnie wyst\u0119puj\u0105cym zwi\u0105zkiem wyst\u0119puj\u0105cym w kilku kaktusach, r\u00f3\u017cni\u0105cym si\u0119 od psilocybiny w grzybach i LSD, kt\u00f3ry jest wytwarzany syntetycznie.<\/p>\n<p>Opr\u00f3cz zawarto\u015bci alkaloid\u00f3w, Trichocereus Peruvianus zawiera r\u00f3wnie\u017c niezb\u0119dne sk\u0142adniki od\u017cywcze, kt\u00f3re pomagaj\u0105 mu rozwija\u0107 si\u0119 w trudnych warunkach. Nale\u017c\u0105 do nich minera\u0142y, takie jak wap\u0144 i magnez, kt\u00f3re wzmacniaj\u0105 jego struktur\u0119, a tak\u017ce naturalne kwasy ro\u015blinne, kt\u00f3re przyczyniaj\u0105 si\u0119 do jego wzrostu w kwa\u015bnych glebach. Jego zdolno\u015b\u0107 do magazynowania wody pozwala mu przetrwa\u0107 w suchych warunkach, co czyni go odporn\u0105 i niewymagaj\u0105c\u0105 ro\u015blin\u0105 do uprawy.<\/p>\n<p><strong>Ostrze\u017cenie<\/strong><br \/>\nTrichocereus Peruvianus jest przeznaczony wy\u0142\u0105cznie do cel\u00f3w ozdobnych i ogrodniczych. Niezb\u0119dne jest zbadanie i przestrzeganie lokalnych przepis\u00f3w dotycz\u0105cych uprawy i u\u017cytkowania tego kaktusa. Nale\u017cy unika\u0107 jego spo\u017cywania, chyba \u017ce jest to prawnie dozwolone, i zawsze obchodzi\u0107 si\u0119 z nim ostro\u017cnie, poniewa\u017c jego kolce mog\u0105 spowodowa\u0107 obra\u017cenia.<\/p>\n<p>&nbsp;<\/p>","protected":false},"excerpt":{"rendered":"<p data-pm-slice=\"1 1 []\">Trichocereus Peruvianus, znany r\u00f3wnie\u017c jako Peruvian Torch Cactus, to efektowny wizualnie kaktus pochodz\u0105cy z Peru. Rozpoznawalny ze wzgl\u0119du na sw\u00f3j niebiesko-zielony, kolumnowy kszta\u0142t, kaktus ten jest popularny w\u015br\u00f3d entuzjast\u00f3w ze wzgl\u0119du na sw\u00f3j estetyczny wygl\u0105d i tradycyjne zastosowania. Ro\u015bnie w suchym, ciep\u0142ym klimacie i jest \u0142atwy w uprawie, co czyni go doskona\u0142ym wyborem dla hodowc\u00f3w domowych.<\/p>\n<p>Wyhoduj w\u0142asnego kaktusa! Zawiera 100 nasion.<span style=\"color: #000000;\"><br \/>\n<\/span><\/p>","protected":false},"featured_media":126145,"template":"","meta":[],"product_brand":[],"product_cat":[536,297,537,600,513,476],"product_tag":[],"class_list":{"0":"post-8522","1":"product","2":"type-product","3":"status-publish","4":"has-post-thumbnail","6":"product_cat-mescaline-cacti","7":"product_cat-all-products","8":"product_cat-lsa-seeds","9":"product_cat-mcmystic","10":"product_cat-party","11":"product_cat-smartshop","12":"product_shipping_class-creditcard-off","14":"first","15":"instock","16":"taxable","17":"shipping-taxable","18":"purchasable","19":"product-type-variable"},"_links":{"self":[{"href":"https:\/\/www.tatanka.nl\/pl\/wp-json\/wp\/v2\/product\/8522","targetHints":{"allow":["GET"]}}],"collection":[{"href":"https:\/\/www.tatanka.nl\/pl\/wp-json\/wp\/v2\/product"}],"about":[{"href":"https:\/\/www.tatanka.nl\/pl\/wp-json\/wp\/v2\/types\/product"}],"wp:featuredmedia":[{"embeddable":true,"href":"https:\/\/www.tatanka.nl\/pl\/wp-json\/wp\/v2\/media\/126145"}],"wp:attachment":[{"href":"https:\/\/www.tatanka.nl\/pl\/wp-json\/wp\/v2\/media?parent=8522"}],"wp:term":[{"taxonomy":"product_brand","embeddable":true,"href":"https:\/\/www.tatanka.nl\/pl\/wp-json\/wp\/v2\/product_brand?post=8522"},{"taxonomy":"product_cat","embeddable":true,"href":"https:\/\/www.tatanka.nl\/pl\/wp-json\/wp\/v2\/product_cat?post=8522"},{"taxonomy":"product_tag","embeddable":true,"href":"https:\/\/www.tatanka.nl\/pl\/wp-json\/wp\/v2\/product_tag?post=8522"}],"curies":[{"name":"wp","href":"https:\/\/api.w.org\/{rel}","templated":true}]}}