{"id":8527,"date":"2017-12-30T18:14:30","date_gmt":"2017-12-30T18:14:30","guid":{"rendered":"http:\/\/www.tatanka.nl\/?post_type=product&#038;p=8527"},"modified":"2025-05-20T10:58:01","modified_gmt":"2025-05-20T09:58:01","slug":"wild-dagga-20x-extract","status":"publish","type":"product","link":"https:\/\/www.tatanka.nl\/pl\/wild-dagga-20x-extract\/","title":{"rendered":"Dzika Dagga - ekstrakt 20x"},"content":{"rendered":"<h2 data-pm-slice=\"1 1 []\">Czym jest Wild Dagga - 20x?<\/h2>\n<p>Dzika Dagga, znana r\u00f3wnie\u017c jako <strong>Leonotis Leonurus<\/strong>jest ro\u015blin\u0105 pochodz\u0105c\u0105 z Afryki Po\u0142udniowej. Ze wzgl\u0119du na kszta\u0142t jasnopomara\u0144czowych kwiat\u00f3w jest cz\u0119sto nazywana lwim ogonem lub lwim uchem. Ro\u015blina ta jest tradycyjnie stosowana ze wzgl\u0119du na swoje korzystne w\u0142a\u015bciwo\u015bci, w tym \u0142agodny efekt euforyczny, kt\u00f3ry sprzyja relaksacji i jasno\u015bci umys\u0142u.<\/p>\n<p>Od 1600 roku, <strong>Wild Dagga<\/strong> przemierzy\u0142a kontynenty, zyskuj\u0105c popularno\u015b\u0107 w Europie i Azji. Jego aktywne zwi\u0105zki, marrubiina i leonuryna, znane s\u0105 z dzia\u0142ania uspokajaj\u0105cego i poprawiaj\u0105cego nastr\u00f3j. Dzisiaj, <strong>Wild Dagga<\/strong> jest szeroko stosowany w herbatach zio\u0142owych i naturalnych lekach, ceniony za delikatny, ale zauwa\u017calny wp\u0142yw na umys\u0142 i cia\u0142o.<\/p>\n<h2>Historia dzikiej daggi - 20x<\/h2>\n<p>Wykorzystanie <strong>Wild Dagga<\/strong> si\u0119ga setek lat wstecz, szczeg\u00f3lnie w\u015br\u00f3d rdzennych spo\u0142eczno\u015bci w Afryce Po\u0142udniowej. Spo\u0142eczno\u015bci te uzna\u0142y jej zdolno\u015b\u0107 do wywo\u0142ywania stanu \u0142agodnej euforii i relaksu. W tradycyjnej medycynie by\u0142a cz\u0119sto stosowana jako lekarstwo na r\u00f3\u017cne dolegliwo\u015bci, w tym b\u00f3le menstruacyjne, gor\u0105czk\u0119 i napi\u0119cie mi\u0119\u015bni.<\/p>\n<p>W latach 1600, <strong>Wild Dagga<\/strong> dotar\u0142a do Europy za po\u015brednictwem tureckich handlarzy. W XIX wieku wzros\u0142o naukowe zainteresowanie t\u0105 ro\u015blin\u0105, co doprowadzi\u0142o do bada\u0144 nad jej aktywnymi sk\u0142adnikami. Pomimo swojej d\u0142ugiej historii, <strong>Wild Dagga<\/strong> pozostaje stosunkowo ma\u0142o znana w g\u0142\u00f3wnym nurcie zio\u0142olecznictwa, ale nadal jest ceniona przez tych, kt\u00f3rzy doceniaj\u0105 jej naturalne w\u0142a\u015bciwo\u015bci.<\/p>\n<h2>Jak stosowa\u0107 Wild Dagga - 20x<\/h2>\n<p>Jeden z najpopularniejszych sposob\u00f3w na cieszenie si\u0119 <strong>Wild Dagga<\/strong> jest parzenie herbaty. Niewielka ilo\u015b\u0107, oko\u0142o 1 grama, wystarcza do stworzenia relaksuj\u0105cego naparu zio\u0142owego. Wystarczy parzy\u0107 suszon\u0105 ro\u015blin\u0119 w gor\u0105cej wodzie przez kilka minut przed wypiciem. Herbata ma \u0142agodny, ziemisty smak, kt\u00f3ry dobrze komponuje si\u0119 z miodem lub cytryn\u0105.<\/p>\n<p>Inn\u0105 popularn\u0105 metod\u0105 jest w\u0142\u0105czenie <strong>Wild Dagga<\/strong> do \u017cywno\u015bci, takiej jak jogurt lub koktajle. Pozwala to uzyska\u0107 bardziej subtelny i d\u0142ugotrwa\u0142y efekt. Niekt\u00f3rzy u\u017cytkownicy decyduj\u0105 si\u0119 r\u00f3wnie\u017c na palenie suszonych li\u015bci, ale ta metoda jest mniej powszechna.<\/p>\n<p>Podczas u\u017cywania <strong>Wild Dagga<\/strong>Wa\u017cne jest, aby zacz\u0105\u0107 od niskiej dawki, aby zrozumie\u0107, jak reaguje organizm. Do\u015bwiadczenia ka\u017cdej osoby mog\u0105 si\u0119 r\u00f3\u017cni\u0107, a efekty zwykle utrzymuj\u0105 si\u0119 przez kilka godzin.<\/p>\n<h2>Sk\u0142adniki Wild Dagga - 20x<\/h2>\n<p><strong>Wild Dagga<\/strong> zawiera kilka aktywnych zwi\u0105zk\u00f3w, z kt\u00f3rych najbardziej godnymi uwagi s\u0105 marrubina i leonuryna. Uwa\u017ca si\u0119, \u017ce zwi\u0105zki te przyczyniaj\u0105 si\u0119 do relaksuj\u0105cych i lekko euforycznych w\u0142a\u015bciwo\u015bci ro\u015bliny.<\/p>\n<ul data-spread=\"false\">\n<li><strong>Marrubiin<\/strong> - Tradycyjnie stosowana w zio\u0142olecznictwie marrubiina znana jest ze swoich w\u0142a\u015bciwo\u015bci przeciwzapalnych i \u0142agodz\u0105cych.<\/li>\n<li><strong>Leonuryna<\/strong> - Zwi\u0105zek ten zosta\u0142 powi\u0105zany z rozlu\u017anieniem mi\u0119\u015bni i by\u0142 historycznie stosowany w celu z\u0142agodzenia dyskomfortu menstruacyjnego.<\/li>\n<li><strong>Olejki eteryczne i flawonoidy<\/strong> - Te naturalne sk\u0142adniki przyczyniaj\u0105 si\u0119 do og\u00f3lnego efektu uspokajaj\u0105cego <strong>Wild Dagga<\/strong> i poprawi\u0107 jego profil zio\u0142owy.<\/li>\n<\/ul>\n<p>Od <strong>Wild Dagga<\/strong> jest produktem naturalnym, jego dzia\u0142anie mo\u017ce si\u0119 r\u00f3\u017cni\u0107 w zale\u017cno\u015bci od czynnik\u00f3w takich jak warunki uprawy i metody przygotowania.<\/p>\n<p><strong>Ostrze\u017cenie:<\/strong><br \/>\nChocia\u017c <strong>Wild Dagga<\/strong> jest og\u00f3lnie uwa\u017cane za bezpieczne, nadmierne spo\u017cycie mo\u017ce prowadzi\u0107 do zawrot\u00f3w g\u0142owy lub nudno\u015bci. Zaleca si\u0119 przestrzeganie zalecanej dawki 1 grama na jedno u\u017cycie. Kobiety w ci\u0105\u017cy i karmi\u0105ce piersi\u0105 powinny przed u\u017cyciem skonsultowa\u0107 si\u0119 z lekarzem. Unikaj mieszania z innymi substancjami psychoaktywnymi, aby zapobiec niepo\u017c\u0105danym interakcjom.<\/p>\n<p>Do\u015bwiadcz uspokajaj\u0105cych korzy\u015bci p\u0142yn\u0105cych z <strong>Wild Dagga<\/strong> w naturalny i kontrolowany spos\u00f3b, jako ciep\u0142a herbata lub subtelny dodatek do codziennej rutyny.<\/p>","protected":false},"excerpt":{"rendered":"<p><span style=\"color: #000000;\">Wild Dagga jest palona jako \u0142agodny legalny haj, ta\u0144sza i l\u017cejsza alternatywa dla marihuany. Jej dzia\u0142anie jest podobne do marihuany i zapewnia euforyczny efekt o \u0142agodnych w\u0142a\u015bciwo\u015bciach psychoaktywnych.<\/span><\/p>","protected":false},"featured_media":126140,"template":"","meta":[],"product_brand":[],"product_cat":[600,297,512,477,513,290,476],"product_tag":[],"class_list":{"0":"post-8527","1":"product","2":"type-product","3":"status-publish","4":"has-post-thumbnail","6":"product_cat-mcmystic","7":"product_cat-all-products","8":"product_cat-extracts","9":"product_cat-herbs","10":"product_cat-party","11":"product_cat-psychedelic-herbs","12":"product_cat-smartshop","14":"first","15":"instock","16":"taxable","17":"shipping-taxable","18":"purchasable","19":"product-type-variable"},"_links":{"self":[{"href":"https:\/\/www.tatanka.nl\/pl\/wp-json\/wp\/v2\/product\/8527","targetHints":{"allow":["GET"]}}],"collection":[{"href":"https:\/\/www.tatanka.nl\/pl\/wp-json\/wp\/v2\/product"}],"about":[{"href":"https:\/\/www.tatanka.nl\/pl\/wp-json\/wp\/v2\/types\/product"}],"wp:featuredmedia":[{"embeddable":true,"href":"https:\/\/www.tatanka.nl\/pl\/wp-json\/wp\/v2\/media\/126140"}],"wp:attachment":[{"href":"https:\/\/www.tatanka.nl\/pl\/wp-json\/wp\/v2\/media?parent=8527"}],"wp:term":[{"taxonomy":"product_brand","embeddable":true,"href":"https:\/\/www.tatanka.nl\/pl\/wp-json\/wp\/v2\/product_brand?post=8527"},{"taxonomy":"product_cat","embeddable":true,"href":"https:\/\/www.tatanka.nl\/pl\/wp-json\/wp\/v2\/product_cat?post=8527"},{"taxonomy":"product_tag","embeddable":true,"href":"https:\/\/www.tatanka.nl\/pl\/wp-json\/wp\/v2\/product_tag?post=8527"}],"curies":[{"name":"wp","href":"https:\/\/api.w.org\/{rel}","templated":true}]}}