{"id":8529,"date":"2017-12-30T18:42:24","date_gmt":"2017-12-30T18:42:24","guid":{"rendered":"http:\/\/www.tatanka.nl\/?post_type=product&#038;p=8529"},"modified":"2025-06-04T15:46:33","modified_gmt":"2025-06-04T14:46:33","slug":"yopo-seeds","status":"publish","type":"product","link":"https:\/\/www.tatanka.nl\/pl\/yopo-seeds\/","title":{"rendered":"Yopo Seeds"},"content":{"rendered":"<h2 data-start=\"515\" data-end=\"559\">Co to jest Yopo (Anadenanthera Peregrina)?<\/h2>\n<p data-start=\"561\" data-end=\"980\">Yopo, naukowo znane jako Anadenanthera Peregrina, to ro\u015blina pochodz\u0105ca z Karaib\u00f3w i Ameryki Po\u0142udniowej. Jej nasiona zawieraj\u0105 naturalnie wyst\u0119puj\u0105ce zwi\u0105zki halucynogenne, w tym DMT, co czyni je pot\u0119\u017cnym narz\u0119dziem do odmiennych stan\u00f3w \u015bwiadomo\u015bci. Rdzenne plemiona od wiek\u00f3w wykorzystywa\u0142y Yopo w szama\u0144skich rytua\u0142ach, cz\u0119sto jako \u015brodek do uzyskania duchowego wgl\u0105du, samo\u015bwiadomo\u015bci, a nawet wgl\u0105du w przysz\u0142o\u015b\u0107.<\/p>\n<p data-start=\"982\" data-end=\"1337\">Efekty psychoaktywne nasion Yopo s\u0105 intensywne, ale stosunkowo kr\u00f3tkotrwa\u0142e, zwykle trwaj\u0105ce oko\u0142o 90 minut. U\u017cytkownicy cz\u0119sto do\u015bwiadczaj\u0105 \u017cywych halucynacji wzrokowych, podwy\u017cszonych emocji i poczucia rozszerzonej \u015bwiadomo\u015bci. Ze wzgl\u0119du na swoj\u0105 moc, Yopo jest zalecane dla do\u015bwiadczonych u\u017cytkownik\u00f3w, kt\u00f3rzy s\u0105 zaznajomieni z jego efektami i w\u0142a\u015bciwymi metodami przygotowania.<\/p>\n<p data-start=\"1339\" data-end=\"1624\">Yopo jest u\u017cywane g\u0142\u00f3wnie jako tabaka, co wymaga starannego przetworzenia nasion. Tradycyjne przygotowanie obejmuje pra\u017cenie, mielenie i mieszanie nasion z substancjami alkalicznymi przed wdychaniem proszku. Zapewnia to pe\u0142n\u0105 moc psychoaktywnych w\u0142a\u015bciwo\u015bci ro\u015bliny.<\/p>\n<h2 data-start=\"1633\" data-end=\"1679\">Historia Yopo (Anadenanthera Peregrina)<\/h2>\n<p data-start=\"1681\" data-end=\"2064\">Stosowanie Yopo si\u0119ga tysi\u0119cy lat wstecz, a dowody sugeruj\u0105, \u017ce by\u0142o ono wykorzystywane przez staro\u017cytne cywilizacje ze wzgl\u0119du na jego psychoaktywne i duchowe korzy\u015bci. Odkrycia archeologiczne wskazuj\u0105, \u017ce wczesne kultury, w tym Egipcjanie, mog\u0142y eksperymentowa\u0107 z podobnymi ro\u015blinami, cho\u0107 najszersze zastosowanie przypisuje si\u0119 Inkom i innym rdzennym plemionom Ameryki Po\u0142udniowej.<\/p>\n<p data-start=\"2066\" data-end=\"2463\">Inkowie, wraz z innymi rdzennymi grupami, uwa\u017cali Yopo za \u015bwi\u0119te narz\u0119dzie do eksploracji umys\u0142owej i emocjonalnej. Szamani u\u017cywali go do wchodzenia w odmienne stany \u015bwiadomo\u015bci, w kt\u00f3rych mogli zdobywa\u0107 m\u0105dro\u015b\u0107, przewidywa\u0107 przysz\u0142e wydarzenia lub komunikowa\u0107 si\u0119 z duchami. Ceremonie z udzia\u0142em Yopo by\u0142y cz\u0119sto wsp\u00f3lne, a uczestnicy byli prowadzeni przez do\u015bwiadczonego uzdrowiciela lub duchowego przyw\u00f3dc\u0119.<\/p>\n<p data-start=\"2465\" data-end=\"2828\">Tradycyjne przygotowanie nasion Yopo by\u0142o starannie dopracowywane przez pokolenia. Rdzenne plemiona opracowa\u0142y skomplikowane metody przetwarzania nasion, aby zmaksymalizowa\u0107 ich moc przy jednoczesnym zminimalizowaniu potencjalnego dyskomfortu. Nawet dzi\u015b Yopo pozostaje wa\u017cn\u0105 cz\u0119\u015bci\u0105 niekt\u00f3rych plemiennych rytua\u0142\u00f3w, szczeg\u00f3lnie w\u015br\u00f3d kultur, kt\u00f3re utrzymuj\u0105 swoje staro\u017cytne tradycje duchowe.<\/p>\n<p data-start=\"2830\" data-end=\"3075\">Wraz z odrodzeniem zainteresowania naturalnymi substancjami psychoaktywnymi, Yopo jest obecnie badane przez wsp\u00f3\u0142czesnych psychonaut\u00f3w poszukuj\u0105cych g\u0142\u0119bokich do\u015bwiadcze\u0144. Pozostaje jednak pot\u0119\u017cn\u0105 i z\u0142o\u017con\u0105 substancj\u0105, kt\u00f3ra wymaga ostro\u017cnego obchodzenia si\u0119 i szacunku.<\/p>\n<h2 data-start=\"3084\" data-end=\"3130\">Jak stosowa\u0107 Yopo (Anadenanthera Peregrina)<\/h2>\n<p data-start=\"3132\" data-end=\"3389\">Nasiona Yopo s\u0105 najcz\u0119\u015bciej u\u017cywane jako tabaka, a praktyka ta si\u0119ga wiek\u00f3w wstecz w\u015br\u00f3d rdzennych plemion Ameryki Po\u0142udniowej. Nasiona musz\u0105 jednak najpierw przej\u015b\u0107 specjalny proces przygotowania, aby zwi\u0119kszy\u0107 ich moc i sprawi\u0107, by nadawa\u0142y si\u0119 do inhalacji.<\/p>\n<p data-start=\"3391\" data-end=\"3439\">Tradycyjna metoda obejmuje kilka etap\u00f3w:<\/p>\n<ol data-start=\"3441\" data-end=\"3929\">\n<li data-start=\"3441\" data-end=\"3499\">Nasiona s\u0105 najpierw czyszczone w celu usuni\u0119cia wszelkich zanieczyszcze\u0144.<\/li>\n<li data-start=\"3500\" data-end=\"3595\">Nast\u0119pnie pra\u017cy si\u0119 je na gor\u0105cej patelni, a\u017c zewn\u0119trzna skorupa p\u0119knie i b\u0119dzie mo\u017cna j\u0105 \u0142atwo usun\u0105\u0107.<\/li>\n<li data-start=\"3596\" data-end=\"3650\">Nasiona pozostawia si\u0119 do wyschni\u0119cia, a\u017c stan\u0105 si\u0119 twarde.<\/li>\n<li data-start=\"3651\" data-end=\"3705\">Po wysuszeniu s\u0105 one drobno mielone na proszek.<\/li>\n<li data-start=\"3706\" data-end=\"3848\">Proszek ten jest nast\u0119pnie mieszany z substancjami alkalicznymi, takimi jak soda oczyszczona lub wapno i \u0142\u0105czony z niewielk\u0105 ilo\u015bci\u0105 wody w celu utworzenia pasty.<\/li>\n<li data-start=\"3849\" data-end=\"3929\">Pasta jest ponownie suszona, a nast\u0119pnie mielona na drobny proszek do inhalacji.<\/li>\n<\/ol>\n<p data-start=\"3931\" data-end=\"4245\">Podczas stosowania, efekty Yopo mo\u017cna odczu\u0107 nawet przy niewielkiej dawce 1-3 nasion. Wi\u0119ksze ilo\u015bci zapewniaj\u0105 bardziej intensywne doznania, cz\u0119sto opisywane jako g\u0142\u0119boko wci\u0105gaj\u0105ce i wizjonerskie. Ze wzgl\u0119du na swoj\u0105 moc, pocz\u0105tkuj\u0105cym u\u017cytkownikom zaleca si\u0119 rozpocz\u0119cie od najni\u017cszej mo\u017cliwej dawki i stopniowe jej zwi\u0119kszanie w oparciu o do\u015bwiadczenie.<\/p>\n<p data-start=\"4247\" data-end=\"4396\">Opr\u00f3cz inhalacji, nasiona Yopo by\u0142y r\u00f3wnie\u017c u\u017cywane na r\u00f3\u017cne eksperymentalne sposoby, ale za\u017cywanie tabaki pozostaje najbardziej skuteczn\u0105 i tradycyjn\u0105 metod\u0105.<\/p>\n<p data-start=\"5353\" data-end=\"5927\" data-is-last-node=\"\"><strong data-start=\"5353\" data-end=\"5364\">Ostrze\u017cenie<\/strong><br data-start=\"5364\" data-end=\"5367\" \/>Yopo (Anadenanthera Peregrina) to silnie dzia\u0142aj\u0105ca substancja naturalna, kt\u00f3r\u0105 nale\u017cy stosowa\u0107 ostro\u017cnie. Nie nadaje si\u0119 dla os\u00f3b poni\u017cej 18 roku \u017cycia. Kobiety w ci\u0105\u017cy lub karmi\u0105ce piersi\u0105, osoby z chorobami podstawowymi lub przyjmuj\u0105ce leki powinny skonsultowa\u0107 si\u0119 z lekarzem przed u\u017cyciem. Niew\u0142a\u015bciwe przygotowanie lub nadmierne dawkowanie mo\u017ce prowadzi\u0107 do nudno\u015bci, zawrot\u00f3w g\u0142owy lub dyskomfortu. Ten produkt jest przeznaczony dla odpowiedzialnych u\u017cytkownik\u00f3w z do\u015bwiadczeniem w stosowaniu substancji psychoaktywnych. Przechowywa\u0107 w ch\u0142odnym i suchym miejscu, niedost\u0119pnym dla dzieci.<\/p>","protected":false},"excerpt":{"rendered":"<p>Yopo (Anadenanthera Peregrina) to tradycyjna po\u0142udniowoameryka\u0144ska ro\u015blina znana ze swoich w\u0142a\u015bciwo\u015bci psychoaktywnych. Nasiona tej ro\u015bliny s\u0105 od wiek\u00f3w wykorzystywane przez rdzenne kultury do do\u015bwiadcze\u0144 duchowych i wizjonerskich. Yopo zapewnia silny i kr\u00f3tkotrwa\u0142y efekt, zwykle oko\u0142o 90 minut, i jest cz\u0119sto u\u017cywany w rytualnych lub introspektywnych ustawieniach. Ten naturalny produkt jest idealny dla tych, kt\u00f3rzy chc\u0105 odkrywa\u0107 g\u0142\u0119bokie stany psychiczne i emocjonalne w kontrolowany spos\u00f3b.<\/p>","protected":false},"featured_media":126139,"template":"","meta":[],"product_brand":[],"product_cat":[600,297,537,513,476],"product_tag":[],"class_list":{"0":"post-8529","1":"product","2":"type-product","3":"status-publish","4":"has-post-thumbnail","6":"product_cat-mcmystic","7":"product_cat-all-products","8":"product_cat-lsa-seeds","9":"product_cat-party","10":"product_cat-smartshop","11":"product_shipping_class-not-allowed-group-3","13":"first","14":"instock","15":"taxable","16":"shipping-taxable","17":"purchasable","18":"product-type-variable"},"_links":{"self":[{"href":"https:\/\/www.tatanka.nl\/pl\/wp-json\/wp\/v2\/product\/8529","targetHints":{"allow":["GET"]}}],"collection":[{"href":"https:\/\/www.tatanka.nl\/pl\/wp-json\/wp\/v2\/product"}],"about":[{"href":"https:\/\/www.tatanka.nl\/pl\/wp-json\/wp\/v2\/types\/product"}],"wp:featuredmedia":[{"embeddable":true,"href":"https:\/\/www.tatanka.nl\/pl\/wp-json\/wp\/v2\/media\/126139"}],"wp:attachment":[{"href":"https:\/\/www.tatanka.nl\/pl\/wp-json\/wp\/v2\/media?parent=8529"}],"wp:term":[{"taxonomy":"product_brand","embeddable":true,"href":"https:\/\/www.tatanka.nl\/pl\/wp-json\/wp\/v2\/product_brand?post=8529"},{"taxonomy":"product_cat","embeddable":true,"href":"https:\/\/www.tatanka.nl\/pl\/wp-json\/wp\/v2\/product_cat?post=8529"},{"taxonomy":"product_tag","embeddable":true,"href":"https:\/\/www.tatanka.nl\/pl\/wp-json\/wp\/v2\/product_tag?post=8529"}],"curies":[{"name":"wp","href":"https:\/\/api.w.org\/{rel}","templated":true}]}}