{"id":8553,"date":"2018-01-05T13:45:17","date_gmt":"2018-01-05T13:45:17","guid":{"rendered":"http:\/\/www.tatanka.nl\/?post_type=product&#038;p=8553"},"modified":"2025-05-20T10:57:45","modified_gmt":"2025-05-20T09:57:45","slug":"kanna-5-grams","status":"publish","type":"product","link":"https:\/\/www.tatanka.nl\/pl\/kanna-5-grams\/","title":{"rendered":"Kanna Powder"},"content":{"rendered":"<h2 class=\"\" data-start=\"94\" data-end=\"111\">Co to jest Kanna?<\/h2>\n<p class=\"\" data-start=\"113\" data-end=\"548\">Kanna, naukowo znany jako <em data-start=\"144\" data-end=\"165\">Sceletium tortuosum<\/em>to soczysta ro\u015blina pochodz\u0105ca z Afryki Po\u0142udniowej. By\u0142a ona tradycyjnie wykorzystywana przez rdzenn\u0105 ludno\u015b\u0107 Khoisan ze wzgl\u0119du na swoje w\u0142a\u015bciwo\u015bci uspokajaj\u0105ce i poprawiaj\u0105ce nastr\u00f3j. Znany ze swojej zdolno\u015bci do \u0142agodzenia stresu i promowania dobrego samopoczucia emocjonalnego, Kanna sta\u0142 si\u0119 popularnym naturalnym suplementem na ca\u0142ym \u015bwiecie. W przeciwie\u0144stwie do niekt\u00f3rych \u015brodk\u00f3w relaksuj\u0105cych, Kanna zazwyczaj promuje spok\u00f3j bez powodowania senno\u015bci.<\/p>\n<p class=\"\" data-start=\"550\" data-end=\"890\">Ro\u015blina ta dzia\u0142a g\u0142\u00f3wnie poprzez wp\u0142yw na uk\u0142ad serotoninowy organizmu, wywo\u0142uj\u0105c delikatne uczucie euforii i relaksu. Wielu u\u017cytkownik\u00f3w zg\u0142asza popraw\u0119 jasno\u015bci umys\u0142u i zmniejszenie l\u0119ku spo\u0142ecznego. Efekty dzia\u0142ania Kanna mog\u0105 si\u0119 r\u00f3\u017cni\u0107 w zale\u017cno\u015bci od sposobu spo\u017cycia i dawki, od subtelnego uspokojenia po bardziej wyra\u017ane uczucie podniesienia na duchu.<\/p>\n<h2 class=\"\" data-start=\"897\" data-end=\"920\">Historia Kanna<\/h2>\n<p class=\"\" data-start=\"922\" data-end=\"1139\">Zastosowanie Kanna si\u0119ga setek lat wstecz do rdzennych plemion po\u0142udniowoafryka\u0144skich, zw\u0142aszcza Khoisan. Plemiona te \u017cu\u0142y, fermentowa\u0142y lub parzy\u0142y li\u015bcie ro\u015bliny w celu zwalczania stresu, poprawy nastroju i zwi\u0119kszenia do\u015bwiadcze\u0144 spo\u0142ecznych.<\/p>\n<p class=\"\" data-start=\"1141\" data-end=\"1402\">W XIX wieku holenderscy osadnicy i botanicy udokumentowali Kanna i sprowadzili go do Europy. Od tego czasu ro\u015blina ewoluowa\u0142a z regionalnego tradycyjnego \u015brodka leczniczego w uznany na ca\u0142ym \u015bwiecie suplement zio\u0142owy, z wyrafinowanymi ekstraktami oferuj\u0105cymi skoncentrowane korzy\u015bci.<\/p>\n<h2 class=\"\" data-start=\"1409\" data-end=\"1428\">Jak korzysta\u0107 z Kanna<\/h2>\n<p class=\"\" data-start=\"1430\" data-end=\"1525\">Istnieje kilka metod spo\u017cywania Kanna, z kt\u00f3rych ka\u017cda oferuje r\u00f3\u017cne efekty i czasy dzia\u0142ania:<\/p>\n<ul data-start=\"1527\" data-end=\"1954\">\n<li class=\"\" data-start=\"1527\" data-end=\"1643\">\n<p class=\"\" data-start=\"1529\" data-end=\"1643\"><strong data-start=\"1529\" data-end=\"1540\">\u017bucie<\/strong>: Tradycyjna metoda, w kt\u00f3rej suszone li\u015bcie lub proszek s\u0105 \u017cute i trzymane w ustach w celu wch\u0142oni\u0119cia.<\/p>\n<\/li>\n<li class=\"\" data-start=\"1644\" data-end=\"1729\">\n<p class=\"\" data-start=\"1646\" data-end=\"1729\"><strong data-start=\"1646\" data-end=\"1653\">Herbata<\/strong>: Zaparzanie Kanna w herbacie zapewnia wolniejszy, bardziej trwa\u0142y efekt uspokajaj\u0105cy.<\/p>\n<\/li>\n<li class=\"\" data-start=\"1730\" data-end=\"1846\">\n<p class=\"\" data-start=\"1732\" data-end=\"1846\"><strong data-start=\"1732\" data-end=\"1744\">Snuffing<\/strong>: Wdychanie drobno zmielonego proszku prowadzi do szybszego wyst\u0105pienia efekt\u00f3w, cho\u0107 metoda ta jest mniej powszechna.<\/p>\n<\/li>\n<li class=\"\" data-start=\"1847\" data-end=\"1954\">\n<p class=\"\" data-start=\"1849\" data-end=\"1954\"><strong data-start=\"1849\" data-end=\"1861\">Extracts<\/strong>: Nowoczesne ekstrakty oferuj\u0105 silne dzia\u0142anie w mniejszych dawkach, dzi\u0119ki czemu s\u0105 popularne ze wzgl\u0119du na wygod\u0119.<\/p>\n<\/li>\n<\/ul>\n<p class=\"\" data-start=\"1956\" data-end=\"2184\">Zaleca si\u0119 rozpocz\u0119cie od niskiej dawki i stopniowe dostosowywanie jej w zale\u017cno\u015bci od osobistej wra\u017cliwo\u015bci. Nale\u017cy zachowa\u0107 ostro\u017cno\u015b\u0107 lub ca\u0142kowicie unika\u0107 \u0142\u0105czenia Kanna z innymi substancjami, szczeg\u00f3lnie tymi wp\u0142ywaj\u0105cymi na serotonin\u0119.<\/p>\n<h2 class=\"\" data-start=\"2191\" data-end=\"2221\">Sk\u0142adniki aktywne w Kanna<\/h2>\n<p class=\"\" data-start=\"2223\" data-end=\"2345\">Kanna zawdzi\u0119cza swoje dzia\u0142anie grupie alkaloid\u00f3w, kt\u00f3re oddzia\u0142uj\u0105 z uk\u0142adem serotoninowym m\u00f3zgu. Kluczowe zwi\u0105zki obejmuj\u0105:<\/p>\n<ul data-start=\"2347\" data-end=\"2570\">\n<li class=\"\" data-start=\"2347\" data-end=\"2420\">\n<p class=\"\" data-start=\"2349\" data-end=\"2420\"><strong data-start=\"2349\" data-end=\"2363\">Mesembrine<\/strong>: Znany ze swoich w\u0142a\u015bciwo\u015bci poprawiaj\u0105cych nastr\u00f3j i przeciwl\u0119kowych.<\/p>\n<\/li>\n<li class=\"\" data-start=\"2421\" data-end=\"2494\">\n<p class=\"\" data-start=\"2423\" data-end=\"2494\"><strong data-start=\"2423\" data-end=\"2439\">Mesembrenon<\/strong>: Pomaga zmniejszy\u0107 stres i poprawia jasno\u015b\u0107 umys\u0142u.<\/p>\n<\/li>\n<li class=\"\" data-start=\"2495\" data-end=\"2570\">\n<p class=\"\" data-start=\"2497\" data-end=\"2570\"><strong data-start=\"2497\" data-end=\"2512\">Mesembrenol<\/strong>: Przyczynia si\u0119 do og\u00f3lnego uspokajaj\u0105cego dzia\u0142ania ro\u015bliny.<\/p>\n<\/li>\n<\/ul>\n<p class=\"\" data-start=\"2572\" data-end=\"2803\">Te naturalne zwi\u0105zki zapewniaj\u0105 \u0142agodne, zr\u00f3wnowa\u017cone podej\u015bcie do wspomagania nastroju - oferuj\u0105c ro\u015blinn\u0105 alternatyw\u0119 dla syntetycznych \u015brodk\u00f3w zwiotczaj\u0105cych o mniejszym ryzyku wyst\u0105pienia niepo\u017c\u0105danych skutk\u00f3w ubocznych. Niemniej jednak niezb\u0119dne jest ich odpowiedzialne i \u015bwiadome stosowanie.<\/p>\n<p data-start=\"2810\" data-end=\"2835\"><strong>Bezpiecze\u0144stwo i \u015brodki ostro\u017cno\u015bci<\/strong><\/p>\n<p class=\"\" data-start=\"2837\" data-end=\"3110\">Chocia\u017c Kanna jest og\u00f3lnie dobrze tolerowany, nale\u017cy go stosowa\u0107 ostro\u017cnie. Nie nale\u017cy \u0142\u0105czy\u0107 go z lekami przeciwdepresyjnymi lub innymi lekami wp\u0142ywaj\u0105cymi na serotonin\u0119, poniewa\u017c mo\u017ce to prowadzi\u0107 do szkodliwych interakcji. Ponadto osoby w ci\u0105\u017cy lub karmi\u0105ce piersi\u0105 powinny unika\u0107 stosowania Kanna.<\/p>\n<p class=\"\" data-start=\"3112\" data-end=\"3223\">Zawsze skonsultuj si\u0119 z lekarzem przed wprowadzeniem Kanna lub jakiegokolwiek nowego suplementu do swojej rutyny.<\/p>","protected":false},"excerpt":{"rendered":"<p><span style=\"color: #000000;\">Kanna <\/span><span style=\"color: #000000;\">Pierwszy proszek ma lekkie stymuluj\u0105ce efekty energetyczne. Nast\u0119pnie nast\u0119puje przej\u015bcie do stymulacji i relaksu. Ten proszek Kanna sprawia, \u017ce jeste\u015b energiczny, ekscytuj\u0105cy i euforyczny w ni\u017cszych dawkach i zrelaksowany w wy\u017cszych dawkach.<br \/>\n<\/span><\/p>","protected":false},"featured_media":126902,"template":"","meta":[],"product_brand":[],"product_cat":[600,297,508,476],"product_tag":[],"class_list":{"0":"post-8553","1":"product","2":"type-product","3":"status-publish","4":"has-post-thumbnail","6":"product_cat-mcmystic","7":"product_cat-all-products","8":"product_cat-kanna","9":"product_cat-smartshop","11":"first","12":"instock","13":"taxable","14":"shipping-taxable","15":"purchasable","16":"product-type-simple"},"_links":{"self":[{"href":"https:\/\/www.tatanka.nl\/pl\/wp-json\/wp\/v2\/product\/8553","targetHints":{"allow":["GET"]}}],"collection":[{"href":"https:\/\/www.tatanka.nl\/pl\/wp-json\/wp\/v2\/product"}],"about":[{"href":"https:\/\/www.tatanka.nl\/pl\/wp-json\/wp\/v2\/types\/product"}],"wp:featuredmedia":[{"embeddable":true,"href":"https:\/\/www.tatanka.nl\/pl\/wp-json\/wp\/v2\/media\/126902"}],"wp:attachment":[{"href":"https:\/\/www.tatanka.nl\/pl\/wp-json\/wp\/v2\/media?parent=8553"}],"wp:term":[{"taxonomy":"product_brand","embeddable":true,"href":"https:\/\/www.tatanka.nl\/pl\/wp-json\/wp\/v2\/product_brand?post=8553"},{"taxonomy":"product_cat","embeddable":true,"href":"https:\/\/www.tatanka.nl\/pl\/wp-json\/wp\/v2\/product_cat?post=8553"},{"taxonomy":"product_tag","embeddable":true,"href":"https:\/\/www.tatanka.nl\/pl\/wp-json\/wp\/v2\/product_tag?post=8553"}],"curies":[{"name":"wp","href":"https:\/\/api.w.org\/{rel}","templated":true}]}}