{"id":8561,"date":"2018-01-05T14:16:41","date_gmt":"2018-01-05T14:16:41","guid":{"rendered":"http:\/\/www.tatanka.nl\/?post_type=product&#038;p=8561"},"modified":"2025-05-20T10:55:42","modified_gmt":"2025-05-20T09:55:42","slug":"ginkgo-biloba","status":"publish","type":"product","link":"https:\/\/www.tatanka.nl\/pl\/ginkgo-biloba\/","title":{"rendered":"Ginkgo Biloba"},"content":{"rendered":"<h2>Czym jest Ginkgo Biloba?<\/h2>\n<p>Mi\u0142orz\u0105b dwuklapowy, cz\u0119sto nazywany japo\u0144skim drzewem \u015bwi\u0105tynnym lub japo\u0144skim drzewem orzechowym, to staro\u017cytny gatunek drzewa, kt\u00f3ry istnieje od milion\u00f3w lat. Pochodz\u0105ce z Chin drzewo to jest czczone ze wzgl\u0119du na liczne korzy\u015bci zdrowotne i znaczenie symboliczne, szczeg\u00f3lnie w Azji. Pomimo swojej nazwy, Ginkgo Biloba nie produkuje orzech\u00f3w, ale raczej nasiona, kt\u00f3re s\u0105 cenione za swoje w\u0142a\u015bciwo\u015bci lecznicze.<\/p>\n<p>Drzewo znane jest z wysokiej zawarto\u015bci przeciwutleniaczy, w szczeg\u00f3lno\u015bci flawonoid\u00f3w, ginkgolid\u00f3w i bilobalid\u00f3w, kt\u00f3re mog\u0105 pom\u00f3c chroni\u0107 organizm przed stresem oksydacyjnym. W nowoczesnym wellness Ginkgo Biloba jest powszechnie stosowany jako suplement poprawiaj\u0105cy kr\u0105\u017cenie, pami\u0119\u0107 i jasno\u015b\u0107 umys\u0142u. Wiele os\u00f3b w\u0142\u0105cza Ginkgo Biloba do swojej codziennej rutyny, aby zwi\u0119kszy\u0107 koncentracj\u0119, poziom energii i og\u00f3lne funkcje poznawcze.<\/p>\n<p>Indian Elements' Ginkgo Biloba jest wykonany z wysokiej jako\u015bci, czystych li\u015bci Ginkgo Biloba. Suplement ten oferuje naturalny i bezpieczny spos\u00f3b na do\u015bwiadczenie korzy\u015bci p\u0142yn\u0105cych z tego staro\u017cytnego drzewa. Niezale\u017cnie od tego, czy szukasz lepszej koncentracji umys\u0142owej, czy lepszego kr\u0105\u017cenia, Ginkgo Biloba od Indian Elements mo\u017ce wspiera\u0107 Twoje og\u00f3lne samopoczucie.<\/p>\n<h2>Historia Ginkgo Biloba<\/h2>\n<p>Ginkgo Biloba zajmuje szczeg\u00f3lne miejsce zar\u00f3wno w historii botaniki, jak i tradycyjnej medycyny. Jest cz\u0119sto uwa\u017cany za najstarszy zachowany gatunek drzewa na \u015bwiecie, a jego skamienia\u0142o\u015bci pochodz\u0105 sprzed ponad 270 milion\u00f3w lat. Jego niezwyk\u0142a odporno\u015b\u0107 pozwoli\u0142a mu przetrwa\u0107 kl\u0119ski \u017cywio\u0142owe i zmiany klimatyczne, czyni\u0105c go symbolem d\u0142ugowieczno\u015bci i witalno\u015bci. Cho\u0107 pochodzi z Chin, drzewo to by\u0142o uprawiane na ca\u0142ym \u015bwiecie ze wzgl\u0119du na jego potencjalne korzy\u015bci zdrowotne.<\/p>\n<p>Na przestrzeni dziej\u00f3w Ginkgo Biloba by\u0142 czczony w tradycyjnej medycynie, szczeg\u00f3lnie w Azji Wschodniej. W staro\u017cytnej medycynie chi\u0144skiej uwa\u017cano, \u017ce poprawia pami\u0119\u0107 i jasno\u015b\u0107 umys\u0142u, a tak\u017ce promuje og\u00f3lne samopoczucie. Ginkgo by\u0142o r\u00f3wnie\u017c uwa\u017cane za \u015bwi\u0119te drzewo, cz\u0119sto sadzone w \u015bwi\u0105tyniach buddyjskich ze wzgl\u0119du na jego odporno\u015b\u0107 i d\u0142ugowieczno\u015b\u0107.<\/p>\n<p>W XVIII wieku Ginkgo Biloba zacz\u0105\u0142 zdobywa\u0107 uznanie w Europie, gdzie badano jego potencjalne w\u0142a\u015bciwo\u015bci lecznicze. Z czasem badania ujawni\u0142y, \u017ce unikalne zwi\u0105zki Ginkgo mog\u0105 pom\u00f3c w r\u00f3\u017cnych stanach zdrowia, co doprowadzi\u0142o do jego powszechnego stosowania jako suplementu diety w czasach wsp\u00f3\u0142czesnych. Obecnie Ginkgo Biloba jest znany na ca\u0142ym \u015bwiecie jako naturalny \u015brodek poprawiaj\u0105cy kr\u0105\u017cenie i funkcje poznawcze.<\/p>\n<h2>Jak stosowa\u0107 Ginkgo Biloba<\/h2>\n<p>Indian Elements' Ginkgo Biloba zosta\u0142 zaprojektowany tak, aby mo\u017cna go by\u0142o \u0142atwo w\u0142\u0105czy\u0107 do codziennej rutyny. Zalecana dawka to 1 gram dziennie, kt\u00f3ry mo\u017cna przyjmowa\u0107 z wod\u0105 lub dodawa\u0107 do koktajli lub innych napoj\u00f3w. Aby uzyska\u0107 najlepsze rezultaty, zaleca si\u0119 konsekwentne przyjmowanie Ginkgo Biloba przez d\u0142ugi czas, aby do\u015bwiadczy\u0107 pe\u0142nego zakresu jego korzy\u015bci.<\/p>\n<p>Ginkgo Biloba jest zwykle spo\u017cywany jako suplement w postaci sproszkowanej lub w kapsu\u0142kach. Mo\u017cna go jednak r\u00f3wnie\u017c pi\u0107 w postaci herbaty, co pozwala do\u015bwiadczy\u0107 w\u0142a\u015bciwo\u015bci ro\u015bliny w postaci koj\u0105cego, ciep\u0142ego napoju. Wa\u017cne jest, aby pami\u0119ta\u0107, \u017ce chocia\u017c Ginkgo Biloba mo\u017ce zapewni\u0107 r\u00f3\u017cne korzy\u015bci zdrowotne, jego efekty mog\u0105 zaj\u0105\u0107 troch\u0119 czasu, zanim stan\u0105 si\u0119 zauwa\u017calne, wi\u0119c najlepiej jest przyjmowa\u0107 go regularnie i by\u0107 cierpliwym.<\/p>\n<p>Podobnie jak w przypadku ka\u017cdego suplementu, wa\u017cne jest, aby przestrzega\u0107 zalecanego dawkowania i skonsultowa\u0107 si\u0119 z lekarzem, je\u015bli masz jakiekolwiek schorzenia lub przyjmujesz leki. Indian Elements zapewnia, \u017ce ich Ginkgo Biloba jest 100% naturalny, wega\u0144ski i wolny od dodatk\u00f3w, co czyni go czystym i skutecznym wyborem dla rutyny zdrowotnej.<\/p>\n<h2>Sk\u0142adniki Ginkgo Biloba<\/h2>\n<p>Suplement \"Indian Elements Ginkgo Biloba\" zawiera jeden podstawowy sk\u0142adnik: <strong>Ginkgo Biloba<\/strong>. Sk\u0142adnik ten znany jest z silnych w\u0142a\u015bciwo\u015bci przeciwutleniaj\u0105cych, kt\u00f3re pomagaj\u0105 chroni\u0107 organizm przed uszkodzeniami oksydacyjnymi. Li\u015bcie drzewa Ginkgo Biloba zawieraj\u0105 flawonoidy, ginkgolidy i bilobalidy, kt\u00f3re s\u0105 zwi\u0105zkami przyczyniaj\u0105cymi si\u0119 do korzy\u015bci zdrowotnych zio\u0142a.<\/p>\n<p>Flawonoidy s\u0105 znane ze swojej zdolno\u015bci do zwalczania wolnych rodnik\u00f3w i zmniejszania stanu zapalnego, podczas gdy wykazano, \u017ce ginkgolidy i bilobalidy poprawiaj\u0105 kr\u0105\u017cenie krwi i wspomagaj\u0105 funkcje poznawcze. Uwa\u017ca si\u0119, \u017ce zwi\u0105zki te wsp\u00f3\u0142pracuj\u0105 ze sob\u0105 w celu poprawy koncentracji, pami\u0119ci i og\u00f3lnego zdrowia m\u00f3zgu.<\/p>\n<p>Ginkgo Biloba zosta\u0142 r\u00f3wnie\u017c powi\u0105zany ze wspieraniem zdrowia serca poprzez popraw\u0119 przep\u0142ywu krwi i zmniejszenie ryzyka zakrzep\u00f3w krwi. Dodatkowo, mo\u017ce pom\u00f3c zmniejszy\u0107 objawy zwi\u0105zane z l\u0119kiem i depresj\u0105, wspieraj\u0105c r\u00f3wnowag\u0119 neuroprzeka\u017anik\u00f3w w m\u00f3zgu. Czysto\u015b\u0107 Indian Elements' Ginkgo Biloba gwarantuje, \u017ce otrzymujesz pe\u0142ne korzy\u015bci p\u0142yn\u0105ce z tej niezwyk\u0142ej ro\u015bliny w jej najsilniejszej formie.<\/p>\n<p><strong>Ostrze\u017cenie:<\/strong><br \/>\nStosowa\u0107 wy\u0142\u0105cznie przez osoby powy\u017cej 18 roku \u017cycia. Przechowywa\u0107 w miejscu niedost\u0119pnym dla dzieci.<br \/>\nNie jest zalecany dla os\u00f3b z chorobami nerek lub serca, wysokim lub niskim ci\u015bnieniem krwi, cukrzyc\u0105 lub przyjmuj\u0105cych leki, narkotyki lub alkohol. Jest to suplement diety i jako taki powinien by\u0107 stosowany. Nie kupowa\u0107, je\u015bli plomba jest uszkodzona.<\/p>","protected":false},"excerpt":{"rendered":"<p>Ginkgo Biloba, znany r\u00f3wnie\u017c jako Japo\u0144skie Drzewo \u015awi\u0105tynne, to pot\u0119\u017cny, bogaty w przeciwutleniacze superfood, kt\u00f3ry jest stosowany od tysi\u0119cy lat ze wzgl\u0119du na swoje korzy\u015bci zdrowotne. To staro\u017cytne drzewo, znane z tego, \u017ce wspomaga kr\u0105\u017cenie, koncentracj\u0119 i pami\u0119\u0107, oferuje naturalny spos\u00f3b na zwi\u0119kszenie energii i koncentracji. Indian Elements' Ginkgo Biloba jest wytwarzany z 100% czystych li\u015bci Ginkgo Biloba, zapewniaj\u0105c wygodny i skuteczny suplement dla os\u00f3b pragn\u0105cych zwi\u0119kszy\u0107 wydajno\u015b\u0107 poznawcz\u0105.<\/p>","protected":false},"featured_media":125972,"template":"","meta":[],"product_brand":[],"product_cat":[597,297,513,476],"product_tag":[],"class_list":{"0":"post-8561","1":"product","2":"type-product","3":"status-publish","4":"has-post-thumbnail","6":"product_cat-indian-elements","7":"product_cat-all-products","8":"product_cat-party","9":"product_cat-smartshop","11":"first","12":"instock","13":"taxable","14":"shipping-taxable","15":"purchasable","16":"product-type-variable"},"_links":{"self":[{"href":"https:\/\/www.tatanka.nl\/pl\/wp-json\/wp\/v2\/product\/8561","targetHints":{"allow":["GET"]}}],"collection":[{"href":"https:\/\/www.tatanka.nl\/pl\/wp-json\/wp\/v2\/product"}],"about":[{"href":"https:\/\/www.tatanka.nl\/pl\/wp-json\/wp\/v2\/types\/product"}],"wp:featuredmedia":[{"embeddable":true,"href":"https:\/\/www.tatanka.nl\/pl\/wp-json\/wp\/v2\/media\/125972"}],"wp:attachment":[{"href":"https:\/\/www.tatanka.nl\/pl\/wp-json\/wp\/v2\/media?parent=8561"}],"wp:term":[{"taxonomy":"product_brand","embeddable":true,"href":"https:\/\/www.tatanka.nl\/pl\/wp-json\/wp\/v2\/product_brand?post=8561"},{"taxonomy":"product_cat","embeddable":true,"href":"https:\/\/www.tatanka.nl\/pl\/wp-json\/wp\/v2\/product_cat?post=8561"},{"taxonomy":"product_tag","embeddable":true,"href":"https:\/\/www.tatanka.nl\/pl\/wp-json\/wp\/v2\/product_tag?post=8561"}],"curies":[{"name":"wp","href":"https:\/\/api.w.org\/{rel}","templated":true}]}}