{"id":8571,"date":"2018-01-05T15:48:02","date_gmt":"2018-01-05T15:48:02","guid":{"rendered":"http:\/\/www.tatanka.nl\/?post_type=product&#038;p=8571"},"modified":"2026-03-27T14:11:42","modified_gmt":"2026-03-27T13:11:42","slug":"blue-lilly-herbs-downers","status":"publish","type":"product","link":"https:\/\/www.tatanka.nl\/pl\/blue-lilly-herbs-downers\/","title":{"rendered":"Blue Lilly"},"content":{"rendered":"<h2>Co to jest Kratopia Blue Lilly?<\/h2>\n<p>Kratopia Blue Lilly, naukowo znany jako <em>Nymphaea caerulea<\/em>to fascynuj\u0105cy kwiat pochodz\u0105cy z Afryki Wschodniej. Ro\u015blina ta jest czczona od wiek\u00f3w, zw\u0142aszcza w kulturze staro\u017cytnego Egiptu, gdzie by\u0142a wykorzystywana w rytua\u0142ach religijnych i praktykach leczniczych. Znany ze swoich osza\u0142amiaj\u0105cych niebieskich p\u0142atk\u00f3w, Blue Lilly jest r\u00f3wnie\u017c nazywany niebieskim lotosem lub egipskim lotosem ze wzgl\u0119du na swoje historyczne znaczenie. Ro\u015blina jest znana ze swoich w\u0142a\u015bciwo\u015bci psychoaktywnych, kt\u00f3re pochodz\u0105 z naturalnych alkaloid\u00f3w obecnych w kwiatach. Zwi\u0105zki te s\u0105 odpowiedzialne za koj\u0105ce dzia\u0142anie ro\u015bliny, wywo\u0142uj\u0105c spokojny i euforyczny stan, po kt\u00f3rym nast\u0119puje delikatny zastrzyk energii. Obecnie Kratopia Blue Lilly jest ceniony za swoj\u0105 zdolno\u015b\u0107 do promowania relaksu, jednocze\u015bnie podnosz\u0105c umys\u0142 i ducha. Jest cz\u0119sto stosowany jako \u015brodek poprawiaj\u0105cy nastr\u00f3j i zyskuje popularno\u015b\u0107 w\u015br\u00f3d os\u00f3b poszukuj\u0105cych naturalnego sposobu na z\u0142agodzenie stresu i popraw\u0119 koncentracji.<\/p>\n<h2>Historia Kratopia Blue Lilly<\/h2>\n<p>Kratopia Blue Lilly ma bogat\u0105 i bogat\u0105 histori\u0119, szczeg\u00f3lnie w staro\u017cytnym Egipcie, gdzie by\u0142 uwa\u017cany za \u015bwi\u0119ty. Kwiat ten by\u0142 cz\u0119sto przedstawiany w egipskiej sztuce i mitologii, symbolizuj\u0105c odrodzenie i o\u015bwiecenie. Staro\u017cytni Egipcjanie cenili ro\u015blin\u0119 za jej uspokajaj\u0105ce i psychoaktywne dzia\u0142anie, wykorzystuj\u0105c j\u0105 w r\u00f3\u017cnych rytua\u0142ach i ceremoniach w celu promowania duchowej wi\u0119zi. Blue Lilly by\u0142 nie tylko podziwiany za swoje pi\u0119kno, ale tak\u017ce za w\u0142a\u015bciwo\u015bci terapeutyczne, kt\u00f3re zosta\u0142y uznane w staro\u017cytnych tekstach medycznych. Opr\u00f3cz znaczenia duchowego, ro\u015blina ta by\u0142a r\u00f3wnie\u017c wykorzystywana do \u0142agodzenia b\u00f3lu, zmniejszania niepokoju i poprawy og\u00f3lnego samopoczucia. Z czasem Blue Lilly rozprzestrzeni\u0142 si\u0119 w innych cz\u0119\u015bciach \u015bwiata, utrzymuj\u0105c sw\u00f3j status pot\u0119\u017cnego i szanowanego zio\u0142a. Dzi\u015b Kratopia Blue Lilly jest nadal u\u017cywany w podobny spos\u00f3b, oferuj\u0105c nowoczesne podej\u015bcie do staro\u017cytnego \u015brodka, kt\u00f3ry by\u0142 ceniony przez tysi\u0105ce lat.<\/p>\n<h2>Jak u\u017cywa\u0107 Kratopia Blue Lilly<\/h2>\n<p>Kratopia Blue Lilly jest niezwykle wszechstronny i mo\u017ce by\u0107 stosowany na wiele sposob\u00f3w, aby do\u015bwiadczy\u0107 jego korzystnych efekt\u00f3w. Jedn\u0105 z najpopularniejszych metod jest rozpuszczenie 4-5 gram\u00f3w suszonego kwiatu w gor\u0105cej wodzie w celu przygotowania koj\u0105cej herbaty. Dodanie odrobiny miodu lub preferowanego s\u0142odzika mo\u017ce wzmocni\u0107 smak i sprawi\u0107, \u017ce do\u015bwiadczenie b\u0119dzie przyjemniejsze. Dla tych, kt\u00f3rzy wol\u0105 przyjmowa\u0107 ro\u015blin\u0119 w innej formie, Blue Lilly mo\u017cna r\u00f3wnie\u017c miesza\u0107 z innymi zio\u0142ami, takimi jak Kratom, aby uzyska\u0107 efekt synergii. Po\u0142\u0105czenie Blue Lilly i Kratom wzmacnia uspokajaj\u0105ce i energetyzuj\u0105ce dzia\u0142anie obu ro\u015blin, tworz\u0105c zr\u00f3wnowa\u017cone do\u015bwiadczenie. Pocz\u0105tkuj\u0105cy lub ci, kt\u00f3rzy dopiero zaczynaj\u0105 stosowa\u0107 Blue Lilly, powinni zacz\u0105\u0107 od ni\u017cszej dawki, aby oceni\u0107 swoj\u0105 tolerancj\u0119, poniewa\u017c efekty mog\u0105 si\u0119 r\u00f3\u017cni\u0107 w zale\u017cno\u015bci od osoby. Pami\u0119taj, aby zawsze trzyma\u0107 si\u0119 zalecanej dawki i nigdy jej nie przekracza\u0107.<\/p>\n<h2>Sk\u0142adniki Kratopia Blue Lilly<\/h2>\n<p>Podstawowym sk\u0142adnikiem Kratopia Blue Lilly jest <em>Nymphaea caerulea<\/em>niebieska lilia wodna pochodz\u0105ca z Afryki Wschodniej. Ro\u015blina ta zawiera psychoaktywne alkaloidy, w tym nuciferyn\u0119 i aporfin\u0119, kt\u00f3re s\u0105 odpowiedzialne za jej uspokajaj\u0105ce, euforyczne i energetyzuj\u0105ce dzia\u0142anie. Zwi\u0105zki te dzia\u0142aj\u0105 razem, aby promowa\u0107 poczucie relaksu i spokoju, zapewniaj\u0105c jednocze\u015bnie zastrzyk energii i jasno\u015b\u0107 umys\u0142u. Blue Lilly jest cz\u0119sto por\u00f3wnywany do Kratom ze wzgl\u0119du na podobne dzia\u0142anie, cho\u0107 jego wp\u0142yw jest \u0142agodniejszy. Naturalne alkaloidy zawarte w Blue Lilly pomagaj\u0105 uspokoi\u0107 umys\u0142, zmniejszy\u0107 stres i zapewni\u0107 dobre samopoczucie. Sprawia to, \u017ce jest to doskona\u0142y wyb\u00f3r dla os\u00f3b szukaj\u0105cych naturalnego sposobu na relaks, skupienie i popraw\u0119 nastroju. Czysto\u015b\u0107 Kratopia Blue Lilly gwarantuje, \u017ce do\u015bwiadczasz pe\u0142nych korzy\u015bci p\u0142yn\u0105cych z aktywnych zwi\u0105zk\u00f3w ro\u015bliny.<\/p>\n<p><strong>Ostrze\u017cenie:<\/strong><\/p>\n<p>Sprzeda\u017c i u\u017cywanie Kratopia Blue Lilly przez osoby poni\u017cej 18 roku \u017cycia jest zabronione. Przechowywa\u0107 w ch\u0142odnym, suchym miejscu, z dala od dzieci. Nie przekracza\u0107 zalecanej dawki.<\/p>","protected":false},"excerpt":{"rendered":"<p>Kratopia Blue Lilly (znany r\u00f3wnie\u017c jako Blue Lotus lub Egyptian Lotus) to wschodnioafryka\u0144ski kwiat znany ze swoich uspokajaj\u0105cych i euforycznych efekt\u00f3w. Ta wyj\u0105tkowa ro\u015blina, bogata w psychoaktywne alkaloidy, ma d\u0142ug\u0105 histori\u0119 stosowania si\u0119gaj\u0105c\u0105 staro\u017cytnego Egiptu. Kwiat oferuje energetyzuj\u0105cy zastrzyk, cz\u0119sto stosowany w po\u0142\u0105czeniu z Kratom w celu wzmocnienia efekt\u00f3w.<\/p>","protected":false},"featured_media":126763,"template":"","meta":[],"product_brand":[],"product_cat":[599,297,477,510,511,476],"product_tag":[],"class_list":{"0":"post-8571","1":"product","2":"type-product","3":"status-publish","4":"has-post-thumbnail","6":"product_cat-kratopia","7":"product_cat-all-products","8":"product_cat-herbs","9":"product_cat-relax","10":"product_cat-relax-herbs","11":"product_cat-smartshop","13":"first","14":"instock","15":"taxable","16":"shipping-taxable","17":"purchasable","18":"product-type-variable","19":"has-default-attributes"},"_links":{"self":[{"href":"https:\/\/www.tatanka.nl\/pl\/wp-json\/wp\/v2\/product\/8571","targetHints":{"allow":["GET"]}}],"collection":[{"href":"https:\/\/www.tatanka.nl\/pl\/wp-json\/wp\/v2\/product"}],"about":[{"href":"https:\/\/www.tatanka.nl\/pl\/wp-json\/wp\/v2\/types\/product"}],"wp:featuredmedia":[{"embeddable":true,"href":"https:\/\/www.tatanka.nl\/pl\/wp-json\/wp\/v2\/media\/126763"}],"wp:attachment":[{"href":"https:\/\/www.tatanka.nl\/pl\/wp-json\/wp\/v2\/media?parent=8571"}],"wp:term":[{"taxonomy":"product_brand","embeddable":true,"href":"https:\/\/www.tatanka.nl\/pl\/wp-json\/wp\/v2\/product_brand?post=8571"},{"taxonomy":"product_cat","embeddable":true,"href":"https:\/\/www.tatanka.nl\/pl\/wp-json\/wp\/v2\/product_cat?post=8571"},{"taxonomy":"product_tag","embeddable":true,"href":"https:\/\/www.tatanka.nl\/pl\/wp-json\/wp\/v2\/product_tag?post=8571"}],"curies":[{"name":"wp","href":"https:\/\/api.w.org\/{rel}","templated":true}]}}