{"id":8577,"date":"2018-01-05T16:18:24","date_gmt":"2018-01-05T16:18:24","guid":{"rendered":"http:\/\/www.tatanka.nl\/?post_type=product&#038;p=8577"},"modified":"2025-11-18T15:37:57","modified_gmt":"2025-11-18T14:37:57","slug":"mitragyna-javanica","status":"publish","type":"product","link":"https:\/\/www.tatanka.nl\/pl\/mitragyna-javanica\/","title":{"rendered":"Mitragyna Javanica"},"content":{"rendered":"<h2 data-pm-slice=\"1 1 []\">Czym jest Mitragyna Javanica?<\/h2>\n<p><strong>Mitragyna Javanica<\/strong> to tropikalna ro\u015blina nale\u017c\u0105ca do tej samej rodziny botanicznej co Mitragyna Speciosa, powszechnie znana jako Kratom. Zio\u0142o to pochodzi z Azji Po\u0142udniowo-Wschodniej i by\u0142o tradycyjnie stosowane ze wzgl\u0119du na \u0142agodne dzia\u0142anie stymuluj\u0105ce i relaksuj\u0105ce. W przeciwie\u0144stwie do Kratom, <strong>Mitragyna Javanica<\/strong> zawiera r\u00f3\u017cne alkaloidy, oferuj\u0105c unikaln\u0105 i legaln\u0105 alternatyw\u0119 o bardziej subtelnym dzia\u0142aniu. Jest szczeg\u00f3lnie popularna w\u015br\u00f3d tych, kt\u00f3rzy szukaj\u0105 delikatnego zastrzyku energii i dobrego samopoczucia bez silnego dzia\u0142ania uspokajaj\u0105cego.<\/p>\n<p>Li\u015bcie <strong>Mitragyna Javanica<\/strong> s\u0105 zbierane, suszone i przetwarzane na drobny proszek, kt\u00f3ry mo\u017cna stosowa\u0107 na r\u00f3\u017cne sposoby. Jest cz\u0119sto wybierany przez osoby poszukuj\u0105ce zio\u0142owego suplementu, kt\u00f3ry wspomaga relaks i koncentracj\u0119. Poniewa\u017c 100% jest naturalny i wega\u0144ski, dobrze pasuje do zdrowego stylu \u017cycia.<\/p>\n<div><\/div>\n<h2>Historia Mitragyna Javanica<\/h2>\n<p>Historia <strong>Mitragyna Javanica<\/strong> si\u0119ga wiek\u00f3w wstecz, szczeg\u00f3lnie w regionach takich jak Thailandia, Malezja i Indonezja, gdzie by\u0142a tradycyjnie stosowana ze wzgl\u0119du na \u0142agodne dzia\u0142anie euforyczne i zwi\u0119kszaj\u0105ce energi\u0119. Lokalne spo\u0142eczno\u015bci polega\u0142y na tej ro\u015blinie w celu zwi\u0119kszenia wytrzyma\u0142o\u015bci i zmniejszenia zm\u0119czenia, zw\u0142aszcza w\u015br\u00f3d robotnik\u00f3w, kt\u00f3rzy pracowali przez d\u0142ugie godziny na polach.<\/p>\n<p>Wraz ze wzrostem globalnego zainteresowania naturalnymi suplementami, <strong>Mitragyna Javanica<\/strong> zyska\u0142 popularno\u015b\u0107 jako legalna i dost\u0119pna alternatywa dla innych substancji zio\u0142owych. W przeciwie\u0144stwie do Kratom, kt\u00f3ry podlega surowym przepisom w wielu krajach, <strong>Mitragyna Javanica<\/strong> pozostaje powszechnie dost\u0119pna i ceniona za swoje zr\u00f3wnowa\u017cone dzia\u0142anie. Obecnie jest powszechnie stosowany w herbatach, kapsu\u0142kach i proszkach, co czyni go wszechstronnym wyborem dla entuzjast\u00f3w zi\u00f3\u0142 na ca\u0142ym \u015bwiecie.<\/p>\n<div><\/div>\n<h2>Jak stosowa\u0107 Mitragyna Javanica<\/h2>\n<p>Korzystanie z <strong>Mitragyna Javanica<\/strong> jest proste i wygodne. Zalecana dawka to 20 gram\u00f3w na porcj\u0119, cho\u0107 indywidualne preferencje mog\u0105 si\u0119 r\u00f3\u017cni\u0107. Jest on powszechnie spo\u017cywany w nast\u0119puj\u0105cy spos\u00f3b:<\/p>\n<ul data-spread=\"false\">\n<li><strong>Herbata:<\/strong> Jedn\u0105 z najpopularniejszych metod jest parzenie herbaty. Wystarczy wymiesza\u0107 proszek z gor\u0105c\u0105 wod\u0105, zaparza\u0107 przez kilka minut i przecedzi\u0107 przed wypiciem.<\/li>\n<li><strong>Capsules:<\/strong> Dla tych, kt\u00f3rzy wol\u0105 opcj\u0119 bez smaku, \u015bwietn\u0105 alternatyw\u0105 jest kapsu\u0142kowanie proszku.<\/li>\n<li><strong>Mieszanie z sokami lub koktajlami:<\/strong> Lekko gorzki smak mo\u017cna zr\u00f3wnowa\u017cy\u0107, dodaj\u0105c go do soku owocowego lub smoothie.<\/li>\n<\/ul>\n<p>Zaleca si\u0119 rozpocz\u0119cie od ni\u017cszej dawki, aby oceni\u0107 indywidualn\u0105 tolerancj\u0119 i efekty. Podobnie jak w przypadku ka\u017cdego suplementu zio\u0142owego, odpowiedzialne stosowanie jest kluczem do osi\u0105gni\u0119cia po\u017c\u0105danych korzy\u015bci.<\/p>\n<div><\/div>\n<h2>Sk\u0142adniki Mitragyna Javanica<\/h2>\n<p><strong>Mitragyna Javanica<\/strong> sk\u0142ada si\u0119 z jednego naturalnego sk\u0142adnika:<\/p>\n<ul data-spread=\"false\">\n<li><strong>Mitragyna Javanica (100%)<\/strong> - Ro\u015blina ta zawiera unikalne alkaloidy, kt\u00f3re przyczyniaj\u0105 si\u0119 do jej \u0142agodnego dzia\u0142ania euforycznego i zwi\u0119kszaj\u0105cego energi\u0119. W przeciwie\u0144stwie do swojego krewnego Kratom, nie zawiera mitragyniny, dzi\u0119ki czemu jest bardziej dost\u0119pn\u0105 i legaln\u0105 alternatyw\u0105 w wielu regionach.<\/li>\n<\/ul>\n<p>Produkt ten jest ca\u0142kowicie naturalny, wega\u0144ski i wolny od sztucznych dodatk\u00f3w lub konserwant\u00f3w, co czyni go doskona\u0142ym wyborem dla tych, kt\u00f3rzy priorytetowo traktuj\u0105 ro\u015blinne rozwi\u0105zania wellness.<\/p>\n<div><\/div>\n<p><strong>Ostrze\u017cenie:<\/strong><br \/>\nTen produkt jest przeznaczony do u\u017cytku przez osoby powy\u017cej 18 roku \u017cycia. Przechowywa\u0107 w miejscu niedost\u0119pnym dla dzieci.<\/p>\n<p><strong>Mitragyna Javanica<\/strong> nie powinien by\u0107 stosowany w po\u0142\u0105czeniu z inhibitorami MAO. Osoby z problemami z nerkami lub sercem, wysokim lub niskim ci\u015bnieniem krwi, cukrzyc\u0105 lub b\u0119d\u0105ce pod wp\u0142ywem lek\u00f3w, narkotyk\u00f3w lub alkoholu powinny unika\u0107 stosowania tego produktu. Jest to suplement diety i jako taki powinien by\u0107 stosowany. Nie u\u017cywa\u0107, je\u015bli uszczelka jest uszkodzona.<\/p>\n<p>Przechowywa\u0107 w ciemnym i suchym miejscu, aby zachowa\u0107 \u015bwie\u017co\u015b\u0107 i moc.<\/p>","protected":false},"excerpt":{"rendered":"<p data-pm-slice=\"1 1 []\">Odkryj naturalne efekty dzia\u0142ania <strong>Mitragyna Javanica<\/strong>to wyj\u0105tkowe zio\u0142o znane ze swoich euforycznych w\u0142a\u015bciwo\u015bci. Ten naturalny i wega\u0144ski suplement 100% jest \u0142atwy w u\u017cyciu i oferuje \u0142agodne, ale podnosz\u0105ce na duchu doznania. Idealny dla os\u00f3b poszukuj\u0105cych naturalnej alternatywy dla poprawy nastroju i samopoczucia.<\/p>","protected":false},"featured_media":125966,"template":"","meta":[],"product_brand":[],"product_cat":[597,297,477,509,510,511,476],"product_tag":[],"class_list":{"0":"post-8577","1":"product","2":"type-product","3":"status-publish","4":"has-post-thumbnail","6":"product_cat-indian-elements","7":"product_cat-all-products","8":"product_cat-herbs","9":"product_cat-kratom","10":"product_cat-relax","11":"product_cat-relax-herbs","12":"product_cat-smartshop","13":"product_shipping_class-creditcard-off","15":"first","16":"instock","17":"taxable","18":"shipping-taxable","19":"purchasable","20":"product-type-variable"},"_links":{"self":[{"href":"https:\/\/www.tatanka.nl\/pl\/wp-json\/wp\/v2\/product\/8577","targetHints":{"allow":["GET"]}}],"collection":[{"href":"https:\/\/www.tatanka.nl\/pl\/wp-json\/wp\/v2\/product"}],"about":[{"href":"https:\/\/www.tatanka.nl\/pl\/wp-json\/wp\/v2\/types\/product"}],"wp:featuredmedia":[{"embeddable":true,"href":"https:\/\/www.tatanka.nl\/pl\/wp-json\/wp\/v2\/media\/125966"}],"wp:attachment":[{"href":"https:\/\/www.tatanka.nl\/pl\/wp-json\/wp\/v2\/media?parent=8577"}],"wp:term":[{"taxonomy":"product_brand","embeddable":true,"href":"https:\/\/www.tatanka.nl\/pl\/wp-json\/wp\/v2\/product_brand?post=8577"},{"taxonomy":"product_cat","embeddable":true,"href":"https:\/\/www.tatanka.nl\/pl\/wp-json\/wp\/v2\/product_cat?post=8577"},{"taxonomy":"product_tag","embeddable":true,"href":"https:\/\/www.tatanka.nl\/pl\/wp-json\/wp\/v2\/product_tag?post=8577"}],"curies":[{"name":"wp","href":"https:\/\/api.w.org\/{rel}","templated":true}]}}