{"id":8579,"date":"2018-01-05T16:32:32","date_gmt":"2018-01-05T16:32:32","guid":{"rendered":"http:\/\/www.tatanka.nl\/?post_type=product&#038;p=8579"},"modified":"2025-05-20T10:51:23","modified_gmt":"2025-05-20T09:51:23","slug":"skullcap-herbs","status":"publish","type":"product","link":"https:\/\/www.tatanka.nl\/pl\/skullcap-herbs\/","title":{"rendered":"Jarmu\u0142ka"},"content":{"rendered":"<h2 data-pm-slice=\"1 3 []\">Co to jest jarmu\u0142ka?<\/h2>\n<p>Jarmu\u0142ka, znana r\u00f3wnie\u017c jako glidkruid, to zio\u0142o nale\u017c\u0105ce do rodziny mi\u0119towatych. Od wiek\u00f3w stosowana jest w leczeniu r\u00f3\u017cnych dolegliwo\u015bci zdrowotnych, przede wszystkim ze wzgl\u0119du na swoje dzia\u0142anie uspokajaj\u0105ce i \u0142agodnie uspokajaj\u0105ce. Botaniczna nazwa jarmu\u0142ki to <em>Scutellaria<\/em>Na ca\u0142ym \u015bwiecie ro\u015bnie oko\u0142o 200 r\u00f3\u017cnych gatunk\u00f3w. Odmiana u\u017cyta w Indian Elements Skullcap to <em>Scutellaria Lateriflora<\/em>, znana r\u00f3wnie\u017c jako jarmu\u0142ka niebieska lub jarmu\u0142ka w\u015bciek\u0142ego psa. Ro\u015blina ta pochodzi z Ameryki P\u00f3\u0142nocnej i wyr\u00f3\u017cnia si\u0119 fioletowymi kwiatami, przypominaj\u0105cymi ma\u0142e he\u0142my. Obecnie jarmu\u0142ka jest wysoko ceniona ze wzgl\u0119du na jej zdolno\u015b\u0107 do promowania relaksu, \u0142agodzenia napi\u0119cia nerwowego i wspierania zdrowego cyklu snu. Niezale\u017cnie od tego, czy do\u015bwiadczasz codziennego stresu, napi\u0119cia mi\u0119\u015bni lub trudno\u015bci ze snem, Skullcap mo\u017ce zaoferowa\u0107 naturalne i delikatne rozwi\u0105zanie.<\/p>\n<div><\/div>\n<h2>Historia jarmu\u0142ki<\/h2>\n<p>Na przestrzeni dziej\u00f3w jarmu\u0142ka odgrywa\u0142a wa\u017cn\u0105 rol\u0119 w medycynie tradycyjnej. W staro\u017cytnych Chinach ro\u015blina ta by\u0142a stosowana jako cz\u0119\u015b\u0107 dobrze znanego zio\u0142owego leku Huangqin, uwa\u017canego za rozpraszaj\u0105cy negatywn\u0105 energi\u0119 i promuj\u0105cy r\u00f3wnowag\u0119. W tradycjach rdzennych Amerykan\u00f3w jarmu\u0142ka by\u0142a powszechnie stosowana w celu wspierania zdrowia kobiet, \u0142agodzenia nerwowo\u015bci i wywo\u0142ywania stanu spokoju. Europejscy zielarze r\u00f3wnie\u017c docenili jej koj\u0105ce w\u0142a\u015bciwo\u015bci, cz\u0119sto przepisuj\u0105c j\u0105 w celu zmniejszenia napi\u0119cia i poprawy snu. Z biegiem czasu to pot\u0119\u017cne zio\u0142o utrzyma\u0142o swoj\u0105 reputacj\u0119 jako naturalny \u015brodek relaksuj\u0105cy. Dzi\u015b nadal jest popularnym wyborem dla os\u00f3b poszukuj\u0105cych zio\u0142owego wsparcia dla relaksu i dobrego samopoczucia. Nowoczesne zastosowanie jarmu\u0142ki pozostaje g\u0142\u0119boko zakorzenione w tych tradycyjnych praktykach, demonstruj\u0105c jej trwa\u0142e znaczenie w zio\u0142olecznictwie.<\/p>\n<div><\/div>\n<h2>Jak stosowa\u0107 jarmu\u0142k\u0119<\/h2>\n<p>Indian Elements Jarmu\u0142ka jest wszechstronna i \u0142atwa w u\u017cyciu. Najpopularniejszym sposobem jej spo\u017cywania jest parzenie herbaty. Aby j\u0105 przygotowa\u0107, wystarczy zaparza\u0107 1 gram jarmu\u0142ki w gor\u0105cej wodzie przez oko\u0142o 10 minut. Dzi\u0119ki temu korzystne zwi\u0105zki przenikaj\u0105 do p\u0142ynu, tworz\u0105c koj\u0105cy nap\u00f3j zio\u0142owy. Wielu u\u017cytkownik\u00f3w zg\u0142asza uczucie spokoju i relaksu po wypiciu herbaty Skullcap, co czyni j\u0105 doskona\u0142ym wyborem na relaks po stresuj\u0105cym dniu. Opr\u00f3cz herbaty, jarmu\u0142ka mo\u017ce by\u0107 r\u00f3wnie\u017c stosowana w mieszankach zio\u0142owych, nalewkach lub kapsu\u0142kach. Chocia\u017c wyniki mog\u0105 si\u0119 r\u00f3\u017cni\u0107, konsekwentne stosowanie mo\u017ce pom\u00f3c promowa\u0107 stan relaksu, wspiera\u0107 lepszy sen i z\u0142agodzi\u0107 dyskomfort mi\u0119\u015bni. Aby zmaksymalizowa\u0107 korzy\u015bci, zaleca si\u0119 przyjmowanie 1 grama dziennie. Produkt nale\u017cy zawsze przechowywa\u0107 w ch\u0142odnym i suchym miejscu, aby zachowa\u0107 jego moc i \u015bwie\u017co\u015b\u0107.<\/p>\n<div><\/div>\n<h2>Sk\u0142adniki jarmu\u0142ki<\/h2>\n<p>Indian Elements Skullcap sk\u0142ada si\u0119 z jednego, wysokiej jako\u015bci sk\u0142adnika: <em>Scutellaria Lateriflora<\/em>. Zapewnia to czysty i naturalny produkt, wolny od dodatk\u00f3w, wype\u0142niaczy i sztucznych substancji. Zio\u0142o jest starannie pozyskiwane i przygotowywane, aby zachowa\u0107 jego korzystne w\u0142a\u015bciwo\u015bci. Jarmu\u0142ka 100% jest wega\u0144ska i dobrze wpisuje si\u0119 w naturaln\u0105 rutyn\u0119 odnowy biologicznej. Niezale\u017cnie od tego, czy jest stosowana samodzielnie, czy w po\u0142\u0105czeniu z innymi zio\u0142ami uspokajaj\u0105cymi, jarmu\u0142ka zapewnia delikatny i skuteczny spos\u00f3b na relaks i og\u00f3lne samopoczucie. Wybieraj\u0105c Indian Elements Skullcap, decydujesz si\u0119 na tradycyjny i sprawdzony \u015brodek zio\u0142owy.<\/p>\n<div><\/div>\n<p><strong>Ostrze\u017cenie:<\/strong><\/p>\n<ul data-spread=\"false\">\n<li>Do u\u017cytku wy\u0142\u0105cznie przez osoby doros\u0142e w wieku powy\u017cej 18 lat. Przechowywa\u0107 w miejscu niedost\u0119pnym dla dzieci.<\/li>\n<li>Nie stosowa\u0107 w po\u0142\u0105czeniu z inhibitorami MAO.<\/li>\n<li>Niezalecane dla os\u00f3b z chorobami nerek lub serca, wysokim lub niskim ci\u015bnieniem krwi, cukrzyc\u0105 lub b\u0119d\u0105cych pod wp\u0142ywem lek\u00f3w, narkotyk\u00f3w lub alkoholu.<\/li>\n<li>Ten produkt nie jest lekiem, lecz suplementem diety i jako taki powinien by\u0107 stosowany.<\/li>\n<li>Nie spo\u017cywa\u0107, je\u015bli plomba jest uszkodzona. Przechowywa\u0107 w ciemnym, suchym miejscu dla zachowania optymalnej \u015bwie\u017co\u015bci.<\/li>\n<\/ul>","protected":false},"excerpt":{"rendered":"<p data-pm-slice=\"1 1 []\">Indian Elements Skullcap to naturalny suplement zio\u0142owy znany ze swoich w\u0142a\u015bciwo\u015bci uspokajaj\u0105cych i relaksuj\u0105cych. Wyprodukowany ze Scutellaria Lateriflora, produkt ten pomaga zmniejszy\u0107 stres, promuje spokojny sen i wspiera og\u00f3lne samopoczucie. Idealny dla os\u00f3b poszukuj\u0105cych naturalnego relaksu, Skullcap mo\u017ce by\u0107 spo\u017cywany jako herbata lub w innych formach.<\/p>","protected":false},"featured_media":125963,"template":"","meta":[],"product_brand":[],"product_cat":[597,297,477,510,511,476],"product_tag":[],"class_list":{"0":"post-8579","1":"product","2":"type-product","3":"status-publish","4":"has-post-thumbnail","6":"product_cat-indian-elements","7":"product_cat-all-products","8":"product_cat-herbs","9":"product_cat-relax","10":"product_cat-relax-herbs","11":"product_cat-smartshop","13":"first","14":"instock","15":"taxable","16":"shipping-taxable","17":"purchasable","18":"product-type-variable"},"_links":{"self":[{"href":"https:\/\/www.tatanka.nl\/pl\/wp-json\/wp\/v2\/product\/8579","targetHints":{"allow":["GET"]}}],"collection":[{"href":"https:\/\/www.tatanka.nl\/pl\/wp-json\/wp\/v2\/product"}],"about":[{"href":"https:\/\/www.tatanka.nl\/pl\/wp-json\/wp\/v2\/types\/product"}],"wp:featuredmedia":[{"embeddable":true,"href":"https:\/\/www.tatanka.nl\/pl\/wp-json\/wp\/v2\/media\/125963"}],"wp:attachment":[{"href":"https:\/\/www.tatanka.nl\/pl\/wp-json\/wp\/v2\/media?parent=8579"}],"wp:term":[{"taxonomy":"product_brand","embeddable":true,"href":"https:\/\/www.tatanka.nl\/pl\/wp-json\/wp\/v2\/product_brand?post=8579"},{"taxonomy":"product_cat","embeddable":true,"href":"https:\/\/www.tatanka.nl\/pl\/wp-json\/wp\/v2\/product_cat?post=8579"},{"taxonomy":"product_tag","embeddable":true,"href":"https:\/\/www.tatanka.nl\/pl\/wp-json\/wp\/v2\/product_tag?post=8579"}],"curies":[{"name":"wp","href":"https:\/\/api.w.org\/{rel}","templated":true}]}}