{"id":8582,"date":"2018-01-05T16:52:11","date_gmt":"2018-01-05T16:52:11","guid":{"rendered":"http:\/\/www.tatanka.nl\/?post_type=product&#038;p=8582"},"modified":"2025-10-04T00:48:31","modified_gmt":"2025-10-03T23:48:31","slug":"wild-lettuce-50x-extract","status":"publish","type":"product","link":"https:\/\/www.tatanka.nl\/pl\/wild-lettuce-50x-extract\/","title":{"rendered":"Wild Lettuce 50x Ekstrakt"},"content":{"rendered":"<h2 data-start=\"436\" data-end=\"476\">Czym jest Wild Lettuce - ekstrakt 50x?<\/h2>\n<p data-start=\"478\" data-end=\"835\">Wild Lettuce - 50x Extract to silna i skoncentrowana forma Lactuca Virosa, ro\u015bliny powszechnie okre\u015blanej jako Wild Lettuce. Zio\u0142o to jest stosowane od wiek\u00f3w ze wzgl\u0119du na swoje w\u0142a\u015bciwo\u015bci uspokajaj\u0105ce i koj\u0105ce. Ekstrakt jest 50 razy silniejszy ni\u017c surowiec ro\u015blinny, dzi\u0119ki czemu jest skuteczn\u0105 opcj\u0105 dla os\u00f3b poszukuj\u0105cych silnych, ale naturalnych wra\u017ce\u0144.<\/p>\n<p data-start=\"837\" data-end=\"1261\">Wild Lettuce zawiera zwi\u0105zki aktywne, takie jak laktukopikryna i laktucyna, kt\u00f3re, jak si\u0119 uwa\u017ca, przyczyniaj\u0105 si\u0119 do jego dzia\u0142ania. U\u017cytkownicy cz\u0119sto zg\u0142aszaj\u0105 poczucie relaksu i spokoju po spo\u017cyciu Wild Lettuce, co czyni go popularnym wyborem w\u015br\u00f3d os\u00f3b poszukuj\u0105cych naturalnego sposobu na relaks. W przeciwie\u0144stwie do innych substancji o podobnym dzia\u0142aniu, Wild Lettuce nie uzale\u017cnia i jest ceniony jako tradycyjny \u015brodek leczniczy od pokole\u0144.<\/p>\n<p data-start=\"1263\" data-end=\"1552\">Ekstrakt ten jest powszechnie stosowany w herbatach zio\u0142owych lub waporyzatorach, dzi\u0119ki czemu u\u017cytkownicy mog\u0105 dostosowa\u0107 swoje doznania do w\u0142asnych preferencji. Niezale\u017cnie od tego, czy jest spo\u017cywany jako koj\u0105ca herbata, czy wdychany jako para, ekstrakt Wild Lettuce - 50x oferuje silny i naturalny spos\u00f3b na do\u015bwiadczenie korzy\u015bci p\u0142yn\u0105cych z tego staro\u017cytnego zio\u0142a.<\/p>\n<h2 data-start=\"1561\" data-end=\"1603\">Historia Wild Lettuce - ekstrakt 50x<\/h2>\n<p data-start=\"1605\" data-end=\"1903\">Historia Wild Lettuce si\u0119ga staro\u017cytnych cywilizacji, w kt\u00f3rych by\u0142 u\u017cywany ze wzgl\u0119du na swoje w\u0142a\u015bciwo\u015bci lecznicze i uspokajaj\u0105ce. By\u0142 wysoko ceniony w staro\u017cytnym Egipcie i Grecji, gdzie uwa\u017cano, \u017ce ma dzia\u0142anie uspokajaj\u0105ce i by\u0142 cz\u0119sto stosowany w tradycyjnej medycynie zio\u0142owej w celu promowania relaksu.<\/p>\n<p data-start=\"1905\" data-end=\"2302\">W XIX wieku niemieccy naukowcy przeprowadzili szeroko zakrojone badania nad Wild Lettuce, staraj\u0105c si\u0119 zrozumie\u0107 aktywne zwi\u0105zki odpowiedzialne za jego dzia\u0142anie. Odkryli, \u017ce ro\u015blina zawiera laktukopikryn\u0119 i laktucyn\u0119, kt\u00f3re przyczyniaj\u0105 si\u0119 do jej potencjalnych w\u0142a\u015bciwo\u015bci uspokajaj\u0105cych. Odkrycia te wzmocni\u0142y historyczne zastosowanie ro\u015bliny jako naturalnego \u015brodka na relaks i dobre samopoczucie.<\/p>\n<p data-start=\"2304\" data-end=\"2757\">W ostatnich latach Wild Lettuce zyska\u0142 popularno\u015b\u0107 jako alternatywa dla innych zi\u00f3\u0142 uspokajaj\u0105cych, zw\u0142aszcza w\u015br\u00f3d os\u00f3b poszukuj\u0105cych nieuzale\u017cniaj\u0105cego rozwi\u0105zania. Stworzenie skoncentrowanych ekstrakt\u00f3w, takich jak 50x, u\u0142atwi\u0142o u\u017cytkownikom do\u015bwiadczanie korzy\u015bci p\u0142yn\u0105cych z jego stosowania w silniejszy i bardziej efektywny spos\u00f3b. Obecnie Wild Lettuce - 50x Extract pozostaje poszukiwanym produktem botanicznym dla tych, kt\u00f3rzy chc\u0105 pozna\u0107 naturalne metody relaksacji.<\/p>\n<h2 data-start=\"2766\" data-end=\"2808\">Jak stosowa\u0107 Wild Lettuce - ekstrakt 50x<\/h2>\n<p data-start=\"2810\" data-end=\"3225\">Wild Lettuce - 50x Extract to wszechstronny produkt zio\u0142owy, kt\u00f3ry mo\u017cna spo\u017cywa\u0107 na wiele sposob\u00f3w, a dawkowanie zale\u017cy od preferowanej metody u\u017cycia. Jednym z najcz\u0119stszych sposob\u00f3w korzystania z tego ekstraktu jest przygotowanie herbaty zio\u0142owej. Aby przygotowa\u0107 fili\u017cank\u0119, wystarczy doda\u0107 1 do 2 gram\u00f3w ekstraktu do ciep\u0142ej wody, wymiesza\u0107 i pozostawi\u0107 na kilka minut przed wypiciem. Metoda ta zapewnia \u0142agodne i uspokajaj\u0105ce doznania.<\/p>\n<p data-start=\"3227\" data-end=\"3607\">Dla tych, kt\u00f3rzy preferuj\u0105 waporyzacj\u0119, Wild Lettuce - 50x Extract mo\u017ce by\u0107 r\u00f3wnie\u017c u\u017cywany w waporyzatorze. Ze wzgl\u0119du na lepk\u0105 konsystencj\u0119 ekstraktu po podgrzaniu, zaleca si\u0119 jednak stosowanie od\u015bluzowanych w\u0142\u00f3kien konopi (vape wool), aby zapobiec zatykaniu si\u0119 urz\u0105dzenia i zapewni\u0107 r\u00f3wnomierny proces waporyzacji. Waporyzacja pozwala na szybsze wyst\u0105pienie efekt\u00f3w i mo\u017ce by\u0107 preferowan\u0105 metod\u0105 dla os\u00f3b poszukuj\u0105cych natychmiastowego relaksu.<\/p>\n<p data-start=\"3609\" data-end=\"3915\">Poniewa\u017c Wild Lettuce jest silnym ekstraktem, zaleca si\u0119 rozpocz\u0119cie od niewielkiej ilo\u015bci i stopniowe dostosowywanie w oparciu o osobiste do\u015bwiadczenia. Niezale\u017cnie od tego, czy jest spo\u017cywany jako herbata, czy waporyzowany, ekstrakt Wild Lettuce - 50x zapewnia naturalny spos\u00f3b korzystania z tradycyjnych zalet ro\u015bliny w skoncentrowanej i wygodnej formie.<\/p>\n<h2 data-start=\"3924\" data-end=\"3970\">Sk\u0142adniki ekstraktu Wild Lettuce - 50x<\/h2>\n<p data-start=\"3972\" data-end=\"4335\">Ekstrakt Wild Lettuce - 50x pochodzi z Lactuca Virosa, dzikiej odmiany sa\u0142aty znanej z naturalnych zwi\u0105zk\u00f3w aktywnych. G\u0142\u00f3wnymi sk\u0142adnikami tego ekstraktu s\u0105 laktukopikryna i laktucyna, kt\u00f3re s\u0105 odpowiedzialne za dobrze znane dzia\u0142anie ro\u015bliny. Uwa\u017ca si\u0119, \u017ce zwi\u0105zki te oddzia\u0142uj\u0105 na organizm w celu promowania relaksu i poczucia spokoju.<\/p>\n<p data-start=\"4337\" data-end=\"4617\">W przeciwie\u0144stwie do syntetycznych alternatyw, ekstrakt ten jest w ca\u0142o\u015bci pochodzenia ro\u015blinnego i poddawany jest starannemu procesowi ekstrakcji w celu zwi\u0119kszenia jego mocy. St\u0119\u017cenie 50x oznacza, \u017ce tylko niewielka ilo\u015b\u0107 jest potrzebna, aby do\u015bwiadczy\u0107 korzy\u015bci, co czyni go pot\u0119\u017cnym, ale skutecznym wyborem dla u\u017cytkownik\u00f3w.<\/p>\n<p data-start=\"4619\" data-end=\"4917\">Wild Lettuce jest stosowany od wiek\u00f3w w medycynie tradycyjnej, a jego naturalny sk\u0142ad sprawia, \u017ce jest odpowiedni\u0105 opcj\u0105 dla os\u00f3b poszukuj\u0105cych botanicznego rozwi\u0105zania. Niezale\u017cnie od tego, czy jest stosowany samodzielnie, czy w po\u0142\u0105czeniu z innymi lekami zio\u0142owymi, ekstrakt Wild Lettuce - 50x zapewnia czyste i silne zio\u0142owe doznania.<\/p>\n<p data-start=\"4926\" data-end=\"5401\" data-is-last-node=\"\"><strong data-start=\"4926\" data-end=\"4937\">Ostrze\u017cenie<\/strong><br data-start=\"4937\" data-end=\"4940\" \/>Ekstrakt Wild Lettuce - 50x jest wysoce skoncentrowanym produktem i powinien by\u0107 stosowany w spos\u00f3b odpowiedzialny. Nie jest przeznaczony dla os\u00f3b poni\u017cej 18 roku \u017cycia. Kobiety w ci\u0105\u017cy lub karmi\u0105ce piersi\u0105, osoby z chorobami podstawowymi lub przyjmuj\u0105ce leki powinny przed u\u017cyciem skonsultowa\u0107 si\u0119 z lekarzem. Nale\u017cy unika\u0107 nadmiernego spo\u017cycia, poniewa\u017c du\u017ce dawki mog\u0105 prowadzi\u0107 do zawrot\u00f3w g\u0142owy, nudno\u015bci lub senno\u015bci. Przechowywa\u0107 w ch\u0142odnym i suchym miejscu, niedost\u0119pnym dla dzieci.<\/p>","protected":false},"excerpt":{"rendered":"<p>Wild Lettuce - 50x Extract (2,5 g) to wysoce skoncentrowany ekstrakt zio\u0142owy pochodz\u0105cy z Lactuca Virosa, ro\u015bliny znanej ze swoich historycznych zastosowa\u0144 leczniczych. Ten naturalny \u015brodek zawiera aktywne zwi\u0105zki, kt\u00f3re mog\u0105 zapewnia\u0107 uspokajaj\u0105ce i \u0142agodne efekty psychoaktywne bez uzale\u017cniania. Tradycyjnie stosowany w herbatach i waporyzacji, Wild Lettuce oferuje wyj\u0105tkowe doznania odpowiednie dla relaksu i dobrego samopoczucia.<\/p>","protected":false},"featured_media":126134,"template":"","meta":[],"product_brand":[],"product_cat":[600,297,512,477,510,511,476],"product_tag":[],"class_list":{"0":"post-8582","1":"product","2":"type-product","3":"status-publish","4":"has-post-thumbnail","6":"product_cat-mcmystic","7":"product_cat-all-products","8":"product_cat-extracts","9":"product_cat-herbs","10":"product_cat-relax","11":"product_cat-relax-herbs","12":"product_cat-smartshop","14":"first","15":"instock","16":"taxable","17":"shipping-taxable","18":"purchasable","19":"product-type-variable"},"_links":{"self":[{"href":"https:\/\/www.tatanka.nl\/pl\/wp-json\/wp\/v2\/product\/8582","targetHints":{"allow":["GET"]}}],"collection":[{"href":"https:\/\/www.tatanka.nl\/pl\/wp-json\/wp\/v2\/product"}],"about":[{"href":"https:\/\/www.tatanka.nl\/pl\/wp-json\/wp\/v2\/types\/product"}],"wp:featuredmedia":[{"embeddable":true,"href":"https:\/\/www.tatanka.nl\/pl\/wp-json\/wp\/v2\/media\/126134"}],"wp:attachment":[{"href":"https:\/\/www.tatanka.nl\/pl\/wp-json\/wp\/v2\/media?parent=8582"}],"wp:term":[{"taxonomy":"product_brand","embeddable":true,"href":"https:\/\/www.tatanka.nl\/pl\/wp-json\/wp\/v2\/product_brand?post=8582"},{"taxonomy":"product_cat","embeddable":true,"href":"https:\/\/www.tatanka.nl\/pl\/wp-json\/wp\/v2\/product_cat?post=8582"},{"taxonomy":"product_tag","embeddable":true,"href":"https:\/\/www.tatanka.nl\/pl\/wp-json\/wp\/v2\/product_tag?post=8582"}],"curies":[{"name":"wp","href":"https:\/\/api.w.org\/{rel}","templated":true}]}}