{"id":8586,"date":"2018-01-05T17:08:56","date_gmt":"2018-01-05T17:08:56","guid":{"rendered":"http:\/\/www.tatanka.nl\/?post_type=product&#038;p=8586"},"modified":"2025-11-18T15:37:56","modified_gmt":"2025-11-18T14:37:56","slug":"kratom-15x-extract","status":"publish","type":"product","link":"https:\/\/www.tatanka.nl\/pl\/kratom-15x-extract\/","title":{"rendered":"Kratom 15x Ekstrakt"},"content":{"rendered":"<h2 data-start=\"414\" data-end=\"462\">Co to jest Thaise Mitragyna Speciosa - Kratom 15x?<\/h2>\n<p data-start=\"464\" data-end=\"951\">Ekstrakt Thaise Mitragyna Speciosa - Kratom 15x to skoncentrowana forma kratomu pochodz\u0105ca z wysokiej jako\u015bci li\u015bci Mitragyna Speciosa znalezionych w Thailand. Ekstrakt ten jest znacznie silniejszy ni\u017c zwyk\u0142e suszone li\u015bcie kratomu, co czyni go skutecznym wyborem dla os\u00f3b poszukuj\u0105cych silnych i trwa\u0142ych efekt\u00f3w. Kratom zawiera wiele aktywnych alkaloid\u00f3w, w tym mitragynin\u0119 i 7-hydroksymitragynin\u0119, kt\u00f3re oddzia\u0142uj\u0105 na organizm, zapewniaj\u0105c unikalne po\u0142\u0105czenie stymulacji i relaksu.<\/p>\n<p data-start=\"953\" data-end=\"1401\">Efekty stosowania Thaise Mitragyna Speciosa - Kratom zale\u017c\u0105 w du\u017cej mierze od dawki. W ni\u017cszych dawkach znany jest z poprawy koncentracji, zwi\u0119kszenia energii i promowania pozytywnego nastroju. W wy\u017cszych dawkach dzia\u0142a relaksuj\u0105co i odstresowuj\u0105co. Ze wzgl\u0119du na skoncentrowan\u0105 form\u0119, tylko niewielka ilo\u015b\u0107 jest potrzebna, aby do\u015bwiadczy\u0107 pe\u0142nych efekt\u00f3w, co czyni go praktyczn\u0105 opcj\u0105 dla do\u015bwiadczonych u\u017cytkownik\u00f3w i pocz\u0105tkuj\u0105cych poszukuj\u0105cych skutecznego kratomu.<\/p>\n<h2 data-start=\"1410\" data-end=\"1460\">Historia Thaise Mitragyna Speciosa - Kratom 15x<\/h2>\n<p data-start=\"1462\" data-end=\"1886\">Historia stosowania kratomu si\u0119ga wiek\u00f3w wstecz w Azji Po\u0142udniowo-Wschodniej, szczeg\u00f3lnie w Thailandii, Indonezji i Malezji. Tradycyjnie robotnicy i rolnicy \u017culi surowe li\u015bcie drzewa Mitragyna Speciosa, aby zwalczy\u0107 zm\u0119czenie, z\u0142agodzi\u0107 b\u00f3l i poprawi\u0107 wytrzyma\u0142o\u015b\u0107 podczas d\u0142ugich godzin pracy. Z czasem kratom sta\u0142 si\u0119 podstaw\u0105 tradycyjnej medycyny, wykorzystywan\u0105 do wspomagania relaksu, promowania dobrego samopoczucia i zwi\u0119kszania jasno\u015bci umys\u0142u.<\/p>\n<p data-start=\"1888\" data-end=\"2323\">Gdy kratom zyska\u0142 popularno\u015b\u0107 poza Azj\u0105, przyci\u0105gn\u0105\u0142 uwag\u0119 badaczy i entuzjast\u00f3w zi\u00f3\u0142. Doprowadzi\u0142o to do opracowania silnych ekstrakt\u00f3w, takich jak ekstrakt Thaise Mitragyna Speciosa - Kratom 15x, zaprojektowanych w celu zapewnienia silniejszych efekt\u00f3w w mniejszych dawkach. Wprowadzenie ekstrakt\u00f3w kratomu pozwoli\u0142o u\u017cytkownikom skuteczniej do\u015bwiadcza\u0107 korzy\u015bci p\u0142yn\u0105cych z kratomu, u\u0142atwiaj\u0105c jego spo\u017cywanie przy jednoczesnym zachowaniu jego naturalnej mocy.<\/p>\n<p data-start=\"2325\" data-end=\"2734\">W dzisiejszych czasach kratom sta\u0142 si\u0119 szeroko stosowany na Zachodzie do r\u00f3\u017cnych cel\u00f3w, w tym relaksacji, poprawy nastroju, a nawet jako naturalna alternatywa dla zwi\u0119kszenia energii. Wielu u\u017cytkownik\u00f3w docenia jego zdolno\u015b\u0107 do zapewniania zar\u00f3wno stymuluj\u0105cych, jak i uspokajaj\u0105cych efekt\u00f3w, w zale\u017cno\u015bci od sposobu spo\u017cycia. Ci\u0105g\u0142e zainteresowanie kratomem ugruntowa\u0142o jego pozycj\u0119 jako jednego z najbardziej poszukiwanych produkt\u00f3w botanicznych na \u015bwiecie.<\/p>\n<h2 data-start=\"2743\" data-end=\"2793\">Jak stosowa\u0107 Thaise Mitragyna Speciosa - Kratom 15x<\/h2>\n<p data-start=\"2795\" data-end=\"3158\">Ze wzgl\u0119du na wysok\u0105 moc, ekstrakt Thaise Mitragyna Speciosa - Kratom 15x nale\u017cy stosowa\u0107 ostro\u017cnie. Najcz\u0119stszym sposobem spo\u017cywania tego ekstraktu jest przygotowanie go w postaci herbaty. Aby przygotowa\u0107 herbat\u0119 kratom, nale\u017cy rozpu\u015bci\u0107 oko\u0142o 0,2 grama ekstraktu w ciep\u0142ej wodzie i dobrze wymiesza\u0107. Zaparzanie przez kilka minut pozwala uwolni\u0107 alkaloidy, zwi\u0119kszaj\u0105c og\u00f3lne doznania.<\/p>\n<p data-start=\"3160\" data-end=\"3529\">Dla tych, kt\u00f3rzy nie lubi\u0105 naturalnej goryczy kratomu, mieszanie go z sokami owocowymi, takimi jak sok pomara\u0144czowy, mo\u017ce pom\u00f3c zamaskowa\u0107 smak, zachowuj\u0105c jednocze\u015bnie jego dzia\u0142anie. W ni\u017cszych dawkach Thaise Mitragyna Speciosa - Kratom zapewnia zastrzyk energii, dzi\u0119ki czemu idealnie nadaje si\u0119 do stosowania w ci\u0105gu dnia. Przyjmowana w wy\u017cszych dawkach mo\u017ce sprzyja\u0107 relaksacji i mo\u017ce by\u0107 odpowiednia do stosowania wieczorem.<\/p>\n<p data-start=\"3531\" data-end=\"3881\">Efekty mog\u0105 si\u0119 r\u00f3\u017cni\u0107 w zale\u017cno\u015bci od indywidualnej tolerancji, metabolizmu i sk\u0142adu chemicznego organizmu. Niekt\u00f3rzy u\u017cytkownicy zg\u0142aszaj\u0105 zwi\u0119kszon\u0105 koncentracj\u0119 i motywacj\u0119, podczas gdy inni doceniaj\u0105 jego zdolno\u015b\u0107 do \u0142agodzenia stresu i wspierania dobrego samopoczucia. Zawsze zaleca si\u0119 rozpocz\u0119cie od niskiej dawki i stopniowe dostosowywanie, aby znale\u017a\u0107 idealn\u0105 ilo\u015b\u0107, kt\u00f3ra najlepiej odpowiada osobistym potrzebom.<\/p>\n<h2 data-start=\"3890\" data-end=\"3944\">Sk\u0142adniki Thaise Mitragyna Speciosa - Kratom 15x<\/h2>\n<p data-start=\"3946\" data-end=\"4258\">Ekstrakt Thaise Mitragyna Speciosa - Kratom 15x jest wytwarzany ze starannie wyselekcjonowanej mieszanki li\u015bci kratomu, pozyskiwanych z wysokiej jako\u015bci drzew Mitragyna Speciosa w Thailandii. Ekstrakt ten zawiera skoncentrowan\u0105 ilo\u015b\u0107 mitragyniny i 7-hydroksymitragyniny, dw\u00f3ch silnych alkaloid\u00f3w odpowiedzialnych za dzia\u0142anie kratomu.<\/p>\n<p data-start=\"4260\" data-end=\"4606\">Mitragynina jest g\u0142\u00f3wnym zwi\u0105zkiem aktywnym, kt\u00f3ry przyczynia si\u0119 do stymuluj\u0105cych i poprawiaj\u0105cych nastr\u00f3j w\u0142a\u015bciwo\u015bci kratomu. W mniejszych ilo\u015bciach pomaga promowa\u0107 czujno\u015b\u0107, skupienie i og\u00f3lne samopoczucie. Z drugiej strony, 7-hydroksymitragynina ma bardziej relaksuj\u0105ce i uspokajaj\u0105ce dzia\u0142anie, co mo\u017ce by\u0107 korzystne dla os\u00f3b poszukuj\u0105cych ulgi w stresie lub relaksu.<\/p>\n<p data-start=\"4608\" data-end=\"4999\">W przeciwie\u0144stwie do tradycyjnego sproszkowanego kratomu, ekstrakt 15x poddawany jest specjalistycznemu procesowi ekstrakcji, kt\u00f3ry znacznie zwi\u0119ksza jego moc. Z tego powodu u\u017cytkownicy potrzebuj\u0105 znacznie mniejszych dawek w por\u00f3wnaniu do zwyk\u0142ego proszku kratom. Sprawia to, \u017ce Thaise Mitragyna Speciosa - Kratom jest skutecznym wyborem dla tych, kt\u00f3rzy chc\u0105 do\u015bwiadczy\u0107 pe\u0142nych korzy\u015bci kratomu w bardziej skoncentrowanej i wygodnej formie.<\/p>\n<p data-start=\"5008\" data-end=\"5487\" data-is-last-node=\"\"><strong data-start=\"5008\" data-end=\"5019\">Ostrze\u017cenie<\/strong><br data-start=\"5019\" data-end=\"5022\" \/>Ekstrakt Thaise Mitragyna Speciosa - Kratom 15x jest wysoce skoncentrowanym produktem i powinien by\u0107 stosowany w spos\u00f3b odpowiedzialny. Nie jest odpowiedni dla os\u00f3b poni\u017cej 18 roku \u017cycia. Nale\u017cy unika\u0107 nadmiernego spo\u017cycia, poniewa\u017c wysokie dawki mog\u0105 prowadzi\u0107 do nudno\u015bci, zawrot\u00f3w g\u0142owy lub sucho\u015bci w ustach. Kobiety w ci\u0105\u017cy lub karmi\u0105ce piersi\u0105, osoby z chorobami serca lub przyjmuj\u0105ce leki powinny skonsultowa\u0107 si\u0119 z lekarzem przed u\u017cyciem. Przechowywa\u0107 w ch\u0142odnym i suchym miejscu, niedost\u0119pnym dla dzieci.<\/p>","protected":false},"excerpt":{"rendered":"<p>Ekstrakt Thaise Mitragyna Speciosa - Kratom 15x to bardzo silna mieszanka starannie wyselekcjonowanych li\u015bci kratomu Thai. Ta skoncentrowana formu\u0142a jest oko\u0142o 15 razy silniejsza ni\u017c tradycyjne suszone li\u015bcie kratomu, zapewniaj\u0105c pot\u0119\u017cne efekty fizyczne i psychiczne. Znany ze swojej wszechstronno\u015bci, ekstrakt ten mo\u017ce zapewni\u0107 zar\u00f3wno w\u0142a\u015bciwo\u015bci energetyzuj\u0105ce, jak i relaksuj\u0105ce, w zale\u017cno\u015bci od dawki.<\/p>","protected":false},"featured_media":126133,"template":"","meta":[],"product_brand":[],"product_cat":[600,297,512,477,509,510,511,476],"product_tag":[],"class_list":{"0":"post-8586","1":"product","2":"type-product","3":"status-publish","4":"has-post-thumbnail","6":"product_cat-mcmystic","7":"product_cat-all-products","8":"product_cat-extracts","9":"product_cat-herbs","10":"product_cat-kratom","11":"product_cat-relax","12":"product_cat-relax-herbs","13":"product_cat-smartshop","14":"product_shipping_class-creditcard-off","16":"first","17":"outofstock","18":"taxable","19":"shipping-taxable","20":"product-type-variable"},"_links":{"self":[{"href":"https:\/\/www.tatanka.nl\/pl\/wp-json\/wp\/v2\/product\/8586","targetHints":{"allow":["GET"]}}],"collection":[{"href":"https:\/\/www.tatanka.nl\/pl\/wp-json\/wp\/v2\/product"}],"about":[{"href":"https:\/\/www.tatanka.nl\/pl\/wp-json\/wp\/v2\/types\/product"}],"wp:featuredmedia":[{"embeddable":true,"href":"https:\/\/www.tatanka.nl\/pl\/wp-json\/wp\/v2\/media\/126133"}],"wp:attachment":[{"href":"https:\/\/www.tatanka.nl\/pl\/wp-json\/wp\/v2\/media?parent=8586"}],"wp:term":[{"taxonomy":"product_brand","embeddable":true,"href":"https:\/\/www.tatanka.nl\/pl\/wp-json\/wp\/v2\/product_brand?post=8586"},{"taxonomy":"product_cat","embeddable":true,"href":"https:\/\/www.tatanka.nl\/pl\/wp-json\/wp\/v2\/product_cat?post=8586"},{"taxonomy":"product_tag","embeddable":true,"href":"https:\/\/www.tatanka.nl\/pl\/wp-json\/wp\/v2\/product_tag?post=8586"}],"curies":[{"name":"wp","href":"https:\/\/api.w.org\/{rel}","templated":true}]}}