{"id":8588,"date":"2018-01-05T17:23:58","date_gmt":"2018-01-05T17:23:58","guid":{"rendered":"http:\/\/www.tatanka.nl\/?post_type=product&#038;p=8588"},"modified":"2026-01-20T12:48:32","modified_gmt":"2026-01-20T11:48:32","slug":"kratom-20x-extract","status":"publish","type":"product","link":"https:\/\/www.tatanka.nl\/pl\/kratom-20x-extract\/","title":{"rendered":"Kratom 20x Ekstrakt"},"content":{"rendered":"<h2 data-start=\"449\" data-end=\"497\">Co to jest Thaise Mitragyna Speciosa - Kratom 20x?<\/h2>\n<p data-start=\"499\" data-end=\"966\">Thaise Mitragyna Speciosa - Kratom to pot\u0119\u017cny ekstrakt pochodz\u0105cy z wysokiej jako\u015bci li\u015bci kratomu znalezionych w Thailandii. Ten ekstrakt 20x jest oko\u0142o 20 razy silniejszy ni\u017c tradycyjne suszone li\u015bcie kratomu, co czyni go niezwykle silnym i skutecznym sposobem na do\u015bwiadczenie efekt\u00f3w kratomu. Ro\u015blina Mitragyna Speciosa zawiera r\u00f3\u017cnorodne naturalne alkaloidy, kt\u00f3re mog\u0105 wp\u0142ywa\u0107 zar\u00f3wno na cia\u0142o, jak i umys\u0142, zapewniaj\u0105c unikalne po\u0142\u0105czenie stymulacji i relaksu.<\/p>\n<p data-start=\"968\" data-end=\"1606\">Kratom jest szeroko stosowany w Azji Po\u0142udniowo-Wschodniej od wiek\u00f3w, g\u0142\u00f3wnie ze wzgl\u0119du na jego zdolno\u015b\u0107 do promowania jasno\u015bci umys\u0142u, zwi\u0119kszania energii i wspierania og\u00f3lnego samopoczucia. W zale\u017cno\u015bci od dawki, Thaise Mitragyna Speciosa - Kratom mo\u017ce dzia\u0142a\u0107 energetyzuj\u0105co lub uspokajaj\u0105co. Wiadomo, \u017ce niskie dawki poprawiaj\u0105 koncentracj\u0119 i czujno\u015b\u0107, podczas gdy wy\u017csze dawki mog\u0105 prowadzi\u0107 do odpr\u0119\u017cenia i z\u0142agodzenia stresu. Ekstrakt jest wszechstronny i mo\u017ce by\u0107 stosowany w herbacie, mieszany z sokiem lub dodawany do innych napoj\u00f3w. Jego skoncentrowany charakter oznacza, \u017ce tylko niewielka ilo\u015b\u0107 jest wymagana do odczucia pe\u0142nych efekt\u00f3w, co czyni go skutecznym wyborem zar\u00f3wno dla nowych, jak i do\u015bwiadczonych u\u017cytkownik\u00f3w.<\/p>\n<h2 data-start=\"1613\" data-end=\"1663\">Historia Thaise Mitragyna Speciosa - Kratom 20x<\/h2>\n<p data-start=\"1665\" data-end=\"2084\">Stosowanie kratomu si\u0119ga setek lat wstecz w Azji Po\u0142udniowo-Wschodniej, szczeg\u00f3lnie w Thailandii, Indonezji i Malezji. Tradycyjnie rolnicy i robotnicy \u017culi li\u015bcie drzewa Mitragyna Speciosa, aby zwalczy\u0107 zm\u0119czenie i zwi\u0119kszy\u0107 wytrzyma\u0142o\u015b\u0107 podczas d\u0142ugich godzin pracy. Z czasem kratom sta\u0142 si\u0119 integraln\u0105 cz\u0119\u015bci\u0105 lokalnej kultury, cz\u0119sto stosowan\u0105 w tradycyjnej medycynie w celu \u0142agodzenia b\u00f3lu, zmniejszania stresu i promowania relaksu.<\/p>\n<p data-start=\"2086\" data-end=\"2434\">Gdy kratom zyska\u0142 uznanie poza Azj\u0105, naukowcy zacz\u0119li bada\u0107 jego potencjalne korzy\u015bci, co doprowadzi\u0142o do opracowania skoncentrowanych ekstrakt\u00f3w, takich jak Thaise Mitragyna Speciosa - Kratom. Ten 20-krotny ekstrakt zosta\u0142 stworzony, aby zapewni\u0107 u\u017cytkownikom mocniejszy i skuteczniejszy spos\u00f3b spo\u017cywania kratomu bez konieczno\u015bci stosowania du\u017cych ilo\u015bci suszonych li\u015bci.<\/p>\n<p data-start=\"2436\" data-end=\"2927\">W ostatnich latach kratom sta\u0142 si\u0119 coraz bardziej popularny na rynkach zachodnich, gdzie ludzie u\u017cywaj\u0105 go do r\u00f3\u017cnych cel\u00f3w, w tym relaksacji, poprawy nastroju, a nawet jako \u015brodek wspomagaj\u0105cy odchudzanie. Niekt\u00f3rzy u\u017cytkownicy zg\u0142aszaj\u0105 \u0142agodne dzia\u0142anie afrodyzjaku, podczas gdy inni uwa\u017caj\u0105 go za pomocny w utrzymaniu koncentracji i motywacji. Poniewa\u017c zainteresowanie naturalnymi suplementami stale ro\u015bnie, Thaise Mitragyna Speciosa - Kratom pozostaje poszukiwanym wyborem dla os\u00f3b poszukuj\u0105cych ro\u015blinnego rozwi\u0105zania wspieraj\u0105cego ich styl \u017cycia.<\/p>\n<h2 data-start=\"2934\" data-end=\"2984\">Jak stosowa\u0107 Thaise Mitragyna Speciosa - Kratom 20x<\/h2>\n<p data-start=\"2986\" data-end=\"3410\">Ze wzgl\u0119du na wysokie st\u0119\u017cenie, Thaise Mitragyna Speciosa - Kratom nale\u017cy stosowa\u0107 ostro\u017cnie. Powszechnym sposobem spo\u017cywania tego ekstraktu jest mieszanie go z ciep\u0142\u0105 wod\u0105 w celu przygotowania herbaty. Pocz\u0105tkuj\u0105cy powinni zacz\u0105\u0107 od ma\u0142ej dawki oko\u0142o 0,2 grama, aby sprawdzi\u0107 swoj\u0105 tolerancj\u0119 i stopniowo dostosowywa\u0107 ilo\u015b\u0107 w razie potrzeby. Po zmieszaniu z ciep\u0142\u0105 wod\u0105 alkaloidy zawarte w kratomie s\u0105 uwalniane, co pozwala na p\u0142ynne i skuteczne doznania.<\/p>\n<p data-start=\"3412\" data-end=\"3867\">Ekstrakt ten mo\u017cna r\u00f3wnie\u017c dodawa\u0107 do sok\u00f3w owocowych, takich jak sok pomara\u0144czowy, aby zamaskowa\u0107 jego gorzki smak. Stosowany w ten spos\u00f3b, Thaise Mitragyna Speciosa - Kratom mo\u017ce zapewni\u0107 zastrzyk energii, dzi\u0119ki czemu najlepiej nadaje si\u0119 do stosowania w ci\u0105gu dnia. Przyjmowana w wy\u017cszych dawkach mo\u017ce sprzyja\u0107 relaksacji i mo\u017ce by\u0107 stosowana wieczorem w celu zapewnienia spokojnego snu. U\u017cytkownicy powinni jednak unika\u0107 spo\u017cywania jej zbyt p\u00f3\u017ano w nocy, je\u015bli oczekuj\u0105 pobudzaj\u0105cych efekt\u00f3w w ci\u0105gu dnia.<\/p>\n<p data-start=\"3869\" data-end=\"4177\">Efekty dzia\u0142ania kratomu r\u00f3\u017cni\u0105 si\u0119 w zale\u017cno\u015bci od osoby, a r\u00f3\u017cne dawki mog\u0105 dawa\u0107 r\u00f3\u017cne rezultaty. Niekt\u00f3rzy ludzie do\u015bwiadczaj\u0105 \u0142agodnej euforii, podczas gdy inni uwa\u017caj\u0105, \u017ce jest to korzystne dla kontroli wagi. Eksperymentowanie jest kluczem do okre\u015blenia w\u0142a\u015bciwej dawki i metody konsumpcji w celu osi\u0105gni\u0119cia po\u017c\u0105danych efekt\u00f3w.<\/p>\n<h2 data-start=\"4184\" data-end=\"4238\">Sk\u0142adniki Thaise Mitragyna Speciosa - Kratom 20x<\/h2>\n<p data-start=\"4240\" data-end=\"4550\">Thaise Mitragyna Speciosa - Kratom powstaje z mieszanki r\u00f3\u017cnych li\u015bci kratomu, starannie wyselekcjonowanych z wysokiej jako\u015bci drzew Thai Mitragyna Speciosa. G\u0142\u00f3wnymi sk\u0142adnikami aktywnymi tego ekstraktu s\u0105 mitragynina i 7-hydroksymitragynina, dwa silne alkaloidy odpowiedzialne za psychoaktywne dzia\u0142anie kratomu.<\/p>\n<p data-start=\"4552\" data-end=\"4909\">Mitragynina dzia\u0142a pobudzaj\u0105co w niskich dawkach, pomagaj\u0105c zwi\u0119kszy\u0107 koncentracj\u0119, podnie\u015b\u0107 poziom energii i poprawi\u0107 og\u00f3lny nastr\u00f3j. W wy\u017cszych dawkach zapewnia bardziej uspokajaj\u0105ce efekty, sprzyjaj\u0105c relaksacji i \u0142agodzeniu stresu. 7-hydroksymitragynina jest silniejszym alkaloidem, kt\u00f3ry przyczynia si\u0119 do uspokajaj\u0105cych w\u0142a\u015bciwo\u015bci kratomu, dzi\u0119ki czemu ekstrakt ten jest wszechstronnym suplementem.<\/p>\n<p data-start=\"4911\" data-end=\"5341\">W przeciwie\u0144stwie do zwyk\u0142ego proszku kratomu, Thaise Mitragyna Speciosa - Kratom poddawany jest specjalistycznemu procesowi ekstrakcji, kt\u00f3ry koncentruje te alkaloidy, czyni\u0105c go znacznie silniejszym. W rezultacie wystarczy niewielka ilo\u015b\u0107, aby osi\u0105gn\u0105\u0107 takie same efekty, jak w przypadku znacznie wi\u0119kszej dawki standardowego proszku kratom. Sprawia to, \u017ce jest to skuteczny wyb\u00f3r dla tych, kt\u00f3rzy szukaj\u0105 silniejszego i wygodniejszego sposobu na czerpanie korzy\u015bci z kratomu.<\/p>\n<p data-start=\"5348\" data-end=\"5817\" data-is-last-node=\"\"><strong data-start=\"5348\" data-end=\"5359\">Ostrze\u017cenie<\/strong><br data-start=\"5359\" data-end=\"5362\" \/>Thaise Mitragyna Speciosa - Kratom jest wysoce skoncentrowanym ekstraktem i powinien by\u0107 u\u017cywany w spos\u00f3b odpowiedzialny. Ten produkt nie jest odpowiedni dla os\u00f3b poni\u017cej 18 roku \u017cycia. Unikaj nadmiernego stosowania, poniewa\u017c wysokie dawki mog\u0105 prowadzi\u0107 do nudno\u015bci, b\u00f3l\u00f3w g\u0142owy lub sucho\u015bci w ustach. Kobiety w ci\u0105\u017cy lub karmi\u0105ce piersi\u0105, osoby z chorobami serca lub przyjmuj\u0105ce leki powinny skonsultowa\u0107 si\u0119 z lekarzem przed u\u017cyciem. Przechowywa\u0107 w miejscu niedost\u0119pnym dla dzieci, w ch\u0142odnym i suchym miejscu.<\/p>","protected":false},"excerpt":{"rendered":"<p>Thaise Mitragyna Speciosa - Kratom to wysoce skoncentrowany ekstrakt 20x uzyskany z mieszanki wysokiej jako\u015bci li\u015bci kratomu Thai. Ta silna formu\u0142a zawiera wiele psychoaktywnych alkaloid\u00f3w, kt\u00f3re zapewniaj\u0105 zar\u00f3wno efekty psychiczne, jak i fizyczne. Znany ze swojej wszechstronno\u015bci, ekstrakt ten mo\u017ce wspomaga\u0107 relaksacj\u0119, zwi\u0119ksza\u0107 poziom energii i promowa\u0107 dobre samopoczucie. Ze wzgl\u0119du na jego moc, wystarczy niewielka dawka, aby do\u015bwiadczy\u0107 jego efekt\u00f3w.<\/p>","protected":false},"featured_media":126129,"template":"","meta":[],"product_brand":[],"product_cat":[600,297,512,477,509,510,511,476],"product_tag":[],"class_list":{"0":"post-8588","1":"product","2":"type-product","3":"status-publish","4":"has-post-thumbnail","6":"product_cat-mcmystic","7":"product_cat-all-products","8":"product_cat-extracts","9":"product_cat-herbs","10":"product_cat-kratom","11":"product_cat-relax","12":"product_cat-relax-herbs","13":"product_cat-smartshop","14":"product_shipping_class-creditcard-off","16":"first","17":"instock","18":"taxable","19":"shipping-taxable","20":"purchasable","21":"product-type-variable"},"_links":{"self":[{"href":"https:\/\/www.tatanka.nl\/pl\/wp-json\/wp\/v2\/product\/8588","targetHints":{"allow":["GET"]}}],"collection":[{"href":"https:\/\/www.tatanka.nl\/pl\/wp-json\/wp\/v2\/product"}],"about":[{"href":"https:\/\/www.tatanka.nl\/pl\/wp-json\/wp\/v2\/types\/product"}],"wp:featuredmedia":[{"embeddable":true,"href":"https:\/\/www.tatanka.nl\/pl\/wp-json\/wp\/v2\/media\/126129"}],"wp:attachment":[{"href":"https:\/\/www.tatanka.nl\/pl\/wp-json\/wp\/v2\/media?parent=8588"}],"wp:term":[{"taxonomy":"product_brand","embeddable":true,"href":"https:\/\/www.tatanka.nl\/pl\/wp-json\/wp\/v2\/product_brand?post=8588"},{"taxonomy":"product_cat","embeddable":true,"href":"https:\/\/www.tatanka.nl\/pl\/wp-json\/wp\/v2\/product_cat?post=8588"},{"taxonomy":"product_tag","embeddable":true,"href":"https:\/\/www.tatanka.nl\/pl\/wp-json\/wp\/v2\/product_tag?post=8588"}],"curies":[{"name":"wp","href":"https:\/\/api.w.org\/{rel}","templated":true}]}}