{"id":8595,"date":"2018-01-05T18:15:03","date_gmt":"2018-01-05T18:15:03","guid":{"rendered":"http:\/\/www.tatanka.nl\/?post_type=product&#038;p=8595"},"modified":"2026-01-06T13:13:03","modified_gmt":"2026-01-06T12:13:03","slug":"kratom-x-blue-lilly-liquid","status":"publish","type":"product","link":"https:\/\/www.tatanka.nl\/pl\/kratom-x-blue-lilly-liquid\/","title":{"rendered":"P\u0142yn Kratom + Blue Lilly"},"content":{"rendered":"<div>\n<div><span style=\"font-size: 23.04px;\">Czym s\u0105 Kratom, Blue Lilly i Extracts?<\/span><\/div>\n<\/div>\n<div>\n<p dir=\"auto\">Kratom Blue Lilly Extract to specjalistyczny suplement zio\u0142owy, kt\u00f3ry \u0142\u0105czy w\u0142a\u015bciwo\u015bci dw\u00f3ch staro\u017cytnych ro\u015blin w wygodnej postaci p\u0142ynnej. Pochodz\u0105cy z li\u015bci drzewa Mitragyna speciosa, rodzimego dla Azji Po\u0142udniowo-Wschodniej, kratom znany jest ze swojego podw\u00f3jnego dzia\u0142ania, zapewniaj\u0105c stymulacj\u0119 przy ni\u017cszych dawkach i sedacj\u0119 przy wy\u017cszych, dzi\u0119ki alkaloidom takim jak mitragynina. W po\u0142\u0105czeniu z niebiesk\u0105 lili\u0105 wodn\u0105 (Nymphaea caerulea), cenion\u0105 w kulturze egipskiej ze wzgl\u0119du na swoje w\u0142a\u015bciwo\u015bci psychoaktywne, ekstrakt ten oferuje wyj\u0105tkow\u0105 synergi\u0119. Niebieska lilia wodna dostarcza zwi\u0105zki takie jak apomorfin\u0119 i nuciferyn\u0119, kt\u00f3re sprzyjaj\u0105 relaksacji, \u0142agodnej euforii i stanowi podobnemu do snu.<\/p>\n<p dir=\"auto\">Produkt ten jest zazwyczaj dost\u0119pny w ma\u0142ych butelkach, takich jak fiolki o pojemno\u015bci 10 ml, i jest przeznaczony dla os\u00f3b poszukuj\u0105cych naturalnych alternatyw w celu poprawy nastroju, zwi\u0119kszenia energii lub odpoczynku. W przeciwie\u0144stwie do surowych li\u015bci lub proszk\u00f3w, p\u0142ynna forma ekstraktu pozwala na szybsze wch\u0142anianie, dzi\u0119ki czemu jest popularna w\u015br\u00f3d u\u017cytkownik\u00f3w, kt\u00f3rzy preferuj\u0105 szybki pocz\u0105tek dzia\u0142ania bez konieczno\u015bci parzenia herbaty lub \u017cucia. Wa\u017cne jest jednak, aby podchodzi\u0107 do niego z rozwag\u0105, poniewa\u017c efekty mog\u0105 si\u0119 r\u00f3\u017cni\u0107 w zale\u017cno\u015bci od indywidualnej tolerancji, masy cia\u0142a i wra\u017cliwo\u015bci.<\/p>\n<p dir=\"auto\">Wielu entuzjast\u00f3w opisuje ekstrakt Kratom Blue Lilly jako pomost mi\u0119dzy pobudzaj\u0105cymi i uspokajaj\u0105cymi do\u015bwiadczeniami, potencjalnie pomagaj\u0105c w redukcji stresu lub zwi\u0119kszaj\u0105c pewno\u015b\u0107 siebie w kontaktach towarzyskich. Nie jest on przeznaczony do leczenia, ale jako botaniczna pomoc zakorzeniona w tradycyjnych praktykach. Zawsze skonsultuj si\u0119 z lekarzem przed w\u0142\u0105czeniem go do swojej rutyny, zw\u0142aszcza je\u015bli masz wcze\u015bniej istniej\u0105ce schorzenia.<\/p>\n<p dir=\"auto\">Podsumowuj\u0105c, ekstrakt ten stanowi po\u0142\u0105czenie wschodniej i staro\u017cytnej egipskiej m\u0105dro\u015bci zio\u0142owej, przemawiaj\u0105c do wsp\u00f3\u0142czesnych u\u017cytkownik\u00f3w zainteresowanych holistycznym wellness. Dzi\u0119ki skoncentrowanej formie zapewnia silny, ale \u0142atwy w zarz\u0105dzaniu spos\u00f3b na odkrywanie korzy\u015bci p\u0142yn\u0105cych z tych ro\u015blin.<\/p>\n<h2 dir=\"auto\">Historia modeli Kratom, Blue Lilly i Extracts<\/h2>\n<p dir=\"auto\">Historia ekstraktu Kratom Blue Lilly si\u0119ga indywidualnych dziedzictw jego kluczowych sk\u0142adnik\u00f3w, kt\u00f3re by\u0142y stosowane od tysi\u0119cy lat w r\u00f3\u017cnych kulturach. Kratom, pochodz\u0105cy z drzewa Mitragyna speciosa, ma swoje korzenie w Azji Po\u0142udniowo-Wschodniej, a zw\u0142aszcza w Thailand, Indonezji i Malezji. Ju\u017c w XIX wieku odnotowano, \u017ce by\u0142 on tradycyjnym lekarstwem w\u015br\u00f3d robotnik\u00f3w i rolnik\u00f3w, kt\u00f3rzy \u017culi li\u015bcie lub parzyli je w herbacie, aby zwi\u0119kszy\u0107 energi\u0119, z\u0142agodzi\u0107 b\u00f3l i wytrzyma\u0107 d\u0142ugie dni pracy. W latach 30. XIX wieku literatura naukowa odnotowa\u0142a jego zastosowanie jako substytutu opium w leczeniu objaw\u00f3w odstawienia, odzwierciedlaj\u0105c jego rol\u0119 w medycynie ludowej przez wieki.<\/p>\n<p dir=\"auto\">Niebieska lilia zajmuje natomiast szczeg\u00f3lne miejsce w historii staro\u017cytnego Egiptu, si\u0119gaj\u0105cej ponad 3000 lat wstecz. Symbolizowa\u0142a ona odrodzenie i boga s\u0142o\u0144ca Ra, zdobi\u0142a grobowce, w tym grobowiec Tutanchamona, gdzie w 1922 roku znaleziono p\u0142atki rozrzucone na jego mumii. Egipcjanie czcili j\u0105 podczas rytua\u0142\u00f3w duchowych, wierz\u0105c, \u017ce u\u0142atwia ona komunikacj\u0119 z bogami i zapewnia nie\u015bmiertelno\u015b\u0107. Artefakty, takie jak zwoje papirusowe, przedstawiaj\u0105 j\u0105 podczas ceremonii, gdzie dodawano j\u0105 do win lub ma\u015bci ze wzgl\u0119du na jej afrodyzjakalne i euforyczne dzia\u0142anie.<\/p>\n<p dir=\"auto\">Po\u0142\u0105czenie w nowoczesnych ekstraktach, takich jak ekstrakt Kratom Blue Lilly, pojawi\u0142o si\u0119 niedawno, prawdopodobnie w XXI wieku, wraz ze wzrostem globalnego zainteresowania etnobotanikami. Entuzja\u015bci zi\u00f3\u0142 zacz\u0119li je miesza\u0107, aby wzmocni\u0107 uzupe\u0142niaj\u0105ce si\u0119 efekty - witalno\u015b\u0107 Kratomu i spok\u00f3j niebieskiej lilii. Ta fuzja odzwierciedla ewolucj\u0119 od odizolowanych tradycyjnych zastosowa\u0144 do wsp\u00f3\u0142czesnych produkt\u00f3w wellness, chocia\u017c kontrola regulacyjna wzros\u0142a ze wzgl\u0119du na obawy dotycz\u0105ce bezpiecze\u0144stwa.<\/p>\n<p dir=\"auto\">Obecnie takie wyci\u0105gi honoruj\u0105 te historyczne praktyki, dostosowuj\u0105c si\u0119 jednocze\u015bnie do wsp\u00f3\u0142czesnego stylu \u017cycia, ale u\u017cytkownicy powinni szanowa\u0107 ich pot\u0119\u017cne dziedzictwo.<\/p>\n<h2 dir=\"auto\">Jak korzysta\u0107 z Kratom Blue Lilly Extracts<\/h2>\n<p dir=\"auto\">Stosowanie ekstraktu Kratom Blue Lilly wymaga starannego dozowania i przygotowania w celu uzyskania optymalnych rezultat\u00f3w. Zacznij od dok\u0142adnego wstrz\u0105\u015bni\u0119cia butelk\u0105, aby zapewni\u0107 r\u00f3wnomierne rozprowadzenie skoncentrowanego ekstraktu. Zalecana ilo\u015b\u0107 wynosi zazwyczaj od 5 do 10 ml, co odpowiada po\u0142owie do pe\u0142nej butelki 10 ml na sesj\u0119. Pocz\u0105tkuj\u0105cy powinni zacz\u0105\u0107 od ni\u017cszych dawek, takich jak 5 ml lub mniej, aby oceni\u0107 osobist\u0105 wra\u017cliwo\u015b\u0107, poniewa\u017c efekty zale\u017c\u0105 od czynnik\u00f3w takich jak masa cia\u0142a, tolerancja i moc ekstraktu.<\/p>\n<p dir=\"auto\">Podawa\u0107 pod j\u0119zyk, umieszczaj\u0105c p\u0142yn pod j\u0119zykiem na 30 do 60 sekund przed po\u0142kni\u0119ciem, co pozwala na szybkie wch\u0142anianie przez b\u0142ony \u015bluzowe. Alternatywnie mo\u017cna wymiesza\u0107 go z napojem, takim jak woda, sok lub herbata, aby zamaskowa\u0107 gorzki smak, jednak nale\u017cy unika\u0107 gor\u0105cych p\u0142yn\u00f3w, kt\u00f3re mog\u0105 degradowa\u0107 aktywne zwi\u0105zki. Spo\u017cywa\u0107 na pusty \u017co\u0142\u0105dek, aby uzyska\u0107 szybszy efekt, zwykle w ci\u0105gu 10 do 20 minut, lub po lekkim posi\u0142ku, aby uzyska\u0107 bardziej zr\u00f3wnowa\u017cone dzia\u0142anie.<\/p>\n<p dir=\"auto\">Efekty r\u00f3\u017cni\u0105 si\u0119 w zale\u017cno\u015bci od dawki: \u0142agodne odpr\u0119\u017cenie poni\u017cej 5 ml, umiarkowana euforia i spok\u00f3j mi\u0119dzy 5 ml a 10 ml, a powy\u017cej tej dawki silniejsze dzia\u0142anie uspokajaj\u0105ce. Stosuj odpowiedzialnie, nie cz\u0119\u015bciej ni\u017c raz lub dwa razy w miesi\u0105cu, aby zapobiec narastaniu tolerancji. Unikaj \u0142\u0105czenia z innymi substancjami i \u015bled\u017a swoje do\u015bwiadczenia, aby w razie potrzeby dostosowa\u0107 dawk\u0119.<\/p>\n<p dir=\"auto\">Butelk\u0119 nale\u017cy przechowywa\u0107 w ch\u0142odnym, ciemnym miejscu, z dala od dzieci. Je\u015bli dopiero zaczynasz stosowa\u0107 ekstrakty zio\u0142owe, zapoznaj si\u0119 z potencjalnymi interakcjami i skonsultuj si\u0119 ze specjalist\u0105. Ta metoda honoruje tradycyjne spo\u017cycie, jednocze\u015bnie dopasowuj\u0105c si\u0119 do nowoczesnej wygody.<\/p>\n<h2 dir=\"auto\">Sk\u0142adniki Kratom Blue Lilly Extracts<\/h2>\n<p dir=\"auto\">Ekstrakt Kratom Blue Lilly zawiera mieszank\u0119 naturalnych sk\u0142adnik\u00f3w, pocz\u0105wszy od olejku eterycznego jako bazy, zawieraj\u0105cego mniej ni\u017c 14,9% alkoholu, aby zachowa\u0107 stabilno\u015b\u0107 bez nadmiernego wzmocnienia formu\u0142y. G\u0142\u00f3wnym sk\u0142adnikiem aktywnym jest ekstrakt kratom 15x, pochodz\u0105cy z li\u015bci Mitragyna speciosa, skoncentrowany do 15-krotno\u015bci si\u0142y dzia\u0142ania standardowego suszu. To wzmocnienie podkre\u015bla kluczowe alkaloidy, takie jak mitragynina i 7-hydroksymitragynina, odpowiedzialne za stymuluj\u0105ce i przeciwb\u00f3lowe w\u0142a\u015bciwo\u015bci ro\u015bliny.<\/p>\n<p dir=\"auto\">Uzupe\u0142nieniem jest 10-krotny ekstrakt z kwiat\u00f3w Nymphaea caerulea, o sile dzia\u0142ania 10 razy wi\u0119kszej ni\u017c surowe p\u0142atki. Zawiera on alkaloidy psychoaktywne, takie jak apomorfin\u0119, kt\u00f3ra oddzia\u0142uje na receptory dopaminowe, poprawiaj\u0105c nastr\u00f3j, oraz nuciferyn\u0119, kt\u00f3ra ma dzia\u0142anie uspokajaj\u0105ce i przeciwl\u0119kowe. Dodatkowe zwi\u0105zki bioaktywne, takie jak flawonoidy, terpenoidy i przeciwutleniacze z obu ro\u015blin, poprawiaj\u0105 og\u00f3lny profil, potencjalnie wspieraj\u0105c dzia\u0142anie przeciwzapalne i neuroprotekcyjne.<\/p>\n<p dir=\"auto\">Produkt nie zawiera sztucznych dodatk\u00f3w ani wype\u0142niaczy, dzi\u0119ki czemu jest wega\u0144ski i ekologiczny. P\u0142ynna forma zapewnia biodost\u0119pno\u015b\u0107, a alkohol wspomaga ekstrakcj\u0119 i konserwacj\u0119. Ka\u017cda partia mo\u017ce si\u0119 nieznacznie r\u00f3\u017cni\u0107 ze wzgl\u0119du na naturalne pochodzenie surowc\u00f3w, ale kontrola jako\u015bci ma na celu zapewnienie sta\u0142ej jako\u015bci.<\/p>\n<p dir=\"auto\">Zrozumienie tych sk\u0142adnik\u00f3w pomaga u\u017cytkownikom doceni\u0107 synergi\u0119: energia kratomu \u0142\u0105czy si\u0119 ze spokojem niebieskiej lilii. Zawsze sprawdzaj etykiety pod k\u0105tem szczeg\u00f3\u0142\u00f3w, poniewa\u017c formu\u0142y mog\u0105 si\u0119 r\u00f3\u017cni\u0107.<\/p>\n<p dir=\"auto\"><strong>Ostrze\u017cenie:<\/strong> Sprzeda\u017c i stosowanie niedozwolone dla os\u00f3b poni\u017cej 18 roku \u017cycia. Przechowywa\u0107 w miejscu niedost\u0119pnym dla dzieci. Nie stosowa\u0107 w przypadku wysokiego lub niskiego ci\u015bnienia krwi, chor\u00f3b serca i\/lub p\u0142uc, cukrzycy, w okresie ci\u0105\u017cy lub podczas stosowania lek\u00f3w, narkotyk\u00f3w lub alkoholu.<\/p>\n<\/div>","protected":false},"excerpt":{"rendered":"<p>Kratom Blue Lilly Extract to wysokiej jako\u015bci mieszanka zio\u0142owa w postaci p\u0142ynnej, \u0142\u0105cz\u0105ca silnie dzia\u0142aj\u0105ce ekstrakty zapewniaj\u0105ce relaks i dobre samopoczucie, pozyskiwane z tradycyjnych ro\u015blin.<\/p>","protected":false},"featured_media":126071,"template":"","meta":[],"product_brand":[],"product_cat":[599,297,477,509,510,511,476],"product_tag":[],"class_list":{"0":"post-8595","1":"product","2":"type-product","3":"status-publish","4":"has-post-thumbnail","6":"product_cat-kratopia","7":"product_cat-all-products","8":"product_cat-herbs","9":"product_cat-kratom","10":"product_cat-relax","11":"product_cat-relax-herbs","12":"product_cat-smartshop","13":"product_shipping_class-creditcard-off","15":"first","16":"instock","17":"taxable","18":"shipping-taxable","19":"purchasable","20":"product-type-variable"},"_links":{"self":[{"href":"https:\/\/www.tatanka.nl\/pl\/wp-json\/wp\/v2\/product\/8595","targetHints":{"allow":["GET"]}}],"collection":[{"href":"https:\/\/www.tatanka.nl\/pl\/wp-json\/wp\/v2\/product"}],"about":[{"href":"https:\/\/www.tatanka.nl\/pl\/wp-json\/wp\/v2\/types\/product"}],"wp:featuredmedia":[{"embeddable":true,"href":"https:\/\/www.tatanka.nl\/pl\/wp-json\/wp\/v2\/media\/126071"}],"wp:attachment":[{"href":"https:\/\/www.tatanka.nl\/pl\/wp-json\/wp\/v2\/media?parent=8595"}],"wp:term":[{"taxonomy":"product_brand","embeddable":true,"href":"https:\/\/www.tatanka.nl\/pl\/wp-json\/wp\/v2\/product_brand?post=8595"},{"taxonomy":"product_cat","embeddable":true,"href":"https:\/\/www.tatanka.nl\/pl\/wp-json\/wp\/v2\/product_cat?post=8595"},{"taxonomy":"product_tag","embeddable":true,"href":"https:\/\/www.tatanka.nl\/pl\/wp-json\/wp\/v2\/product_tag?post=8595"}],"curies":[{"name":"wp","href":"https:\/\/api.w.org\/{rel}","templated":true}]}}