{"id":8636,"date":"2017-01-06T16:23:32","date_gmt":"2017-01-06T14:23:32","guid":{"rendered":"http:\/\/www.tatanka.nl\/?post_type=product&#038;p=8636"},"modified":"2026-03-31T15:20:46","modified_gmt":"2026-03-31T14:20:46","slug":"trip-stopper","status":"publish","type":"product","link":"https:\/\/www.tatanka.nl\/pl\/trip-stopper\/","title":{"rendered":"Bad Trip Stopper"},"content":{"rendered":"<h2 data-start=\"51\" data-end=\"77\">Czym jest Trip Stopper?<\/h2>\n<p data-start=\"78\" data-end=\"395\">Trip Stopper to specjalistyczny suplement przeznaczony do wspierania os\u00f3b podczas do\u015bwiadcze\u0144 psychodelicznych. Pomaga promowa\u0107 spok\u00f3j i zmniejsza dyskomfort lub niepok\u00f3j, kt\u00f3re mog\u0105 pojawi\u0107 si\u0119 podczas podr\u00f3\u017cy. Niezale\u017cnie od tego, czy dopiero zaczynasz przygod\u0119 z psychodelikami, czy jeste\u015b do\u015bwiadczonym u\u017cytkownikiem, Trip Stopper oferuje spos\u00f3b na poczucie wi\u0119kszej stabilno\u015bci i kontroli.<\/p>\n<p data-start=\"397\" data-end=\"768\">Suplement ten nie zatrzymuje ca\u0142kowicie podr\u00f3\u017cy, ale pomaga u\u017cytkownikom pozosta\u0107 uziemionym. Tabletki dekstrozy zapewniaj\u0105 szybk\u0105 energi\u0119 i pomagaj\u0105 ustabilizowa\u0107 poziom cukru we krwi, a kapsu\u0142ki waleriany zach\u0119caj\u0105 do relaksu. Razem sk\u0142adniki te pomagaj\u0105 w zarz\u0105dzaniu emocjonalnymi i fizycznymi doznaniami, kt\u00f3re towarzysz\u0105 psychodelicznej podr\u00f3\u017cy, u\u0142atwiaj\u0105c nawigacj\u0119 w trudnych chwilach.<\/p>\n<p data-start=\"770\" data-end=\"915\">Oferuj\u0105c poczucie kontroli i stabilno\u015bci, Trip Stopper jest cennym towarzyszem dla tych, kt\u00f3rzy szukaj\u0105 p\u0142ynniejszych i \u0142atwiejszych w zarz\u0105dzaniu do\u015bwiadcze\u0144.<\/p>\n<h2 data-start=\"917\" data-end=\"945\">Historia Trip Stopper<\/h2>\n<p data-start=\"946\" data-end=\"1343\">Trip Stopper zosta\u0142 opracowany w odpowiedzi na rosn\u0105ce zainteresowanie psychodelikami i potrzeb\u0119 naturalnego wsparcia podczas podr\u00f3\u017cy. W miar\u0119 jak coraz wi\u0119cej os\u00f3b odkrywa psychodeliki, znaczenie utrzymania zr\u00f3wnowa\u017conego i bezpiecznego \u015brodowiska sta\u0142o si\u0119 powszechnie znane. Ta formu\u0142a, oparta na wieloletnich badaniach, \u0142\u0105czy w sobie dekstroz\u0119 i walerian\u0119 - dwa dobrze znane naturalne \u015brodki wspomagaj\u0105ce energi\u0119 i relaks.<\/p>\n<p data-start=\"1345\" data-end=\"1684\">Waleriana jest od dawna stosowana w zio\u0142olecznictwie ze wzgl\u0119du na swoje w\u0142a\u015bciwo\u015bci uspokajaj\u0105ce, pomagaj\u0105ce zmniejszy\u0107 stres i niepok\u00f3j. Dekstroza, cukier prosty, zapewnia szybki zastrzyk energii, co jest szczeg\u00f3lnie przydatne podczas intensywnych dozna\u0144 psychodelicznych. Dzi\u0119ki po\u0142\u0105czeniu tych dw\u00f3ch sk\u0142adnik\u00f3w, Trip Stopper oferuje holistyczny spos\u00f3b skutecznego radzenia sobie z tripami.<\/p>\n<p data-start=\"1686\" data-end=\"1865\">Cho\u0107 nie jest w stanie wyeliminowa\u0107 efekt\u00f3w tripu, Trip Stopper zapewnia poczucie bezpiecze\u0144stwa i pomaga u\u017cytkownikom zachowa\u0107 spok\u00f3j, dzi\u0119ki czemu jest przydatnym narz\u0119dziem do nawigacji po psychodelicznych do\u015bwiadczeniach.<\/p>\n<h2 data-start=\"1867\" data-end=\"1895\">Jak korzysta\u0107 z Trip Stopper<\/h2>\n<p data-start=\"1896\" data-end=\"1967\">Trip Stopper jest \u0142atwy w u\u017cyciu. Post\u0119puj zgodnie z poni\u017cszymi krokami, aby uzyska\u0107 najlepsze wyniki:<\/p>\n<ol data-start=\"1969\" data-end=\"2418\">\n<li data-start=\"1969\" data-end=\"2140\">Take <strong data-start=\"1977\" data-end=\"2001\">dwie tabletki dekstrozy<\/strong> i pozwoli\u0107 im powoli rozpu\u015bci\u0107 si\u0119 w ustach. Zapewni to skuteczne wch\u0142anianie cukru, pomagaj\u0105c zmniejszy\u0107 intensywno\u015b\u0107 podr\u00f3\u017cy.<\/li>\n<li data-start=\"2141\" data-end=\"2247\">Po\u0142kn\u0105\u0107 <strong data-start=\"2156\" data-end=\"2177\">Kapsu\u0142ki waleriany<\/strong> z du\u017c\u0105 szklank\u0105 wody w celu odpr\u0119\u017cenia i z\u0142agodzenia niepokoju.<\/li>\n<li data-start=\"2248\" data-end=\"2418\">Poczekaj <strong data-start=\"2262\" data-end=\"2276\">10 minut<\/strong> przed zjedzeniem czego\u015b sta\u0142ego, np. kromki chleba. Pozwala to sk\u0142adnikom zacz\u0105\u0107 dzia\u0142a\u0107 i dodatkowo stabilizuje poziom cukru we krwi.<\/li>\n<\/ol>\n<p data-start=\"2420\" data-end=\"2667\">Aby uzyska\u0107 optymalne rezultaty, nale\u017cy przyjmowa\u0107 Trip Stopper w <strong data-start=\"2464\" data-end=\"2499\">Spokojne i kontrolowane \u015brodowisko<\/strong> gdzie mo\u017cna skupi\u0107 si\u0119 na relaksacji i uziemieniu. Niezale\u017cnie od tego, czy jeste\u015b pocz\u0105tkuj\u0105cym u\u017cytkownikiem, czy do\u015bwiadczonym, te proste kroki pomog\u0105 Ci poczu\u0107 si\u0119 lepiej przygotowanym i kontrolowa\u0107 sytuacj\u0119.<\/p>\n<h2 data-start=\"2669\" data-end=\"2701\">Sk\u0142adniki Trip Stopper<\/h2>\n<p data-start=\"2702\" data-end=\"2821\">Trip Stopper zawiera dwa kluczowe sk\u0142adniki, kt\u00f3re dzia\u0142aj\u0105 razem, aby wspiera\u0107 zar\u00f3wno cia\u0142o, jak i umys\u0142 podczas psychodelicznego tripu:<\/p>\n<ul data-start=\"2823\" data-end=\"3248\">\n<li data-start=\"2823\" data-end=\"3022\"><strong data-start=\"2825\" data-end=\"2837\">Dekstroza<\/strong> - Cukier prosty, kt\u00f3ry zapewnia natychmiastowe \u017ar\u00f3d\u0142o energii, pomagaj\u0105c zr\u00f3wnowa\u017cy\u0107 poziom cukru we krwi i zapobiegaj\u0105c zm\u0119czeniu. Pomaga to utrzyma\u0107 koncentracj\u0119 i czujno\u015b\u0107 przez ca\u0142y czas trwania gry.<\/li>\n<li data-start=\"3023\" data-end=\"3248\"><strong data-start=\"3025\" data-end=\"3037\">Waleriana<\/strong> - Naturalny lek zio\u0142owy znany ze swojego uspokajaj\u0105cego dzia\u0142ania. Waleriana jest stosowana od wiek\u00f3w w celu zmniejszenia niepokoju i promowania relaksu, dzi\u0119ki czemu idealnie nadaje si\u0119 do zarz\u0105dzania psychicznymi i emocjonalnymi aspektami podr\u00f3\u017cy.<\/li>\n<\/ul>\n<p data-start=\"3250\" data-end=\"3511\">Razem te sk\u0142adniki tworz\u0105 <strong data-start=\"3287\" data-end=\"3308\">zr\u00f3wnowa\u017cone rozwi\u0105zanie<\/strong> dla tych, kt\u00f3rzy czuj\u0105 si\u0119 przyt\u0142oczeni lub niespokojni. Chocia\u017c Trip Stopper nie zatrzymuje ca\u0142kowicie psychodelicznego do\u015bwiadczenia, pomaga zapewni\u0107 poczucie stabilno\u015bci i spokoju, zapewniaj\u0105c p\u0142ynniejsz\u0105, \u0142atwiejsz\u0105 do opanowania podr\u00f3\u017c.<\/p>\n<p data-start=\"3513\" data-end=\"3525\"><strong>Ostrze\u017cenie<\/strong><\/p>\n<p data-start=\"3526\" data-end=\"3582\" data-is-last-node=\"\">Przechowywa\u0107 w miejscu niedost\u0119pnym dla dzieci. To nie jest lek.<\/p>","protected":false},"excerpt":{"rendered":"<p>Zar\u00f3wno dla pocz\u0105tkuj\u0105cych, jak i do\u015bwiadczonych, trip stopper mo\u017ce pom\u00f3c zminimalizowa\u0107 z\u0142\u0105 podr\u00f3\u017c. W ci\u0105gu 20-30 minut podr\u00f3\u017c stanie si\u0119 mniej intensywna, a sama \u015bwiadomo\u015b\u0107, \u017ce mo\u017cna j\u0105 przerwa\u0107, pozwoli czerpa\u0107 wi\u0119cej przyjemno\u015bci z jazdy.<\/p>","protected":false},"featured_media":127320,"template":"","meta":[],"product_brand":[],"product_cat":[595,297,592,577,539,540,516,518,513,515,476,593,578],"product_tag":[662],"class_list":{"0":"post-8636","1":"product","2":"type-product","3":"status-publish","4":"has-post-thumbnail","6":"product_cat-mcsmart","7":"product_cat-all-products","8":"product_cat-beginner-magic-mushroom-grow-kits","9":"product_cat-beginner-magic-truffles","10":"product_cat-magic-mushroom-grow-kits","11":"product_cat-magic-mushroom-spore-syringes","12":"product_cat-magic-truffles","13":"product_cat-mushrooms","14":"product_cat-party","15":"product_cat-shroomshop","16":"product_cat-smartshop","17":"product_cat-strongest-magic-mushroom-grow-kits","18":"product_cat-strongest-magic-truffles","19":"product_tag-shrdeal","20":"product_shipping_class-creditcard-on","22":"first","23":"instock","24":"taxable","25":"shipping-taxable","26":"purchasable","27":"product-type-variable","28":"has-default-attributes"},"_links":{"self":[{"href":"https:\/\/www.tatanka.nl\/pl\/wp-json\/wp\/v2\/product\/8636","targetHints":{"allow":["GET"]}}],"collection":[{"href":"https:\/\/www.tatanka.nl\/pl\/wp-json\/wp\/v2\/product"}],"about":[{"href":"https:\/\/www.tatanka.nl\/pl\/wp-json\/wp\/v2\/types\/product"}],"wp:featuredmedia":[{"embeddable":true,"href":"https:\/\/www.tatanka.nl\/pl\/wp-json\/wp\/v2\/media\/127320"}],"wp:attachment":[{"href":"https:\/\/www.tatanka.nl\/pl\/wp-json\/wp\/v2\/media?parent=8636"}],"wp:term":[{"taxonomy":"product_brand","embeddable":true,"href":"https:\/\/www.tatanka.nl\/pl\/wp-json\/wp\/v2\/product_brand?post=8636"},{"taxonomy":"product_cat","embeddable":true,"href":"https:\/\/www.tatanka.nl\/pl\/wp-json\/wp\/v2\/product_cat?post=8636"},{"taxonomy":"product_tag","embeddable":true,"href":"https:\/\/www.tatanka.nl\/pl\/wp-json\/wp\/v2\/product_tag?post=8636"}],"curies":[{"name":"wp","href":"https:\/\/api.w.org\/{rel}","templated":true}]}}