{"id":8650,"date":"2018-01-08T11:45:57","date_gmt":"2018-01-08T11:45:57","guid":{"rendered":"http:\/\/www.tatanka.nl\/?post_type=product&#038;p=8650"},"modified":"2025-06-20T00:48:29","modified_gmt":"2025-06-19T23:48:29","slug":"hempcare-ruby-10-cbd-oil","status":"publish","type":"product","link":"https:\/\/www.tatanka.nl\/pl\/hempcare-ruby-10-cbd-oil\/","title":{"rendered":"HempCare Ruby 10% Olejek CBD 10ml"},"content":{"rendered":"<h2>HempCare Ruby 10% Olejek CBD 10ml<\/h2>\n<h2 data-start=\"0\" data-end=\"33\">Czym jest HempCare RUBY 10% CBD?<\/h2>\n<p data-start=\"35\" data-end=\"548\">HempCare RUBY 10% CBD to wysoce skoncentrowany, naturalny olej CBD 100% pochodz\u0105cy z rzadkiej ro\u015bliny konopi uprawianej w bogatej w minera\u0142y, czerwonej gliniastej glebie w g\u00f3rach. Unikalne \u015brodowisko, w kt\u00f3rym rosn\u0105 te konopie, przyczynia si\u0119 do rubinowo-czerwonego koloru oleju i jego silnych naturalnych w\u0142a\u015bciwo\u015bci. HempCare RUBY 10% CBD jest bogaty w korzystne kannabinoidy, w tym kannabidiol (CBD), kannabigerol (CBG) i kannabinol (CBN), a tak\u017ce terpeny, flawonoidy i fenole, z kt\u00f3rych wszystkie dzia\u0142aj\u0105 synergistycznie, aby naturalnie wspiera\u0107 organizm.<\/p>\n<p data-start=\"550\" data-end=\"923\">HempCare RUBY 10% CBD wyr\u00f3\u017cnia si\u0119 wy\u017cszym st\u0119\u017ceniem beta-kariofilenu, terpenu znanego z silnych w\u0142a\u015bciwo\u015bci przeciwzapalnych i przeciwb\u00f3lowych. To sprawia, \u017ce jest to doskona\u0142y wyb\u00f3r dla tych, kt\u00f3rzy chc\u0105 z\u0142agodzi\u0107 dyskomfort lub zmniejszy\u0107 stres. Jego naturalny sk\u0142ad zapewnia, \u017ce jest wolny od substancji toksycznych, oferuj\u0105c czyste i organiczne doznania.<\/p>\n<h2 data-start=\"925\" data-end=\"960\">Historia HempCare RUBY 10% CBD<\/h2>\n<p data-start=\"962\" data-end=\"1417\">Historia HempCare RUBY 10% CBD zaczyna si\u0119 od uprawy konopi w wyj\u0105tkowym regionie g\u00f3rskim, gdzie naturalna czerwona glinka gleby przyczynia si\u0119 do wyj\u0105tkowych w\u0142a\u015bciwo\u015bci ro\u015bliny. HempCare starannie wybiera najlepsze odmiany konopi i stosuje specjalny proces ekstrakcji, aby zachowa\u0107 pe\u0142ne spektrum kannabinoid\u00f3w, terpen\u00f3w i innych niezb\u0119dnych sk\u0142adnik\u00f3w od\u017cywczych. Ro\u015bliny konopi s\u0105 uprawiane bez u\u017cycia pestycyd\u00f3w, co zapewnia czysto\u015b\u0107 i wysok\u0105 jako\u015b\u0107 produktu.<\/p>\n<p data-start=\"1419\" data-end=\"1727\">Firma HempCare zyska\u0142a uznanie za produkcj\u0119 najwy\u017cszej jako\u015bci produkt\u00f3w CBD, a olej CBD RUBY 10% wyr\u00f3\u017cnia si\u0119 wysok\u0105 zawarto\u015bci\u0105 terpen\u00f3w i rzadkimi warunkami uprawy. Olej ten nie jest po prostu kolejnym produktem CBD, ale \u015bwiadectwem zaanga\u017cowania HempCare w dostarczanie naprawd\u0119 wyj\u0105tkowych i skutecznych do\u015bwiadcze\u0144 CBD.<\/p>\n<h2 data-start=\"1729\" data-end=\"1764\">Jak stosowa\u0107 HempCare RUBY 10% CBD<\/h2>\n<p data-start=\"1766\" data-end=\"2110\">Aby uzyska\u0107 optymalne rezultaty, zaleca si\u0119 rozpocz\u0119cie od 5 kropli HempCare RUBY 10% CBD dwa razy dziennie pod j\u0119zyk. Olejek nale\u017cy trzyma\u0107 pod j\u0119zykiem przez oko\u0142o 20 sekund przed po\u0142kni\u0119ciem, aby zapewni\u0107 maksymalne wch\u0142anianie. Wielu u\u017cytkownik\u00f3w zg\u0142asza, \u017ce odczuwa efekty po kilku dniach konsekwentnego stosowania, cho\u0107 optymalne wyniki mog\u0105 si\u0119 r\u00f3\u017cni\u0107 w zale\u017cno\u015bci od osoby.<\/p>\n<p data-start=\"2112\" data-end=\"2512\">Je\u015bli wyst\u0105pi\u0105 jakiekolwiek dzia\u0142ania niepo\u017c\u0105dane, zaleca si\u0119 zmniejszenie dawki. Organizm wch\u0142onie tylko tyle, ile potrzebuje, a nadmiar zostanie naturalnie wydalony z moczem lub potem. Je\u015bli chcesz uzyska\u0107 silniejszy efekt, mo\u017cesz stopniowo zwi\u0119ksza\u0107 dawk\u0119, aby dostosowa\u0107 j\u0105 do swoich potrzeb. HempCare RUBY 10% CBD oferuje elastyczne podej\u015bcie do stosowania CBD, umo\u017cliwiaj\u0105c dostosowanie dawki w oparciu o osobiste do\u015bwiadczenia.<\/p>\n<h2 data-start=\"2514\" data-end=\"2553\">Sk\u0142adniki HempCare RUBY 10% CBD<\/h2>\n<p data-start=\"2555\" data-end=\"2921\">HempCare RUBY 10% CBD zawiera dwa g\u0142\u00f3wne sk\u0142adniki: olej z nasion konopi i ekstrakt z konopi. Sk\u0142adniki te wsp\u00f3\u0142pracuj\u0105 ze sob\u0105, aby zapewni\u0107 siln\u0105 mieszank\u0119 kannabinoid\u00f3w, w tym CBD, CBG i CBN, wraz z r\u00f3\u017cnymi terpenami, flawonoidami i innymi korzystnymi zwi\u0105zkami. W\u0142\u0105czenie oleju z nasion konopi gwarantuje, \u017ce produkt pozostaje organiczny i wolny od szkodliwych chemikali\u00f3w.<\/p>\n<p data-start=\"2923\" data-end=\"3292\">Terpeny zawarte w HempCare RUBY 10% CBD, takie jak bisabolol, s\u0105 znane ze swoich w\u0142a\u015bciwo\u015bci przeciwbakteryjnych i przeciwgrzybiczych, przyczyniaj\u0105c si\u0119 do korzy\u015bci terapeutycznych olejku. To po\u0142\u0105czenie naturalnych sk\u0142adnik\u00f3w tworzy produkt, kt\u00f3ry jest zar\u00f3wno skuteczny, jak i bezpieczny do codziennego u\u017cytku. Bez toksycznych dodatk\u00f3w, HempCare RUBY 10% CBD gwarantuje, \u017ce otrzymujesz to, co najlepsze z natury.<\/p>\n<p data-start=\"3294\" data-end=\"3304\"><strong>Ostrze\u017cenie<\/strong><\/p>\n<p data-start=\"3306\" data-end=\"3457\">Przed u\u017cyciem nale\u017cy skonsultowa\u0107 si\u0119 z lekarzem, zw\u0142aszcza w przypadku ci\u0105\u017cy, karmienia piersi\u0105 lub przyjmowania lek\u00f3w. Nie nale\u017cy przekracza\u0107 zalecanej dawki.<\/p>\n<p data-start=\"3459\" data-end=\"3755\" data-is-last-node=\"\">HempCare RUBY 10% CBD to wyj\u0105tkowy i skuteczny produkt, kt\u00f3ry \u0142\u0105czy naturalne w\u0142a\u015bciwo\u015bci lecznicze konopi z nowoczesn\u0105 nauk\u0105. Niezale\u017cnie od tego, czy szukasz ulgi w b\u00f3lu, redukcji stresu, czy po prostu naturalnego wzmocnienia dobrego samopoczucia, HempCare RUBY 10% CBD zapewnia ca\u0142kowicie naturalne rozwi\u0105zanie dla Twojej codziennej rutyny.<\/p>","protected":false},"excerpt":{"rendered":"<p>HempCare RUBY 10% CBD to wyj\u0105tkowy olej o szczeg\u00f3lnych w\u0142a\u015bciwo\u015bciach. Olej ten wyr\u00f3\u017cnia si\u0119 charakterystycznym czystym czerwonym kolorem i wysok\u0105 zawarto\u015bci\u0105 CBD 10%.<\/p>\n<p>Opr\u00f3cz CBD, olej ten zawiera znaczne ilo\u015bci innych kannabinoid\u00f3w, takich jak CBG i CBN. Zawiera 10 ml.<span style=\"color: #000000;\"><br \/>\n<\/span><\/p>","protected":false},"featured_media":126597,"template":"","meta":[],"product_brand":[],"product_cat":[601,297,485,371,483],"product_tag":[],"class_list":{"0":"post-8650","1":"product","2":"type-product","3":"status-publish","4":"has-post-thumbnail","6":"product_cat-hempcare","7":"product_cat-all-products","8":"product_cat-cbd-oils","9":"product_cat-cbd-top-10","10":"product_cat-cbdshop","12":"first","13":"instock","14":"taxable","15":"shipping-taxable","16":"purchasable","17":"product-type-variable"},"_links":{"self":[{"href":"https:\/\/www.tatanka.nl\/pl\/wp-json\/wp\/v2\/product\/8650","targetHints":{"allow":["GET"]}}],"collection":[{"href":"https:\/\/www.tatanka.nl\/pl\/wp-json\/wp\/v2\/product"}],"about":[{"href":"https:\/\/www.tatanka.nl\/pl\/wp-json\/wp\/v2\/types\/product"}],"wp:featuredmedia":[{"embeddable":true,"href":"https:\/\/www.tatanka.nl\/pl\/wp-json\/wp\/v2\/media\/126597"}],"wp:attachment":[{"href":"https:\/\/www.tatanka.nl\/pl\/wp-json\/wp\/v2\/media?parent=8650"}],"wp:term":[{"taxonomy":"product_brand","embeddable":true,"href":"https:\/\/www.tatanka.nl\/pl\/wp-json\/wp\/v2\/product_brand?post=8650"},{"taxonomy":"product_cat","embeddable":true,"href":"https:\/\/www.tatanka.nl\/pl\/wp-json\/wp\/v2\/product_cat?post=8650"},{"taxonomy":"product_tag","embeddable":true,"href":"https:\/\/www.tatanka.nl\/pl\/wp-json\/wp\/v2\/product_tag?post=8650"}],"curies":[{"name":"wp","href":"https:\/\/api.w.org\/{rel}","templated":true}]}}