{"id":8690,"date":"2018-01-08T19:28:37","date_gmt":"2018-01-08T19:28:37","guid":{"rendered":"http:\/\/www.tatanka.nl\/?post_type=product&#038;p=8690"},"modified":"2025-08-29T09:23:24","modified_gmt":"2025-08-29T08:23:24","slug":"smoking-brown","status":"publish","type":"product","link":"https:\/\/www.tatanka.nl\/pl\/smoking-brown\/","title":{"rendered":"Smoking Br\u0105zowy, bardzo cienki"},"content":{"rendered":"<h2 dir=\"ltr\" data-pm-slice=\"1 1 []\">Czym jest br\u0105zowy papier do rolowania Smoking?<\/h2>\n<p dir=\"ltr\">Smoking Brown Rolling Paper to najwy\u017cszej jako\u015bci, ekologiczny produkt przeznaczony dla palaczy poszukuj\u0105cych naturalnych i aromatycznych dozna\u0144. Wykonane z niebielonego papieru niezawieraj\u0105cego chloru, te ultracienkie bibu\u0142ki wa\u017c\u0105 zaledwie 13 g\/m\u00b2, zapewniaj\u0105c powolne spalanie, kt\u00f3re poprawia smak bez dodawania aromat\u00f3w. Ka\u017cde opakowanie zawiera 33 cienkie bibu\u0142ki w rozmiarze kingsize, a pude\u0142ko zawiera 50 opakowa\u0144, zapewniaj\u0105c d\u0142ugotrwa\u0142y zapas. Pasek z naturalnej gumy gwarantuje bezpieczne uszczelnienie, dzi\u0119ki czemu zwijanie jest \u0142atwe zar\u00f3wno dla pocz\u0105tkuj\u0105cych, jak i ekspert\u00f3w. Bletki Smoking Brown Rolling Paper, posiadaj\u0105ce certyfikat FSC\u00ae, odzwierciedlaj\u0105 zaanga\u017cowanie w zr\u00f3wnowa\u017cone pozyskiwanie surowc\u00f3w i s\u0105 atrakcyjne dla u\u017cytkownik\u00f3w dbaj\u0105cych o \u015brodowisko. Papierowy pasek w ka\u017cdym opakowaniu s\u0142u\u017cy jako wska\u017anik niskiego poziomu zapas\u00f3w, zwi\u0119kszaj\u0105c wygod\u0119. Zaprojektowane z my\u015bl\u0105 o zachowaniu autentycznego smaku materia\u0142\u00f3w do palenia, bibu\u0142ki te s\u0105 wolne od chemikali\u00f3w, oferuj\u0105c czyste i czyste doznania. Ich smuk\u0142a konstrukcja i lekka konstrukcja sprawiaj\u0105, \u017ce s\u0105 \u0142atwe w obs\u0142udze, zaspokajaj\u0105c potrzeby tych, kt\u00f3rzy stawiaj\u0105 na jako\u015b\u0107 i zr\u00f3wnowa\u017cony rozw\u00f3j. Smoking Brown Rolling Paper \u0142\u0105czy w sobie funkcjonalno\u015b\u0107 z ekologiczn\u0105 produkcj\u0105, dzi\u0119ki czemu jest najlepszym wyborem dla wyrafinowanych, naturalnych dozna\u0144 podczas zwijania.<\/p>\n<h2 dir=\"ltr\">Historia br\u0105zowego papieru do rolowania Smoking<\/h2>\n<p dir=\"ltr\">Smoking Brown Rolling Paper zosta\u0142 wprowadzony w ramach rosn\u0105cego trendu w kierunku naturalnych i zr\u00f3wnowa\u017conych akcesori\u00f3w do palenia. W ostatnich latach zapotrzebowanie konsument\u00f3w na produkty przyjazne dla \u015brodowiska i wolne od chemikali\u00f3w sk\u0142oni\u0142o do opracowania niebielonych bibu\u0142ek. W odpowiedzi marka Smoking stworzy\u0142a bibu\u0142ki Smoking Brown Rolling Paper, wykonane z niezawieraj\u0105cego chloru, niebielonego papieru, aby spe\u0142ni\u0107 wsp\u00f3\u0142czesne preferencje dotycz\u0105ce palenia. W przeciwie\u0144stwie do tradycyjnych bibu\u0142ek bielonych, bibu\u0142ki te unikaj\u0105 obr\u00f3bki chemicznej, zachowuj\u0105c naturalny smak materia\u0142\u00f3w do palenia. Wprowadzony na rynek jako nowszy dodatek do rodziny bibu\u0142ek Smoking, produkt ten szybko zyska\u0142 popularno\u015b\u0107 ze wzgl\u0119du na swoj\u0105 ultracienk\u0105 konstrukcj\u0119 i powolne spalanie. Certyfikat FSC\u00ae dodatkowo wzmocni\u0142 jego atrakcyjno\u015b\u0107, zapewniaj\u0105c odpowiedzialne pozyskiwanie i odpowiedzialno\u015b\u0107 za \u015brodowisko. Z biegiem czasu wprowadzono takie funkcje, jak pasek z naturalnej gumy i wska\u017anik niskiego zu\u017cycia, aby zwi\u0119kszy\u0107 wygod\u0119 i komfort u\u017cytkowania. Wzrost \u015bwiadomo\u015bci zdrowotnej i ekologicznej palaczy przyczyni\u0142 si\u0119 do sukcesu bibu\u0142ki Smoking Brown Rolling Paper, czyni\u0105c j\u0105 podstaw\u0105 na rynku. Skupienie si\u0119 na czysto\u015bci i zr\u00f3wnowa\u017conym rozwoju odzwierciedla szersze zmiany w warto\u015bciach konsumenckich, pozycjonuj\u0105c go jako zaufany wyb\u00f3r dla os\u00f3b poszukuj\u0105cych naturalnego, wysokiej jako\u015bci rozwi\u0105zania do zwijania.<\/p>\n<h2 dir=\"ltr\">Jak u\u017cywa\u0107 br\u0105zowego papieru do rolowania Smoking<\/h2>\n<p dir=\"ltr\">Korzystanie z bibu\u0142ek Smoking Brown Rolling Paper jest proste i idealne do bezproblemowego zwijania tytoniu. Wybierz jedn\u0105 z 33 ultracienkich bibu\u0142ek z paczki, zwracaj\u0105c uwag\u0119 na jej smuk\u0142e wymiary, kt\u00f3re zapewniaj\u0105 wygodn\u0105 powierzchni\u0119 do zwijania. Umie\u015b\u0107 materia\u0142 do palenia r\u00f3wnomiernie wzd\u0142u\u017c \u015brodka bibu\u0142ki, pozostawiaj\u0105c miejsce na ko\u0144cach, aby unikn\u0105\u0107 rozsypania. Delikatnie zwi\u0144 bibu\u0142k\u0119 mi\u0119dzy palcami, aby nada\u0107 jej kszta\u0142t, a nast\u0119pnie wsu\u0144 jedn\u0105 kraw\u0119d\u017a pod drug\u0105, aby uformowa\u0107 cylinder. Poli\u017c pasek naturalnej gumy wzd\u0142u\u017c kraw\u0119dzi i doci\u015bnij go, aby bezpiecznie zamkn\u0105\u0107 rolk\u0119. Niebielony, niezawieraj\u0105cy chloru papier zapewnia powolne, r\u00f3wnomierne spalanie, zachowuj\u0105c naturalny smak materia\u0142u. Papier nale\u017cy przechowywa\u0107 w ch\u0142odnym i suchym miejscu, aby zachowa\u0107 jego jako\u015b\u0107. Znajduj\u0105cy si\u0119 w ka\u017cdym opakowaniu wska\u017anik niskiego poziomu zapas\u00f3w ostrzega o ich wyczerpaniu, zapewniaj\u0105c gotowo\u015b\u0107 do dzia\u0142ania. Bardzo cienka konstrukcja bletek Smoking Brown Rolling Paper upraszcza ich zwijanie, dzi\u0119ki czemu s\u0105 one dost\u0119pne dla wszystkich u\u017cytkownik\u00f3w. Z bletkami nale\u017cy obchodzi\u0107 si\u0119 ostro\u017cnie, aby unikn\u0105\u0107 rozdarcia i zapewni\u0107 sp\u00f3jn\u0105, przyjemn\u0105 sesj\u0119. Ten produkt zosta\u0142 zaprojektowany z my\u015bl\u0105 o zapewnieniu czystego, aromatycznego palenia przy minimalnym wysi\u0142ku.<\/p>\n<h2 dir=\"ltr\">Sk\u0142adniki br\u0105zowego papieru do rolowania Smoking<\/h2>\n<p dir=\"ltr\">Bletka Smoking Brown Rolling Paper jest wykonana z niebielonego papieru niezawieraj\u0105cego chloru, co zapewnia naturalne i czyste doznania podczas palenia. Wa\u017c\u0105cy zaledwie 13 g\/m\u00b2, ultracienki papier oferuje lekk\u0105, ale trwa\u0142\u0105 struktur\u0119, idealn\u0105 do powolnego palenia i zachowania smaku. Papier posiada certyfikat FSC\u00ae, gwarantuj\u0105cy zr\u00f3wnowa\u017cone pozyskiwanie i minimalny wp\u0142yw na \u015brodowisko. Naturalny pasek gumy, pochodz\u0105cy ze \u017ar\u00f3de\u0142 ro\u015blinnych, zapewnia niezawodne uszczelnienie bez syntetycznych klej\u00f3w. Niebielony sk\u0142ad eliminuje dodatki chemiczne, dzi\u0119ki czemu bibu\u0142ki Smoking Brown Rolling Paper s\u0105 preferowanym wyborem dla palaczy dbaj\u0105cych o zdrowie. Ka\u017cde opakowanie zawiera 33 cienkie bletki w rozmiarze kingsize, a pude\u0142ko zawiera 50 paczek, co zapewnia wystarczaj\u0105cy zapas. Brak chloru i innych substancji chemicznych sprawia, \u017ce bibu\u0142ki nie maj\u0105 niepo\u017c\u0105danego posmaku, pozwalaj\u0105c w pe\u0142ni wydoby\u0107 smak materia\u0142u do palenia. Materia\u0142y zosta\u0142y starannie wyselekcjonowane pod k\u0105tem sp\u00f3jno\u015bci i jako\u015bci, a ich w\u0142a\u015bciwe przechowywanie w ch\u0142odnym, suchym miejscu jest zalecane w celu utrzymania wydajno\u015bci. Bibu\u0142ki Smoking Brown Rolling Paper \u0142\u0105cz\u0105 w sobie zr\u00f3wnowa\u017cony rozw\u00f3j, funkcjonalno\u015b\u0107 i czysto\u015b\u0107, oferuj\u0105c u\u017cytkownikom przyjazne dla \u015brodowiska rozwi\u0105zanie do zwijania tytoniu. W\u0142a\u015bciwe obchodzenie si\u0119 z bibu\u0142kami zapewnia p\u0142ynne i przyjemne doznania, czyni\u0105c je niezawodnym wyborem do naturalnego palenia.<\/p>\n<p dir=\"ltr\"><strong>Ostrze\u017cenie<\/strong><br \/>\nSmoking Brown Rolling Paper jest przeznaczony do u\u017cytku wy\u0142\u0105cznie z legalnymi materia\u0142ami do palenia. Nale\u017cy zapewni\u0107 zgodno\u015b\u0107 z lokalnymi przepisami dotycz\u0105cymi produkt\u00f3w do palenia. Bibu\u0142ki nale\u017cy przechowywa\u0107 w ch\u0142odnym, suchym miejscu, aby zachowa\u0107 ich jako\u015b\u0107 i zapobiec uszkodzeniom. Przechowywa\u0107 w miejscu niedost\u0119pnym dla dzieci, aby unikn\u0105\u0107 niew\u0142a\u015bciwego u\u017cycia. Z bibu\u0142kami nale\u017cy obchodzi\u0107 si\u0119 ostro\u017cnie, aby unikn\u0105\u0107 ich rozdarcia, a zu\u017cyte bibu\u0142ki nale\u017cy utylizowa\u0107 w spos\u00f3b odpowiedzialny, aby zminimalizowa\u0107 negatywny wp\u0142yw na \u015brodowisko. Korzystanie z tego produktu nie wi\u0105\u017ce si\u0119 z \u017cadnymi prawami ani roszczeniami.<\/p>","protected":false},"excerpt":{"rendered":"<p dir=\"ltr\" data-pm-slice=\"1 1 []\">Smoking Brown Rolling Paper to ultracienkie, niebielone i niezawieraj\u0105ce chloru bibu\u0142ki zaprojektowane z my\u015bl\u0105 o czystym, aromatycznym paleniu. Ka\u017cde pude\u0142ko typu kingsize zawiera 50 paczek 33 wolno pal\u0105cych si\u0119 bibu\u0142ek, certyfikowanych przez FSC\u00ae pod k\u0105tem zr\u00f3wnowa\u017conego rozwoju i wykonanych z naturalnej gumy zapewniaj\u0105cej niezawodne przywieranie.<\/p>\n<p><span style=\"color: #000000;\">\u00a0<\/span><\/p>","protected":false},"featured_media":13218,"template":"","meta":[],"product_brand":[],"product_cat":[492,297,488,572],"product_tag":[],"class_list":{"0":"post-8690","1":"product","2":"type-product","3":"status-publish","4":"has-post-thumbnail","6":"product_cat-rolling-papers","7":"product_cat-all-products","8":"product_cat-headshop","9":"product_cat-headshop-top-10","10":"product_shipping_class-creditcard-on","12":"first","13":"instock","14":"taxable","15":"shipping-taxable","16":"purchasable","17":"product-type-variable","18":"has-default-attributes"},"_links":{"self":[{"href":"https:\/\/www.tatanka.nl\/pl\/wp-json\/wp\/v2\/product\/8690","targetHints":{"allow":["GET"]}}],"collection":[{"href":"https:\/\/www.tatanka.nl\/pl\/wp-json\/wp\/v2\/product"}],"about":[{"href":"https:\/\/www.tatanka.nl\/pl\/wp-json\/wp\/v2\/types\/product"}],"wp:featuredmedia":[{"embeddable":true,"href":"https:\/\/www.tatanka.nl\/pl\/wp-json\/wp\/v2\/media\/13218"}],"wp:attachment":[{"href":"https:\/\/www.tatanka.nl\/pl\/wp-json\/wp\/v2\/media?parent=8690"}],"wp:term":[{"taxonomy":"product_brand","embeddable":true,"href":"https:\/\/www.tatanka.nl\/pl\/wp-json\/wp\/v2\/product_brand?post=8690"},{"taxonomy":"product_cat","embeddable":true,"href":"https:\/\/www.tatanka.nl\/pl\/wp-json\/wp\/v2\/product_cat?post=8690"},{"taxonomy":"product_tag","embeddable":true,"href":"https:\/\/www.tatanka.nl\/pl\/wp-json\/wp\/v2\/product_tag?post=8690"}],"curies":[{"name":"wp","href":"https:\/\/api.w.org\/{rel}","templated":true}]}}