{"id":8697,"date":"2018-01-09T11:53:35","date_gmt":"2018-01-09T11:53:35","guid":{"rendered":"http:\/\/www.tatanka.nl\/?post_type=product&#038;p=8697"},"modified":"2025-08-29T09:04:21","modified_gmt":"2025-08-29T08:04:21","slug":"smoking-gold","status":"publish","type":"product","link":"https:\/\/www.tatanka.nl\/pl\/smoking-gold\/","title":{"rendered":"Smoking Gold, Ultra Thin"},"content":{"rendered":"<h2 dir=\"ltr\" data-pm-slice=\"1 1 []\">Czym jest bibu\u0142ka Smoking Gold Rolling Paper?<\/h2>\n<p dir=\"ltr\">Smoking Gold Rolling Paper to najwy\u017cszej jako\u015bci, ekologiczny wyb\u00f3r dla entuzjast\u00f3w zwijania, wykonany z czystego papieru ry\u017cowego dla czystego i g\u0142adkiego palenia. Te smuk\u0142e, ultralekkie bibu\u0142ki o wymiarach 108 mm x 44 mm wa\u017c\u0105 zaledwie 13 g\/m\u00b2, zapewniaj\u0105c \u0142atwo\u015b\u0107 u\u017cytkowania i powolne spalanie. Ka\u017cde opakowanie zawiera 33 bibu\u0142ki, a pude\u0142ko typu kingsize zawiera 50 paczek, co zapewnia wystarczaj\u0105cy zapas. Pasek z naturalnej gumy zapewnia bezpieczne zamkni\u0119cie ka\u017cdej rolki, a znak wodny potwierdza autentyczno\u015b\u0107. Papierowy odcinek w ka\u017cdym opakowaniu ostrzega u\u017cytkownik\u00f3w o niskim poziomie zapas\u00f3w, zwi\u0119kszaj\u0105c wygod\u0119. Papier Smoking Gold Rolling Paper, posiadaj\u0105cy certyfikat FSC\u00ae, odzwierciedla zaanga\u017cowanie w zr\u00f3wnowa\u017cony rozw\u00f3j, przemawiaj\u0105c do \u015bwiadomych ekologicznie konsument\u00f3w. Lekka konstrukcja i sk\u0142ad niezawieraj\u0105cy substancji chemicznych sprawiaj\u0105, \u017ce bibu\u0142ki te s\u0105 idealne dla os\u00f3b poszukuj\u0105cych naturalnej alternatywy. Zaprojektowane z my\u015bl\u0105 o \u0142atwo\u015bci zwijania, przeznaczone s\u0105 zar\u00f3wno dla pocz\u0105tkuj\u0105cych, jak i do\u015bwiadczonych u\u017cytkownik\u00f3w. Bibu\u0142ki Smoking Gold Rolling Paper \u0142\u0105cz\u0105 w sobie jako\u015b\u0107, funkcjonalno\u015b\u0107 i ekologiczne materia\u0142y, dzi\u0119ki czemu stanowi\u0105 godn\u0105 zaufania opcj\u0119 zapewniaj\u0105c\u0105 wyrafinowane doznania podczas palenia. Odpowiednie przechowywanie w ch\u0142odnym i suchym miejscu gwarantuje, \u017ce bletki zachowaj\u0105 swoj\u0105 jako\u015b\u0107, zapewniaj\u0105c sta\u0142\u0105 wydajno\u015b\u0107.<\/p>\n<h2 dir=\"ltr\">Historia bibu\u0142ki Smoking Gold Rolling Paper<\/h2>\n<p dir=\"ltr\">Rozw\u00f3j bletki Smoking Gold Rolling Paper ma swoje korzenie w rosn\u0105cym zapotrzebowaniu na zr\u00f3wnowa\u017cone i wysokiej jako\u015bci bletki pod koniec XX wieku. Wraz ze wzrostem \u015bwiadomo\u015bci ekologicznej, papier ry\u017cowy sta\u0142 si\u0119 popularn\u0105 alternatyw\u0105 dla tradycyjnych papier\u00f3w z celulozy drzewnej ze wzgl\u0119du na jego lekko\u015b\u0107 i przyjazne dla \u015brodowiska w\u0142a\u015bciwo\u015bci. W odpowiedzi na to zapotrzebowanie wprowadzono papier Smoking Gold Rolling Paper, oferuj\u0105cy ultralekki papier ry\u017cowy z certyfikatem FSC\u00ae, kt\u00f3ry stawia na zr\u00f3wnowa\u017cony rozw\u00f3j i wydajno\u015b\u0107. Marka skupi\u0142a si\u0119 na naturalnych materia\u0142ach, wykorzystuj\u0105c czysty papier ry\u017cowy i naturaln\u0105 gum\u0119, aby stworzy\u0107 produkt wolny od chemikali\u00f3w, kt\u00f3ry rezonowa\u0142 z konsumentami dbaj\u0105cymi o zdrowie. Smuk\u0142y, kr\u00f3lewski format zyska\u0142 na popularno\u015bci dzi\u0119ki \u0142atwo\u015bci u\u017cytkowania i powolnemu spalaniu, przemawiaj\u0105c do szerokiego grona odbiorc\u00f3w. Z czasem dodano takie funkcje, jak papier ze znakiem wodnym i wska\u017anik niskiego poziomu zapas\u00f3w, aby zwi\u0119kszy\u0107 autentyczno\u015b\u0107 i wygod\u0119 u\u017cytkownika. Smoking Gold Rolling Paper sta\u0142 si\u0119 podstaw\u0105 na rynku, odzwierciedlaj\u0105c post\u0119py w produkcji przyjaznej dla \u015brodowiska i preferencje konsument\u00f3w dotycz\u0105ce naturalnych akcesori\u00f3w do palenia. Jego zaanga\u017cowanie w zr\u00f3wnowa\u017cony rozw\u00f3j i jako\u015b\u0107 ugruntowa\u0142o jego reputacj\u0119 jako niezawodnego wyboru dla tych, kt\u00f3rzy szukaj\u0105 bardziej ekologicznych i wyrafinowanych wra\u017ce\u0144 z palenia.<\/p>\n<h2 dir=\"ltr\">Jak u\u017cywa\u0107 bibu\u0142ki Smoking Gold Rolling Paper<\/h2>\n<p dir=\"ltr\">Korzystanie z bletek Smoking Gold Rolling Paper jest proste i idealne zar\u00f3wno dla pocz\u0105tkuj\u0105cych, jak i do\u015bwiadczonych u\u017cytkownik\u00f3w. Wybierz jedn\u0105 z 33 cienkich bibu\u0142ek z opakowania, zwracaj\u0105c uwag\u0119 na jej wymiary 108 mm x 44 mm, kt\u00f3re zapewniaj\u0105 wygodn\u0105 powierzchni\u0119 do zwijania. Umie\u015b\u0107 materia\u0142 do palenia r\u00f3wnomiernie wzd\u0142u\u017c \u015brodka bibu\u0142ki, pozostawiaj\u0105c miejsce na ko\u0144cach, aby zapobiec rozsypaniu. Delikatnie zwi\u0144 bibu\u0142k\u0119 mi\u0119dzy palcami, aby nada\u0107 jej kszta\u0142t, a nast\u0119pnie wsu\u0144 jedn\u0105 kraw\u0119d\u017a pod drug\u0105, aby uformowa\u0107 cylinder. Poli\u017c pasek naturalnej gumy wzd\u0142u\u017c kraw\u0119dzi i doci\u015bnij go, aby bezpiecznie zamkn\u0105\u0107 rolk\u0119. Niezwykle lekki papier ry\u017cowy zapewnia powolne, r\u00f3wnomierne spalanie, zapewniaj\u0105c p\u0142ynne palenie. Bibu\u0142ki nale\u017cy przechowywa\u0107 w ch\u0142odnym i suchym miejscu, aby zachowa\u0107 ich jako\u015b\u0107. Znajduj\u0105cy si\u0119 w ka\u017cdym opakowaniu wska\u017anik niskiego poziomu zapas\u00f3w powiadomi Ci\u0119, gdy ich poziom b\u0119dzie niski, zapewniaj\u0105c, \u017ce jeste\u015b przygotowany. Smuk\u0142a konstrukcja bletek Smoking Gold Rolling Paper upraszcza ich zwijanie, dzi\u0119ki czemu s\u0105 one dost\u0119pne dla wszystkich u\u017cytkownik\u00f3w. Z bletkami nale\u017cy obchodzi\u0107 si\u0119 ostro\u017cnie, aby unikn\u0105\u0107 rozdarcia i zapewni\u0107 sp\u00f3jn\u0105, przyjemn\u0105 sesj\u0119. Ten produkt zosta\u0142 zaprojektowany z my\u015bl\u0105 o zwi\u0119kszeniu przyjemno\u015bci z palenia przy minimalnym wysi\u0142ku i maksymalnej jako\u015bci.<\/p>\n<h2 dir=\"ltr\">Sk\u0142adniki bibu\u0142ki Smoking Gold Rolling Paper<\/h2>\n<p dir=\"ltr\">Bibu\u0142ki Smoking Gold Rolling Paper wykonane s\u0105 z czystego papieru ry\u017cowego 100%, ekologicznego materia\u0142u znanego ze swojej lekko\u015bci i zr\u00f3wnowa\u017conych w\u0142a\u015bciwo\u015bci. Ka\u017cdy papier wa\u017cy 13 g\/m\u00b2, oferuj\u0105c ultralekk\u0105 struktur\u0119, kt\u00f3ra u\u0142atwia zwijanie i powolne spalanie. Papier posiada certyfikat FSC\u00ae, co zapewnia odpowiedzialne pozyskiwanie i minimalny wp\u0142yw na \u015brodowisko. Naturalny pasek gumy, pochodz\u0105cy ze \u017ar\u00f3de\u0142 ro\u015blinnych, zapewnia niezawodne uszczelnienie bez syntetycznych klej\u00f3w. Znak wodny na ka\u017cdym li\u015bciu potwierdza autentyczno\u015b\u0107 i jako\u015b\u0107. Wolne od chemikali\u00f3w bletki Smoking Gold Rolling Paper zapewniaj\u0105 czyste wra\u017cenia z palenia, atrakcyjne dla u\u017cytkownik\u00f3w dbaj\u0105cych o zdrowie. Ka\u017cde opakowanie zawiera 33 cienkie bletki, a pude\u0142ko typu kingsize zawiera 50 paczek, zapewniaj\u0105c d\u0142ugotrwa\u0142e u\u017cytkowanie. Materia\u0142y zosta\u0142y starannie wyselekcjonowane, aby zachowa\u0107 sp\u00f3jno\u015b\u0107 i wydajno\u015b\u0107, a w celu zachowania integralno\u015bci zaleca si\u0119 odpowiednie przechowywanie w ch\u0142odnym, suchym miejscu. Brak dodatk\u00f3w sprawia, \u017ce bletki te s\u0105 preferowanym wyborem dla os\u00f3b stawiaj\u0105cych na produkty naturalne. Sk\u0142ad bletek Smoking Gold Rolling Paper r\u00f3wnowa\u017cy trwa\u0142o\u015b\u0107 i prostot\u0119, zapewniaj\u0105c u\u017cytkownikom wysokiej jako\u015bci, przyjazne dla \u015brodowiska rozwi\u0105zanie do zwijania. W\u0142a\u015bciwa obs\u0142uga zapewnia optymalne dzia\u0142anie bibu\u0142ek, zapewniaj\u0105c p\u0142ynne i przyjemne wra\u017cenia z palenia.<\/p>\n<p dir=\"ltr\"><strong>Ostrze\u017cenie<\/strong><br \/>\nBletka Smoking Gold Rolling Paper jest przeznaczona wy\u0142\u0105cznie do u\u017cytku z legalnymi materia\u0142ami do palenia. Nale\u017cy zapewni\u0107 zgodno\u015b\u0107 z lokalnymi przepisami dotycz\u0105cymi produkt\u00f3w do palenia. Bibu\u0142ki nale\u017cy przechowywa\u0107 w ch\u0142odnym i suchym miejscu, aby zachowa\u0107 ich jako\u015b\u0107 i zapobiec uszkodzeniom. Przechowywa\u0107 w miejscu niedost\u0119pnym dla dzieci, aby unikn\u0105\u0107 niew\u0142a\u015bciwego u\u017cycia. Z bibu\u0142kami nale\u017cy obchodzi\u0107 si\u0119 ostro\u017cnie, aby unikn\u0105\u0107 ich rozdarcia, a zu\u017cyte bibu\u0142ki nale\u017cy utylizowa\u0107 w spos\u00f3b odpowiedzialny, aby zminimalizowa\u0107 negatywny wp\u0142yw na \u015brodowisko. Korzystanie z tego produktu nie wi\u0105\u017ce si\u0119 z \u017cadnymi prawami ani roszczeniami.<\/p>","protected":false},"excerpt":{"rendered":"<p dir=\"ltr\" data-pm-slice=\"1 1 []\">Smoking Gold Rolling Paper oferuje ultralekkie, przyjazne dla \u015brodowiska bletki z certyfikowanym przez FSC\u00ae czystym papierem ry\u017cowym i naturaln\u0105 gum\u0105 zapewniaj\u0105c\u0105 niezawodn\u0105 przyczepno\u015b\u0107. Ka\u017cde pude\u0142ko typu kingsize zawiera 50 paczek po 33 cienkie bletki, zaprojektowane z my\u015bl\u0105 o p\u0142ynnym, powolnym spalaniu.<\/p>\n<p><span style=\"color: #000000;\">\u00a0<\/span><\/p>","protected":false},"featured_media":13227,"template":"","meta":[],"product_brand":[],"product_cat":[492,297,488],"product_tag":[],"class_list":{"0":"post-8697","1":"product","2":"type-product","3":"status-publish","4":"has-post-thumbnail","6":"product_cat-rolling-papers","7":"product_cat-all-products","8":"product_cat-headshop","9":"product_shipping_class-creditcard-on","11":"first","12":"instock","13":"taxable","14":"shipping-taxable","15":"purchasable","16":"product-type-variable","17":"has-default-attributes"},"_links":{"self":[{"href":"https:\/\/www.tatanka.nl\/pl\/wp-json\/wp\/v2\/product\/8697","targetHints":{"allow":["GET"]}}],"collection":[{"href":"https:\/\/www.tatanka.nl\/pl\/wp-json\/wp\/v2\/product"}],"about":[{"href":"https:\/\/www.tatanka.nl\/pl\/wp-json\/wp\/v2\/types\/product"}],"wp:featuredmedia":[{"embeddable":true,"href":"https:\/\/www.tatanka.nl\/pl\/wp-json\/wp\/v2\/media\/13227"}],"wp:attachment":[{"href":"https:\/\/www.tatanka.nl\/pl\/wp-json\/wp\/v2\/media?parent=8697"}],"wp:term":[{"taxonomy":"product_brand","embeddable":true,"href":"https:\/\/www.tatanka.nl\/pl\/wp-json\/wp\/v2\/product_brand?post=8697"},{"taxonomy":"product_cat","embeddable":true,"href":"https:\/\/www.tatanka.nl\/pl\/wp-json\/wp\/v2\/product_cat?post=8697"},{"taxonomy":"product_tag","embeddable":true,"href":"https:\/\/www.tatanka.nl\/pl\/wp-json\/wp\/v2\/product_tag?post=8697"}],"curies":[{"name":"wp","href":"https:\/\/api.w.org\/{rel}","templated":true}]}}