{"id":8780,"date":"2018-01-10T15:35:51","date_gmt":"2018-01-10T15:35:51","guid":{"rendered":"http:\/\/www.tatanka.nl\/?post_type=product&#038;p=8780"},"modified":"2025-08-29T08:56:23","modified_gmt":"2025-08-29T07:56:23","slug":"bath-salts-test","status":"publish","type":"product","link":"https:\/\/www.tatanka.nl\/pl\/bath-salts-test\/","title":{"rendered":"Sole do k\u0105pieli EZ-Test - jedno opakowanie"},"content":{"rendered":"<h2 dir=\"ltr\" data-pm-slice=\"1 1 []\">Czym jest s\u00f3l do k\u0105pieli EZ-Test?<\/h2>\n<p dir=\"ltr\">Bath Salts EZ-Test to kompaktowy, jednorazowy zestaw testowy stworzony do wykrywania okre\u015blonych syntetycznych katynon\u00f3w, w tym mefedronu, metylonu i MDPV, cz\u0119sto ukrytych pod nazwami takimi jak sole do k\u0105pieli, pokarm ro\u015blinny lub odorizer. Substancje te, sprzedawane jako \"chemikalia badawcze\", stanowi\u0105 powa\u017cne zagro\u017cenie ze wzgl\u0119du na ich nieuregulowany charakter i niepewny sk\u0142ad. Bath Salts EZ-Test oferuje szybki i przyst\u0119pny spos\u00f3b identyfikacji tych zwi\u0105zk\u00f3w, umo\u017cliwiaj\u0105c u\u017cytkownikom dokonywanie bezpieczniejszych wybor\u00f3w. Ka\u017cdy zestaw zawiera jeden tester, idealny do pojedynczej weryfikacji. Test daje wyniki w ci\u0105gu kilku minut dzi\u0119ki reakcji opartej na kolorze, nie wymagaj\u0105c zaawansowanych umiej\u0119tno\u015bci. Chocia\u017c nie zast\u0119puje profesjonalnej analizy laboratoryjnej, Bath Salts EZ-Test s\u0142u\u017cy jako istotne narz\u0119dzie redukcji szk\u00f3d, pomagaj\u0105c u\u017cytkownikom unika\u0107 potencjalnie niebezpiecznych substancji. Jego przeno\u015bna konstrukcja i jasne instrukcje sprawiaj\u0105, \u017ce jest przyjazny dla u\u017cytkownika do u\u017cytku osobistego. Prawid\u0142owa utylizacja badanej pr\u00f3bki i ampu\u0142ki jest niezb\u0119dna dla zapewnienia bezpiecze\u0144stwa. Zestaw zapewnia wst\u0119pne wskazanie zawarto\u015bci pr\u00f3bki, oferuj\u0105c spok\u00f3j ducha w sytuacjach, w kt\u00f3rych weryfikacja to\u017csamo\u015bci substancji ma kluczowe znaczenie dla bezpiecze\u0144stwa.<\/p>\n<h2 dir=\"ltr\">Historia soli do k\u0105pieli EZ-Test<\/h2>\n<p dir=\"ltr\">Bath Salts EZ-Test zosta\u0142 opracowany w odpowiedzi na gwa\u0142towny wzrost sprzeda\u017cy syntetycznych katynon\u00f3w w 2000 roku, kiedy to substancje takie jak mefedron i MDPV zacz\u0119\u0142y pojawia\u0107 si\u0119 pod zwodniczymi etykietami, takimi jak Bath Salts lub Plant Food. Te \"chemikalia badawcze\" by\u0142y sprzedawane na nieuregulowanych rynkach, cz\u0119sto online, z niewielk\u0105 ilo\u015bci\u0105 informacji na temat ich zawarto\u015bci, co prowadzi\u0142o do znacznego zagro\u017cenia dla zdrowia. Zapotrzebowanie na dost\u0119pne rozwi\u0105zania testowe wzros\u0142o, gdy u\u017cytkownicy stan\u0119li w obliczu niebezpiecze\u0144stw zwi\u0105zanych ze spo\u017cywaniem niezweryfikowanych substancji. Bath Salts EZ-Test zosta\u0142 wprowadzony jako przyjazne dla u\u017cytkownika narz\u0119dzie do identyfikacji kluczowych syntetycznych katynon\u00f3w, pomagaj\u0105c u\u017cytkownikom unikn\u0105\u0107 szkodliwych podr\u00f3bek. Pocz\u0105tkowo testowanie substancji by\u0142o ograniczone do profesjonalnych laboratori\u00f3w, ale rozw\u00f3j nielegalnych rynk\u00f3w zwi\u0119kszy\u0142 popyt na zestawy do testowania w domu. Z biegiem czasu Bath Salts EZ-Test zosta\u0142 udoskonalony, aby poprawi\u0107 jego dok\u0142adno\u015b\u0107 i \u0142atwo\u015b\u0107 u\u017cytkowania, wykorzystuj\u0105c post\u0119py w technologii wykrywania substancji chemicznych. Jego rozw\u00f3j odzwierciedla szerszy ruch w kierunku redukcji szk\u00f3d, zapewniaj\u0105c osobom praktyczny spos\u00f3b weryfikacji substancji. Chocia\u017c nie jest to ostateczny test, zestaw sta\u0142 si\u0119 zaufanym narz\u0119dziem do promowania bezpieczniejszego podejmowania decyzji na nieuregulowanym rynku, odpowiadaj\u0105c na wyzwania zwi\u0105zane z b\u0142\u0119dnie oznaczonymi narkotykami.<\/p>\n<h2 dir=\"ltr\">Jak u\u017cywa\u0107 soli do k\u0105pieli EZ-Test<\/h2>\n<p dir=\"ltr\">Korzystanie z soli do k\u0105pieli EZ-Test jest proste i zapewnia szybkie rezultaty bez konieczno\u015bci posiadania specjalistycznej wiedzy. Rozpocznij od uwa\u017cnego przeczytania instrukcji do\u0142\u0105czonej do zestawu, aby zapewni\u0107 prawid\u0142owe u\u017cytkowanie. Pobierz niewielk\u0105 pr\u00f3bk\u0119 substancji, kt\u00f3r\u0105 chcesz przetestowa\u0107 i umie\u015b\u0107 j\u0105 w dostarczonej ampu\u0142ce testowej. Dodaj odczynnik zgodnie z instrukcj\u0105, a nast\u0119pnie delikatnie wstrz\u0105\u015bnij ampu\u0142k\u0105, aby dok\u0142adnie wymiesza\u0107 zawarto\u015b\u0107. W ci\u0105gu kilku minut zmiana koloru wska\u017ce na obecno\u015b\u0107 mefedronu, metylonu lub MDPV, kt\u00f3re mo\u017cna por\u00f3wna\u0107 z tabel\u0105 kolor\u00f3w zestawu w celu identyfikacji. Brak reakcji mo\u017ce sugerowa\u0107 brak tych konkretnych substancji, ale nie potwierdza bezpiecze\u0144stwa pr\u00f3bki. Po zako\u0144czeniu testu nale\u017cy bezpiecznie pozby\u0107 si\u0119 ampu\u0142ki i pr\u00f3bki, aby zapobiec zanieczyszczeniu lub przypadkowemu nara\u017ceniu. Proces jest szybki, dzi\u0119ki czemu nadaje si\u0119 do u\u017cytku osobistego w r\u00f3\u017cnych warunkach. Chocia\u017c Bath Salts EZ-Test zapewnia przydatne wskazanie, nie jest to kompleksowa analiza, dlatego w celu uzyskania szczeg\u00f3\u0142owych wynik\u00f3w zaleca si\u0119 profesjonalne testy laboratoryjne. Z substancjami nale\u017cy zawsze obchodzi\u0107 si\u0119 ostro\u017cnie, unikaj\u0105c bezpo\u015bredniego kontaktu i przestrzega\u0107 lokalnych przepis\u00f3w dotycz\u0105cych utylizacji, aby zapewni\u0107 bezpiecze\u0144stwo i odpowiedzialno\u015b\u0107 za \u015brodowisko. Prostota zestawu sprawia, \u017ce jest on przyst\u0119pnym narz\u0119dziem do weryfikacji zawarto\u015bci substancji.<\/p>\n<p dir=\"ltr\"><img loading=\"lazy\" decoding=\"async\" class=\"alignnone size-full wp-image-14594\" src=\"https:\/\/www.tatanka.nl\/wp-content\/uploads\/2018\/02\/Instructions-Drugtests.jpg\" alt=\"- Tatanka.nl\" width=\"710\" height=\"198\" title=\"- Tatanka.nl\" srcset=\"https:\/\/www.tatanka.nl\/wp-content\/uploads\/2018\/02\/Instructions-Drugtests.jpg 710w, https:\/\/www.tatanka.nl\/wp-content\/uploads\/2018\/02\/Instructions-Drugtests-420x117.jpg 420w, https:\/\/www.tatanka.nl\/wp-content\/uploads\/2018\/02\/Instructions-Drugtests-64x18.jpg 64w, https:\/\/www.tatanka.nl\/wp-content\/uploads\/2018\/02\/Instructions-Drugtests-600x167.jpg 600w\" sizes=\"auto, (max-width: 710px) 100vw, 710px\" \/><\/p>\n<h2 dir=\"ltr\">Sk\u0142adniki soli do k\u0105pieli EZ-Test<\/h2>\n<p dir=\"ltr\">Bath Salts EZ-Test zawiera specjalistyczny odczynnik opracowany w celu wykrywania syntetycznych katynon\u00f3w, takich jak mefedron, metylon i MDPV. Ka\u017cdy zestaw jednorazowego u\u017cytku zawiera jedn\u0105 ampu\u0142k\u0119 testow\u0105 wype\u0142nion\u0105 precyzyjn\u0105 ilo\u015bci\u0105 odczynnika chemicznego zaprojektowanego tak, aby reagowa\u0142 specjalnie z tymi substancjami. Dok\u0142adny sk\u0142ad odczynnika jest zastrze\u017cony, ale bezpieczny, gdy jest u\u017cywany zgodnie z instrukcj\u0105. Ampu\u0142ka jest wykonana z wytrzyma\u0142ego, szczelnego szk\u0142a, aby zapobiec wyciekom i zapewni\u0107 skuteczno\u015b\u0107 odczynnika. W zestawie znajduje si\u0119 tabela kolor\u00f3w, kt\u00f3ra pomaga u\u017cytkownikom \u0142atwo interpretowa\u0107 wyniki, zwi\u0119kszaj\u0105c dost\u0119pno\u015b\u0107 zestawu. Bath Salts EZ-Test to samodzielny system, niewymagaj\u0105cy dodatkowych narz\u0119dzi ani chemikali\u00f3w, co czyni go bardzo wygodnym do u\u017cytku osobistego. Odczynnik jest stabilny, gdy jest przechowywany w ch\u0142odnym, suchym miejscu, zapewniaj\u0105c niezawodno\u015b\u0107 testu. Konstrukcja zestawu stawia na pierwszym miejscu bezpiecze\u0144stwo u\u017cytkownika i prostot\u0119, umo\u017cliwiaj\u0105c wykonywanie test\u00f3w bez nara\u017cania si\u0119 na kontakt z niebezpiecznymi materia\u0142ami. Chocia\u017c test jest specyficzny dla niekt\u00f3rych syntetycznych katynon\u00f3w, ma ograniczenia, a u\u017cytkownicy powinni go uzupe\u0142ni\u0107 profesjonalnymi testami w celu przeprowadzenia kompleksowej analizy. W\u0142a\u015bciwe przechowywanie i obs\u0142uga s\u0105 niezb\u0119dne do utrzymania skuteczno\u015bci zestawu i zapewnienia dok\u0142adnych wynik\u00f3w identyfikacji potencjalnie niebezpiecznych substancji.<\/p>\n<p dir=\"ltr\"><strong>Ostrze\u017cenie<\/strong><br \/>\nBath Salts EZ-Test jest wst\u0119pnym narz\u0119dziem do wykrywania okre\u015blonych syntetycznych katynon\u00f3w i nie gwarantuje dok\u0142adno\u015bci 100%. Nie mo\u017ce on identyfikowa\u0107 innych substancji ani potwierdza\u0107 bezpiecze\u0144stwa pr\u00f3bki. U\u017cytkownicy powinni unika\u0107 spo\u017cywania niezweryfikowanych substancji, poniewa\u017c b\u0142\u0119dnie oznaczone narkotyki mog\u0105 stanowi\u0107 powa\u017cne zagro\u017cenie dla zdrowia. Testowane pr\u00f3bki i ampu\u0142ki nale\u017cy zawsze utylizowa\u0107 w bezpieczny spos\u00f3b, aby zapobiec przypadkowemu nara\u017ceniu lub szkodom dla \u015brodowiska. Aby uzyska\u0107 jednoznaczne wyniki, nale\u017cy zleci\u0107 badanie substancji w certyfikowanym laboratorium. Na podstawie u\u017cycia soli do k\u0105pieli EZ-Test nie mo\u017cna wysuwa\u0107 \u017cadnych praw ani roszcze\u0144.<\/p>","protected":false},"excerpt":{"rendered":"<p dir=\"ltr\" data-pm-slice=\"1 1 []\">Bath Salts EZ-Test to prosty, jednorazowy zestaw testowy przeznaczony do identyfikacji syntetycznych katynon\u00f3w, takich jak mefedron, metylon i MDPV, cz\u0119sto sprzedawanych pod nazw\u0105 Bath Salts, Plant Food lub Odorizer. Pomaga on u\u017cytkownikom zweryfikowa\u0107 substancje i zmniejszy\u0107 ryzyko zwi\u0105zane z nieznanymi chemikaliami.<\/p>\n<p><span style=\"color: #000000;\">\u00a0<\/span><\/p>","protected":false},"featured_media":13338,"template":"","meta":[],"product_brand":[],"product_cat":[543,297,488,476],"product_tag":[],"class_list":{"0":"post-8780","1":"product","2":"type-product","3":"status-publish","4":"has-post-thumbnail","6":"product_cat-drugtests","7":"product_cat-all-products","8":"product_cat-headshop","9":"product_cat-smartshop","10":"product_shipping_class-creditcard-on","12":"first","13":"instock","14":"taxable","15":"shipping-taxable","16":"purchasable","17":"product-type-variable","18":"has-default-attributes"},"_links":{"self":[{"href":"https:\/\/www.tatanka.nl\/pl\/wp-json\/wp\/v2\/product\/8780","targetHints":{"allow":["GET"]}}],"collection":[{"href":"https:\/\/www.tatanka.nl\/pl\/wp-json\/wp\/v2\/product"}],"about":[{"href":"https:\/\/www.tatanka.nl\/pl\/wp-json\/wp\/v2\/types\/product"}],"wp:featuredmedia":[{"embeddable":true,"href":"https:\/\/www.tatanka.nl\/pl\/wp-json\/wp\/v2\/media\/13338"}],"wp:attachment":[{"href":"https:\/\/www.tatanka.nl\/pl\/wp-json\/wp\/v2\/media?parent=8780"}],"wp:term":[{"taxonomy":"product_brand","embeddable":true,"href":"https:\/\/www.tatanka.nl\/pl\/wp-json\/wp\/v2\/product_brand?post=8780"},{"taxonomy":"product_cat","embeddable":true,"href":"https:\/\/www.tatanka.nl\/pl\/wp-json\/wp\/v2\/product_cat?post=8780"},{"taxonomy":"product_tag","embeddable":true,"href":"https:\/\/www.tatanka.nl\/pl\/wp-json\/wp\/v2\/product_tag?post=8780"}],"curies":[{"name":"wp","href":"https:\/\/api.w.org\/{rel}","templated":true}]}}