{"id":8782,"date":"2018-01-10T15:38:37","date_gmt":"2018-01-10T15:38:37","guid":{"rendered":"http:\/\/www.tatanka.nl\/?post_type=product&#038;p=8782"},"modified":"2025-08-29T08:49:17","modified_gmt":"2025-08-29T07:49:17","slug":"bath-salts-test-10-pack","status":"publish","type":"product","link":"https:\/\/www.tatanka.nl\/pl\/bath-salts-test-10-pack\/","title":{"rendered":"Sole do k\u0105pieli EZ-Test - opakowanie 10 sztuk"},"content":{"rendered":"<h2 dir=\"ltr\" data-pm-slice=\"1 1 []\">Czym jest s\u00f3l do k\u0105pieli EZ-Test?<\/h2>\n<p dir=\"ltr\">Bath Salts EZ-Test to przyjazny dla u\u017cytkownika zestaw opracowany do wykrywania okre\u015blonych syntetycznych katynon\u00f3w, takich jak mefedron, metylon i MDPV, powszechnie sprzedawanych pod zwodniczymi nazwami, takimi jak sole do k\u0105pieli, \u017cywno\u015b\u0107 ro\u015blinna lub odorizer. Substancje te, cz\u0119sto oznaczane jako \"chemikalia badawcze\", stanowi\u0105 powa\u017cne zagro\u017cenie ze wzgl\u0119du na ich nieznany sk\u0142ad i brak regulacji. Bath Salts EZ-Test zapewnia szybki i przyst\u0119pny spos\u00f3b identyfikacji tych zwi\u0105zk\u00f3w, oferuj\u0105c u\u017cytkownikom narz\u0119dzie do dokonywania bezpieczniejszych wybor\u00f3w. Ka\u017cdy zestaw zawiera 10 tester\u00f3w, co pozwala na przeprowadzenie wielu test\u00f3w w r\u00f3\u017cnych warunkach. Test zapewnia wyniki w ci\u0105gu kilku minut dzi\u0119ki reakcji opartej na kolorze, dzi\u0119ki czemu jest \u0142atwy w u\u017cyciu dla os\u00f3b bez wiedzy technicznej. Chocia\u017c nie zast\u0119puje profesjonalnej analizy laboratoryjnej, Bath Salts EZ-Test s\u0142u\u017cy jako krytyczne narz\u0119dzie do redukcji szk\u00f3d, pomagaj\u0105c u\u017cytkownikom unika\u0107 potencjalnie niebezpiecznych substancji. Jego przeno\u015bna konstrukcja zapewnia wygod\u0119, a jasne instrukcje prowadz\u0105 u\u017cytkownik\u00f3w przez ca\u0142y proces. Prawid\u0142owa utylizacja testowanych pr\u00f3bek i ampu\u0142ek jest niezb\u0119dna dla zapewnienia bezpiecze\u0144stwa. Zestaw umo\u017cliwia u\u017cytkownikom przej\u0119cie kontroli nad swoim bezpiecze\u0144stwem, zapewniaj\u0105c wst\u0119pne wskazanie zawarto\u015bci pr\u00f3bki.<\/p>\n<h2 dir=\"ltr\">Historia soli do k\u0105pieli EZ-Test<\/h2>\n<p dir=\"ltr\">Bath Salts EZ-Test pojawi\u0142 si\u0119 jako odpowied\u017a na wzrost popularno\u015bci syntetycznych katynon\u00f3w na pocz\u0105tku XXI wieku, kiedy to substancje takie jak mefedron i MDPV zacz\u0119\u0142y pojawia\u0107 si\u0119 pod myl\u0105cymi nazwami, takimi jak Bath Salts lub Plant Food. Te \"chemikalia badawcze\" zyska\u0142y popularno\u015b\u0107 na nieuregulowanych rynkach, cz\u0119sto sprzedawanych online lub w head shopach, przy niewielkim nadzorze nad ich sk\u0142adem. Doprowadzi\u0142o to do powszechnego zagro\u017cenia dla zdrowia, poniewa\u017c u\u017cytkownicy nie\u015bwiadomie spo\u017cywali niesprawdzone lub zafa\u0142szowane substancje. Zapotrzebowanie na dost\u0119pne rozwi\u0105zania testowe wzros\u0142o, co doprowadzi\u0142o do opracowania zestaw\u00f3w takich jak Bath Salts EZ-Test. Pocz\u0105tkowo testowanie substancji by\u0142o ograniczone do profesjonalnych laboratori\u00f3w, ale rosn\u0105ca dost\u0119pno\u015b\u0107 tych narkotyk\u00f3w dla spo\u0142ecze\u0144stwa spowodowa\u0142a zapotrzebowanie na narz\u0119dzia do testowania w domu. Bath Salts EZ-Test zosta\u0142 zaprojektowany do identyfikacji kluczowych syntetycznych katynon\u00f3w, pomagaj\u0105c u\u017cytkownikom odr\u00f3\u017cni\u0107 je od innych substancji. Z czasem zestaw zosta\u0142 udoskonalony w celu zwi\u0119kszenia dok\u0142adno\u015bci i u\u017cyteczno\u015bci, odzwierciedlaj\u0105c post\u0119py w wykrywaniu substancji chemicznych. Jego wprowadzenie stanowi\u0142o znacz\u0105cy krok w kierunku redukcji szk\u00f3d, oferuj\u0105c praktyczny spos\u00f3b radzenia sobie z zagro\u017ceniami zwi\u0105zanymi z niew\u0142a\u015bciwie oznakowanymi narkotykami. Chocia\u017c zestaw nie jest ostateczny, pozostaje cennym narz\u0119dziem promuj\u0105cym bezpieczniejsze podejmowanie decyzji na nieuregulowanym rynku.<\/p>\n<h2 dir=\"ltr\">Jak u\u017cywa\u0107 soli do k\u0105pieli EZ-Test<\/h2>\n<p dir=\"ltr\">Korzystanie z soli do k\u0105pieli EZ-Test jest proste i zapewnia szybkie rezultaty bez konieczno\u015bci posiadania specjalistycznej wiedzy. Zacznij od uwa\u017cnego przeczytania do\u0142\u0105czonych instrukcji, aby zapewni\u0107 prawid\u0142ow\u0105 obs\u0142ug\u0119. Pobierz niewielk\u0105 pr\u00f3bk\u0119 substancji, kt\u00f3r\u0105 chcesz przetestowa\u0107 i umie\u015b\u0107 j\u0105 w dostarczonej ampu\u0142ce testowej. Dodaj odczynnik zgodnie z instrukcj\u0105, a nast\u0119pnie delikatnie potrz\u0105\u015bnij ampu\u0142k\u0105, aby dok\u0142adnie wymiesza\u0107 zawarto\u015b\u0107. W ci\u0105gu kilku minut nast\u0105pi zmiana koloru, je\u015bli obecny jest mefedron, metylon lub MDPV, kt\u00f3r\u0105 mo\u017cna por\u00f3wna\u0107 z tabel\u0105 kolor\u00f3w zestawu w celu identyfikacji. Brak reakcji mo\u017ce wskazywa\u0107 na brak tych konkretnych substancji, ale nie potwierdza bezpiecze\u0144stwa pr\u00f3bki. Po zako\u0144czeniu testu nale\u017cy bezpiecznie pozby\u0107 si\u0119 ampu\u0142ki i pr\u00f3bki, aby unikn\u0105\u0107 zanieczyszczenia lub przypadkowego nara\u017cenia. Proces jest szybki, co czyni go idealnym do u\u017cytku osobistego w r\u00f3\u017cnych warunkach. Chocia\u017c Bath Salts EZ-Test zapewnia u\u017cyteczne wskazanie, nie jest to kompleksowa analiza, dlatego w celu uzyskania szczeg\u00f3\u0142owych wynik\u00f3w zaleca si\u0119 profesjonalne testy laboratoryjne. Z substancjami nale\u017cy zawsze obchodzi\u0107 si\u0119 ostro\u017cnie, unikaj\u0105c bezpo\u015bredniego kontaktu i przestrzega\u0107 lokalnych przepis\u00f3w dotycz\u0105cych utylizacji, aby zapewni\u0107 bezpiecze\u0144stwo i odpowiedzialno\u015b\u0107 za \u015brodowisko. Prostota zestawu sprawia, \u017ce jest on dost\u0119pny dla ka\u017cdego, kto chce zweryfikowa\u0107 zawarto\u015b\u0107 substancji.<\/p>\n<p dir=\"ltr\"><img loading=\"lazy\" decoding=\"async\" class=\"alignnone size-full wp-image-14594\" src=\"https:\/\/www.tatanka.nl\/wp-content\/uploads\/2018\/02\/Instructions-Drugtests.jpg\" alt=\"- Tatanka.nl\" width=\"710\" height=\"198\" title=\"- Tatanka.nl\" srcset=\"https:\/\/www.tatanka.nl\/wp-content\/uploads\/2018\/02\/Instructions-Drugtests.jpg 710w, https:\/\/www.tatanka.nl\/wp-content\/uploads\/2018\/02\/Instructions-Drugtests-420x117.jpg 420w, https:\/\/www.tatanka.nl\/wp-content\/uploads\/2018\/02\/Instructions-Drugtests-64x18.jpg 64w, https:\/\/www.tatanka.nl\/wp-content\/uploads\/2018\/02\/Instructions-Drugtests-600x167.jpg 600w\" sizes=\"auto, (max-width: 710px) 100vw, 710px\" \/><\/p>\n<h2 dir=\"ltr\">Sk\u0142adniki soli do k\u0105pieli EZ-Test<\/h2>\n<p dir=\"ltr\">Bath Salts EZ-Test zawiera specjalistyczne odczynniki opracowane w celu wykrywania syntetycznych katynon\u00f3w, takich jak mefedron, metylon i MDPV. Ka\u017cdy zestaw zawiera 10 ampu\u0142ek testowych, z kt\u00f3rych ka\u017cda wype\u0142niona jest precyzyjn\u0105 ilo\u015bci\u0105 odczynnika chemicznego zaprojektowanego do reagowania specjalnie z tymi substancjami. Dok\u0142adny sk\u0142ad odczynnik\u00f3w jest zastrze\u017cony, ale bezpieczny, gdy jest u\u017cywany zgodnie z instrukcj\u0105. Ampu\u0142ki s\u0105 wykonane z trwa\u0142ego, szczelnego szk\u0142a, aby zapobiec wyciekom i zapewni\u0107 skuteczno\u015b\u0107 odczynnika. W zestawie znajduje si\u0119 tabela kolor\u00f3w, kt\u00f3ra pomaga u\u017cytkownikom \u0142atwo interpretowa\u0107 wyniki, dzi\u0119ki czemu proces jest prosty. Bath Salts EZ-Test to samodzielny system, niewymagaj\u0105cy dodatkowych narz\u0119dzi ani chemikali\u00f3w, co zwi\u0119ksza wygod\u0119 jego osobistego u\u017cytku. Odczynniki s\u0105 stabilne, gdy s\u0105 przechowywane w ch\u0142odnym, suchym miejscu, zapewniaj\u0105c niezawodno\u015b\u0107 podczas wielu test\u00f3w. Konstrukcja zestawu stawia na pierwszym miejscu bezpiecze\u0144stwo i prostot\u0119, umo\u017cliwiaj\u0105c u\u017cytkownikom przeprowadzanie test\u00f3w bez nara\u017cania si\u0119 na kontakt z niebezpiecznymi materia\u0142ami. Chocia\u017c test jest wysoce specyficzny dla niekt\u00f3rych syntetycznych katynon\u00f3w, ma ograniczenia, a u\u017cytkownicy powinni go uzupe\u0142ni\u0107 profesjonalnymi testami w celu przeprowadzenia kompleksowej analizy. W\u0142a\u015bciwe przechowywanie i obs\u0142uga s\u0105 niezb\u0119dne do utrzymania skuteczno\u015bci zestawu i zapewnienia dok\u0142adnych wynik\u00f3w identyfikacji potencjalnie niebezpiecznych substancji.<\/p>\n<p dir=\"ltr\"><strong>Ostrze\u017cenie<\/strong><br \/>\nBath Salts EZ-Test jest wst\u0119pnym narz\u0119dziem do wykrywania okre\u015blonych syntetycznych katynon\u00f3w i nie gwarantuje dok\u0142adno\u015bci 100%. Nie mo\u017ce on identyfikowa\u0107 innych substancji ani potwierdza\u0107 bezpiecze\u0144stwa pr\u00f3bki. U\u017cytkownicy powinni unika\u0107 spo\u017cywania niezweryfikowanych substancji, poniewa\u017c b\u0142\u0119dnie oznaczone narkotyki mog\u0105 stanowi\u0107 powa\u017cne zagro\u017cenie dla zdrowia. Testowane pr\u00f3bki i ampu\u0142ki nale\u017cy zawsze utylizowa\u0107 w bezpieczny spos\u00f3b, aby zapobiec przypadkowemu nara\u017ceniu lub szkodom dla \u015brodowiska. Aby uzyska\u0107 jednoznaczne wyniki, nale\u017cy zleci\u0107 badanie substancji w certyfikowanym laboratorium. Na podstawie u\u017cycia soli do k\u0105pieli EZ-Test nie mo\u017cna wysuwa\u0107 \u017cadnych praw ani roszcze\u0144.<\/p>","protected":false},"excerpt":{"rendered":"<p dir=\"ltr\" data-pm-slice=\"1 1 []\">Bath Salts EZ-Test to wygodny zestaw testowy przeznaczony do identyfikacji substancji takich jak mefedron, metylon i MDPV, cz\u0119sto sprzedawanych pod nazw\u0105 Bath Salts, Plant Food lub Odorizer. Dzi\u0119ki do\u0142\u0105czonym 10 testerom pomaga u\u017cytkownikom zweryfikowa\u0107 zawarto\u015b\u0107 i zmniejszy\u0107 ryzyko zwi\u0105zane z nieznanymi substancjami.<\/p>","protected":false},"featured_media":13339,"template":"","meta":[],"product_brand":[],"product_cat":[543,297,488,476],"product_tag":[],"class_list":{"0":"post-8782","1":"product","2":"type-product","3":"status-publish","4":"has-post-thumbnail","6":"product_cat-drugtests","7":"product_cat-all-products","8":"product_cat-headshop","9":"product_cat-smartshop","10":"product_shipping_class-creditcard-on","12":"first","13":"instock","14":"taxable","15":"shipping-taxable","16":"purchasable","17":"product-type-variable","18":"has-default-attributes"},"_links":{"self":[{"href":"https:\/\/www.tatanka.nl\/pl\/wp-json\/wp\/v2\/product\/8782","targetHints":{"allow":["GET"]}}],"collection":[{"href":"https:\/\/www.tatanka.nl\/pl\/wp-json\/wp\/v2\/product"}],"about":[{"href":"https:\/\/www.tatanka.nl\/pl\/wp-json\/wp\/v2\/types\/product"}],"wp:featuredmedia":[{"embeddable":true,"href":"https:\/\/www.tatanka.nl\/pl\/wp-json\/wp\/v2\/media\/13339"}],"wp:attachment":[{"href":"https:\/\/www.tatanka.nl\/pl\/wp-json\/wp\/v2\/media?parent=8782"}],"wp:term":[{"taxonomy":"product_brand","embeddable":true,"href":"https:\/\/www.tatanka.nl\/pl\/wp-json\/wp\/v2\/product_brand?post=8782"},{"taxonomy":"product_cat","embeddable":true,"href":"https:\/\/www.tatanka.nl\/pl\/wp-json\/wp\/v2\/product_cat?post=8782"},{"taxonomy":"product_tag","embeddable":true,"href":"https:\/\/www.tatanka.nl\/pl\/wp-json\/wp\/v2\/product_tag?post=8782"}],"curies":[{"name":"wp","href":"https:\/\/api.w.org\/{rel}","templated":true}]}}