{"id":8989,"date":"2018-01-12T18:25:35","date_gmt":"2018-01-12T18:25:35","guid":{"rendered":"http:\/\/www.tatanka.nl\/?post_type=product&#038;p=8989"},"modified":"2025-05-20T10:36:58","modified_gmt":"2025-05-20T09:36:58","slug":"damiana-capsules-sex","status":"publish","type":"product","link":"https:\/\/www.tatanka.nl\/pl\/damiana-capsules-sex\/","title":{"rendered":"Damiana Capsules"},"content":{"rendered":"<h2 data-pm-slice=\"1 1 []\">Czym jest Damiana?<\/h2>\n<p>Damiana to niewielki, aromatyczny krzew pochodz\u0105cy z Ameryki \u015arodkowej i Po\u0142udniowej. Naukowo znany jako <strong>Turnera Diffusa<\/strong>Ro\u015blina ta nale\u017cy do rodziny m\u0119czennicowatych i jest rozpoznawana po jasno\u017c\u00f3\u0142tych kwiatach i zielonych li\u015bciach.<\/p>\n<p>Od wiek\u00f3w rdzenne kultury stosowa\u0142y Damian\u0119 ze wzgl\u0119du na jej naturalne korzy\u015bci zdrowotne, w szczeg\u00f3lno\u015bci jako \u015brodek zwi\u0119kszaj\u0105cy libido. Ro\u015blina ta jest cz\u0119sto kojarzona ze zwi\u0119kszonym pop\u0119dem seksualnym, lepsz\u0105 wytrzyma\u0142o\u015bci\u0105 i lepszym og\u00f3lnym samopoczuciem. Opr\u00f3cz dzia\u0142ania afrodyzjakalnego, Damiana jest r\u00f3wnie\u017c ceniona za swoje \u0142agodne w\u0142a\u015bciwo\u015bci relaksuj\u0105ce, kt\u00f3re mog\u0105 pom\u00f3c zmniejszy\u0107 stres i promowa\u0107 jasno\u015b\u0107 umys\u0142u. Niezale\u017cnie od tego, czy szukasz naturalnego sposobu na zwi\u0119kszenie energii, popraw\u0119 nastroju lub zwi\u0119kszenie intymno\u015bci, Damiana mo\u017ce by\u0107 idealnym suplementem zio\u0142owym dla Ciebie.<\/p>\n<h2>Historia Damiany<\/h2>\n<p>Stosowanie Damiany si\u0119ga setek lat wstecz, szczeg\u00f3lnie w Meksyku i innych cz\u0119\u015bciach Ameryki \u0141aci\u0144skiej. Rdzenne plemiona wysoko ceni\u0142y t\u0119 ro\u015blin\u0119 za jej w\u0142a\u015bciwo\u015bci lecznicze, wykorzystuj\u0105c j\u0105 do leczenia r\u00f3\u017cnych dolegliwo\u015bci fizycznych i poprawy zdrowia seksualnego.<\/p>\n<p>Damiana jest tradycyjnie uwa\u017cana za silny afrodyzjak, kt\u00f3ry stymuluje libido, poprawia sprawno\u015b\u0107 seksualn\u0105 i zwi\u0119ksza doznania. Staro\u017cytne kultury u\u017cywa\u0142y Damiany do przygotowywania eliksir\u00f3w mi\u0142osnych i tonik\u00f3w zio\u0142owych zaprojektowanych w celu wspierania zdrowia reprodukcyjnego i og\u00f3lnej witalno\u015bci. Przez lata ro\u015blina ta zachowa\u0142a swoj\u0105 reputacj\u0119 i nadal jest szeroko stosowana we wsp\u00f3\u0142czesnej medycynie zio\u0142owej. W Meksyku jest nawet dodawana do niekt\u00f3rych tradycyjnych napoj\u00f3w alkoholowych, takich jak margarity, w celu wzmocnienia ich dzia\u0142ania. Dzi\u0119ki swojej d\u0142ugiej historii i pot\u0119\u017cnym korzy\u015bciom, Damiana nadal jest poszukiwanym zio\u0142owym lekarstwem dla tych, kt\u00f3rzy chc\u0105 naturalnie poprawi\u0107 swoje samopoczucie.<\/p>\n<h2>Jak stosowa\u0107 Damiana<\/h2>\n<p>Damiana jest najcz\u0119\u015bciej spo\u017cywana w postaci kapsu\u0142ek dla \u0142atwego i precyzyjnego dawkowania. Zalecana dawka to <strong>jedna kapsu\u0142ka na spo\u017cycie<\/strong>popijaj\u0105c szklank\u0105 wody. Aby uzyska\u0107 optymalne wyniki, najlepiej jest w\u0142\u0105czy\u0107 Damiana do sp\u00f3jnej rutyny odnowy biologicznej.<\/p>\n<p>Zar\u00f3wno m\u0119\u017cczy\u017ani, jak i kobiety mog\u0105 czerpa\u0107 korzy\u015bci z w\u0142a\u015bciwo\u015bci Damiany. Podczas gdy niekt\u00f3rzy mog\u0105 do\u015bwiadczy\u0107 jej dzia\u0142ania stosunkowo szybko, inni mog\u0105 zauwa\u017cy\u0107 stopniow\u0105 popraw\u0119 w miar\u0119 up\u0142ywu czasu. Damiana mo\u017ce by\u0107 r\u00f3wnie\u017c \u0142\u0105czona z innymi suplementami zio\u0142owymi, takimi jak Muira Puama, aby wzmocni\u0107 jej energetyzuj\u0105ce i afrodyzjakalne dzia\u0142anie.<\/p>\n<p>Opr\u00f3cz zwi\u0119kszania libido, Damiana jest cz\u0119sto stosowana w celu promowania relaksu, zmniejszania stresu i wspierania dobrego samopoczucia emocjonalnego. Jej \u0142agodne dzia\u0142anie psychoaktywne jest czasami por\u00f3wnywane do konopi indyjskich, oferuj\u0105c poczucie spokoju bez odurzenia. Zawsze przestrzegaj zalecanego dawkowania i skonsultuj si\u0119 z lekarzem, je\u015bli masz jakiekolwiek w\u0105tpliwo\u015bci dotycz\u0105ce jej stosowania.<\/p>\n<h2>Sk\u0142adniki Damiana<\/h2>\n<p>Kapsu\u0142ki Damiana od Indian Elements zawieraj\u0105 tylko jeden aktywny sk\u0142adnik:<\/p>\n<ul data-spread=\"false\">\n<li><strong>Turnera Diffusa<\/strong> (ekstrakt z Damiana)<\/li>\n<\/ul>\n<p>Ta czysta i naturalna formu\u0142a zapewnia pe\u0142ne korzy\u015bci p\u0142yn\u0105ce z Damiany bez zb\u0119dnych dodatk\u00f3w. Indian Elements jest zaanga\u017cowany w dostarczanie wysokiej jako\u015bci produkt\u00f3w zio\u0142owych, kt\u00f3re s\u0105 <strong>100% naturalny i przyjazny dla wegan<\/strong>co czyni je doskona\u0142ym wyborem dla os\u00f3b poszukuj\u0105cych ro\u015blinnych rozwi\u0105za\u0144 wellness.<\/p>\n<div><\/div>\n<p><strong>Ostrze\u017cenie:<\/strong><br \/>\nTen produkt jest przeznaczony dla os\u00f3b w wieku <strong>18 lat i starsi<\/strong>. Przechowywa\u0107 w miejscu niedost\u0119pnym dla dzieci. Damiana nie powinna by\u0107 stosowana w po\u0142\u0105czeniu z <strong>Inhibitory MAO<\/strong>. Osoby z chorobami nerek lub serca, wysokim lub niskim ci\u015bnieniem krwi, cukrzyc\u0105 lub osoby pod wp\u0142ywem lek\u00f3w, narkotyk\u00f3w lub alkoholu powinny unika\u0107 stosowania. Jest to suplement diety i jako taki powinien by\u0107 stosowany. Nie u\u017cywa\u0107, je\u015bli plomba jest uszkodzona.<\/p>","protected":false},"excerpt":{"rendered":"<p data-pm-slice=\"1 1 []\">Do\u015bwiadcz naturalnych korzy\u015bci p\u0142yn\u0105cych ze stosowania Damiany! Ten wyj\u0105tkowy suplement zio\u0142owy znany jest ze swoich w\u0142a\u015bciwo\u015bci energetyzuj\u0105cych i afrodyzjakalnych. Tradycyjnie stosowana od wiek\u00f3w, Damiana mo\u017ce zwi\u0119ksza\u0107 libido, poprawia\u0107 nastr\u00f3j i zapewnia\u0107 \u0142agodny efekt relaksuj\u0105cy. Teraz dost\u0119pny jest w wygodnej formie kapsu\u0142ek, dzi\u0119ki czemu mo\u017cna go \u0142atwo w\u0142\u0105czy\u0107 do codziennej rutyny.<\/p>","protected":false},"featured_media":125960,"template":"","meta":[],"product_brand":[],"product_cat":[597,297,531,576,383,476],"product_tag":[],"class_list":{"0":"post-8989","1":"product","2":"type-product","3":"status-publish","4":"has-post-thumbnail","6":"product_cat-indian-elements","7":"product_cat-all-products","8":"product_cat-aphrodisiacs","9":"product_cat-sex-products-for-couples","10":"product_cat-sex-shop","11":"product_cat-smartshop","13":"first","14":"instock","15":"taxable","16":"shipping-taxable","17":"purchasable","18":"product-type-variable"},"_links":{"self":[{"href":"https:\/\/www.tatanka.nl\/pl\/wp-json\/wp\/v2\/product\/8989","targetHints":{"allow":["GET"]}}],"collection":[{"href":"https:\/\/www.tatanka.nl\/pl\/wp-json\/wp\/v2\/product"}],"about":[{"href":"https:\/\/www.tatanka.nl\/pl\/wp-json\/wp\/v2\/types\/product"}],"wp:featuredmedia":[{"embeddable":true,"href":"https:\/\/www.tatanka.nl\/pl\/wp-json\/wp\/v2\/media\/125960"}],"wp:attachment":[{"href":"https:\/\/www.tatanka.nl\/pl\/wp-json\/wp\/v2\/media?parent=8989"}],"wp:term":[{"taxonomy":"product_brand","embeddable":true,"href":"https:\/\/www.tatanka.nl\/pl\/wp-json\/wp\/v2\/product_brand?post=8989"},{"taxonomy":"product_cat","embeddable":true,"href":"https:\/\/www.tatanka.nl\/pl\/wp-json\/wp\/v2\/product_cat?post=8989"},{"taxonomy":"product_tag","embeddable":true,"href":"https:\/\/www.tatanka.nl\/pl\/wp-json\/wp\/v2\/product_tag?post=8989"}],"curies":[{"name":"wp","href":"https:\/\/api.w.org\/{rel}","templated":true}]}}