{"id":8991,"date":"2018-01-12T18:32:37","date_gmt":"2018-01-12T18:32:37","guid":{"rendered":"http:\/\/www.tatanka.nl\/?post_type=product&#038;p=8991"},"modified":"2025-05-20T10:36:51","modified_gmt":"2025-05-20T09:36:51","slug":"muira-puama-capsules-sex","status":"publish","type":"product","link":"https:\/\/www.tatanka.nl\/pl\/muira-puama-capsules-sex\/","title":{"rendered":"Muira Puama Capsules"},"content":{"rendered":"<h2 data-pm-slice=\"1 1 []\">Czym jest Muira Puama?<\/h2>\n<p>Muira Puama to tropikalne drzewo pochodz\u0105ce z amazo\u0144skich las\u00f3w deszczowych w Brazylii. Jego kora i korzenie by\u0142y tradycyjnie wykorzystywane przez rdzenne plemiona dla r\u00f3\u017cnych korzy\u015bci zdrowotnych, w szczeg\u00f3lno\u015bci dla poprawy sprawno\u015bci seksualnej i po\u017c\u0105dania. Cz\u0119sto okre\u015blana jako \"Potency Wood\", Muira Puama znana jest ze swoich w\u0142a\u015bciwo\u015bci afrodyzjakalnych i zdolno\u015bci do zwi\u0119kszania poziomu energii.<\/p>\n<p>To naturalne zio\u0142o zyska\u0142o globalne uznanie ze wzgl\u0119du na swoje dzia\u0142anie zwi\u0119kszaj\u0105ce libido, dzi\u0119ki czemu jest popularnym suplementem dla os\u00f3b pragn\u0105cych poprawi\u0107 swoje doznania intymne. Opr\u00f3cz roli wzmacniacza seksualnego, Muira Puama jest r\u00f3wnie\u017c ceniona za potencjalne korzy\u015bci w zmniejszaniu stresu i wspieraniu zdrowia staw\u00f3w. Niezale\u017cnie od tego, czy chcesz zwi\u0119kszy\u0107 swoj\u0105 energi\u0119, z\u0142agodzi\u0107 napi\u0119cie, czy poprawi\u0107 og\u00f3ln\u0105 witalno\u015b\u0107, Muira Puama mo\u017ce by\u0107 idealnym naturalnym rozwi\u0105zaniem.<\/p>\n<h2>Historia Muira Puama<\/h2>\n<p>Muira Puama ma d\u0142ug\u0105 histori\u0119 stosowania w\u015br\u00f3d rdzennych plemion amazo\u0144skich. Przez wieki spo\u0142eczno\u015bci te polega\u0142y na korze i korzeniach drzewa w leczeniu r\u00f3\u017cnych dolegliwo\u015bci, z g\u0142\u00f3wnym naciskiem na popraw\u0119 funkcji seksualnych i wydajno\u015bci. Szamani i uzdrowiciele w Amazonii u\u017cywali Muira Puama jako naturalnego \u015brodka na impotencj\u0119, zm\u0119czenie i zaburzenia uk\u0142adu nerwowego.<\/p>\n<p>Z czasem wiedza o korzy\u015bciach p\u0142yn\u0105cych z Muira Puama rozprzestrzeni\u0142a si\u0119 poza Ameryk\u0119 Po\u0142udniow\u0105. Europejscy odkrywcy i zielarze zainteresowali si\u0119 ro\u015blin\u0105 w XIX wieku, co doprowadzi\u0142o do dalszych bada\u0144 nad jej dzia\u0142aniem. Obecnie Muira Puama jest szeroko stosowana w naturalnych produktach zdrowotnych maj\u0105cych na celu zwi\u0119kszenie libido, podniesienie poziomu energii i wsparcie funkcji poznawczych. Jego reputacja jako silnego afrodyzjaku pozostaje silna, co czyni go podstawowym sk\u0142adnikiem r\u00f3\u017cnych preparat\u00f3w zio\u0142owych zaprojektowanych w celu wzmocnienia seksualnego.<\/p>\n<h2>Jak stosowa\u0107 Muira Puama<\/h2>\n<p>Muira Puama jest najcz\u0119\u015bciej dost\u0119pna w postaci kapsu\u0142ek do \u0142atwego spo\u017cycia. Zalecana dawka to jedna kapsu\u0142ka na spo\u017cycie, popita szklank\u0105 wody. Aby uzyska\u0107 najlepsze rezultaty, zaleca si\u0119 konsekwentne przyjmowanie suplementu w ramach codziennej rutyny odnowy biologicznej.<\/p>\n<p>Ten zio\u0142owy suplement mo\u017ce by\u0107 przyjmowany zar\u00f3wno przez m\u0119\u017cczyzn, jak i kobiety poszukuj\u0105cych naturalnego sposobu na zwi\u0119kszenie libido i og\u00f3lnej witalno\u015bci. Niekt\u00f3re osoby mog\u0105 zauwa\u017cy\u0107 jego dzia\u0142anie w kr\u00f3tkim czasie, podczas gdy inne mog\u0105 do\u015bwiadczy\u0107 stopniowej poprawy w miar\u0119 up\u0142ywu czasu. Wiadomo r\u00f3wnie\u017c, \u017ce Muira Puama dzia\u0142a dobrze w po\u0142\u0105czeniu z innymi suplementami zio\u0142owymi, takimi jak Damiana, w celu dalszego zwi\u0119kszenia korzy\u015bci.<\/p>\n<p>Chocia\u017c Muira Puama jest stosowana g\u0142\u00f3wnie ze wzgl\u0119du na swoje dzia\u0142anie afrodyzjakalne, mo\u017ce r\u00f3wnie\u017c zapewni\u0107 dodatkowe wsparcie dla os\u00f3b borykaj\u0105cych si\u0119 ze stresem lub \u0142agodnym dyskomfortem staw\u00f3w. Podobnie jak w przypadku ka\u017cdego suplementu, zaleca si\u0119 przestrzeganie zalecanego dawkowania i skonsultowanie si\u0119 z lekarzem, je\u015bli masz jakiekolwiek w\u0105tpliwo\u015bci dotycz\u0105ce jego stosowania.<\/p>\n<h2>Sk\u0142adniki Muira Puama<\/h2>\n<p>Kapsu\u0142ki Muira Puama od Indian Elements zawieraj\u0105 tylko jeden aktywny sk\u0142adnik:<\/p>\n<ul data-spread=\"false\">\n<li><strong>Ptychopetalum Olacoides<\/strong> (ekstrakt Muira Puama)<\/li>\n<\/ul>\n<p>Ta czysta i naturalna formu\u0142a zapewnia maksymalne korzy\u015bci Muira Puama bez zb\u0119dnych dodatk\u00f3w. Indian Elements jest zaanga\u017cowany w dostarczanie wysokiej jako\u015bci produkt\u00f3w zio\u0142owych, kt\u00f3re s\u0105 100% naturalne i przyjazne dla wegan, co czyni je doskona\u0142ym wyborem dla os\u00f3b poszukuj\u0105cych ro\u015blinnych rozwi\u0105za\u0144 wellness.<\/p>\n<div><\/div>\n<p><strong>Ostrze\u017cenie:<\/strong><br \/>\nTen produkt jest przeznaczony do u\u017cytku przez osoby w wieku 18 lat i starsze. Przechowywa\u0107 w miejscu niedost\u0119pnym dla dzieci. Muira Puama jest inhibitorem MAO i nie powinna by\u0107 stosowana przez osoby z problemami z nerkami lub sercem, wysokim lub niskim ci\u015bnieniem krwi, cukrzyc\u0105 lub osoby b\u0119d\u0105ce pod wp\u0142ywem lek\u00f3w, narkotyk\u00f3w lub alkoholu. Jest to suplement diety i jako taki powinien by\u0107 stosowany. Nie stosowa\u0107, je\u015bli opakowanie jest uszkodzone.<\/p>","protected":false},"excerpt":{"rendered":"<p data-pm-slice=\"1 1 []\">Odkryj naturaln\u0105 moc Muira Puama! Ten silny suplement zio\u0142owy jest stosowany od wiek\u00f3w w celu zwi\u0119kszenia libido, poprawy sprawno\u015bci seksualnej i wsparcia og\u00f3lnego samopoczucia. Idealne zar\u00f3wno dla m\u0119\u017cczyzn, jak i kobiet, te \u0142atwe do za\u017cycia kapsu\u0142ki zapewniaj\u0105 naturalny zastrzyk energii dla cia\u0142a i umys\u0142u.<\/p>","protected":false},"featured_media":125957,"template":"","meta":[],"product_brand":[],"product_cat":[597,297,531,576,383,476],"product_tag":[],"class_list":{"0":"post-8991","1":"product","2":"type-product","3":"status-publish","4":"has-post-thumbnail","6":"product_cat-indian-elements","7":"product_cat-all-products","8":"product_cat-aphrodisiacs","9":"product_cat-sex-products-for-couples","10":"product_cat-sex-shop","11":"product_cat-smartshop","13":"first","14":"instock","15":"taxable","16":"shipping-taxable","17":"purchasable","18":"product-type-variable"},"_links":{"self":[{"href":"https:\/\/www.tatanka.nl\/pl\/wp-json\/wp\/v2\/product\/8991","targetHints":{"allow":["GET"]}}],"collection":[{"href":"https:\/\/www.tatanka.nl\/pl\/wp-json\/wp\/v2\/product"}],"about":[{"href":"https:\/\/www.tatanka.nl\/pl\/wp-json\/wp\/v2\/types\/product"}],"wp:featuredmedia":[{"embeddable":true,"href":"https:\/\/www.tatanka.nl\/pl\/wp-json\/wp\/v2\/media\/125957"}],"wp:attachment":[{"href":"https:\/\/www.tatanka.nl\/pl\/wp-json\/wp\/v2\/media?parent=8991"}],"wp:term":[{"taxonomy":"product_brand","embeddable":true,"href":"https:\/\/www.tatanka.nl\/pl\/wp-json\/wp\/v2\/product_brand?post=8991"},{"taxonomy":"product_cat","embeddable":true,"href":"https:\/\/www.tatanka.nl\/pl\/wp-json\/wp\/v2\/product_cat?post=8991"},{"taxonomy":"product_tag","embeddable":true,"href":"https:\/\/www.tatanka.nl\/pl\/wp-json\/wp\/v2\/product_tag?post=8991"}],"curies":[{"name":"wp","href":"https:\/\/api.w.org\/{rel}","templated":true}]}}