{"id":8999,"date":"2018-01-13T09:23:41","date_gmt":"2018-01-13T09:23:41","guid":{"rendered":"http:\/\/www.tatanka.nl\/?post_type=product&#038;p=8999"},"modified":"2025-05-20T10:35:58","modified_gmt":"2025-05-20T09:35:58","slug":"damiana-dried-herbs","status":"publish","type":"product","link":"https:\/\/www.tatanka.nl\/pl\/damiana-dried-herbs\/","title":{"rendered":"Damiana Herbs"},"content":{"rendered":"<h2>Czym jest Damiana?<\/h2>\n<p><strong>Damiana<\/strong> to krzew pochodz\u0105cy z Ameryki \u015arodkowej i Po\u0142udniowej, szeroko znany ze swoich r\u00f3\u017cnych zastosowa\u0144 terapeutycznych. Zio\u0142o to nale\u017cy do rodziny Passifloraceae i charakteryzuje si\u0119 charakterystycznymi \u017c\u00f3\u0142tymi kwiatami i zielonymi li\u015b\u0107mi. Przede wszystkim Damiana od dawna jest ceniona za sw\u00f3j wp\u0142yw na dobre samopoczucie seksualne. W przesz\u0142o\u015bci ro\u015blina ta by\u0142a wykorzystywana przez rdzenne kultury w Meksyku w celu zwi\u0119kszenia libido i poprawy sprawno\u015bci seksualnej. Wiadomo r\u00f3wnie\u017c, \u017ce ma \u0142agodne w\u0142a\u015bciwo\u015bci psychoaktywne, kt\u00f3re promuj\u0105 relaks i dobre samopoczucie, podobnie jak \u0142agodna forma marihuany, cho\u0107 bez THC.<\/p>\n<p>Damiana dzia\u0142a poprzez stymulacj\u0119 uk\u0142adu nerwowego i promowanie lepszego przep\u0142ywu krwi do narz\u0105d\u00f3w p\u0142ciowych, co mo\u017ce przyczyni\u0107 si\u0119 do zwi\u0119kszenia po\u017c\u0105dania seksualnego i poprawy wydajno\u015bci. Podczas gdy zio\u0142o to tradycyjnie spo\u017cywane by\u0142o w postaci herbaty lub suszonych li\u015bci, dzi\u015b dost\u0119pne jest r\u00f3wnie\u017c w formie suplementu, dzi\u0119ki czemu ludzie mog\u0105 cieszy\u0107 si\u0119 jego korzy\u015bciami w wygodny i prosty spos\u00f3b.<\/p>\n<h2>Historia Damiany<\/h2>\n<p>Historia <strong>Damiana<\/strong> si\u0119ga wiek\u00f3w wstecz, ze znacz\u0105cym wykorzystaniem przez rdzenn\u0105 ludno\u015b\u0107 w ca\u0142ym Meksyku i szerszych regionach Ameryki \u015arodkowej i Po\u0142udniowej. Ro\u015blina ta by\u0142a wysoko ceniona przez staro\u017cytne kultury, kt\u00f3re wykorzystywa\u0142y j\u0105 do r\u00f3\u017cnych cel\u00f3w leczniczych, w tym poprawy zdrowia seksualnego i leczenia stan\u00f3w takich jak l\u0119k, depresja i zm\u0119czenie. Reputacja ro\u015bliny jako afrodyzjaku by\u0142a dobrze ugruntowana, a nawet zosta\u0142a w\u0142\u0105czona do rytua\u0142\u00f3w religijnych w niekt\u00f3rych kulturach rdzennych Amerykan\u00f3w.<\/p>\n<p>Historyczne znaczenie Damiany mo\u017cna przypisa\u0107 jej roli w praktykach kulturowych, zw\u0142aszcza w Meksyku, gdzie by\u0142a podstaw\u0105 tradycyjnej medycyny. By\u0142a nawet u\u017cywana do produkcji tradycyjnego napoju alkoholowego, \"likieru Damiana\", kt\u00f3ry jest nadal popularny. Z biegiem czasu jej reputacja w zakresie zwi\u0119kszania witalno\u015bci seksualnej przetrwa\u0142a, a wsp\u00f3\u0142cze\u015bni u\u017cytkownicy nadal zwracaj\u0105 si\u0119 do tego zio\u0142a w celu zwi\u0119kszenia libido i og\u00f3lnego dobrego samopoczucia.<\/p>\n<p>Pomimo stuleci stosowania, popularno\u015b\u0107 Damiany zacz\u0119\u0142a rozprzestrzenia\u0107 si\u0119 na arenie mi\u0119dzynarodowej dopiero w XIX i XX wieku, wraz ze wzrostem zainteresowania naturalnymi lekami i medycyn\u0105 alternatywn\u0105. Dzi\u015b nadal jest szeroko stosowana ze wzgl\u0119du na rzekome korzy\u015bci zdrowotne, w tym zdolno\u015b\u0107 do zwi\u0119kszania energii i poprawy sprawno\u015bci seksualnej.<\/p>\n<h2>Jak stosowa\u0107 Damiana<\/h2>\n<p>Istnieje kilka sposob\u00f3w na w\u0142\u0105czenie <strong>Damiana<\/strong> do swojej codziennej rutyny, aby czerpa\u0107 z niej korzy\u015bci. Najbardziej tradycyjn\u0105 metod\u0105 jest parzenie jej w postaci herbaty, kt\u00f3ra polega na namaczaniu suszonych li\u015bci ro\u015bliny w gor\u0105cej wodzie. Pozwala to na uwolnienie aktywnych zwi\u0105zk\u00f3w zawartych w Damianie, zapewniaj\u0105c \u0142agodny efekt relaksuj\u0105cy i promuj\u0105c zdrowie seksualne. Herbat\u0119 Damiana mo\u017cna pi\u0107 samodzielnie lub w po\u0142\u0105czeniu z innymi zio\u0142ami, takimi jak Muira Puama, w celu zwi\u0119kszenia dozna\u0144.<\/p>\n<p>Alternatywnie, Damiana mo\u017ce by\u0107 przyjmowana w formie suplementu, oferuj\u0105c wygodniejsz\u0105 opcj\u0119 dla tych, kt\u00f3rzy preferuj\u0105 szybkie i \u0142atwe przyjmowanie. Wa\u017cne jest, aby trzyma\u0107 si\u0119 zalecanej dawki - zazwyczaj 1 gram dziennie - aby m\u00f3c cieszy\u0107 si\u0119 energetyzuj\u0105cym i zwi\u0119kszaj\u0105cym libido dzia\u0142aniem zio\u0142a bez nadmiernego spo\u017cycia. Podobnie jak w przypadku ka\u017cdego suplementu, zaleca si\u0119 rozpocz\u0119cie od ni\u017cszej dawki i stopniowe jej zwi\u0119kszanie, aby oceni\u0107 reakcj\u0119 organizmu.<\/p>\n<p>Dla tych, kt\u00f3rzy lubi\u0105 smak herbat zio\u0142owych, Damiana mo\u017ce by\u0107 \u0142\u0105czona z innymi sk\u0142adnikami, aby stworzy\u0107 przyjemny i korzystny nap\u00f3j. Niezale\u017cnie od tego, czy u\u017cywasz go, aby zrelaksowa\u0107 si\u0119 po d\u0142ugim dniu, czy przygotowa\u0107 si\u0119 na intymny wiecz\u00f3r, zio\u0142o to jest elastyczne i \u0142atwe do w\u0142\u0105czenia do swojego stylu \u017cycia.<\/p>\n<h2>Sk\u0142adniki Damiana<\/h2>\n<p>G\u0142\u00f3wnym sk\u0142adnikiem <strong>Damiana<\/strong> jest li\u015bciem <em>Turnera Diffusa<\/em>to ro\u015blina pochodz\u0105ca z Ameryki \u015arodkowej i Po\u0142udniowej. Li\u015bcie tej ro\u015bliny s\u0105 starannie zbierane i suszone, aby zachowa\u0107 ich naturalne w\u0142a\u015bciwo\u015bci. Chocia\u017c zio\u0142o to jest powszechnie znane ze swojego dzia\u0142ania afrodyzjakalnego, zawiera r\u00f3wnie\u017c zwi\u0105zki, kt\u00f3re s\u0105 uwa\u017cane za promuj\u0105ce relaks, zmniejszaj\u0105ce niepok\u00f3j i poprawiaj\u0105ce nastr\u00f3j.<\/p>\n<p>Aktywne sk\u0142adniki Damiana obejmuj\u0105 flawonoidy, alkaloidy i olejki eteryczne, kt\u00f3re wsp\u00f3\u0142pracuj\u0105 ze sob\u0105, aby zapewni\u0107 szereg korzy\u015bci. Zwi\u0105zki te maj\u0105 \u0142agodne dzia\u0142anie pobudzaj\u0105ce i relaksuj\u0105ce na uk\u0142ad nerwowy, co mo\u017ce przyczyni\u0107 si\u0119 do poprawy koncentracji, zwi\u0119kszenia energii i lepszego samopoczucia. Pomimo psychoaktywnego dzia\u0142ania, Damiana nie zawiera THC, zwi\u0105zku odpowiedzialnego za \"haj\" zwi\u0105zany z marihuan\u0105, co czyni j\u0105 bezpieczn\u0105 alternatyw\u0105 dla os\u00f3b poszukuj\u0105cych \u0142agodnego \u015brodka poprawiaj\u0105cego nastr\u00f3j bez efekt\u00f3w odurzaj\u0105cych.<\/p>\n<p><strong>Ostrze\u017cenie:<\/strong><\/p>\n<p>Damiana powinna by\u0107 stosowana wy\u0142\u0105cznie przez osoby powy\u017cej 18 roku \u017cycia. Powinna by\u0107 przechowywana w miejscu niedost\u0119pnym dla dzieci. Osoby z chorobami serca lub nerek, wysokim lub niskim ci\u015bnieniem krwi, cukrzyc\u0105 lub osoby b\u0119d\u0105ce pod wp\u0142ywem lek\u00f3w, narkotyk\u00f3w lub alkoholu powinny unika\u0107 stosowania Damiany. Nie nale\u017cy jej przyjmowa\u0107 w po\u0142\u0105czeniu z inhibitorami MAO. Poniewa\u017c produkt ten jest suplementem diety, powinien by\u0107 stosowany jako taki, a nie jako substytut zbilansowanej diety. Przed u\u017cyciem nale\u017cy sprawdzi\u0107 szczelno\u015b\u0107 opakowania, poniewa\u017c produkt nie powinien by\u0107 spo\u017cywany, je\u015bli uszczelka jest uszkodzona.<\/p>","protected":false},"excerpt":{"rendered":"<p><span style=\"color: #000000;\">Zio\u0142o mi\u0142o\u015bci Damiana to tajemnicze zio\u0142o o dzia\u0142aniu zwi\u0119kszaj\u0105cym libido i psychoaktywnym. Dzia\u0142a relaksuj\u0105co i euforycznie. To suszone zio\u0142o Damiana jest l\u017cejsze ni\u017c ekstrakt Damiana 10x. Mo\u017cna je pi\u0107 jako herbat\u0119 lub pali\u0107.\u00a0 <\/span><\/p>","protected":false},"featured_media":125954,"template":"","meta":[],"product_brand":[],"product_cat":[597,297,531,576,573,383,476],"product_tag":[],"class_list":{"0":"post-8999","1":"product","2":"type-product","3":"status-publish","4":"has-post-thumbnail","6":"product_cat-indian-elements","7":"product_cat-all-products","8":"product_cat-aphrodisiacs","9":"product_cat-sex-products-for-couples","10":"product_cat-sex-products-top-10","11":"product_cat-sex-shop","12":"product_cat-smartshop","14":"first","15":"instock","16":"taxable","17":"shipping-taxable","18":"purchasable","19":"product-type-variable"},"_links":{"self":[{"href":"https:\/\/www.tatanka.nl\/pl\/wp-json\/wp\/v2\/product\/8999","targetHints":{"allow":["GET"]}}],"collection":[{"href":"https:\/\/www.tatanka.nl\/pl\/wp-json\/wp\/v2\/product"}],"about":[{"href":"https:\/\/www.tatanka.nl\/pl\/wp-json\/wp\/v2\/types\/product"}],"wp:featuredmedia":[{"embeddable":true,"href":"https:\/\/www.tatanka.nl\/pl\/wp-json\/wp\/v2\/media\/125954"}],"wp:attachment":[{"href":"https:\/\/www.tatanka.nl\/pl\/wp-json\/wp\/v2\/media?parent=8999"}],"wp:term":[{"taxonomy":"product_brand","embeddable":true,"href":"https:\/\/www.tatanka.nl\/pl\/wp-json\/wp\/v2\/product_brand?post=8999"},{"taxonomy":"product_cat","embeddable":true,"href":"https:\/\/www.tatanka.nl\/pl\/wp-json\/wp\/v2\/product_cat?post=8999"},{"taxonomy":"product_tag","embeddable":true,"href":"https:\/\/www.tatanka.nl\/pl\/wp-json\/wp\/v2\/product_tag?post=8999"}],"curies":[{"name":"wp","href":"https:\/\/api.w.org\/{rel}","templated":true}]}}