{"id":9002,"date":"2018-01-13T09:47:22","date_gmt":"2018-01-13T09:47:22","guid":{"rendered":"http:\/\/www.tatanka.nl\/?post_type=product&#038;p=9002"},"modified":"2025-05-20T10:35:52","modified_gmt":"2025-05-20T09:35:52","slug":"muira-puama-herbs","status":"publish","type":"product","link":"https:\/\/www.tatanka.nl\/pl\/muira-puama-herbs\/","title":{"rendered":"Muira Puama Herbs"},"content":{"rendered":"<h2>Czym jest Muira Puama?<\/h2>\n<p>Muira Puama (Ptychopetalum Olacoides) to tropikalne zio\u0142o pochodz\u0105ce z brazylijskich las\u00f3w deszczowych Amazonii. Ro\u015blina ta jest od wiek\u00f3w ceniona przez rdzenne plemiona za jej niezwyk\u0142y wp\u0142yw na zdrowie seksualne i witalno\u015b\u0107. Znana jako \"Potency Wood\", Muira Puama jest silnym afrodyzjakiem, kt\u00f3ry zwi\u0119ksza libido i poprawia funkcje seksualne zar\u00f3wno u m\u0119\u017cczyzn, jak i kobiet.<\/p>\n<p>Opr\u00f3cz korzy\u015bci dla zdrowia seksualnego, Muira Puama jest r\u00f3wnie\u017c znana ze swojej zdolno\u015bci do zmniejszania stresu i \u0142agodzenia b\u00f3lu staw\u00f3w, co czyni j\u0105 wszechstronnym zio\u0142em dla og\u00f3lnego dobrego samopoczucia. Zio\u0142o to jest najcz\u0119\u015bciej spo\u017cywane w postaci herbaty, kt\u00f3rej koj\u0105ce dzia\u0142anie mo\u017cna szybko odczu\u0107. Niezale\u017cnie od tego, czy chcesz zwi\u0119kszy\u0107 intymno\u015b\u0107, czy po prostu promowa\u0107 zr\u00f3wnowa\u017cony nastr\u00f3j, Muira Puama oferuje naturalne rozwi\u0105zanie. Jej \u0142agodne, ale skuteczne w\u0142a\u015bciwo\u015bci sprawi\u0142y, \u017ce sta\u0142a si\u0119 popularnym wyborem w\u015br\u00f3d os\u00f3b pragn\u0105cych wspiera\u0107 zar\u00f3wno swoje zdrowie fizyczne, jak i psychiczne.<\/p>\n<h2>Historia Muira Puama<\/h2>\n<p>Muira Puama ma d\u0142ug\u0105 tradycj\u0119 stosowania w rdzennych kulturach Amazonii. Przez wieki kora i korzenie drzewa Muira Puama by\u0142y wykorzystywane ze wzgl\u0119du na swoje w\u0142a\u015bciwo\u015bci lecznicze, w szczeg\u00f3lno\u015bci jako afrodyzjak zwi\u0119kszaj\u0105cy po\u017c\u0105danie seksualne i sprawno\u015b\u0107 seksualn\u0105. Ro\u015blina ta zyska\u0142a nazw\u0119 \"Potency Wood\" ze wzgl\u0119du na swoje silne dzia\u0142anie zwi\u0119kszaj\u0105ce libido, kt\u00f3re by\u0142o cenione przez rdzennych mieszka\u0144c\u00f3w od pokole\u0144.<\/p>\n<p>W tradycyjnej medycynie brazylijskiej Muira Puama by\u0142a r\u00f3wnie\u017c stosowana w leczeniu r\u00f3\u017cnych dolegliwo\u015bci, w tym zm\u0119czenia, stresu i b\u00f3lu staw\u00f3w. Jego o\u017cywcze dzia\u0142anie zar\u00f3wno na cia\u0142o, jak i umys\u0142 sprawi\u0142o, \u017ce sta\u0142o si\u0119 ono niezb\u0119dnym zio\u0142em w lokalnych praktykach leczniczych. Z biegiem lat reputacja tego zio\u0142a rozprzestrzeni\u0142a si\u0119 na ca\u0142ym \u015bwiecie i jest obecnie szeroko stosowana jako suplement wspieraj\u0105cy zdrowie seksualne, jasno\u015b\u0107 umys\u0142u i og\u00f3ln\u0105 witalno\u015b\u0107.<\/p>\n<p>W miar\u0119 jak naturalne \u015brodki lecznicze zyskuj\u0105 coraz wi\u0119ksz\u0105 uwag\u0119, Muira Puama jest nadal czczona jako silne i skuteczne zio\u0142o poprawiaj\u0105ce zar\u00f3wno samopoczucie fizyczne, jak i psychiczne.<\/p>\n<h2>Jak stosowa\u0107 Muira Puama<\/h2>\n<p>Muira Puama jest najcz\u0119\u015bciej spo\u017cywana w postaci herbaty, kt\u00f3ra jest uwa\u017cana za najskuteczniejszy spos\u00f3b do\u015bwiadczania jej korzy\u015bci. Aby przygotowa\u0107 herbat\u0119, nale\u017cy zaparzy\u0107 1 gram Muira Puama w gor\u0105cej wodzie i pi\u0107 codziennie. Ta dawka jest zalecana dla os\u00f3b, kt\u00f3re chc\u0105 zwi\u0119kszy\u0107 libido, zmniejszy\u0107 stres lub z\u0142agodzi\u0107 b\u00f3l staw\u00f3w. Regularne stosowanie jest kluczem do do\u015bwiadczenia pe\u0142nych efekt\u00f3w dzia\u0142ania tego zio\u0142a.<\/p>\n<p>Dla tych, kt\u00f3rzy preferuj\u0105 inne metody spo\u017cycia, Muira Puama mo\u017ce by\u0107 \u0142\u0105czona z zio\u0142ami, takimi jak Damiana, aby wzmocni\u0107 jej afrodyzjakalne w\u0142a\u015bciwo\u015bci. Dodatkowo, mo\u017ce by\u0107 spo\u017cywana w postaci nalewki lub kapsu\u0142ek, w zale\u017cno\u015bci od osobistych preferencji. Konsekwentne stosowanie Muira Puama jest zalecane w celu osi\u0105gni\u0119cia najlepszych rezultat\u00f3w, poniewa\u017c jej korzy\u015bci staj\u0105 si\u0119 bardziej wyra\u017ane wraz z up\u0142ywem czasu.<\/p>\n<p>Zawsze przestrzegaj sugerowanej dawki i obserwuj, jak twoje cia\u0142o reaguje na zio\u0142o. Muira Puama mo\u017ce sta\u0107 si\u0119 skuteczn\u0105 cz\u0119\u015bci\u0105 codziennej rutyny, wspieraj\u0105c zar\u00f3wno zdrowie psychiczne, jak i fizyczne.<\/p>\n<h2>Sk\u0142adniki Muira Puama<\/h2>\n<p>Aktywnym sk\u0142adnikiem Muira Puama jest Ptychopetalum Olacoides, tropikalna ro\u015blina bogata w zwi\u0105zki bioaktywne. Uwa\u017ca si\u0119, \u017ce zwi\u0105zki te, w szczeg\u00f3lno\u015bci alkaloidy, s\u0105 odpowiedzialne za afrodyzjakalne, \u0142agodz\u0105ce stres i zmniejszaj\u0105ce b\u00f3l staw\u00f3w w\u0142a\u015bciwo\u015bci Muira Puama. Kora i korzenie ro\u015bliny zawieraj\u0105 te naturalne substancje, kt\u00f3re oddzia\u0142uj\u0105 na organizm w celu poprawy funkcji seksualnych, zwi\u0119kszenia libido i promowania og\u00f3lnego dobrego samopoczucia.<\/p>\n<p>Opr\u00f3cz korzy\u015bci dla zdrowia seksualnego, Muira Puama ma w\u0142a\u015bciwo\u015bci przeciwzapalne i przeciwb\u00f3lowe, kt\u00f3re pomagaj\u0105 z\u0142agodzi\u0107 dyskomfort staw\u00f3w i mi\u0119\u015bni. Te bioaktywne zwi\u0105zki dzia\u0142aj\u0105 synergistycznie, zapewniaj\u0105c wszechstronne korzy\u015bci zdrowotne, dzi\u0119ki czemu Muira Puama jest doskona\u0142ym wyborem dla ka\u017cdego, kto szuka naturalnego wsparcia zar\u00f3wno dla witalno\u015bci seksualnej, jak i og\u00f3lnego stanu zdrowia.<\/p>\n<p>\u0141\u0105cz\u0105c w sobie wp\u0142yw na popraw\u0119 sprawno\u015bci seksualnej, \u0142agodzenie stresu i redukcj\u0119 b\u00f3lu staw\u00f3w, Muira Puama staje si\u0119 popularnym wyborem dla os\u00f3b poszukuj\u0105cych ca\u0142kowicie naturalnego rozwi\u0105zania wellness.<\/p>\n<p><strong>Ostrze\u017cenie:<\/strong><br \/>\nMuira Puama jest przeznaczona dla os\u00f3b doros\u0142ych w wieku 18 lat i starszych. Przechowywa\u0107 w miejscu niedost\u0119pnym dla dzieci. Jako inhibitor MAO, nie powinien by\u0107 stosowany przez osoby z problemami z nerkami lub sercem, wysokim lub niskim ci\u015bnieniem krwi, cukrzyc\u0105 lub osoby pod wp\u0142ywem lek\u00f3w, narkotyk\u00f3w lub alkoholu. Zio\u0142o to jest suplementem diety, a nie lekiem i powinno by\u0107 stosowane jako takie. Nie kupowa\u0107, je\u015bli plomba jest uszkodzona.<\/p>","protected":false},"excerpt":{"rendered":"<p>Muira Puama to pot\u0119\u017cny afrodyzjak pochodz\u0105cy z Brazylii, znany ze zwi\u0119kszania libido i poprawy sprawno\u015bci seksualnej. Pozyskiwany z kory i korzeni drzewa Muira Puama, ten naturalny \u015brodek pomaga r\u00f3wnie\u017c z\u0142agodzi\u0107 stres i b\u00f3le staw\u00f3w. Jest powszechnie spo\u017cywany jako herbata i mo\u017ce przynosi\u0107 korzy\u015bci zar\u00f3wno m\u0119\u017cczyznom, jak i kobietom.<\/p>","protected":false},"featured_media":125951,"template":"","meta":[],"product_brand":[],"product_cat":[597,297,531,576,383,476],"product_tag":[],"class_list":{"0":"post-9002","1":"product","2":"type-product","3":"status-publish","4":"has-post-thumbnail","6":"product_cat-indian-elements","7":"product_cat-all-products","8":"product_cat-aphrodisiacs","9":"product_cat-sex-products-for-couples","10":"product_cat-sex-shop","11":"product_cat-smartshop","13":"first","14":"instock","15":"taxable","16":"shipping-taxable","17":"purchasable","18":"product-type-variable"},"_links":{"self":[{"href":"https:\/\/www.tatanka.nl\/pl\/wp-json\/wp\/v2\/product\/9002","targetHints":{"allow":["GET"]}}],"collection":[{"href":"https:\/\/www.tatanka.nl\/pl\/wp-json\/wp\/v2\/product"}],"about":[{"href":"https:\/\/www.tatanka.nl\/pl\/wp-json\/wp\/v2\/types\/product"}],"wp:featuredmedia":[{"embeddable":true,"href":"https:\/\/www.tatanka.nl\/pl\/wp-json\/wp\/v2\/media\/125951"}],"wp:attachment":[{"href":"https:\/\/www.tatanka.nl\/pl\/wp-json\/wp\/v2\/media?parent=9002"}],"wp:term":[{"taxonomy":"product_brand","embeddable":true,"href":"https:\/\/www.tatanka.nl\/pl\/wp-json\/wp\/v2\/product_brand?post=9002"},{"taxonomy":"product_cat","embeddable":true,"href":"https:\/\/www.tatanka.nl\/pl\/wp-json\/wp\/v2\/product_cat?post=9002"},{"taxonomy":"product_tag","embeddable":true,"href":"https:\/\/www.tatanka.nl\/pl\/wp-json\/wp\/v2\/product_tag?post=9002"}],"curies":[{"name":"wp","href":"https:\/\/api.w.org\/{rel}","templated":true}]}}