{"id":9007,"date":"2018-01-13T10:19:05","date_gmt":"2018-01-13T10:19:05","guid":{"rendered":"http:\/\/www.tatanka.nl\/?post_type=product&#038;p=9007"},"modified":"2025-07-29T13:32:43","modified_gmt":"2025-07-29T12:32:43","slug":"rush-herbal-popper","status":"publish","type":"product","link":"https:\/\/www.tatanka.nl\/pl\/rush-herbal-popper\/","title":{"rendered":"Rush Herbal Popper"},"content":{"rendered":"<h2 dir=\"ltr\" data-pm-slice=\"1 1 []\">Czym jest Rush Herbal Popper?<\/h2>\n<p dir=\"ltr\">Rush Herbal Popper to naturalny suplement diety w sprayu przeznaczony do intensyfikacji dozna\u0144 seksualnych zar\u00f3wno dla m\u0119\u017cczyzn, jak i kobiet. Sk\u0142adaj\u0105cy si\u0119 z mieszanki mi\u0142orz\u0119bu japo\u0144skiego, \u017ce\u0144-szenia syberyjskiego, L-argininy i innych naturalnych sk\u0142adnik\u00f3w spray o pojemno\u015bci 3 ml zwi\u0119ksza przep\u0142yw krwi, wytrzyma\u0142o\u015b\u0107 i po\u017c\u0105danie seksualne. Rush Herbal Popper promuje zwi\u0119kszone doznania erotyczne poprzez wspomaganie kr\u0105\u017cenia i funkcji poznawczych, dzi\u0119ki czemu jest idealny dla par pragn\u0105cych naturalnie zwi\u0119kszy\u0107 intymno\u015b\u0107. Wygodny format sprayu zapewnia szybkie wch\u0142anianie, dostarczaj\u0105c szybkiego zastrzyku energii i pobudzenia. Dzi\u0119ki formule opartej na ro\u015blinach i bogatej w aminokwasy, Rush Herbal Popper jest bezpieczn\u0105, dost\u0119pn\u0105 bez recepty opcj\u0105 zwi\u0119kszania sprawno\u015bci seksualnej. Produkt wspiera og\u00f3lne zdrowie seksualne, pomagaj\u0105c u\u017cytkownikom zachowa\u0107 witalno\u015b\u0107 i nami\u0119tno\u015b\u0107 podczas intymnych chwil. Jego kompaktowa, dyskretna konstrukcja u\u0142atwia stosowanie w podr\u00f3\u017cy lub w domu. Rush Herbal Popper wyr\u00f3\u017cnia si\u0119 jako godny zaufania wyb\u00f3r dla tych, kt\u00f3rzy ceni\u0105 naturalne sk\u0142adniki i szukaj\u0105 niezawodnego sposobu na zwi\u0119kszenie swoich intymnych dozna\u0144 z naciskiem na jako\u015b\u0107 i skuteczno\u015b\u0107.<\/p>\n<h2 dir=\"ltr\">Historia Rush Herbal Popper<\/h2>\n<p dir=\"ltr\">Preparat Rush Herbal Popper zosta\u0142 wprowadzony na rynek w po\u0142owie 2010 roku w odpowiedzi na rosn\u0105ce zapotrzebowanie na naturalne suplementy poprawiaj\u0105ce sprawno\u015b\u0107 seksualn\u0105. Opracowany jako holistyczna alternatywa dla syntetycznych stymulant\u00f3w, Rush Herbal Popper \u0142\u0105czy\u0142 tradycyjne sk\u0142adniki, takie jak Ginkgo Biloba i \u017ce\u0144-sze\u0144 syberyjski z L-arginin\u0105, aby wspiera\u0107 sprawno\u015b\u0107 seksualn\u0105 i energi\u0119. Celem marki by\u0142o stworzenie bezpiecznego, skutecznego produktu zar\u00f3wno dla m\u0119\u017cczyzn, jak i kobiet, koncentruj\u0105cego si\u0119 na naturalnych ekstraktach wspomagaj\u0105cych przep\u0142yw krwi i pobudzenie. Format sprayu zosta\u0142 wybrany ze wzgl\u0119du na szybkie wch\u0142anianie i \u0142atwo\u015b\u0107 u\u017cycia, wyr\u00f3\u017cniaj\u0105c Rush Herbal Popper na rynku wellness. Z biegiem czasu formu\u0142a zosta\u0142a udoskonalona, aby zoptymalizowa\u0107 synergi\u0119 sk\u0142adnik\u00f3w, zapewniaj\u0105c sp\u00f3jne wyniki i satysfakcj\u0119 u\u017cytkownika. Jego rosn\u0105ca popularno\u015b\u0107 odzwierciedla trend w kierunku ro\u015blinnych \u015brodk\u00f3w wspomagaj\u0105cych intymno\u015b\u0107 bez recepty. W\u0142\u0105czenie sk\u0142adnik\u00f3w takich jak \u017curawina i niacyna zwi\u0119kszy\u0142o jego atrakcyjno\u015b\u0107, wspieraj\u0105c og\u00f3lny stan zdrowia. Dzi\u015b Rush Herbal Popper pozostaje popularnym wyborem, oferuj\u0105c niezawodne, naturalne rozwi\u0105zanie zwi\u0119kszaj\u0105ce witalno\u015b\u0107 seksualn\u0105. Jego historia podkre\u015bla zaanga\u017cowanie w jako\u015b\u0107 i innowacyjno\u015b\u0107, zapewniaj\u0105c u\u017cytkownikom bezpieczny i skuteczny spos\u00f3b na naturalne zwi\u0119kszenie nami\u0119tno\u015bci i wytrzyma\u0142o\u015bci.<\/p>\n<h2 dir=\"ltr\">Jak u\u017cywa\u0107 Rush Herbal Popper<\/h2>\n<p dir=\"ltr\">Stosowanie Rush Herbal Popper jest proste i zaprojektowane tak, aby naturalnie wzmacnia\u0107 intymne chwile. Przed u\u017cyciem nale\u017cy dobrze wstrz\u0105sn\u0105\u0107 butelk\u0105, a nast\u0119pnie rozpyli\u0107 3 ml (2 do 5 rozpyle\u0144) pod j\u0119zykiem oko\u0142o 15 minut przed aktywno\u015bci\u0105 seksualn\u0105, aby umo\u017cliwi\u0107 szybkie wch\u0142oni\u0119cie si\u0119 naturalnych sk\u0142adnik\u00f3w. Nie nale\u017cy przekracza\u0107 3 ml na 24 godziny, aby zapewni\u0107 bezpieczne stosowanie. Spray wspomaga przep\u0142yw krwi, energi\u0119 i podniecenie, sprzyjaj\u0105c zwi\u0119kszonym doznaniom erotycznym. Przechowuj Rush Herbal Popper w ch\u0142odnym, suchym miejscu, aby zachowa\u0107 jego moc. W celu uzyskania optymalnych rezultat\u00f3w nale\u017cy stosowa\u0107 wraz ze zr\u00f3wnowa\u017con\u0105 diet\u0105, poniewa\u017c suplement uzupe\u0142nia prawid\u0142owe od\u017cywianie. Unikaj stosowania, je\u015bli masz schorzenia, takie jak wysokie ci\u015bnienie krwi lub przyjmujesz okre\u015blone leki, a w razie w\u0105tpliwo\u015bci skonsultuj si\u0119 z lekarzem. Format sprayu zapewnia dyskretn\u0105, \u0142atw\u0105 aplikacj\u0119, dzi\u0119ki czemu Rush Herbal Popper jest idealny na spontaniczne lub zaplanowane romantyczne chwile. Po u\u017cyciu nale\u017cy bezpiecznie zamkn\u0105\u0107 butelk\u0119, aby zachowa\u0107 \u015bwie\u017co\u015b\u0107. Suplement ten oferuje nieinwazyjny spos\u00f3b na zwi\u0119kszenie witalno\u015bci seksualnej, zapewniaj\u0105c niezawodn\u0105 iskr\u0119 do intymno\u015bci przy minimalnym wysi\u0142ku, zapewniaj\u0105c p\u0142ynne uzupe\u0142nienie rutyny odnowy biologicznej dla nami\u0119tnych, pe\u0142nych energii dozna\u0144.<\/p>\n<h2 dir=\"ltr\">Sk\u0142adniki Rush Herbal Popper<\/h2>\n<p dir=\"ltr\">Rush Herbal Popper zosta\u0142 opracowany z naturalnych, wysokiej jako\u015bci sk\u0142adnik\u00f3w, aby wspiera\u0107 dobre samopoczucie seksualne. Ka\u017cda porcja 3 ml zawiera 39 mg L-argininy, 39 mg \u017ce\u0144-szenia syberyjskiego (Eleutherococcus senticosus), 39 mg Saw Palmetto (Serenoa repens), 39 mg \u017curawiny (Vaccinium macrocarpon), 15 mg Ginkgo Biloba, 15 mg kwasu L-glutaminowego, 15 mg L-alaniny, 15 mg L-lizyny, 15 mg niacyny (w postaci nikotynamidu, 83% zalecanej dziennej dawki), chlorek sodu i konserwanty E211 i E202. L-arginina poprawia przep\u0142yw krwi, wspomagaj\u0105c sprawno\u015b\u0107 seksualn\u0105, podczas gdy \u017ce\u0144-sze\u0144 syberyjski zwi\u0119ksza pobudzenie poprzez stymulacj\u0119 uwalniania hormon\u00f3w. Ginkgo Biloba wspomaga kr\u0105\u017cenie i funkcje poznawcze, a Saw Palmetto promuje zdrowie seksualne. \u017burawina i niacyna przyczyniaj\u0105 si\u0119 do og\u00f3lnej witalno\u015bci, a witamina C wspomaga metabolizm energetyczny. Formu\u0142a na bazie wody zapewnia szybkie wch\u0142anianie, zapewniaj\u0105c szybki efekt bez syntetycznych dodatk\u00f3w. Konserwanty utrzymuj\u0105 \u015bwie\u017co\u015b\u0107 w butelce z rozpylaczem. Naturalne sk\u0142adniki Rush Herbal Popper dzia\u0142aj\u0105 synergistycznie w celu zwi\u0119kszenia po\u017c\u0105dania i wytrzyma\u0142o\u015bci, dzi\u0119ki czemu jest to zaufany wyb\u00f3r dla os\u00f3b poszukuj\u0105cych bezpiecznego, skutecznego suplementu, kt\u00f3ry podniesie ich intymne doznania dzi\u0119ki wysokiej jako\u015bci i naturalnemu wsparciu.<\/p>\n<p dir=\"ltr\"><strong>Ostrze\u017cenie<\/strong><br \/>\nNie stosowa\u0107 w przypadku wysokiego ci\u015bnienia krwi, chor\u00f3b uk\u0142adu kr\u0105\u017cenia, cukrzycy, ci\u0105\u017cy, karmienia piersi\u0105 lub przyjmowania niekt\u00f3rych lek\u00f3w. W razie w\u0105tpliwo\u015bci nale\u017cy skonsultowa\u0107 si\u0119 z lekarzem. Produkt nie jest przeznaczony dla os\u00f3b poni\u017cej 18 roku \u017cycia. Przechowywa\u0107 w miejscu niedost\u0119pnym dla dzieci. Przechowywa\u0107 w ch\u0142odnym i suchym miejscu.<\/p>","protected":false},"excerpt":{"rendered":"<p dir=\"ltr\" data-pm-slice=\"1 1 []\">Rush Herbal Popper to naturalny suplement diety w sprayu dla m\u0119\u017cczyzn i kobiet, zwi\u0119kszaj\u0105cy po\u017c\u0105danie seksualne i wytrzyma\u0142o\u015b\u0107 dzi\u0119ki mi\u0142orz\u0119bowi japo\u0144skiemu, \u017ce\u0144-szeniowi syberyjskiemu i L-argininie. Ten spray o pojemno\u015bci 3 ml wspomaga intensywno\u015b\u0107 erotyczn\u0105 i funkcje poznawcze, zapewniaj\u0105c nami\u0119tne doznania.<\/p>","protected":false},"featured_media":12879,"template":"","meta":[],"product_brand":[],"product_cat":[576,297,531,573,383,476],"product_tag":[],"class_list":{"0":"post-9007","1":"product","2":"type-product","3":"status-publish","4":"has-post-thumbnail","6":"product_cat-sex-products-for-couples","7":"product_cat-all-products","8":"product_cat-aphrodisiacs","9":"product_cat-sex-products-top-10","10":"product_cat-sex-shop","11":"product_cat-smartshop","13":"first","14":"instock","15":"taxable","16":"shipping-taxable","17":"purchasable","18":"product-type-variable","19":"has-default-attributes"},"_links":{"self":[{"href":"https:\/\/www.tatanka.nl\/pl\/wp-json\/wp\/v2\/product\/9007","targetHints":{"allow":["GET"]}}],"collection":[{"href":"https:\/\/www.tatanka.nl\/pl\/wp-json\/wp\/v2\/product"}],"about":[{"href":"https:\/\/www.tatanka.nl\/pl\/wp-json\/wp\/v2\/types\/product"}],"wp:featuredmedia":[{"embeddable":true,"href":"https:\/\/www.tatanka.nl\/pl\/wp-json\/wp\/v2\/media\/12879"}],"wp:attachment":[{"href":"https:\/\/www.tatanka.nl\/pl\/wp-json\/wp\/v2\/media?parent=9007"}],"wp:term":[{"taxonomy":"product_brand","embeddable":true,"href":"https:\/\/www.tatanka.nl\/pl\/wp-json\/wp\/v2\/product_brand?post=9007"},{"taxonomy":"product_cat","embeddable":true,"href":"https:\/\/www.tatanka.nl\/pl\/wp-json\/wp\/v2\/product_cat?post=9007"},{"taxonomy":"product_tag","embeddable":true,"href":"https:\/\/www.tatanka.nl\/pl\/wp-json\/wp\/v2\/product_tag?post=9007"}],"curies":[{"name":"wp","href":"https:\/\/api.w.org\/{rel}","templated":true}]}}