{"id":9045,"date":"2018-01-13T14:56:56","date_gmt":"2018-01-13T14:56:56","guid":{"rendered":"http:\/\/www.tatanka.nl\/?post_type=product&#038;p=9045"},"modified":"2025-07-29T12:47:48","modified_gmt":"2025-07-29T11:47:48","slug":"spanish-love-drops-dirty-dancing","status":"publish","type":"product","link":"https:\/\/www.tatanka.nl\/pl\/spanish-love-drops-dirty-dancing\/","title":{"rendered":"Spanish Love \u2013 Dirty Dancing"},"content":{"rendered":"<h2 dir=\"ltr\" data-pm-slice=\"1 1 []\">Czym s\u0105 hiszpa\u0144skie krople mi\u0142o\u015bci Dirty Dancing?<\/h2>\n<p dir=\"ltr\">Spanish Love Drops Dirty Dancing to wysokiej jako\u015bci suplement diety stworzony w celu zwi\u0119kszenia po\u017c\u0105dania seksualnego i energii w naturalny spos\u00f3b. Zawarte w 30 ml butelce krople zawieraj\u0105 L-arginin\u0119 i witamin\u0119 C, kt\u00f3re poprawiaj\u0105 przep\u0142yw krwi i wspieraj\u0105 witalno\u015b\u0107, sprzyjaj\u0105c g\u0142\u0119bszemu po\u0142\u0105czeniu podczas intymnych chwil. Krople Spanish Love Drops Dirty Dancing zosta\u0142y stworzone z my\u015bl\u0105 o parach pragn\u0105cych wzmocni\u0107 swoje doznania seksualne, oferuj\u0105c wyrafinowan\u0105 formu\u0142\u0119, kt\u00f3ra promuje erotyczne napi\u0119cie i wytrzyma\u0142o\u015b\u0107. Krople s\u0105 \u0142atwe w u\u017cyciu, szybko wch\u0142aniane przez organizm i zapewniaj\u0105 naturalny wzrost sprawno\u015bci seksualnej. Idealny dla os\u00f3b, kt\u00f3re chc\u0105 rozpali\u0107 nami\u0119tno\u015b\u0107 bez syntetycznych dodatk\u00f3w, Spanish Love Drops Dirty Dancing wspiera zdrowe libido i poziom energii. Naturalne sk\u0142adniki suplementu sprawiaj\u0105, \u017ce jest on bezpiecznym wyborem dla zwi\u0119kszenia intymno\u015bci przy jednoczesnym uzupe\u0142nieniu zr\u00f3wnowa\u017conego stylu \u017cycia. Dzi\u0119ki wygodnej p\u0142ynnej formie, Spanish Love Drops Dirty Dancing jest idealny dla tych, kt\u00f3rzy chc\u0105 doda\u0107 iskry do swoich romantycznych spotka\u0144, zapewniaj\u0105c niezawodny, naturalny spos\u00f3b na zwi\u0119kszenie po\u017c\u0105dania i wi\u0119zi.<\/p>\n<h2 dir=\"ltr\">Historia hiszpa\u0144skiej mi\u0142o\u015bci Dirty Dancing<\/h2>\n<p dir=\"ltr\">Spanish Love Drops Dirty Dancing zosta\u0142 wprowadzony na rynek na pocz\u0105tku 2010 roku, w odpowiedzi na rosn\u0105ce zapotrzebowanie na naturalne suplementy poprawiaj\u0105ce kondycj\u0119 seksualn\u0105. Opracowany w ramach trendu w kierunku holistycznych rozwi\u0105za\u0144 intymnych, produkt ten mia\u0142 na celu zapewnienie bezpiecznego, skutecznego sposobu na zwi\u0119kszenie po\u017c\u0105dania i energii. Formu\u0142a Spanish Love Drops Dirty Dancing, zawieraj\u0105ca L-arginin\u0119 i witamin\u0119 C, zosta\u0142a zaprojektowana tak, aby wykorzysta\u0107 naturalne sk\u0142adniki znane ze wspierania przep\u0142ywu krwi i witalno\u015bci. Marka skupi\u0142a si\u0119 na stworzeniu produktu, kt\u00f3ry unika syntetycznych chemikali\u00f3w, przemawiaj\u0105c do par poszukuj\u0105cych naturalnego podej\u015bcia do intymno\u015bci. Z biegiem czasu formu\u0142a zosta\u0142a udoskonalona, aby zapewni\u0107 szybkie wch\u0142anianie i sp\u00f3jne wyniki, zyskuj\u0105c popularno\u015b\u0107 w\u015br\u00f3d u\u017cytkownik\u00f3w. Format 30 ml p\u0142ynu zosta\u0142 wybrany ze wzgl\u0119du na \u0142atwo\u015b\u0107 u\u017cycia i przeno\u015bno\u015b\u0107, dostosowuj\u0105c si\u0119 do nowoczesnego stylu \u017cycia. Wzrost popularno\u015bci Spanish Love Drops Dirty Dancing odzwierciedla rosn\u0105ce zainteresowanie naturalnymi suplementami bez recepty dla zdrowia seksualnego. Dzi\u015b pozostaje zaufanym wyborem, oferuj\u0105c zr\u00f3wnowa\u017con\u0105 mieszank\u0119 sk\u0142adnik\u00f3w, kt\u00f3re promuj\u0105 nami\u0119tno\u015b\u0107 i wytrzyma\u0142o\u015b\u0107, wspieraj\u0105c pary w zwi\u0119kszaniu ich intymnych do\u015bwiadcze\u0144 dzi\u0119ki produktowi zakorzenionemu w jako\u015bci i naturalnym zdrowiu.<\/p>\n<h2 dir=\"ltr\">Jak u\u017cywa\u0107 Spanish Love Drops Dirty Dancing<\/h2>\n<p dir=\"ltr\">Stosowanie Spanish Love Drops Dirty Dancing jest proste i ma na celu naturalne wzmocnienie intymnych chwil. We\u017a 3 ml (oko\u0142o 15 kropli) pod j\u0119zyk oko\u0142o 30 minut przed aktywno\u015bci\u0105 seksualn\u0105, aby umo\u017cliwi\u0107 organizmowi wch\u0142oni\u0119cie naturalnych sk\u0142adnik\u00f3w. Nie nale\u017cy przekracza\u0107 3 ml na 24 godziny, aby zapewni\u0107 bezpieczne stosowanie. Krople s\u0105 szybko wch\u0142aniane, promuj\u0105c przep\u0142yw krwi i energi\u0119 w celu zwi\u0119kszenia po\u017c\u0105dania. Przechowuj Spanish Love Drops Dirty Dancing w ch\u0142odnym i suchym miejscu, aby zachowa\u0107 jego moc. Aby uzyska\u0107 najlepsze wyniki, nale\u017cy stosowa\u0107 wraz ze zr\u00f3wnowa\u017con\u0105 diet\u0105, poniewa\u017c suplement uzupe\u0142nia prawid\u0142owe od\u017cywianie. Unikaj stosowania, je\u015bli cierpisz na takie schorzenia jak wysokie ci\u015bnienie krwi lub przyjmujesz okre\u015blone leki, a w razie w\u0105tpliwo\u015bci skonsultuj si\u0119 z lekarzem. P\u0142ynny format sprawia, \u017ce Spanish Love Drops Dirty Dancing jest \u0142atwy do w\u0142\u0105czenia do rutyny, oferuj\u0105c dyskretny i wygodny spos\u00f3b na zwi\u0119kszenie witalno\u015bci seksualnej. Po u\u017cyciu upewnij si\u0119, \u017ce butelka jest bezpiecznie zamkni\u0119ta, aby zachowa\u0107 \u015bwie\u017co\u015b\u0107. Suplement ten zapewnia naturalny, nieinwazyjny spos\u00f3b na zwi\u0119kszenie intymno\u015bci, zapewniaj\u0105c niezawodny zastrzyk energii i nami\u0119tno\u015bci dla par pragn\u0105cych podnie\u015b\u0107 poziom swoich romantycznych dozna\u0144 przy minimalnym wysi\u0142ku.<\/p>\n<h2 dir=\"ltr\">Sk\u0142adniki Spanish Love Drops Dirty Dancing<\/h2>\n<p dir=\"ltr\">Spanish Love Drops Dirty Dancing zosta\u0142 opracowany z naturalnych, wysokiej jako\u015bci sk\u0142adnik\u00f3w, aby wspiera\u0107 dobre samopoczucie seksualne. Ka\u017cda porcja 3 ml zawiera wod\u0119, 40,5 mg L-argininy, 15 mg witaminy C (kwas L-askorbinowy, zapewniaj\u0105cy 18,75% zalecanej dziennej dawki) oraz konserwanty E211 i E202. L-arginina, g\u0142\u00f3wny sk\u0142adnik aktywny, wspomaga lepszy przep\u0142yw krwi, co mo\u017ce poprawi\u0107 sprawno\u015b\u0107 seksualn\u0105 i wra\u017cliwo\u015b\u0107. Witamina C wspomaga metabolizm energetyczny i funkcjonowanie uk\u0142adu nerwowego, przyczyniaj\u0105c si\u0119 do zwi\u0119kszenia wytrzyma\u0142o\u015bci i witalno\u015bci. Formu\u0142a na bazie wody zapewnia szybkie wch\u0142anianie, zapewniaj\u0105c szybki efekt bez syntetycznych dodatk\u00f3w. Konserwanty utrzymuj\u0105 \u015bwie\u017co\u015b\u0107 i bezpiecze\u0144stwo produktu w 30 ml butelce. Nie stosuje si\u0119 szkodliwych substancji chemicznych, co jest zgodne z zaanga\u017cowaniem marki w naturalne, bezpieczne suplementy. Spanish Love Drops Dirty Dancing zosta\u0142 zaprojektowany jako uzupe\u0142nienie zdrowego stylu \u017cycia, oferuj\u0105c zr\u00f3wnowa\u017cone podej\u015bcie do poprawy intymno\u015bci. Starannie dobrane sk\u0142adniki dzia\u0142aj\u0105 synergistycznie, zwi\u0119kszaj\u0105c po\u017c\u0105danie i energi\u0119, dzi\u0119ki czemu suplement ten jest godnym zaufania wyborem dla os\u00f3b poszukuj\u0105cych naturalnego sposobu na zwi\u0119kszenie swoich dozna\u0144 seksualnych. Ta formu\u0142a zapewnia niezawodny, skuteczny produkt dla par pragn\u0105cych zwi\u0119kszy\u0107 nami\u0119tno\u015b\u0107 i wi\u0119\u017a bez uszczerbku dla bezpiecze\u0144stwa i jako\u015bci.<\/p>\n<p dir=\"ltr\"><strong>Ostrze\u017cenie<\/strong><br \/>\nNie stosowa\u0107 w przypadku wysokiego ci\u015bnienia krwi, chor\u00f3b uk\u0142adu kr\u0105\u017cenia, cukrzycy, ci\u0105\u017cy, karmienia piersi\u0105 lub przyjmowania niekt\u00f3rych lek\u00f3w. W razie w\u0105tpliwo\u015bci nale\u017cy skonsultowa\u0107 si\u0119 z lekarzem. Produkt nie jest przeznaczony dla os\u00f3b poni\u017cej 18 roku \u017cycia. Przechowywa\u0107 w miejscu niedost\u0119pnym dla dzieci. Przechowywa\u0107 w ch\u0142odnym i suchym miejscu.<\/p>","protected":false},"excerpt":{"rendered":"<p dir=\"ltr\" data-pm-slice=\"1 1 []\">Spanish Love Drops Dirty Dancing to naturalny suplement diety zaprojektowany w celu zwi\u0119kszenia po\u017c\u0105dania seksualnego i energii. Dzi\u0119ki zawarto\u015bci L-argininy i witaminy C krople te wspomagaj\u0105 przep\u0142yw krwi i witalno\u015b\u0107. Ka\u017cda butelka o pojemno\u015bci 30 ml wspomaga intymno\u015b\u0107 par.<\/p>","protected":false},"featured_media":12937,"template":"","meta":[],"product_brand":[],"product_cat":[545,297,531,576,383,476],"product_tag":[],"class_list":{"0":"post-9045","1":"product","2":"type-product","3":"status-publish","4":"has-post-thumbnail","6":"product_cat-spanish-fly","7":"product_cat-all-products","8":"product_cat-aphrodisiacs","9":"product_cat-sex-products-for-couples","10":"product_cat-sex-shop","11":"product_cat-smartshop","13":"first","14":"instock","15":"taxable","16":"shipping-taxable","17":"purchasable","18":"product-type-variable","19":"has-default-attributes"},"_links":{"self":[{"href":"https:\/\/www.tatanka.nl\/pl\/wp-json\/wp\/v2\/product\/9045","targetHints":{"allow":["GET"]}}],"collection":[{"href":"https:\/\/www.tatanka.nl\/pl\/wp-json\/wp\/v2\/product"}],"about":[{"href":"https:\/\/www.tatanka.nl\/pl\/wp-json\/wp\/v2\/types\/product"}],"wp:featuredmedia":[{"embeddable":true,"href":"https:\/\/www.tatanka.nl\/pl\/wp-json\/wp\/v2\/media\/12937"}],"wp:attachment":[{"href":"https:\/\/www.tatanka.nl\/pl\/wp-json\/wp\/v2\/media?parent=9045"}],"wp:term":[{"taxonomy":"product_brand","embeddable":true,"href":"https:\/\/www.tatanka.nl\/pl\/wp-json\/wp\/v2\/product_brand?post=9045"},{"taxonomy":"product_cat","embeddable":true,"href":"https:\/\/www.tatanka.nl\/pl\/wp-json\/wp\/v2\/product_cat?post=9045"},{"taxonomy":"product_tag","embeddable":true,"href":"https:\/\/www.tatanka.nl\/pl\/wp-json\/wp\/v2\/product_tag?post=9045"}],"curies":[{"name":"wp","href":"https:\/\/api.w.org\/{rel}","templated":true}]}}