{"id":9242,"date":"2018-01-16T16:08:54","date_gmt":"2018-01-16T16:08:54","guid":{"rendered":"http:\/\/www.tatanka.nl\/?post_type=product&#038;p=9242"},"modified":"2025-07-29T12:34:31","modified_gmt":"2025-07-29T11:34:31","slug":"baloons-100-pieces-nitro","status":"publish","type":"product","link":"https:\/\/www.tatanka.nl\/pl\/baloons-100-pieces-nitro\/","title":{"rendered":"Balony helowe 100 sztuk"},"content":{"rendered":"","protected":false},"excerpt":{"rendered":"<p><span style=\"color: #000000;\">Wysokiej jako\u015bci balony lateksowe 100%. Doskona\u0142e na specjalne okazje, takie jak urodziny, przyj\u0119cia lub karnawa\u0142. Przeznaczone do u\u017cytku z helem. Baw si\u0119 dobrze z t\u0105 du\u017c\u0105 ilo\u015bci\u0105 100 balon\u00f3w do wykorzystania na imprezie!<\/span><\/p>","protected":false},"featured_media":12737,"template":"","meta":[],"product_brand":[],"product_cat":[297,476],"product_tag":[],"class_list":{"0":"post-9242","1":"product","2":"type-product","3":"status-publish","4":"has-post-thumbnail","6":"product_cat-all-products","7":"product_cat-smartshop","9":"first","10":"instock","11":"taxable","12":"shipping-taxable","13":"purchasable","14":"product-type-simple"},"_links":{"self":[{"href":"https:\/\/www.tatanka.nl\/pl\/wp-json\/wp\/v2\/product\/9242","targetHints":{"allow":["GET"]}}],"collection":[{"href":"https:\/\/www.tatanka.nl\/pl\/wp-json\/wp\/v2\/product"}],"about":[{"href":"https:\/\/www.tatanka.nl\/pl\/wp-json\/wp\/v2\/types\/product"}],"wp:featuredmedia":[{"embeddable":true,"href":"https:\/\/www.tatanka.nl\/pl\/wp-json\/wp\/v2\/media\/12737"}],"wp:attachment":[{"href":"https:\/\/www.tatanka.nl\/pl\/wp-json\/wp\/v2\/media?parent=9242"}],"wp:term":[{"taxonomy":"product_brand","embeddable":true,"href":"https:\/\/www.tatanka.nl\/pl\/wp-json\/wp\/v2\/product_brand?post=9242"},{"taxonomy":"product_cat","embeddable":true,"href":"https:\/\/www.tatanka.nl\/pl\/wp-json\/wp\/v2\/product_cat?post=9242"},{"taxonomy":"product_tag","embeddable":true,"href":"https:\/\/www.tatanka.nl\/pl\/wp-json\/wp\/v2\/product_tag?post=9242"}],"curies":[{"name":"wp","href":"https:\/\/api.w.org\/{rel}","templated":true}]}}