{"id":9251,"date":"2020-12-01T17:06:51","date_gmt":"2020-12-01T15:06:51","guid":{"rendered":"http:\/\/www.tatanka.nl\/?post_type=product&#038;p=9251"},"modified":"2025-07-11T13:02:50","modified_gmt":"2025-07-11T12:02:50","slug":"heavenly-e-happy-caps","status":"publish","type":"product","link":"https:\/\/www.tatanka.nl\/pl\/heavenly-e-happy-caps\/","title":{"rendered":"Heavenly-E"},"content":{"rendered":"<h2 dir=\"ltr\" data-pm-slice=\"1 1 []\">Czym s\u0105 Happy Caps Heavenly-E?<\/h2>\n<p dir=\"ltr\">Happy Caps Heavenly-E to suplement diety opracowany, aby pom\u00f3c doros\u0142ym zrelaksowa\u0107 si\u0119 i odstresowa\u0107 w naturalny spos\u00f3b. Ka\u017cde opakowanie zawiera 4 wegetaria\u0144skie kapsu\u0142ki, \u0142\u0105cz\u0105ce uspokajaj\u0105ce zio\u0142a, takie jak ekstrakt z Mitragyna speciosa z teobromin\u0105, aby sprzyja\u0107 relaksacji i wyciszeniu. Preparat Happy Caps Heavenly-E jest idealny dla os\u00f3b poszukuj\u0105cych chwili wyciszenia po\u015br\u00f3d gor\u0105czkowego trybu \u017cycia i wspiera psychiczne i fizyczne odpr\u0119\u017cenie bez syntetycznych \u015brodk\u00f3w uspokajaj\u0105cych. Kapsu\u0142ki zosta\u0142y zaprojektowane tak, aby promowa\u0107 delikatny, koj\u0105cy efekt, zwi\u0119kszaj\u0105c uczucie spokoju i dobrego samopoczucia. Koncentruj\u0105c si\u0119 na jako\u015bci i naturalnych sk\u0142adnikach, suplement ten jest zgodny z zaanga\u017cowaniem Happy Caps w holistyczne wellness, oferuj\u0105c bezpieczn\u0105, ro\u015blinn\u0105 opcj\u0119 relaksu. Idealny na wieczorne odpr\u0119\u017cenie lub stresuj\u0105ce dni, Happy Caps Heavenly-E zapewnia zr\u00f3wnowa\u017cone podej\u015bcie do uspokojenia umys\u0142u i cia\u0142a, dzi\u0119ki czemu jest preferowanym wyborem dla u\u017cytkownik\u00f3w, kt\u00f3rzy ceni\u0105 naturalne \u015brodki i chc\u0105 w\u0142\u0105czy\u0107 relaks do swojej codziennej rutyny, zachowuj\u0105c jednocze\u015bnie jasno\u015b\u0107 i subtelne poczucie wi\u0119zi.<\/p>\n<h2 dir=\"ltr\">Historia Happy Caps Heavenly-E<\/h2>\n<p dir=\"ltr\">Happy Caps Heavenly-E zosta\u0142 wprowadzony w ramach misji Happy Caps polegaj\u0105cej na tworzeniu naturalnych suplement\u00f3w poprawiaj\u0105cych samopoczucie. Wprowadzony na rynek w 2000 roku, by\u0142 odpowiedzi\u0105 na rosn\u0105ce zapotrzebowanie na zio\u0142owe alternatywy do radzenia sobie ze stresem i promowania relaksu. Opieraj\u0105c si\u0119 na tradycyjnym stosowaniu Mitragyna speciosa ze wzgl\u0119du na jej uspokajaj\u0105ce w\u0142a\u015bciwo\u015bci w kulturach Azji Po\u0142udniowo-Wschodniej, Happy Caps po\u0142\u0105czy\u0142 ten ekstrakt z teobromin\u0105, aby stworzy\u0107 nowoczesn\u0105 pomoc relaksacyjn\u0105. Pocz\u0105tkowo popularny w\u015br\u00f3d entuzjast\u00f3w wellness, Happy Caps Heavenly-E zyska\u0142 szersz\u0105 popularno\u015b\u0107, gdy konsumenci szukali naturalnych rozwi\u0105za\u0144 w celu z\u0142agodzenia stresu. Z czasem marka udoskonali\u0142a formu\u0142\u0119, przyjmuj\u0105c wegetaria\u0144skie kapsu\u0142ki, aby zapewni\u0107 inkluzywno\u015b\u0107 i koncentruj\u0105c si\u0119 na zr\u00f3wnowa\u017conym pozyskiwaniu. Ta ewolucja odzwierciedla zaanga\u017cowanie Happy Caps w \u0142\u0105czenie staro\u017cytnej m\u0105dro\u015bci zio\u0142owej ze wsp\u00f3\u0142czesnymi potrzebami, tworz\u0105c produkt, kt\u00f3ry rezonuje z nowoczesnym stylem \u017cycia. Happy Caps Heavenly-E sta\u0142 si\u0119 zaufan\u0105 mark\u0105 na rynku suplement\u00f3w, uosabiaj\u0105c zaanga\u017cowanie marki w jako\u015b\u0107 i przejrzysto\u015b\u0107, i nadal wspiera u\u017cytkownik\u00f3w w znajdowaniu spokoju i r\u00f3wnowagi poprzez naturalne, skuteczne podej\u015bcie do relaksu, kt\u00f3re honoruje zar\u00f3wno tradycj\u0119, jak i innowacje.<\/p>\n<h2 dir=\"ltr\">Jak u\u017cywa\u0107 Happy Caps Heavenly-E<\/h2>\n<p dir=\"ltr\">Stosowanie Happy Caps Heavenly-E jest proste i zaprojektowane tak, aby skutecznie promowa\u0107 relaks. Przyjmowa\u0107 1 lub 2 kapsu\u0142ki popijaj\u0105c szklank\u0105 wody, najlepiej na pusty \u017co\u0142\u0105dek, aby zwi\u0119kszy\u0107 wch\u0142anianie i zapewni\u0107 optymalne rezultaty. Odczekaj 30-45 minut na rozpocz\u0119cie dzia\u0142ania uspokajaj\u0105cego, co czyni go idealnym rozwi\u0105zaniem w chwilach, gdy potrzebujesz si\u0119 zrelaksowa\u0107. Nie nale\u017cy przekracza\u0107 zalecanej dawki 2 kapsu\u0142ek dziennie, aby zachowa\u0107 bezpiecze\u0144stwo. Wegetaria\u0144skie kapsu\u0142ki s\u0105 \u0142atwe do po\u0142kni\u0119cia i doskonale integruj\u0105 si\u0119 z rutyn\u0105, czy to po d\u0142ugim dniu, czy w stresuj\u0105cym okresie. Przechowuj opakowanie w ch\u0142odnym, suchym miejscu, aby zachowa\u0107 moc. Happy Caps Heavenly-E jest przeznaczony dla os\u00f3b doros\u0142ych, oferuj\u0105c naturalny spos\u00f3b na odstresowanie i wyciszenie. Unikaj \u0142\u0105czenia z alkoholem, lekami lub stymulantami, aby zapobiec interakcjom. Post\u0119puj\u0105c zgodnie z tymi wytycznymi, u\u017cytkownicy mog\u0105 do\u015bwiadczy\u0107 koj\u0105cych korzy\u015bci suplementu, promuj\u0105c poczucie spokoju i dobrego samopoczucia. To proste podej\u015bcie zapewnia bezpieczny i skuteczny spos\u00f3b na relaks, zwi\u0119kszaj\u0105c zdolno\u015b\u0107 do odpuszczenia i znalezienia spokoju w naturalny spos\u00f3b.<\/p>\n<h2 dir=\"ltr\">Sk\u0142adniki Happy Caps Heavenly-E<\/h2>\n<p dir=\"ltr\">Preparat Happy Caps Heavenly-E zawiera zwi\u0119z\u0142\u0105 mieszank\u0119 naturalnych sk\u0142adnik\u00f3w wspomagaj\u0105cych relaksacj\u0119. Ka\u017cda wegetaria\u0144ska kapsu\u0142ka zawiera ekstrakt z Mitragyna speciosa (100 mg), ceniony ze wzgl\u0119du na swoje w\u0142a\u015bciwo\u015bci uspokajaj\u0105ce, oraz teobromin\u0119 (70 mg), kt\u00f3ra wspomaga \u0142agodn\u0105 energi\u0119 i r\u00f3wnowag\u0119 nastroju. Stearynian magnezu i dwutlenek wapnia s\u0142u\u017c\u0105 jako stabilizatory, zapewniaj\u0105c sp\u00f3jno\u015b\u0107 i jako\u015b\u0107 kapsu\u0142ki. Kapsu\u0142ka jest wykonana z hydroksypropylometylocelulozy, materia\u0142u ro\u015blinnego odpowiedniego dla wegetarian, wolnego od sk\u0142adnik\u00f3w pochodzenia zwierz\u0119cego. Nie zawiera sztucznych dodatk\u00f3w ani syntetycznych \u015brodk\u00f3w uspokajaj\u0105cych, stawiaj\u0105c na pierwszym miejscu czysto\u015b\u0107 i bezpiecze\u0144stwo. Sk\u0142adniki pochodz\u0105 od renomowanych dostawc\u00f3w, przestrzegaj\u0105cych rygorystycznych standard\u00f3w jako\u015bci w celu zapewnienia skuteczno\u015bci i niezawodno\u015bci. Mieszanka ta sprzyja relaksacji, zmniejsza stres i wspiera \u0142agodne poczucie wi\u0119zi, dzi\u0119ki czemu Happy Caps Heavenly-E jest naturalnym wyborem dla os\u00f3b poszukuj\u0105cych spokoju. Przejrzysty profil sk\u0142adnik\u00f3w przemawia do u\u017cytkownik\u00f3w ceni\u0105cych holistyczne podej\u015bcie do zdrowia, oferuj\u0105c bezpieczny, skuteczny suplement, kt\u00f3ry jest zgodny ze zr\u00f3wnowa\u017conymi praktykami. Koncentruj\u0105c si\u0119 na wysokiej jako\u015bci sk\u0142adnikach ro\u015blinnych, Happy Caps Heavenly-E zapewnia koj\u0105ce doznania, poprawiaj\u0105c samopoczucie, przy jednoczesnym zachowaniu zaanga\u017cowania w naturalne, odpowiedzialne pozyskiwanie w celu uzyskania zr\u00f3wnowa\u017conego, spokojnego efektu.<\/p>\n<p dir=\"ltr\"><strong>Ostrze\u017cenie<\/strong><br \/>\nHappy Caps Heavenly-E nie jest przeznaczony dla os\u00f3b poni\u017cej 18 roku \u017cycia. Nie stosowa\u0107 jako substytutu zr\u00f3\u017cnicowanej diety lub w po\u0142\u0105czeniu z lekami, u\u017cywkami lub nadmiern\u0105 ilo\u015bci\u0105 alkoholu. Unika\u0107 w przypadku wysokiego\/niskiego ci\u015bnienia krwi, chor\u00f3b serca, ci\u0105\u017cy, karmienia piersi\u0105, problem\u00f3w z tarczyc\u0105, chor\u00f3b nerek, depresji, nerwowo\u015bci lub stosowania inhibitor\u00f3w MAO. Przechowywa\u0107 w miejscu niedost\u0119pnym dla dzieci i nie przekracza\u0107 zalecanej dawki. Skonsultuj si\u0119 z pracownikiem s\u0142u\u017cby zdrowia, je\u015bli nie masz pewno\u015bci co do zgodno\u015bci z twoimi warunkami zdrowotnymi. U\u017cywaj odpowiedzialnie.<\/p>","protected":false},"excerpt":{"rendered":"<p><strong>Happy Caps: <\/strong>Heavenly-E \u0142\u0105czy w sobie najlepsze zio\u0142a uspokajaj\u0105ce. Pomaga si\u0119 odstresowa\u0107, zrelaksowa\u0107 i odpr\u0119\u017cy\u0107. Ciesz si\u0119 \u0142agodnymi efektami, kt\u00f3re klienci opisuj\u0105 jako \"po prostu niebia\u0144skie\".<\/p>\n<p>Energia <strong>***<\/strong><br \/>\nKoncentracja <strong>**<\/strong><br \/>\nRelaxation <strong>*****<\/strong><br \/>\nMi\u0142o\u015b\u0107 <strong>**<\/strong><br \/>\nPsychodeliczny <strong>**<\/strong><\/p>","protected":false},"featured_media":58046,"template":"","meta":[],"product_brand":[],"product_cat":[528,297,525,510,511,530,476],"product_tag":[],"class_list":{"0":"post-9251","1":"product","2":"type-product","3":"status-publish","4":"has-post-thumbnail","6":"product_cat-happy-caps","7":"product_cat-all-products","8":"product_cat-party-pills","9":"product_cat-relax","10":"product_cat-relax-herbs","11":"product_cat-relax-pills","12":"product_cat-smartshop","14":"first","15":"instock","16":"taxable","17":"shipping-taxable","18":"purchasable","19":"product-type-simple"},"_links":{"self":[{"href":"https:\/\/www.tatanka.nl\/pl\/wp-json\/wp\/v2\/product\/9251","targetHints":{"allow":["GET"]}}],"collection":[{"href":"https:\/\/www.tatanka.nl\/pl\/wp-json\/wp\/v2\/product"}],"about":[{"href":"https:\/\/www.tatanka.nl\/pl\/wp-json\/wp\/v2\/types\/product"}],"wp:featuredmedia":[{"embeddable":true,"href":"https:\/\/www.tatanka.nl\/pl\/wp-json\/wp\/v2\/media\/58046"}],"wp:attachment":[{"href":"https:\/\/www.tatanka.nl\/pl\/wp-json\/wp\/v2\/media?parent=9251"}],"wp:term":[{"taxonomy":"product_brand","embeddable":true,"href":"https:\/\/www.tatanka.nl\/pl\/wp-json\/wp\/v2\/product_brand?post=9251"},{"taxonomy":"product_cat","embeddable":true,"href":"https:\/\/www.tatanka.nl\/pl\/wp-json\/wp\/v2\/product_cat?post=9251"},{"taxonomy":"product_tag","embeddable":true,"href":"https:\/\/www.tatanka.nl\/pl\/wp-json\/wp\/v2\/product_tag?post=9251"}],"curies":[{"name":"wp","href":"https:\/\/api.w.org\/{rel}","templated":true}]}}