{"id":9256,"date":"2018-01-16T17:22:59","date_gmt":"2018-01-16T17:22:59","guid":{"rendered":"http:\/\/www.tatanka.nl\/?post_type=product&#038;p=9256"},"modified":"2025-05-20T10:32:24","modified_gmt":"2025-05-20T09:32:24","slug":"wild-lettuce-herbs","status":"publish","type":"product","link":"https:\/\/www.tatanka.nl\/pl\/wild-lettuce-herbs\/","title":{"rendered":"Wild Lettuce Herbs"},"content":{"rendered":"<h2>Co to jest Wild Lettuce?<\/h2>\n<p>Wild Lettuce, czyli Lactuca Virosa, to naturalnie wyst\u0119puj\u0105ce zio\u0142o tradycyjnie uznawane za uspokajaj\u0105ce i uspokajaj\u0105ce. Zapewnia \u0142agodne, ale skuteczne doznania podobne do opium, ale bez intensywnych skutk\u00f3w ubocznych. Znany ze swojej zdolno\u015bci do uspokajania uk\u0142adu nerwowego, Wild Lettuce sprzyja relaksacji i pomaga zmniejszy\u0107 stres. Jej \u0142agodne dzia\u0142anie euforyczne mo\u017ce poprawi\u0107 nastr\u00f3j i jest powszechnie stosowana jako naturalny \u015brodek na bezsenno\u015b\u0107 i dyskomfort. Ponadto mo\u017ce wywo\u0142ywa\u0107 \u017cywe sny, zwi\u0119kszaj\u0105c jasno\u015b\u0107 umys\u0142u i g\u0142\u0119boki odpoczynek.<\/p>\n<p>Zio\u0142o to jest dost\u0119pne w wielu formach, w tym lu\u017anych zi\u00f3\u0142 i kapsu\u0142ek, dzi\u0119ki czemu mo\u017cna je \u0142atwo doda\u0107 do rutyny odnowy biologicznej. Jego \u0142agodne, ale silne w\u0142a\u015bciwo\u015bci s\u0105 poszukiwane przez tych, kt\u00f3rzy szukaj\u0105 naturalnego sposobu na relaks i z\u0142agodzenie stresu.<\/p>\n<h2>Historia Wild Lettuce<\/h2>\n<p>Stosowanie Wild Lettuce si\u0119ga wiek\u00f3w wstecz, z historycznymi dowodami na jego stosowanie przez rdzenne plemiona ameryka\u0144skie w celu \u0142agodzenia b\u00f3lu i zaburze\u0144 snu. Zio\u0142o to by\u0142o wysoko cenione za swoje w\u0142a\u015bciwo\u015bci uspokajaj\u0105ce, zapewniaj\u0105c ulg\u0119 bez konieczno\u015bci stosowania syntetycznych lek\u00f3w lub ostrych chemikali\u00f3w.<\/p>\n<p>W Europie Wild Lettuce by\u0142 spo\u017cywany w r\u00f3\u017cnych formach, takich jak herbaty lub nalewki, w celu promowania relaksu i leczenia stan\u00f3w takich jak l\u0119k i bezsenno\u015b\u0107. Zosta\u0142 on uznany za bezpieczniejsz\u0105, naturaln\u0105 alternatyw\u0119 dla silniejszych opiat\u00f3w i \u015brodk\u00f3w uspokajaj\u0105cych. Na przestrzeni dziej\u00f3w Wild Lettuce zyska\u0142 reputacj\u0119 zaufanego zio\u0142owego \u015brodka leczniczego, zw\u0142aszcza w medycynie tradycyjnej.<\/p>\n<p>Ostatnio Wild Lettuce zyskuje na popularno\u015bci w nowoczesnych kr\u0119gach wellness. W miar\u0119 jak ludzie staj\u0105 si\u0119 bardziej \u015bwiadomi naturalnych \u015brodk\u00f3w zaradczych, zio\u0142o to odradza si\u0119 jako wszechstronna opcja dla os\u00f3b poszukuj\u0105cych spokoju i ulgi psychicznej.<\/p>\n<h2>Jak korzysta\u0107 z Wild Lettuce<\/h2>\n<p>Wild Lettuce to wszechstronne zio\u0142o, kt\u00f3re mo\u017cna stosowa\u0107 na kilka sposob\u00f3w, aby cieszy\u0107 si\u0119 jego uspokajaj\u0105cymi korzy\u015bciami. Typowa dawka wynosi oko\u0142o 1 grama dziennie, zar\u00f3wno w postaci sypkich zi\u00f3\u0142, jak i kapsu\u0142ek. Osoby stosuj\u0105ce zio\u0142a luzem mog\u0105 zaparzy\u0107 herbat\u0119, przygotowa\u0107 nalewk\u0119, a nawet przygotowa\u0107 domowe ekstrakty, aby uzyska\u0107 silniejszy efekt.<\/p>\n<p>Capsules to wygodna i \u0142atwa w u\u017cyciu alternatywa dla tych, kt\u00f3rzy nie chc\u0105 przygotowywa\u0107 zi\u00f3\u0142 r\u0119cznie. Wystarczy przestrzega\u0107 zalecanej dawki 1 grama dziennie, aby uzyska\u0107 najlepsze rezultaty.<\/p>\n<p>Uspokajaj\u0105ce w\u0142a\u015bciwo\u015bci Wild Lettuce s\u0105 bardziej skuteczne, gdy s\u0105 stosowane konsekwentnie przez d\u0142ugi czas. Regularne stosowanie mo\u017ce pom\u00f3c w \u0142agodzeniu stresu, promowa\u0107 spokojny sen i zapewnia\u0107 ulg\u0119 w dyskomforcie. Podobnie jak w przypadku ka\u017cdego suplementu zio\u0142owego, wa\u017cne jest monitorowanie reakcji organizmu i odpowiednie dostosowanie dawki.<\/p>\n<h2>Sk\u0142adniki Wild Lettuce<\/h2>\n<p>G\u0142\u00f3wnym sk\u0142adnikiem Wild Lettuce jest Lactuca Virosa, znana ze swoich w\u0142a\u015bciwo\u015bci uspokajaj\u0105cych i przeciwb\u00f3lowych. Zio\u0142o to zawiera r\u00f3\u017cne zwi\u0105zki bioaktywne, w tym alkaloidy, kt\u00f3re pomagaj\u0105 uspokoi\u0107 uk\u0142ad nerwowy, z\u0142agodzi\u0107 b\u00f3l i promowa\u0107 relaksacj\u0119. Chocia\u017c jego dok\u0142adne mechanizmy nie s\u0105 w pe\u0142ni zrozumia\u0142e, zwi\u0105zki te prawdopodobnie oddzia\u0142uj\u0105 z receptorami m\u00f3zgu, prowadz\u0105c do \u0142agodnego dzia\u0142ania uspokajaj\u0105cego.<\/p>\n<p>Opr\u00f3cz alkaloid\u00f3w, Wild Lettuce zawiera r\u00f3wnie\u017c flawonoidy, przeciwutleniacze i inne zwi\u0105zki, kt\u00f3re przyczyniaj\u0105 si\u0119 do jego korzy\u015bci zdrowotnych. Sk\u0142adniki te dzia\u0142aj\u0105 w tandemie, wspieraj\u0105c naturalne procesy lecznicze organizmu, poprawiaj\u0105c samopoczucie i promuj\u0105c spokojny, zr\u00f3wnowa\u017cony stan umys\u0142u.<\/p>\n<p><strong>Ostrze\u017cenie:<\/strong><br \/>\nWild Lettuce jest przeznaczony do u\u017cytku przez osoby powy\u017cej 18 roku \u017cycia. Przechowywa\u0107 w miejscu niedost\u0119pnym dla dzieci. Nie stosowa\u0107 u os\u00f3b przyjmuj\u0105cych inhibitory MAO lub cierpi\u0105cych na schorzenia takie jak problemy z nerkami lub sercem, wysokie lub niskie ci\u015bnienie krwi lub cukrzyca. Nie jest r\u00f3wnie\u017c zalecane dla os\u00f3b pod wp\u0142ywem lek\u00f3w, narkotyk\u00f3w lub alkoholu. Zio\u0142o to nie jest lekiem, lecz suplementem diety i tak powinno by\u0107 traktowane. Nie kupowa\u0107, je\u015bli plomba jest uszkodzona.<\/p>","protected":false},"excerpt":{"rendered":"<p>Wild Lettuce (Lactuca Virosa) to naturalne zio\u0142o znane ze swoich w\u0142a\u015bciwo\u015bci uspokajaj\u0105cych, oferuj\u0105ce \u0142agodniejszy efekt podobny do opium. Zapewnia koj\u0105ce, euforyczne, przeciwb\u00f3lowe i nasenne korzy\u015bci, dzi\u0119ki czemu jest idealnym wyborem dla os\u00f3b poszukuj\u0105cych \u0142agodnego relaksu i wyciszenia.<\/p>","protected":false},"featured_media":125948,"template":"","meta":[],"product_brand":[],"product_cat":[597,297,477,510,511,476],"product_tag":[],"class_list":{"0":"post-9256","1":"product","2":"type-product","3":"status-publish","4":"has-post-thumbnail","6":"product_cat-indian-elements","7":"product_cat-all-products","8":"product_cat-herbs","9":"product_cat-relax","10":"product_cat-relax-herbs","11":"product_cat-smartshop","13":"first","14":"instock","15":"taxable","16":"shipping-taxable","17":"purchasable","18":"product-type-variable"},"_links":{"self":[{"href":"https:\/\/www.tatanka.nl\/pl\/wp-json\/wp\/v2\/product\/9256","targetHints":{"allow":["GET"]}}],"collection":[{"href":"https:\/\/www.tatanka.nl\/pl\/wp-json\/wp\/v2\/product"}],"about":[{"href":"https:\/\/www.tatanka.nl\/pl\/wp-json\/wp\/v2\/types\/product"}],"wp:featuredmedia":[{"embeddable":true,"href":"https:\/\/www.tatanka.nl\/pl\/wp-json\/wp\/v2\/media\/125948"}],"wp:attachment":[{"href":"https:\/\/www.tatanka.nl\/pl\/wp-json\/wp\/v2\/media?parent=9256"}],"wp:term":[{"taxonomy":"product_brand","embeddable":true,"href":"https:\/\/www.tatanka.nl\/pl\/wp-json\/wp\/v2\/product_brand?post=9256"},{"taxonomy":"product_cat","embeddable":true,"href":"https:\/\/www.tatanka.nl\/pl\/wp-json\/wp\/v2\/product_cat?post=9256"},{"taxonomy":"product_tag","embeddable":true,"href":"https:\/\/www.tatanka.nl\/pl\/wp-json\/wp\/v2\/product_tag?post=9256"}],"curies":[{"name":"wp","href":"https:\/\/api.w.org\/{rel}","templated":true}]}}