{"id":130971,"date":"2025-07-15T08:39:57","date_gmt":"2025-07-15T07:39:57","guid":{"rendered":"https:\/\/www.tatanka.nl\/?page_id=130971"},"modified":"2026-03-25T11:28:53","modified_gmt":"2026-03-25T10:28:53","slug":"discount","status":"publish","type":"page","link":"https:\/\/www.tatanka.nl\/pt\/discount\/","title":{"rendered":"Desconto"},"content":{"rendered":"<div id=\"text-2166514471\" class=\"text\">\n\t\t\n\n<h1>\u00daltimos descontos<\/h1>\n\t\t\n<style>\n#text-2166514471 {\n  line-height: 1.5;\n  text-align: center;\n}\n<\/style>\n\t<\/div>\n\t\n<p style=\"text-align: center;\">Desfrute de grandes poupan\u00e7as nos seus produtos Tatanka favoritos com os nossos c\u00f3digos de desconto mais recentes. Actualizamos regularmente esta p\u00e1gina para lhe apresentar as ofertas mais recentes, por isso, volte sempre. Aproveite o seu desconto enquanto durar. Boas compras e aproveite as suas poupan\u00e7as!<\/p>\n<div class=\"is-divider divider clearfix\" style=\"max-width:100%;height:1px;\"><\/div>\n\n<div class=\"row\"  id=\"row-2004341106\">\n\n\n\t<div id=\"col-265844425\" class=\"col medium-6 small-12 large-6\"  >\n\t\t\t\t<div class=\"col-inner\"  >\n\t\t\t\n\t\t\t\n\n\n  <div class=\"banner has-hover\" id=\"banner-1112532496\">\n          <div class=\"banner-inner fill\">\n        <div class=\"banner-bg fill\" >\n            <img loading=\"lazy\" decoding=\"async\" width=\"2560\" height=\"732\" src=\"https:\/\/www.tatanka.nl\/wp-content\/uploads\/2026\/03\/Bunnys-Best-Shroomdeals_Wide_Steve_V3-scaled.png\" class=\"bg attachment-original size-original\" alt=\"- Tatanka.nl\" title=\"- Tatanka.nl\">                                    \n                    <\/div>\n\t\t\n        <div class=\"banner-layers container\">\n            <a class=\"fill\" href=\"https:\/\/www.tatanka.nl\/pt\/shroomshop\/\"><div class=\"fill banner-link\"><\/div><\/a>            \n\n\n        <\/div>\n      <\/div>\n\n            \n<style>\n#banner-1112532496 {\n  padding-top: 146px;\n}\n<\/style>\n  <\/div>\n\n\n<div class=\"is-divider divider clearfix\" style=\"height:0px;\"><\/div>\n\n<h2>As melhores ofertas de cogumelos da Bunny<\/h2>\n<p class=\"p1\">Chegou a primavera! Usufrua de 25% de desconto em toda a shroomshop* e descubra ou fa\u00e7a um stock dos seus produtos favoritos. N\u00e3o perca esta promo\u00e7\u00e3o sazonal! Esta promo\u00e7\u00e3o est\u00e1 ativa at\u00e9 ao dia 20 de abril.<\/p>\n<p><em>* N\u00e3o \u00e9 v\u00e1lido em combina\u00e7\u00e3o com outras promo\u00e7\u00f5es.\u00a0<\/em><\/p>\n<div class=\"row\"  id=\"row-1858102330\">\n\n\n\t<div id=\"col-1265149152\" class=\"col medium-6 small-7 large-6\"  >\n\t\t\t\t<div class=\"col-inner\"  >\n\t\t\t\n\t\t\t\n\n<a href=\"https:\/\/www.tatanka.nl\/pt\/shroomshop\/\" class=\"button primary\" >\n\t\t<span>Ir para o desconto<\/span>\n\t<\/a>\n\n\n\n\t\t<\/div>\n\t\t\t\t\t<\/div>\n\n\t\n\n\t<div id=\"col-167585710\" class=\"col medium-6 small-5 large-6\"  >\n\t\t\t\t<div class=\"col-inner text-right\"  >\n\t\t\t\n\t\t\t\n\n<a class=\"button success\" >\n\t\t<span>Ativo<\/span>\n\t<i class=\"icon-checkmark\" aria-hidden=\"true\"><\/i><\/a>\n\n\n\n\t\t<\/div>\n\t\t\t\t\t<\/div>\n\n\t\n\n<\/div>\n<div class=\"is-divider divider clearfix\" style=\"max-width:100%;height:1px;\"><\/div>\n\n\n\t\t<\/div>\n\t\t\t\t\t<\/div>\n\n\t\n\n\t<div id=\"col-2095861617\" class=\"col medium-6 small-12 large-6\"  >\n\t\t\t\t<div class=\"col-inner\"  >\n\t\t\t\n\t\t\t\n\n\n  <div class=\"banner has-hover\" id=\"banner-917362303\">\n          <div class=\"banner-inner fill\">\n        <div class=\"banner-bg fill\" >\n            <img loading=\"lazy\" decoding=\"async\" width=\"1610\" height=\"460\" src=\"https:\/\/www.tatanka.nl\/wp-content\/uploads\/2025\/07\/Bulkactie_wide_v2.jpg\" class=\"bg attachment-medium size-medium\" alt=\"- Tatanka.nl\" title=\"- Tatanka.nl\">                                    \n                    <\/div>\n\t\t\n        <div class=\"banner-layers container\">\n            <a class=\"fill\" href=\"https:\/\/www.tatanka.nl\/pt\/shroomshop\/magic-mushroom-grow-kits\/\"><div class=\"fill banner-link\"><\/div><\/a>            \n\n\n        <\/div>\n      <\/div>\n\n            \n<style>\n#banner-917362303 {\n  padding-top: 146px;\n}\n<\/style>\n  <\/div>\n\n\n<div class=\"is-divider divider clearfix\" style=\"height:0px;\"><\/div>\n\n<h2><strong>Desconto a granel para kits de cultivo de cogumelos m\u00e1gicos<\/strong><\/h2>\n<p>Para os amantes da bricolage e da natureza. Viva uma experi\u00eancia m\u00e1gica com as nossas trufas de alta qualidade. \u00c9 simples: quanto mais comprar, mais poupa*.\u00a0<\/p>\n<p><em>* N\u00e3o \u00e9 v\u00e1lido em combina\u00e7\u00e3o com outras promo\u00e7\u00f5es.\u00a0<\/em><\/p>\n<div class=\"row\"  id=\"row-732844706\">\n\n\n\t<div id=\"col-168876098\" class=\"col medium-6 small-7 large-6\"  >\n\t\t\t\t<div class=\"col-inner\"  >\n\t\t\t\n\t\t\t\n\n<a href=\"https:\/\/www.tatanka.nl\/pt\/shroomshop\/magic-mushroom-grow-kits\/\" class=\"button primary\" >\n\t\t<span>Ir para o desconto<\/span>\n\t<\/a>\n\n\n\n\t\t<\/div>\n\t\t\t\t\t<\/div>\n\n\t\n\n\t<div id=\"col-706147099\" class=\"col medium-6 small-5 large-6\"  >\n\t\t\t\t<div class=\"col-inner text-right\"  >\n\t\t\t\n\t\t\t\n\n<a class=\"button success\" >\n\t\t<span>Ativo<\/span>\n\t<i class=\"icon-checkmark\" aria-hidden=\"true\"><\/i><\/a>\n\n\n\n\t\t<\/div>\n\t\t\t\t\t<\/div>\n\n\t\n\n<\/div>\n<div class=\"is-divider divider clearfix\" style=\"max-width:100%;height:1px;\"><\/div>\n\n\n\t\t<\/div>\n\t\t\t\t\t<\/div>\n\n\t\n\n<\/div>\n<div class=\"row\"  id=\"row-1261077326\">\n\n\n\t<div id=\"col-1733964839\" class=\"col medium-6 small-12 large-6\"  >\n\t\t\t\t<div class=\"col-inner\"  >\n\t\t\t\n\t\t\t\n\n\n  <div class=\"banner has-hover\" id=\"banner-1430688304\">\n          <div class=\"banner-inner fill\">\n        <div class=\"banner-bg fill\" >\n            <img loading=\"lazy\" decoding=\"async\" width=\"1610\" height=\"460\" src=\"https:\/\/www.tatanka.nl\/wp-content\/uploads\/2025\/07\/Bulkactie_wide_v3.jpg\" class=\"bg attachment-medium size-medium\" alt=\"- Tatanka.nl\" title=\"- Tatanka.nl\">                                    \n                    <\/div>\n\t\t\n        <div class=\"banner-layers container\">\n            <a class=\"fill\" href=\"https:\/\/www.tatanka.nl\/pt\/shroomshop\/magic-truffles\/\"><div class=\"fill banner-link\"><\/div><\/a>            \n\n\n        <\/div>\n      <\/div>\n\n            \n<style>\n#banner-1430688304 {\n  padding-top: 146px;\n}\n<\/style>\n  <\/div>\n\n\n<div class=\"is-divider divider clearfix\" style=\"height:0px;\"><\/div>\n\n<h2><strong>Trufas m\u00e1gicas com desconto<\/strong><\/h2>\n<p>Para os aventureiros e exploradores. Viva uma experi\u00eancia m\u00e1gica com as nossas trufas de alta qualidade. \u00c9 simples: quanto mais comprar, mais poupa*.\u00a0<\/p>\n<p><em>* N\u00e3o \u00e9 v\u00e1lido em combina\u00e7\u00e3o com outras promo\u00e7\u00f5es.<\/em><\/p>\n<div class=\"row\"  id=\"row-440429041\">\n\n\n\t<div id=\"col-876885088\" class=\"col medium-6 small-7 large-6\"  >\n\t\t\t\t<div class=\"col-inner\"  >\n\t\t\t\n\t\t\t\n\n<a href=\"https:\/\/www.tatanka.nl\/pt\/shroomshop\/magic-truffles\/\" class=\"button primary\" >\n\t\t<span>Ir para o desconto<\/span>\n\t<\/a>\n\n\n\n\t\t<\/div>\n\t\t\t\t\t<\/div>\n\n\t\n\n\t<div id=\"col-465351448\" class=\"col medium-6 small-5 large-6\"  >\n\t\t\t\t<div class=\"col-inner text-right\"  >\n\t\t\t\n\t\t\t\n\n<a class=\"button success\" >\n\t\t<span>Ativo<\/span>\n\t<i class=\"icon-checkmark\" aria-hidden=\"true\"><\/i><\/a>\n\n\n\n\t\t<\/div>\n\t\t\t\t\t<\/div>\n\n\t\n\n<\/div>\n<div class=\"is-divider divider clearfix\" style=\"max-width:100%;height:1px;\"><\/div>\n\n\n\t\t<\/div>\n\t\t\t\t\t<\/div>\n\n\t\n\n\t<div id=\"col-1566473929\" class=\"col medium-6 small-12 large-6\"  >\n\t\t\t\t<div class=\"col-inner\"  >\n\t\t\t\n\t\t\t\n\n\n  <div class=\"banner has-hover\" id=\"banner-1160223117\">\n          <div class=\"banner-inner fill\">\n        <div class=\"banner-bg fill\" >\n            <img loading=\"lazy\" decoding=\"async\" width=\"1610\" height=\"460\" src=\"https:\/\/www.tatanka.nl\/wp-content\/uploads\/2025\/07\/Bulkactie_wide_v1.jpg\" class=\"bg attachment-medium size-medium\" alt=\"- Tatanka.nl\" title=\"- Tatanka.nl\">                                    \n                    <\/div>\n\t\t\n        <div class=\"banner-layers container\">\n            <a class=\"fill\" href=\"https:\/\/www.tatanka.nl\/pt\/shroomshop\/magic-mushroom-spore-syringes\/\"><div class=\"fill banner-link\"><\/div><\/a>            \n\n\n        <\/div>\n      <\/div>\n\n            \n<style>\n#banner-1160223117 {\n  padding-top: 146px;\n}\n<\/style>\n  <\/div>\n\n\n<div class=\"is-divider divider clearfix\" style=\"height:0px;\"><\/div>\n\n<h2><strong>Esporos de cogumelos m\u00e1gicos com desconto a granel<\/strong><\/h2>\n<p>Para os conhecedores e coleccionadores experientes. Viva uma experi\u00eancia m\u00e1gica com as nossas trufas de alta qualidade. \u00c9 simples: quanto mais comprar, mais poupa*.\u00a0<\/p>\n<p><em>* N\u00e3o \u00e9 v\u00e1lido em combina\u00e7\u00e3o com outras promo\u00e7\u00f5es.<\/em><\/p>\n<div class=\"row\"  id=\"row-1682849243\">\n\n\n\t<div id=\"col-667976947\" class=\"col medium-6 small-7 large-6\"  >\n\t\t\t\t<div class=\"col-inner\"  >\n\t\t\t\n\t\t\t\n\n<a href=\"https:\/\/www.tatanka.nl\/pt\/shroomshop\/magic-mushroom-spore-syringes\/\" class=\"button primary\" >\n\t\t<span>Ir para o desconto<\/span>\n\t<\/a>\n\n\n\n\t\t<\/div>\n\t\t\t\t\t<\/div>\n\n\t\n\n\t<div id=\"col-1520552069\" class=\"col medium-6 small-5 large-6\"  >\n\t\t\t\t<div class=\"col-inner text-right\"  >\n\t\t\t\n\t\t\t\n\n<a class=\"button success\" >\n\t\t<span>Ativo<\/span>\n\t<i class=\"icon-checkmark\" aria-hidden=\"true\"><\/i><\/a>\n\n\n\n\t\t<\/div>\n\t\t\t\t\t<\/div>\n\n\t\n\n<\/div>\n<div class=\"is-divider divider clearfix\" style=\"max-width:100%;height:1px;\"><\/div>\n\n\n\t\t<\/div>\n\t\t\t\t\t<\/div>\n\n\t\n\n<\/div>\n\n\t<div id=\"text-2780955063\" class=\"text\">\n\t\t\n\n<h3><strong>Termos e condi\u00e7\u00f5es<\/strong><\/h3>\n\t\t\n<style>\n#text-2780955063 {\n  font-size: 1.55rem;\n  line-height: 0.75;\n}\n<\/style>\n\t<\/div>\n\t\n<p>Entendemos que toda a gente adora uma boa pechincha, e \u00e9 por isso que fizemos a nossa miss\u00e3o de trazer c\u00f3digos de desconto especiais Tatanka para si. Para garantir que todos entendem os descontos do Tatanks, encontrar\u00e1 os termos e condi\u00e7\u00f5es dos descontos abaixo.\u00a0<\/p>\n<p>Todas as ofertas est\u00e3o sujeitas a disponibilidade e podem ser alteradas durante o per\u00edodo promocional especificado. As encomendas devem ser efectuadas enquanto a oferta estiver ativa e dispon\u00edvel. As ofertas actuais n\u00e3o podem ser trocadas por produtos alternativos ou dinheiro. Os artigos promocionais destinam-se apenas a uso promocional. Os descontos por quantidade ser\u00e3o aplicados automaticamente. Os descontos por quantidade s\u00e3o apenas descontos online. Durante as grandes promo\u00e7\u00f5es, os descontos de quantidade s\u00e3o temporariamente desactivados. Esfor\u00e7amo-nos por fornecer sempre informa\u00e7\u00f5es exactas, mas n\u00e3o somos respons\u00e1veis por quaisquer erros ou omiss\u00f5es. Reservamo-nos o direito de alterar os pormenores, as descri\u00e7\u00f5es e a disponibilidade das ofertas e dos produtos.<\/p>","protected":false},"excerpt":{"rendered":"","protected":false},"author":7496,"featured_media":0,"parent":0,"menu_order":0,"comment_status":"closed","ping_status":"closed","template":"","meta":{"footnotes":""},"class_list":["post-130971","page","type-page","status-publish","hentry"],"_links":{"self":[{"href":"https:\/\/www.tatanka.nl\/pt\/wp-json\/wp\/v2\/pages\/130971","targetHints":{"allow":["GET"]}}],"collection":[{"href":"https:\/\/www.tatanka.nl\/pt\/wp-json\/wp\/v2\/pages"}],"about":[{"href":"https:\/\/www.tatanka.nl\/pt\/wp-json\/wp\/v2\/types\/page"}],"author":[{"embeddable":true,"href":"https:\/\/www.tatanka.nl\/pt\/wp-json\/wp\/v2\/users\/7496"}],"replies":[{"embeddable":true,"href":"https:\/\/www.tatanka.nl\/pt\/wp-json\/wp\/v2\/comments?post=130971"}],"version-history":[{"count":59,"href":"https:\/\/www.tatanka.nl\/pt\/wp-json\/wp\/v2\/pages\/130971\/revisions"}],"predecessor-version":[{"id":138572,"href":"https:\/\/www.tatanka.nl\/pt\/wp-json\/wp\/v2\/pages\/130971\/revisions\/138572"}],"wp:attachment":[{"href":"https:\/\/www.tatanka.nl\/pt\/wp-json\/wp\/v2\/media?parent=130971"}],"curies":[{"name":"wp","href":"https:\/\/api.w.org\/{rel}","templated":true}]}}