{"id":31614,"date":"2021-06-04T09:11:04","date_gmt":"2021-06-04T09:11:04","guid":{"rendered":"https:\/\/www.tatanka.nl\/?page_id=31614"},"modified":"2024-09-30T12:20:03","modified_gmt":"2024-09-30T11:20:03","slug":"staff-wanted","status":"publish","type":"page","link":"https:\/\/www.tatanka.nl\/pt\/staff-wanted\/","title":{"rendered":"Pessoal desejado"},"content":{"rendered":"<div id=\"gap-1142164957\" class=\"gap-element clearfix\" style=\"display:block; height:auto;\">\n\t\t\n<style>\n#gap-1142164957 {\n  padding-top: 40px;\n}\n<\/style>\n\t<\/div>\n\t\n\n<div class=\"row row-small\"  id=\"row-2132006901\">\n\n\n\t<div id=\"col-129295852\" class=\"col small-12 large-12 small-col-first\"  >\n\t\t\t\t<div class=\"col-inner text-left box-shadow-3\"  >\n\t\t\t\n\t\t\t\n\n\t<div class=\"img has-hover x md-x lg-x y md-y lg-y\" id=\"image_1082354976\">\n\t\t\t\t\t\t\t\t<div class=\"img-inner dark\" >\n\t\t\t<img loading=\"lazy\" decoding=\"async\" width=\"1440\" height=\"404\" src=\"https:\/\/www.tatanka.nl\/wp-content\/uploads\/2018\/05\/Psychedelic-Magic-Truffles-Amsterdam.jpg\" class=\"attachment-original size-original\" alt=\"- Tatanka.nl\" srcset=\"https:\/\/www.tatanka.nl\/wp-content\/uploads\/2018\/05\/Psychedelic-Magic-Truffles-Amsterdam.jpg 1440w, https:\/\/www.tatanka.nl\/wp-content\/uploads\/2018\/05\/Psychedelic-Magic-Truffles-Amsterdam-420x118.jpg 420w, https:\/\/www.tatanka.nl\/wp-content\/uploads\/2018\/05\/Psychedelic-Magic-Truffles-Amsterdam-64x18.jpg 64w, https:\/\/www.tatanka.nl\/wp-content\/uploads\/2018\/05\/Psychedelic-Magic-Truffles-Amsterdam-600x168.jpg 600w, https:\/\/www.tatanka.nl\/wp-content\/uploads\/2018\/05\/Psychedelic-Magic-Truffles-Amsterdam-768x215.jpg 768w, https:\/\/www.tatanka.nl\/wp-content\/uploads\/2018\/05\/Psychedelic-Magic-Truffles-Amsterdam-800x224.jpg 800w\" sizes=\"auto, (max-width: 1440px) 100vw, 1440px\" title=\"- Tatanka.nl\">\t\t\t\t\t\t\n\t\t\t\t\t<\/div>\n\t\t\t\t\t\t\t\t\n<style>\n#image_1082354976 {\n  width: 100%;\n}\n<\/style>\n\t<\/div>\n\t\n\n<h1><span style=\"font-size: 120%;\">F\u00e9rias<\/span><\/h1>\n<p>Estamos diretamente \u00e0 procura de um assistente de gerente para um dos nossos 3 centros comerciais em Amesterd\u00e3o. Com possibilidade de se tornar um gerente assistente.<\/p>\n<p>Para mais informa\u00e7\u00f5es, consulte o formul\u00e1rio de candidatura abaixo<\/p>\n<div class=\"accordion\">\n\n\t<div id=\"accordion-3551288109\" class=\"accordion-item\">\n\t\t<a id=\"accordion-3551288109-label\" class=\"accordion-title plain active\" href=\"#accordion-item-verkoopmedewerker\" aria-expanded=\"true\" aria-controls=\"accordion-3551288109-content\">\n\t\t\t<button class=\"toggle\" aria-label=\"Alternar\"><i class=\"icon-angle-down\" aria-hidden=\"true\"><\/i><\/button>\n\t\t\t<span>Verkoopmedewerker<\/span>\n\t\t<\/a>\n\t\t<div id=\"accordion-3551288109-content\" class=\"accordion-inner\" style=\"display: block;\" aria-labelledby=\"accordion-3551288109-label\">\n\t\t\t\n\n<p>\u00c9 entusiasta, corajoso e ajuda grandes homens? Ent\u00e3o, estamos \u00e0 sua procura!<\/p>\n<p>Para os doze Smartshops (o Headshop e duas filiais da Tatanka) no centro de Amesterd\u00e3o, estamos \u00e0 procura de fornecedores de equipamentos. <\/p>\n<p><strong>Procuramos algu\u00e9m para o fazer:<\/strong><\/p>\n<p>- <strong>Pa\u00edses Baixos<\/strong> en <strong>Engels<\/strong> spreekt<br \/>- As pessoas que trabalham de forma positiva podem ajudar<br \/>- Muito bem escrito, mas tamb\u00e9m \u00e9 muito bonito<br \/>- O interesse \u00e9 mantido, a situa\u00e7\u00e3o \u00e9 resolvida e a a\u00e7\u00e3o \u00e9 gerida de forma pr\u00f3-ativa<\/p>\n<p><strong>Estamos em contacto direto com homens que fazem parte da nossa equipa<\/strong><\/p>\n<a href=\"mailto:job@tatanka.nl?subject=Aanmelding%20vacature%3A%20Verkoopmedewerker&#038;body=Hallo%2C%20ik%20heb%20interesse%20in%20de%20vacature%20van%20Verkoopmedewerker\" class=\"button primary is-shade is-larger box-shadow-4 box-shadow-5-hover\" style=\"border-radius:15px;\">\n\t\t<span>Correio eletr\u00f3nico<\/span>\n\t<i class=\"icon-envelop\" aria-hidden=\"true\"><\/i><\/a>\n\n\n<p>----<\/p>\n<p>\u00c9 entusiasta, competente e gosta de ajudar as pessoas? Ent\u00e3o estamos \u00e0 sua procura!<\/p>\n<p>Estamos \u00e0 procura de vendedores para os nossos tr\u00eas Smartshop (o Headshop e duas filiais da Tatanka) no centro de Amesterd\u00e3o.<\/p>\n<p>Estamos \u00e0 procura de algu\u00e9m que:<\/p>\n<p>- fala neerland\u00eas e ingl\u00eas<br \/>\n- Ser capaz de ajudar os clientes de uma forma positiva<br \/>\n- Gosta de trabalhar em conjunto, mas tamb\u00e9m \u00e9 independente<br \/>\n- Tem perspic\u00e1cia, pensa de forma orientada para a solu\u00e7\u00e3o e age de forma proactiva<\/p>\n<p>Estamos imediatamente \u00e0 procura de pessoas para se juntarem \u00e0 nossa equipa<\/p>\n<a href=\"mailto:job@tatanka.nl?subject=Aanmelding%20vacature%3A%20Verkoopmedewerker&#038;body=Hallo%2C%20ik%20heb%20interesse%20in%20de%20vacature%20van%20Verkoopmedewerker\" class=\"button primary is-shade is-larger box-shadow-4 box-shadow-5-hover\" style=\"border-radius:15px;\">\n\t\t<span>Correio eletr\u00f3nico<\/span>\n\t<i class=\"icon-envelop\" aria-hidden=\"true\"><\/i><\/a>\n\n\n\n\t\t<\/div>\n\t<\/div>\n\t\n\t<div id=\"accordion-4060397604\" class=\"accordion-item\">\n\t\t<a id=\"accordion-4060397604-label\" class=\"accordion-title plain\" href=\"#accordion-item-assistent-winkelmanager-m\/v-(30-40-uur)\" aria-expanded=\"false\" aria-controls=\"accordion-4060397604-content\">\n\t\t\t<button class=\"toggle\" aria-label=\"Alternar\"><i class=\"icon-angle-down\" aria-hidden=\"true\"><\/i><\/button>\n\t\t\t<span>Assistente de gerente de piscinas m\/v (30-40 uur)<\/span>\n\t\t<\/a>\n\t\t<div id=\"accordion-4060397604-content\" class=\"accordion-inner\" aria-labelledby=\"accordion-4060397604-label\">\n\t\t\t\n\n<p>Est\u00e1 entusiasmado, \u00e9 corajoso e tem muitos amigos? Ent\u00e3o estamos \u00e0 procura de si!<\/p>\n<p>Para os doze Smartshop (o Headshop e duas filiais da Tatanka) no centro de Amesterd\u00e3o, estamos \u00e0 procura de um assistente de gest\u00e3o de balc\u00f5es. Met doorgoeimogelijkheden tot assistent manager van alle winkels.<\/p>\n<p><strong>Procuramos algu\u00e9m para o fazer:<\/strong><\/p>\n<p>- <strong>Pa\u00edses Baixos<\/strong> en <strong>Engels<\/strong> spreekt<br \/>- O que \u00e9 que o Zich tem a dizer?<br \/>- Homens com uma atitude positiva podem ajudar<br \/>- No \u00e2mbito do zaak, podem ser introduzidas correc\u00e7\u00f5es e podem ser criadas outras correc\u00e7\u00f5es&nbsp;<br \/>- Muito bem escrito, mas tamb\u00e9m \u00e9 muito bonito<br \/>- O interesse \u00e9 mantido, a situa\u00e7\u00e3o \u00e9 resolvida e a a\u00e7\u00e3o \u00e9 gerida de forma pr\u00f3-ativa<\/p>\n<p><strong>Voorkomende taken:<\/strong><\/p>\n<p>- Importante para o controlo de cheques de viagem<br \/>- Aansturen e motiveren da Collega's<br \/>- O trabalho de apoio e aconselhamento de crian\u00e7as<br \/>- Pesquisa sobre o controlo e a otimiza\u00e7\u00e3o do sistema de piscinas<br \/>- Atualiza\u00e7\u00e3o das instala\u00e7\u00f5es<\/p>\n\t<div id=\"gap-1810971819\" class=\"gap-element clearfix\" style=\"display:block; height:auto;\">\n\t\t\n<style>\n#gap-1810971819 {\n  padding-top: 30px;\n}\n<\/style>\n\t<\/div>\n\t\n\n<a href=\"mailto:job@tatanka.nl?subject=Aanmelding%20vacature%3A%20Assistent%20winkelmanager&#038;body=Hallo%2C%20ik%20heb%20interesse%20in%20de%20vacature%20van%20Assistent%20winkelmanager!\" class=\"button primary is-shade is-larger box-shadow-4 box-shadow-5-hover\" style=\"border-radius:15px;\">\n\t\t<span>Correio eletr\u00f3nico<\/span>\n\t<i class=\"icon-envelop\" aria-hidden=\"true\"><\/i><\/a>\n\n\n\n\t\t<\/div>\n\t<\/div>\n\t\n\n<\/div>\n\n\t\t<\/div>\n\t\t\t\t\n<style>\n#col-129295852 > .col-inner {\n  padding: 30px 30px 30px 30px;\n}\n<\/style>\n\t<\/div>\n\n\t\n\n<\/div>\n<div class=\"row row-small row-box-shadow-3\"  id=\"row-1153498377\">\n\n\n\t<div id=\"col-718188853\" class=\"col medium-4 small-12 large-4\"  >\n\t\t\t\t<div class=\"col-inner\"  >\n\t\t\t\n\t\t\t\n\n<h2>1. Loja Tatanka<\/h2>\n\t<div class=\"img has-hover x md-x lg-x y md-y lg-y\" id=\"image_1139621150\">\n\t\t\t\t\t\t\t\t<div class=\"img-inner dark\" >\n\t\t\t<img loading=\"lazy\" decoding=\"async\" width=\"400\" height=\"275\" src=\"https:\/\/www.tatanka.nl\/wp-content\/uploads\/2018\/04\/Tatanka-Amsterdam-Shop.jpg\" class=\"attachment-original size-original\" alt=\"- Tatanka.nl\" srcset=\"https:\/\/www.tatanka.nl\/wp-content\/uploads\/2018\/04\/Tatanka-Amsterdam-Shop.jpg 400w, https:\/\/www.tatanka.nl\/wp-content\/uploads\/2018\/04\/Tatanka-Amsterdam-Shop-64x44.jpg 64w\" sizes=\"auto, (max-width: 400px) 100vw, 400px\" title=\"- Tatanka.nl\">\t\t\t\t\t\t\n\t\t\t\t\t<\/div>\n\t\t\t\t\t\t\t\t\n<style>\n#image_1139621150 {\n  width: 100%;\n}\n<\/style>\n\t<\/div>\n\t\n\n<p>Korte Leidsedwarsstraat 151a<br \/>1017 PZ Amesterd\u00e3o<br \/>Pa\u00edses Baixos<\/p>\n<p><strong> Perto da Leidseplein<\/strong><br \/>Das 10.00 \u00e0s 22.00<\/p>\n\n\t\t<\/div>\n\t\t\t\t\t<\/div>\n\n\t\n\n\t<div id=\"col-1488217207\" class=\"col medium-4 small-12 large-4\"  >\n\t\t\t\t<div class=\"col-inner\"  >\n\t\t\t\n\t\t\t\n\n<h2>2. Headshop<\/h2>\n\t<div class=\"img has-hover x md-x lg-x y md-y lg-y\" id=\"image_509264537\">\n\t\t\t\t\t\t\t\t<div class=\"img-inner dark\" >\n\t\t\t<img loading=\"lazy\" decoding=\"async\" width=\"400\" height=\"275\" src=\"https:\/\/www.tatanka.nl\/wp-content\/uploads\/2018\/04\/Headshop-Amsterdam.jpg\" class=\"attachment-original size-original\" alt=\"- Tatanka.nl\" srcset=\"https:\/\/www.tatanka.nl\/wp-content\/uploads\/2018\/04\/Headshop-Amsterdam.jpg 400w, https:\/\/www.tatanka.nl\/wp-content\/uploads\/2018\/04\/Headshop-Amsterdam-64x44.jpg 64w\" sizes=\"auto, (max-width: 400px) 100vw, 400px\" title=\"- Tatanka.nl\">\t\t\t\t\t\t\n\t\t\t\t\t<\/div>\n\t\t\t\t\t\t\t\t\n<style>\n#image_509264537 {\n  width: 100%;\n}\n<\/style>\n\t<\/div>\n\t\n\n<p>Kloveniersburgwal 39<br \/>1011 JW Amesterd\u00e3o<br \/>Pa\u00edses Baixos<\/p>\n<p><strong> Perto da Pra\u00e7a Dam<\/strong><br \/>\nDas 10.00 \u00e0s 22.00<\/p>\n\n\t\t<\/div>\n\t\t\t\t\t<\/div>\n\n\t\n\n\t<div id=\"col-1532476515\" class=\"col medium-4 small-12 large-4\"  >\n\t\t\t\t<div class=\"col-inner text-left\"  >\n\t\t\t\n\t\t\t\n\n<h2>3. Loja Tatanka<\/h2>\n\t<div class=\"img has-hover x md-x lg-x y md-y lg-y\" id=\"image_1240817543\">\n\t\t\t\t\t\t\t\t<div class=\"img-inner dark\" >\n\t\t\t<img loading=\"lazy\" decoding=\"async\" width=\"400\" height=\"275\" src=\"https:\/\/www.tatanka.nl\/wp-content\/uploads\/2018\/04\/Tatanka-Halve-Maan-Shop.jpg\" class=\"attachment-original size-original\" alt=\"- Tatanka.nl\" srcset=\"https:\/\/www.tatanka.nl\/wp-content\/uploads\/2018\/04\/Tatanka-Halve-Maan-Shop.jpg 400w, https:\/\/www.tatanka.nl\/wp-content\/uploads\/2018\/04\/Tatanka-Halve-Maan-Shop-64x44.jpg 64w\" sizes=\"auto, (max-width: 400px) 100vw, 400px\" title=\"- Tatanka.nl\">\t\t\t\t\t\t\n\t\t\t\t\t<\/div>\n\t\t\t\t\t\t\t\t\n<style>\n#image_1240817543 {\n  width: 100%;\n}\n<\/style>\n\t<\/div>\n\t\n\n<p>Halvemaansteeg 12<br \/>1017 CR Amesterd\u00e3o<br \/>Pa\u00edses Baixos<\/p>\n<p><strong> Perto de Rembrandtplein<\/strong><br \/>\nDas 10.00 \u00e0s 22.00<\/p>\n\n\t\t<\/div>\n\t\t\t\t\t<\/div>\n\n\t\n\n\n<style>\n#row-1153498377 > .col > .col-inner {\n  padding: 30px 30px 30px 30px;\n}\n<\/style>\n<\/div>\n\t<div id=\"gap-746286631\" class=\"gap-element clearfix\" style=\"display:block; height:auto;\">\n\t\t\n<style>\n#gap-746286631 {\n  padding-top: 20px;\n}\n<\/style>\n\t<\/div>","protected":false},"excerpt":{"rendered":"","protected":false},"author":1427,"featured_media":0,"parent":0,"menu_order":0,"comment_status":"closed","ping_status":"closed","template":"page-blank.php","meta":{"footnotes":""},"class_list":["post-31614","page","type-page","status-publish","hentry"],"_links":{"self":[{"href":"https:\/\/www.tatanka.nl\/pt\/wp-json\/wp\/v2\/pages\/31614","targetHints":{"allow":["GET"]}}],"collection":[{"href":"https:\/\/www.tatanka.nl\/pt\/wp-json\/wp\/v2\/pages"}],"about":[{"href":"https:\/\/www.tatanka.nl\/pt\/wp-json\/wp\/v2\/types\/page"}],"author":[{"embeddable":true,"href":"https:\/\/www.tatanka.nl\/pt\/wp-json\/wp\/v2\/users\/1427"}],"replies":[{"embeddable":true,"href":"https:\/\/www.tatanka.nl\/pt\/wp-json\/wp\/v2\/comments?post=31614"}],"version-history":[{"count":0,"href":"https:\/\/www.tatanka.nl\/pt\/wp-json\/wp\/v2\/pages\/31614\/revisions"}],"wp:attachment":[{"href":"https:\/\/www.tatanka.nl\/pt\/wp-json\/wp\/v2\/media?parent=31614"}],"curies":[{"name":"wp","href":"https:\/\/api.w.org\/{rel}","templated":true}]}}