{"id":31937,"date":"2021-07-14T09:38:03","date_gmt":"2021-07-14T07:38:03","guid":{"rendered":"https:\/\/www.tatanka.nl\/?page_id=31937"},"modified":"2022-03-29T11:49:52","modified_gmt":"2022-03-29T09:49:52","slug":"payment-methods","status":"publish","type":"page","link":"https:\/\/www.tatanka.nl\/pt\/payment-methods\/","title":{"rendered":"M\u00e9todos de pagamento"},"content":{"rendered":"<div id=\"gap-153591535\" class=\"gap-element clearfix\" style=\"display:block; height:auto;\">\n\t\t\n<style>\n#gap-153591535 {\n  padding-top: 50px;\n}\n<\/style>\n\t<\/div>\n\t\n\n<div class=\"container section-title-container\" ><h2 class=\"section-title section-title-bold-center\"><b aria-hidden=\"true\"><\/b><span class=\"section-title-main\" style=\"font-size:131%;\">M\u00c9TODOS DE PAGAMENTO<\/span><b aria-hidden=\"true\"><\/b><\/h2><\/div>\n\n<div class=\"row\"  id=\"row-70148363\">\n\n\n\t<div id=\"col-1448239815\" class=\"col small-12 large-12\"  >\n\t\t\t\t<div class=\"col-inner text-left dark\"  >\n\t\t\t\n\t\t\t\n\n\t<div id=\"text-2401306330\" class=\"text\">\n\t\t\n\nNa Tatanka, pode escolher entre v\u00e1rios m\u00e9todos de pagamento diferentes. Todos eles s\u00e3o seguros e discretos. Veja as op\u00e7\u00f5es que oferecemos e escolha a que mais se adequa ao seu gosto e localiza\u00e7\u00e3o.\n\t\t\n<style>\n#text-2401306330 {\n  color: rgb(0, 0, 0);\n}\n#text-2401306330 > * {\n  color: rgb(0, 0, 0);\n}\n<\/style>\n\t<\/div>\n\t\n\t<div id=\"gap-819993217\" class=\"gap-element clearfix\" style=\"display:block; height:auto;\">\n\t\t\n<style>\n#gap-819993217 {\n  padding-top: 30px;\n}\n<\/style>\n\t<\/div>\n\t\n\n\t<div class=\"img has-hover x md-x lg-x y md-y lg-y\" id=\"image_1996844301\">\n\t\t\t\t\t\t\t\t<div class=\"img-inner dark\" style=\"margin:0px 300px 0px 300px;\">\n\t\t\t<img loading=\"lazy\" decoding=\"async\" width=\"1920\" height=\"300\" src=\"https:\/\/www.tatanka.nl\/wp-content\/uploads\/2021\/07\/suge.png\" class=\"attachment-original size-original\" alt=\"- Tatanka.nl\" srcset=\"https:\/\/www.tatanka.nl\/wp-content\/uploads\/2021\/07\/suge.png 1920w, https:\/\/www.tatanka.nl\/wp-content\/uploads\/2021\/07\/suge-420x66.png 420w, https:\/\/www.tatanka.nl\/wp-content\/uploads\/2021\/07\/suge-64x10.png 64w, https:\/\/www.tatanka.nl\/wp-content\/uploads\/2021\/07\/suge-600x94.png 600w, https:\/\/www.tatanka.nl\/wp-content\/uploads\/2021\/07\/suge-800x125.png 800w, https:\/\/www.tatanka.nl\/wp-content\/uploads\/2021\/07\/suge-380x59.png 380w, https:\/\/www.tatanka.nl\/wp-content\/uploads\/2021\/07\/suge-768x120.png 768w, https:\/\/www.tatanka.nl\/wp-content\/uploads\/2021\/07\/suge-1536x240.png 1536w\" sizes=\"auto, (max-width: 1920px) 100vw, 1920px\" title=\"- Tatanka.nl\">\t\t\t\t\t\t\n\t\t\t\t\t<\/div>\n\t\t\t\t\t\t\t\t\n<style>\n#image_1996844301 {\n  width: 100%;\n}\n<\/style>\n\t<\/div>\n\t\n\n\n\t\t<\/div>\n\t\t\t\t\t<\/div>\n\n\t\n\n<\/div>\n<div class=\"container section-title-container\" ><h2 class=\"section-title section-title-bold-center\"><b aria-hidden=\"true\"><\/b><span class=\"section-title-main\" >1. iDEAL \/ MisterCash \/ Bancontact \/ Eps-\u00dcberweisung \/ Giropay<\/span><b aria-hidden=\"true\"><\/b><\/h2><\/div>\n\n<div class=\"row\"  id=\"row-1463748448\">\n\n\n\t<div id=\"col-1053237162\" class=\"col small-12 large-12\"  >\n\t\t\t\t<div class=\"col-inner text-left dark\"  >\n\t\t\t\n\t\t\t\n\n\t<div id=\"text-3166814437\" class=\"text\">\n\t\t\n\n<p>Esta \u00e9 a forma mais r\u00e1pida e f\u00e1cil de concluir o seu pagamento. Seleccione a op\u00e7\u00e3o que se adequa ao seu banco e conclua os passos do processo. O nosso fornecedor de servi\u00e7os de pagamento facilita um ambiente de pagamento seguro e protegido.<\/p>\n<p>Ap\u00f3s a conclus\u00e3o do pagamento, receber\u00e1 imediatamente um aviso. A nossa equipa come\u00e7ar\u00e1 a processar a encomenda para a enviar o mais rapidamente poss\u00edvel. Mant\u00ea-lo-emos atualizado sobre o estado da encomenda por correio eletr\u00f3nico.<\/p>\n\t\t\n<style>\n#text-3166814437 {\n  color: rgb(0, 0, 0);\n}\n#text-3166814437 > * {\n  color: rgb(0, 0, 0);\n}\n<\/style>\n\t<\/div>\n\t\n\t<div id=\"gap-277904061\" class=\"gap-element clearfix\" style=\"display:block; height:auto;\">\n\t\t\n<style>\n#gap-277904061 {\n  padding-top: 30px;\n}\n<\/style>\n\t<\/div>\n\t\n\n\n\t\t<\/div>\n\t\t\t\t\t<\/div>\n\n\t\n\n<\/div>\n<div class=\"container section-title-container\" ><h2 class=\"section-title section-title-bold-center\"><b aria-hidden=\"true\"><\/b><span class=\"section-title-main\" >2. Transfer\u00eancia banc\u00e1ria direta<\/span><b aria-hidden=\"true\"><\/b><\/h2><\/div>\n\n<div class=\"row\"  id=\"row-1735228320\">\n\n\n\t<div id=\"col-855477919\" class=\"col small-12 large-12\"  >\n\t\t\t\t<div class=\"col-inner text-left dark\"  >\n\t\t\t\n\t\t\t\n\n\t<div id=\"text-1574818070\" class=\"text\">\n\t\t\n\n<p>\u00c9 poss\u00edvel efetuar o pagamento por transfer\u00eancia banc\u00e1ria. Seleccione a op\u00e7\u00e3o \"Transfer\u00eancia banc\u00e1ria direta\" e siga os passos. Depois de ter conclu\u00eddo a encomenda, receber\u00e1 um e-mail com as informa\u00e7\u00f5es necess\u00e1rias e os dados de pagamento.<\/p>\n<p>Tenha em aten\u00e7\u00e3o que, ap\u00f3s a transfer\u00eancia do pagamento, pode demorar 1-3 dias at\u00e9 recebermos o dinheiro. Por conseguinte, pode demorar um pouco mais at\u00e9 que a encomenda seja enviada. Ser\u00e1 mantido informado sobre o estado da encomenda por correio eletr\u00f3nico.<\/p>\n\t\t\n<style>\n#text-1574818070 {\n  color: rgb(0, 0, 0);\n}\n#text-1574818070 > * {\n  color: rgb(0, 0, 0);\n}\n<\/style>\n\t<\/div>\n\t\n\t<div id=\"gap-976792873\" class=\"gap-element clearfix\" style=\"display:block; height:auto;\">\n\t\t\n<style>\n#gap-976792873 {\n  padding-top: 30px;\n}\n<\/style>\n\t<\/div>\n\t\n\n\n\t\t<\/div>\n\t\t\t\t\t<\/div>\n\n\t\n\n<\/div>\n<div class=\"container section-title-container\" ><h2 class=\"section-title section-title-bold-center\"><b aria-hidden=\"true\"><\/b><span class=\"section-title-main\" >3. Criptomoedas<\/span><b aria-hidden=\"true\"><\/b><\/h2><\/div>\n\n<div class=\"row\"  id=\"row-476998542\">\n\n\n\t<div id=\"col-948657123\" class=\"col small-12 large-12\"  >\n\t\t\t\t<div class=\"col-inner text-left dark\"  >\n\t\t\t\n\t\t\t\n\n\t<div id=\"text-3272281725\" class=\"text\">\n\t\t\n\n<p>Aceitamos pagamentos com v\u00e1rios tipos de criptomoedas. Estes pagamentos s\u00e3o processados com a Coinbase, a maior bolsa e corretora de Bitcoin do mundo. Para pagar com criptomoedas, pode selecionar a op\u00e7\u00e3o de pagamento \"Bitcoin e outras criptomoedas\".<\/p>\n<p>Atualmente, aceitamos Bitcoin, Ethereum, USD Coin, Litecoin e Bitcoin cash.<\/p>\n\t\t\n<style>\n#text-3272281725 {\n  color: rgb(0, 0, 0);\n}\n#text-3272281725 > * {\n  color: rgb(0, 0, 0);\n}\n<\/style>\n\t<\/div>\n\t\n\t<div class=\"img has-hover x md-x lg-x y md-y lg-y\" id=\"image_255849864\">\n\t\t\t\t\t\t\t\t<div class=\"img-inner dark\" style=\"margin:0px 300px 0px 300px;\">\n\t\t\t<img loading=\"lazy\" decoding=\"async\" width=\"1920\" height=\"300\" src=\"https:\/\/www.tatanka.nl\/wp-content\/uploads\/2021\/07\/Crypto-icons.png\" class=\"attachment-original size-original\" alt=\"Pagamentos criptogr\u00e1ficos\" srcset=\"https:\/\/www.tatanka.nl\/wp-content\/uploads\/2021\/07\/Crypto-icons.png 1920w, https:\/\/www.tatanka.nl\/wp-content\/uploads\/2021\/07\/Crypto-icons-420x66.png 420w, https:\/\/www.tatanka.nl\/wp-content\/uploads\/2021\/07\/Crypto-icons-64x10.png 64w, https:\/\/www.tatanka.nl\/wp-content\/uploads\/2021\/07\/Crypto-icons-600x94.png 600w, https:\/\/www.tatanka.nl\/wp-content\/uploads\/2021\/07\/Crypto-icons-800x125.png 800w, https:\/\/www.tatanka.nl\/wp-content\/uploads\/2021\/07\/Crypto-icons-380x59.png 380w, https:\/\/www.tatanka.nl\/wp-content\/uploads\/2021\/07\/Crypto-icons-768x120.png 768w, https:\/\/www.tatanka.nl\/wp-content\/uploads\/2021\/07\/Crypto-icons-1536x240.png 1536w\" sizes=\"auto, (max-width: 1920px) 100vw, 1920px\" title=\"- Tatanka.nl\">\t\t\t\t\t\t\n\t\t\t\t\t<\/div>\n\t\t\t\t\t\t\t\t\n<style>\n#image_255849864 {\n  width: 100%;\n}\n<\/style>\n\t<\/div>\n\t\n\n\t<div id=\"gap-1966109138\" class=\"gap-element clearfix\" style=\"display:block; height:auto;\">\n\t\t\n<style>\n#gap-1966109138 {\n  padding-top: 30px;\n}\n<\/style>\n\t<\/div>\n\t\n\n\n\t\t<\/div>\n\t\t\t\t\t<\/div>\n\n\t\n\n<\/div>\n\t<div id=\"gap-1220040488\" class=\"gap-element clearfix\" style=\"display:block; height:auto;\">\n\t\t\n<style>\n#gap-1220040488 {\n  padding-top: 40px;\n}\n<\/style>\n\t<\/div>","protected":false},"excerpt":{"rendered":"","protected":false},"author":1427,"featured_media":0,"parent":0,"menu_order":0,"comment_status":"closed","ping_status":"closed","template":"page-blank.php","meta":{"footnotes":""},"class_list":["post-31937","page","type-page","status-publish","hentry"],"_links":{"self":[{"href":"https:\/\/www.tatanka.nl\/pt\/wp-json\/wp\/v2\/pages\/31937","targetHints":{"allow":["GET"]}}],"collection":[{"href":"https:\/\/www.tatanka.nl\/pt\/wp-json\/wp\/v2\/pages"}],"about":[{"href":"https:\/\/www.tatanka.nl\/pt\/wp-json\/wp\/v2\/types\/page"}],"author":[{"embeddable":true,"href":"https:\/\/www.tatanka.nl\/pt\/wp-json\/wp\/v2\/users\/1427"}],"replies":[{"embeddable":true,"href":"https:\/\/www.tatanka.nl\/pt\/wp-json\/wp\/v2\/comments?post=31937"}],"version-history":[{"count":0,"href":"https:\/\/www.tatanka.nl\/pt\/wp-json\/wp\/v2\/pages\/31937\/revisions"}],"wp:attachment":[{"href":"https:\/\/www.tatanka.nl\/pt\/wp-json\/wp\/v2\/media?parent=31937"}],"curies":[{"name":"wp","href":"https:\/\/api.w.org\/{rel}","templated":true}]}}