{"id":32294,"date":"2021-07-26T16:18:13","date_gmt":"2021-07-26T14:18:13","guid":{"rendered":"https:\/\/www.tatanka.nl\/?page_id=32294"},"modified":"2024-08-20T11:03:27","modified_gmt":"2024-08-20T10:03:27","slug":"partners","status":"publish","type":"page","link":"https:\/\/www.tatanka.nl\/pt\/partners\/","title":{"rendered":"Parceiros"},"content":{"rendered":"<div id=\"gap-1287469183\" class=\"gap-element clearfix\" style=\"display:block; height:auto;\">\n\t\t\n<style>\n#gap-1287469183 {\n  padding-top: 30px;\n}\n<\/style>\n\t<\/div>\n\t\n\n<div class=\"container section-title-container\" ><h3 class=\"section-title section-title-normal\"><b aria-hidden=\"true\"><\/b><span class=\"section-title-main\" style=\"font-size:149%;\">Parceiros<\/span><b aria-hidden=\"true\"><\/b><\/h3><\/div>\n\n<div class=\"row\"  id=\"row-1249555410\">\n\n\n\t<div id=\"col-1240355670\" class=\"col medium-8 small-12 large-8\"  >\n\t\t\t\t<div class=\"col-inner\"  >\n\t\t\t\n\t\t\t\n\n<h2 data-animated=\"true\" data-animate=\"fadeInLeft\">Tatanka x Headshop x Smartific<\/h2>\n<p>As lojas Tatanka s\u00e3o bem conhecidas na Europa. Mas sabia que, para al\u00e9m das nossas 2 lojas Tatanka em Amesterd\u00e3o, a Headshop tamb\u00e9m faz parte da nossa fam\u00edlia? N\u00e3o deixe de a visitar!<\/p>\n<p>Como nem toda a gente nos pode visitar na nossa bela cidade, estamos sempre a encontrar formas de o facilitar onde quer que esteja na Europa. Junt\u00e1mos for\u00e7as com uma das melhores webshops europeias de produtos para cabe\u00e7as e smartshops: Smartific. Esta loja online sediada na Holanda tem uma quantidade incr\u00edvel de produtos, conhecimentos e experi\u00eancia no mercado das smartshops. Juntos podemos oferecer o melhor servi\u00e7o poss\u00edvel em toda a Europa.<\/p>\n<p>A Smartific \u00e9 um dos l\u00edderes do mercado neerland\u00eas e \u00e9 especializada em todos os tipos de produtos. Tamb\u00e9m se concentra em fornecer informa\u00e7\u00f5es claras sobre todos os produtos. Os seus artigos informativos envolventes s\u00e3o muito completos e impressionantes. Antes de utilizar os produtos da smartshop, recomendamos vivamente a leitura do assunto. O banco de conhecimentos Smartific \u00e9 a ferramenta perfeita para o fazer.<\/p>\n<p>O nosso conhecimento partilhado \u00e9 bastante \u00fatil nas nossas smartshops sediadas em Amesterd\u00e3o. Ao dar conselhos, a nossa equipa altamente experiente pode utilizar ainda mais informa\u00e7\u00e3o do que aquela que j\u00e1 tinha. E, devido \u00e0 nossa alian\u00e7a, tamb\u00e9m podemos ajud\u00e1-lo com um servi\u00e7o de chat ao vivo. Tem perguntas durante o dia? Teremos todo o gosto em responder a todas elas na hora!<\/p>\n<p>Ficou curioso sobre a Smartific? D\u00ea uma vista de olhos no seu s\u00edtio Web holand\u00eas: <span style=\"text-decoration: underline;\"><a href=\"https:\/\/www.smartific.nl\/\" target=\"_blank\" rel=\"noopener\">https:\/\/www.smartific.nl\/<\/a><\/span> ou para o resto da Europa: <span style=\"text-decoration: underline;\"><a href=\"https:\/\/www.smartific.com\" target=\"_blank\" rel=\"noopener\">https:\/\/www.smartific.com<\/a>\/<\/span>. E n\u00e3o se esque\u00e7a do incr\u00edvel Headshop: <span style=\"text-decoration: underline;\"><a href=\"https:\/\/www.headshop.nl\/\" target=\"_blank\" rel=\"noopener\">https:\/\/www.headshop.nl\/<\/a><\/span><\/p>\n<h2 data-animated=\"true\" data-animate=\"fadeInLeft\">Tatanka x MagicTruffels.shop X Paddo.shop<\/h2>\n<p>As nossas lojas Tatanka est\u00e3o repletas de \u00f3ptimos produtos smartshop. Provavelmente os mais populares destes produtos s\u00e3o as Trufas M\u00e1gicas e os kits de cultivo de cogumelos. Estabelecemos uma colabora\u00e7\u00e3o com os especialistas em trufas m\u00e1gicas online da MagicTruffels.shop. Eles s\u00e3o totalmente especializados em produtos que cont\u00eam psilocibina. Juntos usamos os nossos conhecimentos e resultados de investiga\u00e7\u00e3o para te dar a melhor experi\u00eancia poss\u00edvel como cliente. D\u00e1 uma vista de olhos ao site deles: <span style=\"text-decoration: underline;\"><a href=\"https:\/\/www.magictruffels.shop\/\" target=\"_blank\" rel=\"noopener\">https:\/\/www.magictruffels.shop\/<\/a><\/span>.\u00a0<\/p>\n<p>Tamb\u00e9m t\u00eam um s\u00edtio Web fant\u00e1stico dedicado aos kits de cultivo de cogumelos m\u00e1gicos. Podes encontrar a sua loja especial de cogumelos aqui: <a href=\"https:\/\/www.paddo.shop\/\" target=\"_blank\" rel=\"noopener\">https:\/\/www.paddo.shop\/<\/a><\/p>\n<h2 data-pm-slice=\"1 1 &#091;&#093;\">Tatanka x McSmart<\/h2>\n<p>N\u00f3s, do Tatanka, estamos a trabalhar em conjunto com <a href=\"https:\/\/www.mcsmart.com\/\" target=\"_blank\" rel=\"noopener\">McSmart<\/a>, o maior grupo de lojas inteligentes. Atrav\u00e9s desta parceria, os nossos clientes podem beneficiar de uma gama de produtos de alta qualidade. Para al\u00e9m dos produtos de primeira qualidade que oferecemos atrav\u00e9s do McSmart, temos ainda Trufas M\u00e1gicas, Growkits e suplementos alimentares. Estes produtos s\u00e3o reconhecidos pela sua efic\u00e1cia e efetividade, o que os torna favoritos entre os nossos clientes. A Tatanka est\u00e1 empenhada em fornecer sempre os melhores produtos e, com a McSmart como parceira, est\u00e1 a fornecer-nos o padr\u00e3o de qualidade que os nossos clientes desejam e desejam.<\/p>\n\n\t\t<\/div>\n\t\t\t\t\t<\/div>\n\n\t\n\n\t<div id=\"col-2097020626\" class=\"col medium-4 small-12 large-4 small-col-first\"  >\n\t\t\t\t<div class=\"col-inner\"  >\n\t\t\t\n\t\t\t\n\n\t<div class=\"img has-hover x md-x lg-x y md-y lg-y\" id=\"image_96352888\">\n\t\t\t\t\t\t\t\t<div class=\"img-inner dark\" >\n\t\t\t<img loading=\"lazy\" decoding=\"async\" width=\"512\" height=\"512\" src=\"https:\/\/www.tatanka.nl\/wp-content\/uploads\/2018\/05\/Tatanka-Logo-512x512.jpg\" class=\"attachment-original size-original\" alt=\"- Tatanka.nl\" srcset=\"https:\/\/www.tatanka.nl\/wp-content\/uploads\/2018\/05\/Tatanka-Logo-512x512.jpg 512w, https:\/\/www.tatanka.nl\/wp-content\/uploads\/2018\/05\/Tatanka-Logo-512x512-420x420.jpg 420w, https:\/\/www.tatanka.nl\/wp-content\/uploads\/2018\/05\/Tatanka-Logo-512x512-100x100.jpg 100w, https:\/\/www.tatanka.nl\/wp-content\/uploads\/2018\/05\/Tatanka-Logo-512x512-64x64.jpg 64w, https:\/\/www.tatanka.nl\/wp-content\/uploads\/2018\/05\/Tatanka-Logo-512x512-380x380.jpg 380w\" sizes=\"auto, (max-width: 512px) 100vw, 512px\" title=\"- Tatanka.nl\">\t\t\t\t\t\t\n\t\t\t\t\t<\/div>\n\t\t\t\t\t\t\t\t\n<style>\n#image_96352888 {\n  width: 100%;\n}\n<\/style>\n\t<\/div>\n\t\n\n\t<div id=\"gap-519163161\" class=\"gap-element clearfix\" style=\"display:block; height:auto;\">\n\t\t\n<style>\n#gap-519163161 {\n  padding-top: 10px;\n}\n<\/style>\n\t<\/div>\n\t\n\n\n\t\t<\/div>\n\t\t\t\t\t<\/div>\n\n\t\n\n<\/div>","protected":false},"excerpt":{"rendered":"","protected":false},"author":1427,"featured_media":0,"parent":0,"menu_order":0,"comment_status":"closed","ping_status":"closed","template":"page-blank.php","meta":{"footnotes":""},"class_list":["post-32294","page","type-page","status-publish","hentry"],"_links":{"self":[{"href":"https:\/\/www.tatanka.nl\/pt\/wp-json\/wp\/v2\/pages\/32294","targetHints":{"allow":["GET"]}}],"collection":[{"href":"https:\/\/www.tatanka.nl\/pt\/wp-json\/wp\/v2\/pages"}],"about":[{"href":"https:\/\/www.tatanka.nl\/pt\/wp-json\/wp\/v2\/types\/page"}],"author":[{"embeddable":true,"href":"https:\/\/www.tatanka.nl\/pt\/wp-json\/wp\/v2\/users\/1427"}],"replies":[{"embeddable":true,"href":"https:\/\/www.tatanka.nl\/pt\/wp-json\/wp\/v2\/comments?post=32294"}],"version-history":[{"count":0,"href":"https:\/\/www.tatanka.nl\/pt\/wp-json\/wp\/v2\/pages\/32294\/revisions"}],"wp:attachment":[{"href":"https:\/\/www.tatanka.nl\/pt\/wp-json\/wp\/v2\/media?parent=32294"}],"curies":[{"name":"wp","href":"https:\/\/api.w.org\/{rel}","templated":true}]}}