{"id":105264,"date":"2023-06-20T09:22:11","date_gmt":"2023-06-20T07:22:11","guid":{"rendered":"https:\/\/www.tatanka.nl\/?post_type=product&#038;p=105264"},"modified":"2025-09-23T12:48:31","modified_gmt":"2025-09-23T11:48:31","slug":"trippy-x","status":"publish","type":"product","link":"https:\/\/www.tatanka.nl\/pt\/trippy-x\/","title":{"rendered":"Trippy X"},"content":{"rendered":"<h2 data-start=\"0\" data-end=\"22\">O que \u00e9 o Trippy X?<\/h2>\n<p data-start=\"24\" data-end=\"955\">Trippy X \u00e9 um poderoso e \u00fanico comprimido para festas concebido para levar os utilizadores numa viagem caleidosc\u00f3pica como nenhuma outra. Formulado com ingredientes naturais cuidadosamente selecionados, aumenta a perce\u00e7\u00e3o e estimula a imagina\u00e7\u00e3o, criando uma experi\u00eancia inesquec\u00edvel. Quer pretenda elevar o ambiente de uma festa ou embarcar numa viagem pessoal de auto-descoberta, Trippy X incentiva a criatividade, a explora\u00e7\u00e3o e novas perspectivas. Este suplemento apoia a transforma\u00e7\u00e3o visual e sensorial, permitindo aos utilizadores ligarem-se ao que os rodeia de uma forma mais profunda. Ao alterar a sua perce\u00e7\u00e3o e melhorar a forma como experimenta o mundo, Trippy X abre portas a novas possibilidades e aventuras emocionantes. A sua mistura cuidadosamente elaborada de ingredientes naturais proporciona uma experi\u00eancia hipnotizante, mergulhando-o em sensa\u00e7\u00f5es v\u00edvidas e visuais cativantes - perfeito para quem procura uma experi\u00eancia intensa e transformadora.<\/p>\n<h2 data-start=\"957\" data-end=\"985\">A hist\u00f3ria do Trippy X<\/h2>\n<p data-start=\"987\" data-end=\"1911\">Trippy X \u00e9 inspirado em s\u00e9culos de cura tradicional \u00e0 base de plantas, incorporando ingredientes celebrados pelas suas propriedades de expans\u00e3o da mente. A utiliza\u00e7\u00e3o de subst\u00e2ncias naturais para melhorar a cogni\u00e7\u00e3o e a perce\u00e7\u00e3o remonta a civiliza\u00e7\u00f5es antigas, onde culturas de todo o mundo aproveitaram o poder das plantas para induzir estados alterados de consci\u00eancia. Estas pr\u00e1ticas antigas lan\u00e7aram as bases para as explora\u00e7\u00f5es modernas da perce\u00e7\u00e3o sensorial. Trippy X \u00e9 uma evolu\u00e7\u00e3o contempor\u00e2nea destas tradi\u00e7\u00f5es, fundindo a sabedoria herb\u00e1cea consagrada pelo tempo com as mais recentes pesquisas em suplementos naturais. A sua mistura cuidadosamente concebida maximiza a experi\u00eancia de expans\u00e3o da mente, ajudando os utilizadores a explorar a sua criatividade, emo\u00e7\u00f5es e consci\u00eancia sensorial. Ao encapsular estes poderosos ingredientes numa forma f\u00e1cil de utilizar, Trippy X oferece uma forma segura e conveniente de embarcar numa viagem pessoal de auto-explora\u00e7\u00e3o e perce\u00e7\u00e3o elevada.<\/p>\n<h2 data-start=\"1913\" data-end=\"1937\">Como utilizar o Trippy X<\/h2>\n<p data-start=\"1939\" data-end=\"2469\">Para sentires plenamente os efeitos do Trippy X, toma uma c\u00e1psula 30 a 45 minutos antes do efeito desejado. Para uma absor\u00e7\u00e3o \u00f3ptima, toma a c\u00e1psula com \u00e1gua ou sumo de fruta. A dose recomendada \u00e9 de uma c\u00e1psula por dia, n\u00e3o sendo aconselh\u00e1vel exceder este limite. O Trippy X foi concebido para proporcionar uma experi\u00eancia imersiva e transformadora, o que torna o timing essencial para obter todos os efeitos. Uma vez que a f\u00f3rmula actua gradualmente, tomar a c\u00e1psula no momento certo permite-te entrar na viagem e abra\u00e7\u00e1-la completamente.<\/p>\n<p data-start=\"2471\" data-end=\"2827\">\u00c9 importante usar o Trippy X com aten\u00e7\u00e3o e respeito. Quer o utilize para um evento social ou para explora\u00e7\u00e3o pessoal, a cria\u00e7\u00e3o do ambiente correto melhora a experi\u00eancia. Certifique-se de que est\u00e1 num espa\u00e7o seguro e confort\u00e1vel onde pode desfrutar plenamente da viagem. Prepare-se para abrir a sua mente, envolver a sua criatividade e explorar novas dimens\u00f5es de perce\u00e7\u00e3o.<\/p>\n<h2 data-start=\"2829\" data-end=\"2857\">Ingredientes de Trippy X<\/h2>\n<p data-start=\"2859\" data-end=\"3022\">As c\u00e1psulas de Trippy X cont\u00eam uma mistura cuidadosamente selecionada de ingredientes conhecidos pelas suas propriedades de expans\u00e3o da mente e de melhoria das sensa\u00e7\u00f5es. Os ingredientes principais incluem:<\/p>\n<ul data-start=\"3024\" data-end=\"3663\">\n<li data-start=\"3024\" data-end=\"3230\"><strong data-start=\"3026\" data-end=\"3062\">Beb\u00e9 Hawaiian Woodrose (175 mg):<\/strong> Utilizada na medicina tradicional h\u00e1 s\u00e9culos, esta poderosa planta induz vis\u00f5es v\u00edvidas e estimula a criatividade, transportando os utilizadores para estados alterados de consci\u00eancia.<\/li>\n<li data-start=\"3231\" data-end=\"3479\"><strong data-start=\"3233\" data-end=\"3264\">Maracuj\u00e1 10% (250 mg):<\/strong> Valorizada pelos seus efeitos calmantes, a passiflora ajuda a aliviar a ansiedade e garante uma experi\u00eancia equilibrada entre o relaxamento e a estimula\u00e7\u00e3o. Permite aos utilizadores entrar na sua viagem com uma sensa\u00e7\u00e3o de concentra\u00e7\u00e3o e tranquilidade.<\/li>\n<li data-start=\"3480\" data-end=\"3663\"><strong data-start=\"3482\" data-end=\"3499\">Zinco (10 mg):<\/strong> Apoia a fun\u00e7\u00e3o cognitiva geral e o bem-estar, ajudando o corpo a processar os efeitos dos outros ingredientes para uma experi\u00eancia mais suave e envolvente.<\/li>\n<\/ul>\n<p data-start=\"3665\" data-end=\"3911\" data-is-last-node=\"\">Juntos, estes ingredientes criam uma f\u00f3rmula potente que guia os utilizadores numa aventura caleidosc\u00f3pica e rica em sentidos. Com Trippy X, pode desbloquear novas perspectivas, expandir a sua imagina\u00e7\u00e3o e explorar dom\u00ednios mais profundos de criatividade e auto-descoberta.<\/p>\n<p><strong style=\"font-size: 14.4px;\">Aviso:<\/strong><\/p>\n<p>N\u00e3o utilizar um suplemento alimentar como substituto de um regime alimentar variado. Manter fora do alcance das crian\u00e7as. A utiliza\u00e7\u00e3o s\u00f3 \u00e9 permitida a pessoas com mais de 18 anos. N\u00e3o utilizar em combina\u00e7\u00e3o com medicamentos ou outros estimulantes, em caso de tens\u00e3o arterial alta\/baixa, problemas card\u00edacos, perturba\u00e7\u00f5es da tiroide, doen\u00e7as renais, depress\u00e3o, nervosismo, queixas f\u00edsicas e\/ou mentais e utiliza\u00e7\u00e3o de inibidores da MAO. Ter cuidado com o consumo excessivo de \u00e1lcool. Em caso de d\u00favida, consultar o m\u00e9dico.<\/p>","protected":false},"excerpt":{"rendered":"<p>Experimente uma viagem fascinante e inesquec\u00edvel com Trippy X, o nosso cativante comprimido para festas que garante transport\u00e1-lo para novos reinos de maravilhas caleidosc\u00f3picas. Infundidas com uma mistura inigual\u00e1vel de elementos naturais, as nossas c\u00e1psulas caleidosc\u00f3picas prometem uma viagem de cortar a respira\u00e7\u00e3o que o convida a mergulhar no abismo emocionante da sua imagina\u00e7\u00e3o. Abra\u00e7a a pot\u00eancia potente de Trippy X e prepara-te para ser surpreendido por uma experi\u00eancia incompar\u00e1vel e hipnotizante como nunca antes.<\/p>","protected":false},"featured_media":115901,"template":"","meta":[],"product_brand":[],"product_cat":[535,525,476,532],"product_tag":[],"class_list":{"0":"post-105264","1":"product","2":"type-product","3":"status-publish","4":"has-post-thumbnail","6":"product_cat-dnx","7":"product_cat-party-pills","8":"product_cat-smartshop","9":"product_cat-trippy-pills","10":"product_shipping_class-not-allowed-group-3","12":"first","13":"instock","14":"taxable","15":"shipping-taxable","16":"purchasable","17":"product-type-variable","18":"has-default-attributes"},"_links":{"self":[{"href":"https:\/\/www.tatanka.nl\/pt\/wp-json\/wp\/v2\/product\/105264","targetHints":{"allow":["GET"]}}],"collection":[{"href":"https:\/\/www.tatanka.nl\/pt\/wp-json\/wp\/v2\/product"}],"about":[{"href":"https:\/\/www.tatanka.nl\/pt\/wp-json\/wp\/v2\/types\/product"}],"wp:featuredmedia":[{"embeddable":true,"href":"https:\/\/www.tatanka.nl\/pt\/wp-json\/wp\/v2\/media\/115901"}],"wp:attachment":[{"href":"https:\/\/www.tatanka.nl\/pt\/wp-json\/wp\/v2\/media?parent=105264"}],"wp:term":[{"taxonomy":"product_brand","embeddable":true,"href":"https:\/\/www.tatanka.nl\/pt\/wp-json\/wp\/v2\/product_brand?post=105264"},{"taxonomy":"product_cat","embeddable":true,"href":"https:\/\/www.tatanka.nl\/pt\/wp-json\/wp\/v2\/product_cat?post=105264"},{"taxonomy":"product_tag","embeddable":true,"href":"https:\/\/www.tatanka.nl\/pt\/wp-json\/wp\/v2\/product_tag?post=105264"}],"curies":[{"name":"wp","href":"https:\/\/api.w.org\/{rel}","templated":true}]}}