{"id":11395,"date":"2018-02-14T17:08:28","date_gmt":"2018-02-14T17:08:28","guid":{"rendered":"http:\/\/www.tatanka.nl\/?post_type=product&#038;p=11395"},"modified":"2025-05-20T10:28:47","modified_gmt":"2025-05-20T09:28:47","slug":"hempcare-ruby-10-cbd-oil-30ml","status":"publish","type":"product","link":"https:\/\/www.tatanka.nl\/pt\/hempcare-ruby-10-cbd-oil-30ml\/","title":{"rendered":"HempCare Rubi 10% \u00d3leo CBD 30ml"},"content":{"rendered":"<h2>HempCare Rubi 10% \u00d3leo CBD 30ml<\/h2>\n<h2 data-start=\"0\" data-end=\"33\">O que \u00e9 o HempCare RUBY 10% CBD?<\/h2>\n<p data-start=\"35\" data-end=\"548\">O CBD HempCare RUBY 10% \u00e9 um \u00f3leo de CBD natural 100% altamente concentrado, derivado de uma planta de c\u00e2nhamo rara cultivada num solo de argila vermelha, rico em minerais, nas montanhas. O ambiente \u00fanico em que este c\u00e2nhamo cresce contribui para a cor vermelho-rubi do \u00f3leo e para as suas potentes propriedades naturais. O CBD HempCare RUBY 10% \u00e9 rico em canabin\u00f3ides ben\u00e9ficos, incluindo canabidiol (CBD), canabigerol (CBG) e canabinol (CBN), juntamente com terpenos, flavon\u00f3ides e fen\u00f3is, que funcionam em sinergia para apoiar o corpo naturalmente.<\/p>\n<p data-start=\"550\" data-end=\"923\">O que faz com que o HempCare RUBY 10% CBD se destaque \u00e9 a sua maior concentra\u00e7\u00e3o de beta-cariofileno, um terpeno conhecido pelas suas poderosas propriedades anti-inflamat\u00f3rias e analg\u00e9sicas. Isto torna-o uma excelente escolha para quem procura aliviar o desconforto ou reduzir o stress. A sua composi\u00e7\u00e3o natural garante a aus\u00eancia de subst\u00e2ncias t\u00f3xicas, oferecendo uma experi\u00eancia pura e org\u00e2nica.<\/p>\n<h2 data-start=\"925\" data-end=\"960\">Hist\u00f3ria da HempCare RUBY 10% CBD<\/h2>\n<p data-start=\"962\" data-end=\"1417\">A hist\u00f3ria do HempCare RUBY 10% CBD come\u00e7a com o cultivo do c\u00e2nhamo numa regi\u00e3o montanhosa \u00fanica, onde a argila vermelha natural do solo contribui para as qualidades excepcionais da planta. A HempCare seleciona cuidadosamente as melhores variedades de c\u00e2nhamo e utiliza um processo de extra\u00e7\u00e3o especial para preservar todo o espetro de canabin\u00f3ides, terpenos e outros nutrientes essenciais. Estas plantas de c\u00e2nhamo s\u00e3o cultivadas sem pesticidas, garantindo um produto puro e de alta qualidade.<\/p>\n<p data-start=\"1419\" data-end=\"1727\">A HempCare ganhou reconhecimento por produzir produtos de CBD de primeira qualidade, e o \u00f3leo de CBD RUBY 10% destaca-se pelo seu elevado teor de terpenos e pelas raras condi\u00e7\u00f5es de cultivo. Este \u00f3leo n\u00e3o \u00e9 apenas mais um produto de CBD, mas um testemunho do empenho da HempCare em proporcionar uma experi\u00eancia de CBD verdadeiramente \u00fanica e eficaz.<\/p>\n<h2 data-start=\"1729\" data-end=\"1764\">Como utilizar o HempCare RUBY 10% CBD<\/h2>\n<p data-start=\"1766\" data-end=\"2110\">Para obter os melhores resultados, recomenda-se come\u00e7ar com 5 gotas de HempCare RUBY 10% CBD duas vezes por dia debaixo da l\u00edngua. Manter o \u00f3leo debaixo da l\u00edngua durante cerca de 20 segundos antes de o engolir para garantir a m\u00e1xima absor\u00e7\u00e3o. Muitos utilizadores relatam sentir os efeitos ap\u00f3s alguns dias de utiliza\u00e7\u00e3o consistente, embora os resultados ideais possam variar de pessoa para pessoa.<\/p>\n<p data-start=\"2112\" data-end=\"2512\">Se tiver reac\u00e7\u00f5es adversas, \u00e9 aconselh\u00e1vel reduzir a dose. O corpo absorve apenas o necess\u00e1rio, sendo o excesso expelido naturalmente pela urina ou pelo suor. Se desejar um efeito mais forte, pode aumentar gradualmente a dosagem de acordo com as suas necessidades. O HempCare RUBY 10% CBD oferece uma abordagem flex\u00edvel \u00e0 utiliza\u00e7\u00e3o do CBD, permitindo-lhe ajustar a dosagem com base na sua experi\u00eancia pessoal.<\/p>\n<h2 data-start=\"2514\" data-end=\"2553\">Ingredientes do HempCare RUBY 10% CBD<\/h2>\n<p data-start=\"2555\" data-end=\"2921\">O HempCare RUBY 10% CBD cont\u00e9m dois ingredientes principais: \u00f3leo de semente de c\u00e2nhamo e extrato de c\u00e2nhamo. Estes ingredientes trabalham em conjunto para fornecer uma mistura potente de canabin\u00f3ides, incluindo CBD, CBG e CBN, juntamente com uma variedade de terpenos, flavon\u00f3ides e outros compostos ben\u00e9ficos. A inclus\u00e3o de \u00f3leo de sementes de c\u00e2nhamo garante que o produto permanece org\u00e2nico e livre de qu\u00edmicos nocivos.<\/p>\n<p data-start=\"2923\" data-end=\"3292\">Os terpenos do HempCare RUBY 10% CBD, como o bisabolol, s\u00e3o conhecidos pelas suas propriedades antibacterianas e antif\u00fangicas, contribuindo para os benef\u00edcios terap\u00eauticos do \u00f3leo. Esta combina\u00e7\u00e3o de ingredientes naturais cria um produto que \u00e9 simultaneamente eficaz e seguro para uso quotidiano. Sem aditivos t\u00f3xicos, o HempCare RUBY 10% CBD garante que est\u00e1 a receber o melhor da natureza.<\/p>\n<p data-start=\"3294\" data-end=\"3304\"><strong>Aviso<\/strong><\/p>\n<p data-start=\"3306\" data-end=\"3457\">Consultar um profissional de sa\u00fade antes de utilizar, especialmente se estiver gr\u00e1vida, a amamentar ou a tomar medicamentos. N\u00e3o exceda a dose recomendada.<\/p>\n<p data-start=\"3459\" data-end=\"3755\" data-is-last-node=\"\">HempCare RUBY 10% CBD \u00e9 um produto \u00fanico e eficaz que combina as propriedades curativas naturais do c\u00e2nhamo com a ci\u00eancia moderna. Quer esteja \u00e0 procura de al\u00edvio da dor, redu\u00e7\u00e3o do stress ou apenas um impulso natural de bem-estar, o HempCare RUBY 10% CBD fornece uma solu\u00e7\u00e3o totalmente natural para a sua rotina di\u00e1ria.<\/p>","protected":false},"excerpt":{"rendered":"<p>Hempcare RUBY 10% CBD \u00e9 uma variante especial do CBD. Enquanto a hempcare usa uma planta de c\u00e2nhamo de fibra comum com CBD RAW 5% CBD, ela optou por CBD RUBY, uma planta mais rara. Hempcare RUBY 10% O \u00f3leo CBD \u00e9 rico em terpenos \"especiais\", que desempenham um papel importante em v\u00e1rias fun\u00e7\u00f5es do corpo.<\/p>","protected":false},"featured_media":126600,"template":"","meta":[],"product_brand":[],"product_cat":[601,297,485,371,483],"product_tag":[],"class_list":{"0":"post-11395","1":"product","2":"type-product","3":"status-publish","4":"has-post-thumbnail","6":"product_cat-hempcare","7":"product_cat-all-products","8":"product_cat-cbd-oils","9":"product_cat-cbd-top-10","10":"product_cat-cbdshop","12":"first","13":"instock","14":"taxable","15":"shipping-taxable","16":"purchasable","17":"product-type-variable"},"_links":{"self":[{"href":"https:\/\/www.tatanka.nl\/pt\/wp-json\/wp\/v2\/product\/11395","targetHints":{"allow":["GET"]}}],"collection":[{"href":"https:\/\/www.tatanka.nl\/pt\/wp-json\/wp\/v2\/product"}],"about":[{"href":"https:\/\/www.tatanka.nl\/pt\/wp-json\/wp\/v2\/types\/product"}],"wp:featuredmedia":[{"embeddable":true,"href":"https:\/\/www.tatanka.nl\/pt\/wp-json\/wp\/v2\/media\/126600"}],"wp:attachment":[{"href":"https:\/\/www.tatanka.nl\/pt\/wp-json\/wp\/v2\/media?parent=11395"}],"wp:term":[{"taxonomy":"product_brand","embeddable":true,"href":"https:\/\/www.tatanka.nl\/pt\/wp-json\/wp\/v2\/product_brand?post=11395"},{"taxonomy":"product_cat","embeddable":true,"href":"https:\/\/www.tatanka.nl\/pt\/wp-json\/wp\/v2\/product_cat?post=11395"},{"taxonomy":"product_tag","embeddable":true,"href":"https:\/\/www.tatanka.nl\/pt\/wp-json\/wp\/v2\/product_tag?post=11395"}],"curies":[{"name":"wp","href":"https:\/\/api.w.org\/{rel}","templated":true}]}}