{"id":115892,"date":"2023-08-21T15:19:48","date_gmt":"2023-08-21T13:19:48","guid":{"rendered":"https:\/\/www.tatanka.nl\/?post_type=product&#038;p=115892"},"modified":"2025-06-04T15:41:32","modified_gmt":"2025-06-04T14:41:32","slug":"sexy-x","status":"publish","type":"product","link":"https:\/\/www.tatanka.nl\/pt\/sexy-x\/","title":{"rendered":"Sexy X"},"content":{"rendered":"<h2 data-start=\"51\" data-end=\"90\">O que s\u00e3o as tampas Sexy X Euphoric Sex?<\/h2>\n<p data-start=\"92\" data-end=\"971\">Sexy X Euphoric Sex Caps \u00e9 um suplemento premium concebido para melhorar as experi\u00eancias \u00edntimas, amplificando as sensa\u00e7\u00f5es f\u00edsicas e aprofundando as liga\u00e7\u00f5es emocionais. Esta mistura de ervas cuidadosamente elaborada estimula os sentidos, promove o relaxamento e aumenta o prazer, tornando-a a companhia perfeita para os momentos de intimidade. Ao aumentar a euforia e a paix\u00e3o, Sexy X permite-lhe a si e ao seu parceiro explorar novas dimens\u00f5es do desejo. Mais do que um simples comprimido de festa, serve como uma ferramenta para aumentar a intimidade e criar uma atmosfera de prazer e liga\u00e7\u00e3o elevados. Com ingredientes cuidadosamente selecionados, permite uma experi\u00eancia mais sensual, ajudando-o a alcan\u00e7ar um prazer mais profundo e uma proximidade emocional. Quer pretenda intensificar os seus momentos \u00edntimos ou embarcar numa viagem apaixonada, Sexy X Euphoric Sex Caps oferece o impulso necess\u00e1rio para elevar a sua experi\u00eancia.<\/p>\n<h2 data-start=\"973\" data-end=\"1017\">A hist\u00f3ria de Sexy X Euphoric Sex Caps<\/h2>\n<p data-start=\"1019\" data-end=\"1781\">Sexy X Euphoric Sex Caps foi criado em resposta \u00e0 crescente procura de produtos que melhorem a intimidade f\u00edsica e emocional. Ao aproveitar o poder das ervas naturais, os criadores do Sexy X desenvolveram um suplemento que refor\u00e7a a liga\u00e7\u00e3o natural entre os parceiros. Os ingredientes principais desta f\u00f3rmula s\u00e3o utilizados h\u00e1 s\u00e9culos em v\u00e1rias culturas para aumentar a libido, aumentar o prazer e induzir a euforia. Ao combinar estas ervas potentes numa c\u00e1psula pr\u00e1tica, nasceu o Sexy X. Desde o seu lan\u00e7amento, ganhou grande popularidade entre os indiv\u00edduos que procuram melhorar as suas rela\u00e7\u00f5es e aprofundar a sua liga\u00e7\u00e3o emocional e f\u00edsica. Tornou-se uma escolha de elei\u00e7\u00e3o para quem procura explorar novos n\u00edveis de intimidade e sensualidade.<\/p>\n<h2 data-start=\"1783\" data-end=\"1823\">Como utilizar as tampas Sexy X Euphoric Sex<\/h2>\n<p data-start=\"1825\" data-end=\"2537\">Para uma melhor experi\u00eancia, tomar uma c\u00e1psula 30 a 45 minutos antes do efeito desejado. Para garantir uma absor\u00e7\u00e3o \u00f3ptima, consumir a c\u00e1psula com \u00e1gua ou sumo de fruta. O limite di\u00e1rio recomendado \u00e9 de duas c\u00e1psulas, e \u00e9 essencial n\u00e3o exceder esta dose num per\u00edodo de 24 horas. Tomar Sexy X \u00e0 hora certa garante que sente todos os seus efeitos no momento ideal. A f\u00f3rmula foi concebida para melhorar as liga\u00e7\u00f5es f\u00edsicas e emocionais, tornando-a ideal para ser utilizada antes de uma experi\u00eancia \u00edntima. Seguir a dosagem recomendada ajuda a garantir uma experi\u00eancia segura e agrad\u00e1vel. Se est\u00e1 \u00e0 procura de aumentar a sua sensualidade e desbloquear novos n\u00edveis de prazer, Sexy X Euphoric Sex Caps \u00e9 a escolha perfeita.<\/p>\n<h2 data-start=\"2539\" data-end=\"2583\">Ingredientes de Sexy X Euphoric Sex Caps<\/h2>\n<p data-start=\"2585\" data-end=\"2835\">Sexy X Euphoric Sex As c\u00e1psulas s\u00e3o formuladas com uma mistura cuidadosamente selecionada de ervas, cada uma delas escolhida pela sua capacidade de melhorar as sensa\u00e7\u00f5es f\u00edsicas, aumentar o prazer e refor\u00e7ar os la\u00e7os emocionais. Os principais ingredientes em cada c\u00e1psula vegetal incluem:<\/p>\n<ul data-start=\"2837\" data-end=\"3449\">\n<li data-start=\"2837\" data-end=\"2928\"><strong data-start=\"2839\" data-end=\"2864\">Damiana 10% (100 mg):<\/strong> Tradicionalmente utilizado para apoiar a sa\u00fade sexual e aumentar o desejo.<\/li>\n<li data-start=\"2929\" data-end=\"3033\"><strong data-start=\"2931\" data-end=\"2949\">GABA (100 mg):<\/strong> Promove o relaxamento e reduz o stress, permitindo uma experi\u00eancia mais conectada.<\/li>\n<li data-start=\"3034\" data-end=\"3129\"><strong data-start=\"3036\" data-end=\"3063\">Ginkgo Biloba (100 mg):<\/strong> Melhora a circula\u00e7\u00e3o, levando a um aumento das sensa\u00e7\u00f5es f\u00edsicas.<\/li>\n<li data-start=\"3130\" data-end=\"3228\"><strong data-start=\"3132\" data-end=\"3159\">Extrato Kanna (100 mg):<\/strong> Eleva o humor e alivia o stress, promovendo a intimidade emocional.<\/li>\n<li data-start=\"3229\" data-end=\"3334\"><strong data-start=\"3231\" data-end=\"3258\">Maracuj\u00e1 (100 mg):<\/strong> Proporciona efeitos calmantes, ajudando-o a relaxar completamente e a abra\u00e7ar o momento.<\/li>\n<li data-start=\"3335\" data-end=\"3449\"><strong data-start=\"3337\" data-end=\"3378\">\u00c1cido asc\u00f3rbico (80 mg) e zinco (10 mg):<\/strong> Apoiam a sa\u00fade e a energia em geral, melhorando ainda mais a experi\u00eancia.<\/li>\n<\/ul>\n<p data-start=\"3451\" data-end=\"3623\" data-is-last-node=\"\">Juntos, estes ingredientes trabalham em sinergia para proporcionar uma experi\u00eancia elevada e sensual, desbloqueando novos n\u00edveis de prazer e intimidade tanto para si como para o seu parceiro.<\/p>\n<p><strong>Aviso:<\/strong><br \/>\nN\u00e3o utilizar um suplemento alimentar como substituto de um regime alimentar variado. Manter fora do alcance das crian\u00e7as. A utiliza\u00e7\u00e3o s\u00f3 \u00e9 permitida a pessoas com mais de 18 anos. N\u00e3o utilizar em combina\u00e7\u00e3o com medicamentos ou outros estimulantes, em caso de tens\u00e3o arterial alta\/baixa, problemas card\u00edacos, perturba\u00e7\u00f5es da tiroide, doen\u00e7as renais, depress\u00e3o, nervosismo, queixas f\u00edsicas e\/ou mentais e utiliza\u00e7\u00e3o de inibidores da MAO. Ter cuidado com o consumo excessivo de \u00e1lcool. Em caso de d\u00favida, consultar o m\u00e9dico.<\/p>","protected":false},"excerpt":{"rendered":"<p><span data-sheets-value=\"{&quot;1&quot;:2,&quot;2&quot;:&quot;Experience Passion and Ecstasy with Sexy X Euphoric Sex Caps!\\n\\nIndulge in the extraordinary with Sexy X Euphoric Sex Caps \u2013 a one-of-a-kind herbal blend meticulously crafted to ignite your senses and set the stage for an unforgettable journey into the realms of love and desire. From enhancing your physical sensations to deepening emotional connections, Sexy X is the secret ingredient that transforms intimate moments into a symphony of euphoria and passion.\\n\\nIgnite Your Senses and Explore New Depths of Pleasure\\n\\nImagine a world where every touch, every whisper, and every glance carries an electrifying charge. With Sexy X, that fantasy becomes your reality. Our unique blend of carefully selected herbs is designed to awaken your body and mind, elevating your experiences to new heights. Feel the tingle of anticipation as you take the first step towards sensual exploration, opening doors to pleasure you never thought possible.\\n\\nUnleash Your Inner Sensuality with Sexy X\\n\\nUnveil the hidden facets of your sensuality with Sexy X Euphoric Sex Caps. Let go of inhibitions and allow your inner desires to flourish. Whether you're igniting the flames of a long-term relationship or kindling a new spark, Sexy X provides the key to unlocking the door to a world where inhibitions fade and passion takes the lead.\\n\\nWhy Choose Sexy X Euphoric Sex Caps?\\n\\nSexy X is more than just a party pill \u2013 it's a gateway to a universe of unparalleled ecstasy. Our meticulously crafted blend is formulated with a focus on quality, safety, and the ultimate satisfaction of you and your partner. Every moment becomes an opportunity to delve into the depths of connection, amplifying the intimacy and excitement you share.\\n\\nElevate Your Intimate Moments Today\\n\\nReady to embark on a journey that will redefine your understanding of passion and connection? The Sexy X Euphoric Sex Caps are here to guide you. Unveil a world of heightened sensations, emotional intensity, and unbridled desire. Elevate your intimate moments and create memories that will last a lifetime. Experience the magic of Sexy X \u2013 order now and discover the euphoria that awaits!\\n\\n\\n\\n\\n\\n&quot;}\" data-sheets-userformat=\"{&quot;2&quot;:771,&quot;3&quot;:{&quot;1&quot;:0},&quot;4&quot;:{&quot;1&quot;:2,&quot;2&quot;:16711935},&quot;11&quot;:3,&quot;12&quot;:0}\">Experimente a paix\u00e3o e o \u00eaxtase com Sexy X Euphoric Sex Caps! Delicie-se com o extraordin\u00e1rio com Sexy X Euphoric Sex Caps - uma mistura de ervas \u00fanica, meticulosamente elaborada para inflamar os seus sentidos e preparar o terreno para uma viagem inesquec\u00edvel aos reinos do amor e do desejo. Desde o aumento das sensa\u00e7\u00f5es f\u00edsicas at\u00e9 ao aprofundamento das liga\u00e7\u00f5es emocionais, Sexy X \u00e9 o ingrediente secreto que transforma os momentos \u00edntimos numa sinfonia de euforia e paix\u00e3o.<\/span><\/p>","protected":false},"featured_media":115895,"template":"","meta":[],"product_brand":[],"product_cat":[535,525,476,532],"product_tag":[],"class_list":{"0":"post-115892","1":"product","2":"type-product","3":"status-publish","4":"has-post-thumbnail","6":"product_cat-dnx","7":"product_cat-party-pills","8":"product_cat-smartshop","9":"product_cat-trippy-pills","10":"product_shipping_class-not-allowed-group-1","12":"first","13":"instock","14":"taxable","15":"shipping-taxable","16":"purchasable","17":"product-type-variable","18":"has-default-attributes"},"_links":{"self":[{"href":"https:\/\/www.tatanka.nl\/pt\/wp-json\/wp\/v2\/product\/115892","targetHints":{"allow":["GET"]}}],"collection":[{"href":"https:\/\/www.tatanka.nl\/pt\/wp-json\/wp\/v2\/product"}],"about":[{"href":"https:\/\/www.tatanka.nl\/pt\/wp-json\/wp\/v2\/types\/product"}],"wp:featuredmedia":[{"embeddable":true,"href":"https:\/\/www.tatanka.nl\/pt\/wp-json\/wp\/v2\/media\/115895"}],"wp:attachment":[{"href":"https:\/\/www.tatanka.nl\/pt\/wp-json\/wp\/v2\/media?parent=115892"}],"wp:term":[{"taxonomy":"product_brand","embeddable":true,"href":"https:\/\/www.tatanka.nl\/pt\/wp-json\/wp\/v2\/product_brand?post=115892"},{"taxonomy":"product_cat","embeddable":true,"href":"https:\/\/www.tatanka.nl\/pt\/wp-json\/wp\/v2\/product_cat?post=115892"},{"taxonomy":"product_tag","embeddable":true,"href":"https:\/\/www.tatanka.nl\/pt\/wp-json\/wp\/v2\/product_tag?post=115892"}],"curies":[{"name":"wp","href":"https:\/\/api.w.org\/{rel}","templated":true}]}}