{"id":118517,"date":"2024-01-26T10:52:43","date_gmt":"2024-01-26T08:52:43","guid":{"rendered":"https:\/\/www.tatanka.nl\/?post_type=product&#038;p=118517"},"modified":"2025-11-04T11:58:48","modified_gmt":"2025-11-04T10:58:48","slug":"starter-tea-mexicana-10-grams","status":"publish","type":"product","link":"https:\/\/www.tatanka.nl\/pt\/starter-tea-mexicana-10-grams\/","title":{"rendered":"Starter Ch\u00e1: Mexicana 10 gramas"},"content":{"rendered":"<h2>O que \u00e9 o ch\u00e1 Starter - Mexicana?<\/h2>\n<p>Starter Tea - Mexicana \u00e9 uma mistura cuidadosamente elaborada de 10 gramas de Trufas M\u00e1gicas Mexicana e Ch\u00e1 Shamanita, concebida para os principiantes em subst\u00e2ncias psicad\u00e9licas ou para quem procura uma experi\u00eancia suave. Este ch\u00e1 promove uma euforia suave, semelhante \u00e0 da embriaguez, aumentando a criatividade, a concentra\u00e7\u00e3o e o equil\u00edbrio emocional sem alterar significativamente a perce\u00e7\u00e3o. As trufas Mexicana, conhecidas pelas suas propriedades suaves mas eficazes, combinam na perfei\u00e7\u00e3o com o ch\u00e1 de ervas para criar uma viagem calmante e introspectiva. Ideal para principiantes, o Ch\u00e1 Starter - Mexicana promove um estado de consci\u00eancia calma, perfeito para a express\u00e3o art\u00edstica ou a medita\u00e7\u00e3o. O ch\u00e1 \u00e9 simples de preparar, permitindo aos utilizadores mergulhar as trufas e as ervas para obter um efeito equilibrado. Consumido num ambiente descontra\u00eddo, oferece uma forma segura de explorar as paisagens interiores, mantendo a clareza. Este produto \u00e9 mais do que uma bebida; \u00e9 um convite ao crescimento pessoal e \u00e0 explora\u00e7\u00e3o consciente. Come\u00e7a sempre com uma pequena dose para avaliar os efeitos e garante um ambiente confort\u00e1vel para uma melhor experi\u00eancia. Starter Tea - Mexicana \u00e9 o seu ponto de entrada para uma aventura harmoniosa e esclarecedora que nutre a mente e o esp\u00edrito.<\/p>\n<h2>Hist\u00f3ria do ch\u00e1 Starter - Mexicana<\/h2>\n<p>O legado do Ch\u00e1 Starter - Mexicana vem de pr\u00e1ticas antigas de utiliza\u00e7\u00e3o de subst\u00e2ncias psicoactivas para o crescimento espiritual e emocional. As trufas m\u00e1gicas, como as desta mistura, s\u00e3o utilizadas h\u00e1 s\u00e9culos em v\u00e1rias culturas, muitas vezes em cerim\u00f3nias para promover a clareza e a liga\u00e7\u00e3o. A variedade Mexicana, nomeada pelas suas origens no M\u00e9xico, foi historicamente valorizada pelos seus efeitos suaves, tornando-a uma das favoritas dos utilizadores principiantes. A cria\u00e7\u00e3o moderna deste ch\u00e1 mistura estas trufas tradicionais com o ch\u00e1 Shamanita, uma mistura de ervas inspirada nas tradi\u00e7\u00f5es xam\u00e2nicas, para melhorar a experi\u00eancia. Esta combina\u00e7\u00e3o reflecte um interesse crescente nos psicad\u00e9licos para o bem-estar e a criatividade, fundindo a sabedoria antiga com a inova\u00e7\u00e3o contempor\u00e2nea. Starter Tea - Mexicana surgiu como resposta \u00e0 procura de experi\u00eancias psicad\u00e9licas acess\u00edveis e suaves que d\u00e3o prioridade ao equil\u00edbrio e \u00e0 aten\u00e7\u00e3o plena. O seu aumento de popularidade sublinha uma mudan\u00e7a cultural no sentido de uma utiliza\u00e7\u00e3o psicad\u00e9lica intencional e de baixa dosagem para o desenvolvimento pessoal. Ao oferecer uma viagem suave mas profunda, este ch\u00e1 honra as suas ra\u00edzes hist\u00f3ricas ao mesmo tempo que proporciona uma forma moderna e acess\u00edvel de explorar a consci\u00eancia, encorajando os utilizadores a envolverem-se com o seu eu interior de uma forma segura e reflexiva.<\/p>\n<h2>Como utilizar o ch\u00e1 Starter - Mexicana<\/h2>\n<p>A prepara\u00e7\u00e3o do ch\u00e1 Magic Truffle Starter \u00e9 um processo simples que melhora a experi\u00eancia geral de enriquecimento:<\/p>\n<p>1. Ferva 1,5 litros de \u00e1gua numa chaleira ou panela. Quando a \u00e1gua come\u00e7ar a ferver, retire-a do lume e deixe-a arrefecer durante alguns minutos at\u00e9 atingir cerca de 80 graus Celsius.<br \/>\n2. Colocar a saqueta de ch\u00e1 Shamanita no bule ou na cafeteira.<br \/>\n3. Moa ou pique as Trufas M\u00e1gicas em pequenos peda\u00e7os, depois encha com elas a saqueta de ch\u00e1 vazia fornecida e coloque-a no bule ou na chaleira.<br \/>\n4. Deitar cuidadosamente a \u00e1gua quente sobre as saquetas de ch\u00e1 no bule ou na chaleira.<br \/>\n5. Deixar o ch\u00e1 Shamanita em infus\u00e3o durante cerca de 7 minutos. O tempo exato de infus\u00e3o pode variar de acordo com a prefer\u00eancia pessoal. Em seguida, retire a saqueta de ch\u00e1 Shamanita do bule ou da cafeteira.<br \/>\n6. Deixar a saqueta de ch\u00e1 com Trufas M\u00e1gicas em infus\u00e3o durante 10 a 15 minutos.<br \/>\n7. Ap\u00f3s a infus\u00e3o, retira a saqueta de ch\u00e1 com as Trufas M\u00e1gicas. Pode optar por comer as trufas para obter um impulso extra.<br \/>\n8. Servir o ch\u00e1 Shamanita quente em ch\u00e1venas ou copos.<\/p>\n<h2>Ingredientes do ch\u00e1 Starter - Mexicana<\/h2>\n<p>Starter Tea - Mexicana \u00e9 criado a partir de dois ingredientes principais: 10 gramas de Trufas M\u00e1gicas Mexicana e Ch\u00e1 Shamanita. As trufas Mexicana, cuidadosamente selecionadas pela sua pot\u00eancia suave, cont\u00eam compostos naturais que promovem a criatividade, a concentra\u00e7\u00e3o e o equil\u00edbrio emocional, oferecendo um efeito euf\u00f3rico suave. Estas trufas s\u00e3o cultivadas para garantir uma qualidade consistente, tornando-as ideais para principiantes. O ch\u00e1 Shamanita, uma mistura de ervas patenteada, complementa as trufas, refor\u00e7ando os seus efeitos e acrescentando uma dimens\u00e3o calmante e saborosa. O ch\u00e1 inclui plantas escolhidas para promover o relaxamento e amplificar as propriedades estimulantes das trufas, criando uma experi\u00eancia harmoniosa. N\u00e3o s\u00e3o utilizados quaisquer aditivos artificiais ou conservantes, garantindo um produto puro e natural. A sinergia entre as trufas e o ch\u00e1 de ervas promove uma viagem equilibrada, perfeita para a introspe\u00e7\u00e3o e a express\u00e3o art\u00edstica. Os ingredientes s\u00e3o obtidos com cuidado para manter a sua pot\u00eancia e frescura, proporcionando uma experi\u00eancia fi\u00e1vel e enriquecedora. Conservar o produto num local fresco e seco para preservar a sua qualidade. O ch\u00e1 Starter - Mexicana oferece uma forma suave mas significativa de explorar a consci\u00eancia, tornando-o uma escolha \u00fanica para quem procura experi\u00eancias psicad\u00e9licas atentas e de baixa intensidade.<\/p>\n<p><strong>Aviso<\/strong><br \/>\nUtilizar apenas se tiver mais de 18 anos e manter fora do alcance das crian\u00e7as. Consulte um m\u00e9dico antes de utilizar se estiver gr\u00e1vida, a amamentar ou se tiver problemas de sa\u00fade. Evitar a utiliza\u00e7\u00e3o se tiver problemas renais ou card\u00edacos, tens\u00e3o arterial alta ou baixa, diabetes, ou se estiver sob a influ\u00eancia de medicamentos, \u00e1lcool ou drogas. Este produto n\u00e3o \u00e9 um medicamento. N\u00e3o comprar se o selo estiver violado.<\/p>","protected":false},"excerpt":{"rendered":"<p dir=\"auto\">Starter Tea - Mexicana, com 10 gramas de Trufas M\u00e1gicas Mexicana e Ch\u00e1 Shamanita, oferece uma introdu\u00e7\u00e3o suave \u00e0s experi\u00eancias psicad\u00e9licas. Perfeita para principiantes, esta mistura aumenta a criatividade, a concentra\u00e7\u00e3o e o equil\u00edbrio emocional, proporcionando uma viagem leve e euf\u00f3rica num ambiente calmo.<\/p>","protected":false},"featured_media":118796,"template":"","meta":[],"product_brand":[],"product_cat":[620,297,615,515,476],"product_tag":[662],"class_list":{"0":"post-118517","1":"product","2":"type-product","3":"status-publish","4":"has-post-thumbnail","6":"product_cat-shamanita","7":"product_cat-all-products","8":"product_cat-magic-truffle-tea","9":"product_cat-shroomshop","10":"product_cat-smartshop","11":"product_tag-shrdeal","12":"product_shipping_class-creditcard-off","14":"first","15":"instock","16":"taxable","17":"shipping-taxable","18":"purchasable","19":"product-type-variable","20":"has-default-attributes"},"_links":{"self":[{"href":"https:\/\/www.tatanka.nl\/pt\/wp-json\/wp\/v2\/product\/118517","targetHints":{"allow":["GET"]}}],"collection":[{"href":"https:\/\/www.tatanka.nl\/pt\/wp-json\/wp\/v2\/product"}],"about":[{"href":"https:\/\/www.tatanka.nl\/pt\/wp-json\/wp\/v2\/types\/product"}],"wp:featuredmedia":[{"embeddable":true,"href":"https:\/\/www.tatanka.nl\/pt\/wp-json\/wp\/v2\/media\/118796"}],"wp:attachment":[{"href":"https:\/\/www.tatanka.nl\/pt\/wp-json\/wp\/v2\/media?parent=118517"}],"wp:term":[{"taxonomy":"product_brand","embeddable":true,"href":"https:\/\/www.tatanka.nl\/pt\/wp-json\/wp\/v2\/product_brand?post=118517"},{"taxonomy":"product_cat","embeddable":true,"href":"https:\/\/www.tatanka.nl\/pt\/wp-json\/wp\/v2\/product_cat?post=118517"},{"taxonomy":"product_tag","embeddable":true,"href":"https:\/\/www.tatanka.nl\/pt\/wp-json\/wp\/v2\/product_tag?post=118517"}],"curies":[{"name":"wp","href":"https:\/\/api.w.org\/{rel}","templated":true}]}}