{"id":118547,"date":"2024-01-26T10:54:06","date_gmt":"2024-01-26T08:54:06","guid":{"rendered":"https:\/\/www.tatanka.nl\/?post_type=product&#038;p=118547"},"modified":"2026-01-20T00:48:29","modified_gmt":"2026-01-19T23:48:29","slug":"tripping-tea-dragons-dynamite-20-grams","status":"publish","type":"product","link":"https:\/\/www.tatanka.nl\/pt\/tripping-tea-dragons-dynamite-20-grams\/","title":{"rendered":"Tripping Ch\u00e1: Dragon\u2019s Dynamite 20 gramas"},"content":{"rendered":"<h2 dir=\"ltr\" data-pm-slice=\"1 1 []\">O que \u00e9 o ch\u00e1 Dragon\u2019s Dynamite Tripping?<\/h2>\n<p dir=\"ltr\">O ch\u00e1 Dragon\u2019s Dynamite Tripping \u00e9 uma mistura psicad\u00e9lica potente que combina 20 gramas de trufas m\u00e1gicas com o ch\u00e1 Shamanita, uma infus\u00e3o de ervas especialmente selecionada. Concebido para quem procura um mergulho profundo na sua consci\u00eancia, este ch\u00e1 proporciona alucina\u00e7\u00f5es v\u00edvidas, percep\u00e7\u00f5es sensoriais e temporais alteradas e experi\u00eancias emocionais intensas. As trufas m\u00e1gicas, conhecidas pelos seus efeitos robustos, funcionam em sinergia com o ch\u00e1 de ervas para amplificar a viagem, promovendo a criatividade, a introspe\u00e7\u00e3o e o crescimento espiritual. Ideal para utilizadores experientes, oferece uma experi\u00eancia transformadora quando consumido num ambiente calmo e confort\u00e1vel, com a presen\u00e7a de um guia s\u00f3brio. O ch\u00e1 \u00e9 f\u00e1cil de preparar, permitindo que os utilizadores mergulhem as trufas e as ervas para obter um efeito equilibrado e envolvente. Este produto n\u00e3o \u00e9 apenas uma bebida, mas uma porta de entrada para explorar os dom\u00ednios mais profundos da mente, encorajando percep\u00e7\u00f5es profundas e express\u00e3o art\u00edstica. A sua f\u00f3rmula cuidadosamente elaborada assegura um equil\u00edbrio harmonioso entre intensidade e aten\u00e7\u00e3o plena, tornando-o numa oferta \u00fanica para aqueles que est\u00e3o prontos para embarcar numa aventura m\u00edstica. Segue sempre as instru\u00e7\u00f5es de dosagem para garantir uma experi\u00eancia segura e esclarecedora.<\/p>\n<h2 dir=\"ltr\">Hist\u00f3ria do ch\u00e1 Dragon\u2019s Dynamite Tripping<\/h2>\n<p dir=\"ltr\">As origens do ch\u00e1 Dragon\u2019s Dynamite Tripping remontam a tradi\u00e7\u00f5es antigas de utiliza\u00e7\u00e3o de subst\u00e2ncias psicoactivas para o crescimento espiritual e pessoal. As trufas m\u00e1gicas, o componente principal, s\u00e3o utilizadas h\u00e1 s\u00e9culos em v\u00e1rias culturas pelas suas propriedades de altera\u00e7\u00e3o da mente, muitas vezes em rituais de liga\u00e7\u00e3o com o divino ou de explora\u00e7\u00e3o do eu. A formula\u00e7\u00e3o moderna deste ch\u00e1 surgiu do ressurgimento do interesse pelos psicad\u00e9licos para fins terap\u00eauticos e criativos. Ao misturar estas trufas com o ch\u00e1 Shamanita, uma mistura de ervas inspirada nas pr\u00e1ticas xam\u00e2nicas, este produto combina a sabedoria antiga com a inova\u00e7\u00e3o contempor\u00e2nea. As trufas s\u00e3o cultivadas para maximizar a pot\u00eancia, enquanto o ch\u00e1 aumenta os seus efeitos, criando uma experi\u00eancia mais suave e reflexiva. Esta fus\u00e3o reflecte uma aprecia\u00e7\u00e3o crescente dos psicad\u00e9licos naturais nas comunidades art\u00edsticas e de bem-estar. Dragon\u2019s Dynamite Tripping O ch\u00e1 \u00e9 uma ponte entre o passado e o presente, oferecendo aos utilizadores uma oportunidade de explorar o mesmo poder transformador que tem guiado xam\u00e3s e buscadores durante gera\u00e7\u00f5es. O seu aumento de popularidade sublinha uma mudan\u00e7a cultural no sentido de abra\u00e7ar os psicad\u00e9licos para a aten\u00e7\u00e3o plena e a auto-descoberta, sempre com \u00eanfase na utiliza\u00e7\u00e3o segura e intencional.<\/p>\n<h2 dir=\"ltr\">Como utilizar o ch\u00e1 Dragon\u2019s Dynamite Tripping<\/h2>\n<p>A prepara\u00e7\u00e3o do ch\u00e1 Magic Truffle Tripping \u00e9 um processo simples que melhora a experi\u00eancia geral de enriquecimento:<\/p>\n<p>1. Ferva 1,5 litros de \u00e1gua numa chaleira ou panela. Quando a \u00e1gua come\u00e7ar a ferver, retire-a do lume e deixe-a arrefecer durante alguns minutos at\u00e9 atingir cerca de 80 graus Celsius.<br \/>\n2. Colocar a saqueta de ch\u00e1 Shamanita no bule ou na cafeteira.<br \/>\n3. Moa ou pique as Trufas M\u00e1gicas em pequenos peda\u00e7os, depois encha com elas a saqueta de ch\u00e1 vazia fornecida e coloque-a no bule ou na chaleira.<br \/>\n4. Deitar cuidadosamente a \u00e1gua quente sobre as saquetas de ch\u00e1 no bule ou na chaleira.<br \/>\n5. Deixar o ch\u00e1 Shamanita em infus\u00e3o durante cerca de 7 minutos. O tempo exato de infus\u00e3o pode variar de acordo com a prefer\u00eancia pessoal. Em seguida, retire a saqueta de ch\u00e1 Shamanita do bule ou da cafeteira.<br \/>\n6. Deixar a saqueta de ch\u00e1 com Trufas M\u00e1gicas em infus\u00e3o durante 10 a 15 minutos.<br \/>\n7. Ap\u00f3s a infus\u00e3o, retira a saqueta de ch\u00e1 com as Trufas M\u00e1gicas. Pode optar por comer as trufas para obter um impulso extra.<br \/>\n8. Servir o ch\u00e1 Shamanita quente em ch\u00e1venas ou copos.<\/p>\n<h2 dir=\"ltr\">Ingredientes do ch\u00e1 Dragon\u2019s Dynamite Tripping<\/h2>\n<p dir=\"ltr\">O Ch\u00e1 Dragon\u2019s Dynamite Tripping \u00e9 elaborado a partir de dois componentes principais: 20 gramas de trufas m\u00e1gicas e o ch\u00e1 Shamanita. As trufas m\u00e1gicas, conhecidas pelos seus potentes compostos psicoactivos, s\u00e3o cuidadosamente cultivadas para garantir uma for\u00e7a e qualidade consistentes, proporcionando alucina\u00e7\u00f5es v\u00edvidas e percep\u00e7\u00f5es emocionais profundas. Estas trufas cont\u00eam compostos naturais que interagem com o c\u00e9rebro para alterar a perce\u00e7\u00e3o, o humor e a consci\u00eancia, o que as torna ideais para utilizadores experientes. O ch\u00e1 Shamanita, uma mistura de ervas patenteada, complementa as trufas, aumentando os seus efeitos e promovendo uma viagem mais suave e introspectiva. Este ch\u00e1 inclui ervas cuidadosamente selecionadas que se harmonizam com as trufas, promovendo uma experi\u00eancia equilibrada que encoraja a criatividade e a liga\u00e7\u00e3o espiritual. A combina\u00e7\u00e3o destes ingredientes cria um efeito sin\u00e9rgico, amplificando a viagem psicad\u00e9lica ao mesmo tempo que a enquadra numa estrutura consciente. N\u00e3o s\u00e3o inclu\u00eddos quaisquer aditivos ou conservantes artificiais, garantindo uma experi\u00eancia natural e aut\u00eantica. A formula\u00e7\u00e3o precisa deste ch\u00e1 foi concebida para apoiar os utilizadores na explora\u00e7\u00e3o das suas paisagens interiores, tornando-o uma oferta \u00fanica para quem procura uma transforma\u00e7\u00e3o profunda. Guardar sempre o produto num local fresco e seco para manter a sua pot\u00eancia.<\/p>\n<p dir=\"ltr\"><strong>Aviso<\/strong><br \/>\nUtilizar apenas se tiver mais de 18 anos e manter fora do alcance das crian\u00e7as. Consulte um m\u00e9dico antes de utilizar se estiver gr\u00e1vida, a amamentar ou se tiver problemas de sa\u00fade. Evitar a utiliza\u00e7\u00e3o se tiver problemas renais ou card\u00edacos, tens\u00e3o arterial alta ou baixa, diabetes, ou se estiver sob a influ\u00eancia de medicamentos, \u00e1lcool ou drogas. Este produto n\u00e3o \u00e9 um medicamento. N\u00e3o comprar se o selo estiver violado.<\/p>","protected":false},"excerpt":{"rendered":"<p dir=\"auto\">O ch\u00e1 Dragon\u2019s Dynamite Tripping \u00e9 uma mistura poderosa de 20 gramas de trufas m\u00e1gicas e ch\u00e1 Shamanita, criada para utilizadores experientes que procuram alucina\u00e7\u00f5es v\u00edvidas e uma profunda autodescoberta. Este ch\u00e1 \u00fanico oferece uma viagem psicad\u00e9lica imersiva, aumentando a criatividade, a profundidade emocional e a explora\u00e7\u00e3o espiritual num ambiente seguro e confort\u00e1vel com um guia s\u00f3brio.<\/p>","protected":false},"featured_media":118802,"template":"","meta":[],"product_brand":[],"product_cat":[620,297,615,515,476],"product_tag":[662],"class_list":{"0":"post-118547","1":"product","2":"type-product","3":"status-publish","4":"has-post-thumbnail","6":"product_cat-shamanita","7":"product_cat-all-products","8":"product_cat-magic-truffle-tea","9":"product_cat-shroomshop","10":"product_cat-smartshop","11":"product_tag-shrdeal","12":"product_shipping_class-creditcard-off","14":"first","15":"instock","16":"taxable","17":"shipping-taxable","18":"purchasable","19":"product-type-variable","20":"has-default-attributes"},"_links":{"self":[{"href":"https:\/\/www.tatanka.nl\/pt\/wp-json\/wp\/v2\/product\/118547","targetHints":{"allow":["GET"]}}],"collection":[{"href":"https:\/\/www.tatanka.nl\/pt\/wp-json\/wp\/v2\/product"}],"about":[{"href":"https:\/\/www.tatanka.nl\/pt\/wp-json\/wp\/v2\/types\/product"}],"wp:featuredmedia":[{"embeddable":true,"href":"https:\/\/www.tatanka.nl\/pt\/wp-json\/wp\/v2\/media\/118802"}],"wp:attachment":[{"href":"https:\/\/www.tatanka.nl\/pt\/wp-json\/wp\/v2\/media?parent=118547"}],"wp:term":[{"taxonomy":"product_brand","embeddable":true,"href":"https:\/\/www.tatanka.nl\/pt\/wp-json\/wp\/v2\/product_brand?post=118547"},{"taxonomy":"product_cat","embeddable":true,"href":"https:\/\/www.tatanka.nl\/pt\/wp-json\/wp\/v2\/product_cat?post=118547"},{"taxonomy":"product_tag","embeddable":true,"href":"https:\/\/www.tatanka.nl\/pt\/wp-json\/wp\/v2\/product_tag?post=118547"}],"curies":[{"name":"wp","href":"https:\/\/api.w.org\/{rel}","templated":true}]}}