{"id":118553,"date":"2024-01-26T10:55:20","date_gmt":"2024-01-26T08:55:20","guid":{"rendered":"https:\/\/www.tatanka.nl\/?post_type=product&#038;p=118553"},"modified":"2025-11-04T11:58:46","modified_gmt":"2025-11-04T10:58:46","slug":"hero-trip-tea-high-hawaiians-25-grams","status":"publish","type":"product","link":"https:\/\/www.tatanka.nl\/pt\/hero-trip-tea-high-hawaiians-25-grams\/","title":{"rendered":"Hero Trip Ch\u00e1: High Hawaiians 25 gramas"},"content":{"rendered":"<h2 dir=\"ltr\" data-pm-slice=\"1 1 []\">O que \u00e9 o ch\u00e1 High Hawaiians Hero Trip?<\/h2>\n<p dir=\"ltr\">O ch\u00e1 High Hawaiians Hero Trip \u00e9 uma poderosa mistura psicad\u00e9lica criada para aventureiros experientes que procuram uma experi\u00eancia intensa e transformadora. Cada dose cont\u00e9m 25 gramas de Trufas M\u00e1gicas High Hawaiians, conhecidas por induzirem alucina\u00e7\u00f5es v\u00edvidas, percep\u00e7\u00f5es profundas e uma liga\u00e7\u00e3o profunda com o eu interior. Juntamente com o ch\u00e1 Shamanita, uma mistura de ervas cuidadosamente selecionada, este ch\u00e1 aumenta os efeitos das trufas, criando um ambiente ideal para a introspe\u00e7\u00e3o, criatividade e medita\u00e7\u00e3o. A sinergia entre as trufas e o ch\u00e1 de ervas eleva a viagem, guiando os utilizadores atrav\u00e9s de paisagens intrincadas de consci\u00eancia. Este produto n\u00e3o \u00e9 apenas uma bebida, mas uma porta de entrada para a ilumina\u00e7\u00e3o espiritual e emocional. A prepara\u00e7\u00e3o e a precau\u00e7\u00e3o s\u00e3o essenciais, uma vez que a dosagem potente est\u00e1 reservada para quem tem experi\u00eancia pr\u00e9via na explora\u00e7\u00e3o psicad\u00e9lica. O ch\u00e1 oferece uma oportunidade \u00fanica para explorar as profundezas da mente enquanto promove a harmonia entre o corpo e o esp\u00edrito. Para uma experi\u00eancia segura e enriquecedora, os utilizadores devem seguir as orienta\u00e7\u00f5es de dosagem e garantir um ambiente confort\u00e1vel com um guia s\u00f3brio. O ch\u00e1 High Hawaiians Hero Trip convida-o a desbloquear o seu potencial interior e a embarcar numa viagem de autodescoberta.<\/p>\n<h2 dir=\"ltr\">Hist\u00f3ria do ch\u00e1 High Hawaiians Hero Trip<\/h2>\n<p dir=\"ltr\">As origens do ch\u00e1 High Hawaiians Hero Trip remontam a pr\u00e1ticas antigas de utiliza\u00e7\u00e3o de subst\u00e2ncias psicoactivas para o crescimento espiritual e pessoal. As trufas m\u00e1gicas, um componente-chave, s\u00e3o utilizadas h\u00e1 s\u00e9culos em v\u00e1rias culturas pelas suas propriedades de altera\u00e7\u00e3o da mente. Os xam\u00e3s e curandeiros ind\u00edgenas incorporavam frequentemente estas subst\u00e2ncias em rituais para se ligarem ao divino, obterem conhecimentos e fomentarem os la\u00e7os comunit\u00e1rios. A variedade High Hawaiians, conhecida pela sua pot\u00eancia, surgiu de t\u00e9cnicas de cultivo modernas destinadas a aumentar os efeitos psicad\u00e9licos. Combinado com o ch\u00e1 Shamanita, uma mistura inspirada no herbalismo tradicional, este produto representa uma fus\u00e3o de sabedoria antiga e inova\u00e7\u00e3o contempor\u00e2nea. O desenvolvimento do ch\u00e1 reflecte o interesse crescente pelos psicad\u00e9licos para fins terap\u00eauticos e criativos. Ao aproveitar o poder das Trufas M\u00e1gicas High Hawaiians, este ch\u00e1 oferece uma abordagem moderna a pr\u00e1ticas antigas, permitindo aos utilizadores explorar a consci\u00eancia de uma forma controlada e intencional. O seu aumento de popularidade alinha-se com o renovado interesse cient\u00edfico pelos psicad\u00e9licos, que est\u00e3o a ser estudados pelo seu potencial para resolver problemas de sa\u00fade mental e melhorar o crescimento pessoal. O ch\u00e1 High Hawaiians Hero Trip \u00e9 uma ponte entre a tradi\u00e7\u00e3o e a modernidade, convidando os utilizadores a participar numa viagem intemporal de auto-realiza\u00e7\u00e3o.<\/p>\n<h2 dir=\"ltr\">Como utilizar o ch\u00e1 High Hawaiians Hero Trip<\/h2>\n<p>A prepara\u00e7\u00e3o do ch\u00e1 Magic Truffle Hero Trip \u00e9 um processo simples que melhora a experi\u00eancia geral de enriquecimento:<\/p>\n<p>1. Ferva 1,5 litros de \u00e1gua numa chaleira ou panela. Quando a \u00e1gua come\u00e7ar a ferver, retire-a do lume e deixe-a arrefecer durante alguns minutos at\u00e9 atingir cerca de 80 graus Celsius.<br \/>\n2. Colocar a saqueta de ch\u00e1 Shamanita no bule ou na cafeteira.<br \/>\n3. Moa ou pique as Trufas M\u00e1gicas em pequenos peda\u00e7os, depois encha com elas a saqueta de ch\u00e1 vazia fornecida e coloque-a no bule ou na chaleira.<br \/>\n4. Deitar cuidadosamente a \u00e1gua quente sobre as saquetas de ch\u00e1 no bule ou na chaleira.<br \/>\n5. Deixar o ch\u00e1 Shamanita em infus\u00e3o durante cerca de 7 minutos. O tempo exato de infus\u00e3o pode variar de acordo com a prefer\u00eancia pessoal. Em seguida, retire a saqueta de ch\u00e1 Shamanita do bule ou da cafeteira.<br \/>\n6. Deixar a saqueta de ch\u00e1 com Trufas M\u00e1gicas em infus\u00e3o durante 10 a 15 minutos.<br \/>\n7. Ap\u00f3s a infus\u00e3o, retira a saqueta de ch\u00e1 com as Trufas M\u00e1gicas. Pode optar por comer as trufas para obter um impulso extra.<br \/>\n8. Servir o ch\u00e1 Shamanita quente em ch\u00e1venas ou copos.<\/p>\n<h2 dir=\"ltr\">Ingredientes do ch\u00e1 High Hawaiians Hero Trip<\/h2>\n<p dir=\"ltr\">High Hawaiians Hero Trip Tea \u00e9 fabricado a partir de dois componentes principais: 25 gramas de trufas m\u00e1gicas High Hawaiians e ch\u00e1 Shamanita. As trufas, uma estirpe potente de escler\u00f3cios que cont\u00eam psilocibina, s\u00e3o respons\u00e1veis pelos efeitos psicad\u00e9licos do ch\u00e1, induzindo alucina\u00e7\u00f5es v\u00edvidas e percep\u00e7\u00f5es profundas. Estas trufas s\u00e3o cuidadosamente selecionadas pelo seu elevado teor de psilocibina, o que as torna ideais para utilizadores experientes que procuram uma experi\u00eancia profunda e transformadora. O ch\u00e1 Shamanita, uma mistura de ervas patenteada, complementa as trufas, aumentando os seus efeitos e promovendo uma viagem equilibrada e introspectiva. Embora as ervas exactas do Ch\u00e1 Shamanita sejam adaptadas para entrarem em sinergia com as trufas, s\u00e3o escolhidas pelas suas propriedades calmantes e de liga\u00e7\u00e3o \u00e0 terra, garantindo uma experi\u00eancia harmoniosa. A combina\u00e7\u00e3o destes ingredientes cria uma bebida poderosa mas equilibrada que apoia a explora\u00e7\u00e3o emocional e espiritual. N\u00e3o s\u00e3o inclu\u00eddos quaisquer aditivos ou conservantes artificiais, preservando a pot\u00eancia natural das trufas e a pureza do ch\u00e1 de ervas. Esta abordagem minimalista garante que os utilizadores recebem todos os benef\u00edcios dos componentes activos, promovendo uma liga\u00e7\u00e3o profunda com o eu e o universo. A sele\u00e7\u00e3o cuidadosa dos ingredientes faz deste ch\u00e1 uma ferramenta \u00fanica para quem procura a ilumina\u00e7\u00e3o e o crescimento pessoal.<\/p>\n<p dir=\"ltr\"><strong>Aviso<\/strong><br \/>\nUtilizar acima de 18 anos. Manter fora do alcance das crian\u00e7as. Consultar um m\u00e9dico antes de utilizar se estiver gr\u00e1vida, a amamentar ou se tiver problemas de sa\u00fade. Indiv\u00edduos com problemas renais ou card\u00edacos, tens\u00e3o arterial alta ou baixa, diabetes ou sob a influ\u00eancia de medicamentos, \u00e1lcool ou drogas devem evitar o uso. Este produto n\u00e3o \u00e9 um medicamento. N\u00e3o comprar se o selo estiver violado.<\/p>","protected":false},"excerpt":{"rendered":"<p dir=\"auto\">Embarque numa viagem transformadora com o Ch\u00e1 High Hawaiians Hero Trip, uma mistura potente de 25 gramas de Trufas M\u00e1gicas High Hawaiians e Ch\u00e1 Shamanita. Concebido para utilizadores experientes, este ch\u00e1 revela alucina\u00e7\u00f5es v\u00edvidas, percep\u00e7\u00f5es profundas e ilumina\u00e7\u00e3o espiritual, promovendo uma liga\u00e7\u00e3o profunda com o seu eu interior.<\/p>","protected":false},"featured_media":118787,"template":"","meta":[],"product_brand":[],"product_cat":[620,297,615,515,476],"product_tag":[662],"class_list":{"0":"post-118553","1":"product","2":"type-product","3":"status-publish","4":"has-post-thumbnail","6":"product_cat-shamanita","7":"product_cat-all-products","8":"product_cat-magic-truffle-tea","9":"product_cat-shroomshop","10":"product_cat-smartshop","11":"product_tag-shrdeal","12":"product_shipping_class-creditcard-off","14":"first","15":"instock","16":"taxable","17":"shipping-taxable","18":"purchasable","19":"product-type-variable","20":"has-default-attributes"},"_links":{"self":[{"href":"https:\/\/www.tatanka.nl\/pt\/wp-json\/wp\/v2\/product\/118553","targetHints":{"allow":["GET"]}}],"collection":[{"href":"https:\/\/www.tatanka.nl\/pt\/wp-json\/wp\/v2\/product"}],"about":[{"href":"https:\/\/www.tatanka.nl\/pt\/wp-json\/wp\/v2\/types\/product"}],"wp:featuredmedia":[{"embeddable":true,"href":"https:\/\/www.tatanka.nl\/pt\/wp-json\/wp\/v2\/media\/118787"}],"wp:attachment":[{"href":"https:\/\/www.tatanka.nl\/pt\/wp-json\/wp\/v2\/media?parent=118553"}],"wp:term":[{"taxonomy":"product_brand","embeddable":true,"href":"https:\/\/www.tatanka.nl\/pt\/wp-json\/wp\/v2\/product_brand?post=118553"},{"taxonomy":"product_cat","embeddable":true,"href":"https:\/\/www.tatanka.nl\/pt\/wp-json\/wp\/v2\/product_cat?post=118553"},{"taxonomy":"product_tag","embeddable":true,"href":"https:\/\/www.tatanka.nl\/pt\/wp-json\/wp\/v2\/product_tag?post=118553"}],"curies":[{"name":"wp","href":"https:\/\/api.w.org\/{rel}","templated":true}]}}