{"id":119445,"date":"2023-10-11T11:19:25","date_gmt":"2023-10-11T10:19:25","guid":{"rendered":"https:\/\/www.tatanka.nl\/?post_type=product&#038;p=119445"},"modified":"2025-06-04T15:41:20","modified_gmt":"2025-06-04T14:41:20","slug":"groove-x","status":"publish","type":"product","link":"https:\/\/www.tatanka.nl\/pt\/groove-x\/","title":{"rendered":"Groove X"},"content":{"rendered":"<h2 data-pm-slice=\"1 1 []\">O que s\u00e3o as tampas Groove X?<\/h2>\n<p>As c\u00e1psulas Groove X s\u00e3o c\u00e1psulas concebidas por especialistas que melhoram a experi\u00eancia da festa, aumentando a disposi\u00e7\u00e3o, a energia e o envolvimento social. Estas c\u00e1psulas cont\u00eam uma poderosa mistura de ingredientes naturais que funcionam em conjunto para criar um efeito excitante e estimulante. Ideal para quem gosta de dan\u00e7ar, socializar ou manter-se ativo nas festas, as c\u00e1psulas Groove X ajudam-no a manter-se em movimento e a dan\u00e7ar toda a noite. Quer esteja na pista de dan\u00e7a ou a conviver com amigos, estas c\u00e1psulas s\u00e3o a chave para uma noite inesquec\u00edvel. A f\u00f3rmula actua rapidamente, energizando o corpo e a mente, tornando mais f\u00e1cil entrar na onda e desfrutar do ritmo da festa.<\/p>\n<h2>Hist\u00f3ria das tampas Groove X<\/h2>\n<p>Groove X Caps foi desenvolvido para criar o derradeiro suplemento para festas. O produto surgiu de uma necessidade crescente de um suplemento que pudesse melhorar o ambiente de festa e juntar as pessoas. Os fundadores do Groove X procuraram combinar os melhores ingredientes naturais conhecidos pelos seus efeitos de melhoria do humor, energizantes e sociais. Com o passar do tempo, o Groove X tornou-se a escolha de elei\u00e7\u00e3o para quem procura elevar as suas experi\u00eancias de dan\u00e7a e festa. A f\u00f3rmula evoluiu para incluir uma poderosa combina\u00e7\u00e3o de ingredientes como Black Maca, extrato de Kanna, cafe\u00edna e zinco, proporcionando um efeito equilibrado e agrad\u00e1vel para qualquer celebra\u00e7\u00e3o. Atualmente, as c\u00e1psulas Groove X continuam a ser a melhor escolha para aqueles que querem libertar o seu dan\u00e7arino interior e manter a festa a decorrer toda a noite.<\/p>\n<h2>Como utilizar as tampas Groove X<\/h2>\n<p>Para maximizar os efeitos de Groove X Caps, tomar uma c\u00e1psula 30 a 45 minutos antes de querer sentir os benef\u00edcios. Engolir a c\u00e1psula com \u00e1gua ou sumo de fruta para uma absor\u00e7\u00e3o \u00f3ptima. A dose di\u00e1ria recomendada \u00e9 de duas c\u00e1psulas, e n\u00e3o deves exceder este limite num per\u00edodo de 24 horas. \u00c9 prefer\u00edvel tomar Groove X Caps apenas quando estiveres pronto para uma atividade social ou f\u00edsica, como dan\u00e7ar ou ir a uma festa. Ao cronometrar a dose corretamente, podes desfrutar dos efeitos estimulantes quando mais precisares deles. Utiliza sempre o Groove X Caps de forma respons\u00e1vel e segue as instru\u00e7\u00f5es fornecidas para uma utiliza\u00e7\u00e3o segura e \u00f3ptima.<\/p>\n<h2>Ingredientes de Groove X Caps<\/h2>\n<p>Groove X Caps cont\u00e9m uma mistura potente de ingredientes naturais concebidos para melhorar a sua experi\u00eancia de festa. Cada c\u00e1psula vegetal inclui:<\/p>\n<ul data-spread=\"false\">\n<li><strong>Black Maca (400 mg):<\/strong> Um extrato de raiz bem conhecido e reconhecido pelas suas propriedades energ\u00e9ticas.<\/li>\n<li><strong>Extrato de Kanna (200 mg):<\/strong> Apoia a melhoria do humor e o bem-estar mental.<\/li>\n<li><strong>Cafe\u00edna (75 mg):<\/strong> Proporciona um aumento de energia r\u00e1pido e duradouro.<\/li>\n<li><strong>Zinco (10 mg):<\/strong> Ajuda a manter o equil\u00edbrio do corpo e apoia um metabolismo saud\u00e1vel.<\/li>\n<\/ul>\n<p>Estes ingredientes funcionam em sinergia para melhorar o humor, proporcionar clareza mental e aumentar a energia, mantendo-o animado e social durante toda a noite. Os ingredientes cuidadosamente selecionados asseguram uma experi\u00eancia equilibrada e natural, sem os nervosismo ou os efeitos secund\u00e1rios normalmente associados aos estimulantes energ\u00e9ticos sint\u00e9ticos.<\/p>\n<p><strong>Aviso:<\/strong><br \/>\nN\u00e3o utilizar um suplemento alimentar como substituto de um regime alimentar variado. Manter fora do alcance das crian\u00e7as. A utiliza\u00e7\u00e3o s\u00f3 \u00e9 permitida a pessoas com mais de 18 anos. N\u00e3o utilizar em combina\u00e7\u00e3o com medicamentos ou outros estimulantes, em caso de tens\u00e3o arterial alta\/baixa, problemas card\u00edacos, perturba\u00e7\u00f5es da tiroide, doen\u00e7as renais, depress\u00e3o, nervosismo, queixas f\u00edsicas e\/ou mentais e utiliza\u00e7\u00e3o de inibidores da MAO. Ter cuidado com o consumo excessivo de \u00e1lcool. Em caso de d\u00favida, consultar o m\u00e9dico.<\/p>","protected":false},"excerpt":{"rendered":"<p>Conhe\u00e7a Groove X Funky Dance Caps: O seu bilhete para noites electrizantes e grooves impar\u00e1veis. Estas c\u00e1psulas repletas de ingredientes naturais melhoram o seu humor, d\u00e3o energia aos seus movimentos de dan\u00e7a e mant\u00eam o ritmo vivo durante toda a noite. Perfeitas para transformar qualquer festa numa extravag\u00e2ncia de dan\u00e7a inesquec\u00edvel. Com Groove X, prepare-se para brilhar na pista de dan\u00e7a e fazer valer cada momento. Deixe os bons tempos rolarem!<\/p>","protected":false},"featured_media":119447,"template":"","meta":[],"product_brand":[],"product_cat":[535,525,476,532],"product_tag":[],"class_list":{"0":"post-119445","1":"product","2":"type-product","3":"status-publish","4":"has-post-thumbnail","6":"product_cat-dnx","7":"product_cat-party-pills","8":"product_cat-smartshop","9":"product_cat-trippy-pills","10":"product_shipping_class-not-allowed-group-1","12":"first","13":"instock","14":"taxable","15":"shipping-taxable","16":"purchasable","17":"product-type-variable","18":"has-default-attributes"},"_links":{"self":[{"href":"https:\/\/www.tatanka.nl\/pt\/wp-json\/wp\/v2\/product\/119445","targetHints":{"allow":["GET"]}}],"collection":[{"href":"https:\/\/www.tatanka.nl\/pt\/wp-json\/wp\/v2\/product"}],"about":[{"href":"https:\/\/www.tatanka.nl\/pt\/wp-json\/wp\/v2\/types\/product"}],"wp:featuredmedia":[{"embeddable":true,"href":"https:\/\/www.tatanka.nl\/pt\/wp-json\/wp\/v2\/media\/119447"}],"wp:attachment":[{"href":"https:\/\/www.tatanka.nl\/pt\/wp-json\/wp\/v2\/media?parent=119445"}],"wp:term":[{"taxonomy":"product_brand","embeddable":true,"href":"https:\/\/www.tatanka.nl\/pt\/wp-json\/wp\/v2\/product_brand?post=119445"},{"taxonomy":"product_cat","embeddable":true,"href":"https:\/\/www.tatanka.nl\/pt\/wp-json\/wp\/v2\/product_cat?post=119445"},{"taxonomy":"product_tag","embeddable":true,"href":"https:\/\/www.tatanka.nl\/pt\/wp-json\/wp\/v2\/product_tag?post=119445"}],"curies":[{"name":"wp","href":"https:\/\/api.w.org\/{rel}","templated":true}]}}