{"id":119450,"date":"2023-10-11T11:42:16","date_gmt":"2023-10-11T10:42:16","guid":{"rendered":"https:\/\/www.tatanka.nl\/?post_type=product&#038;p=119450"},"modified":"2025-05-20T07:53:19","modified_gmt":"2025-05-20T06:53:19","slug":"smart-x","status":"publish","type":"product","link":"https:\/\/www.tatanka.nl\/pt\/smart-x\/","title":{"rendered":"Smart X"},"content":{"rendered":"<h2 data-pm-slice=\"1 1 []\">O que \u00e9 o Smart X?<\/h2>\n<p>Smart X \u00e9 uma p\u00edlula de festa inovadora concebida para levar a sua festa ao pr\u00f3ximo n\u00edvel. Cada embalagem cont\u00e9m seis c\u00e1psulas, cada uma formulada com potentes ingredientes naturais para melhorar a sua experi\u00eancia de festa. A f\u00f3rmula do Smart X \u00e9 composta por tr\u00eas tipos distintos:<\/p>\n<ul data-spread=\"false\">\n<li><strong>2 Vermelho Speed X Capsules<\/strong> - Fornece energia turbo<\/li>\n<li><strong>2 Rosa Sexy X Capsules<\/strong> - Induz sensa\u00e7\u00f5es de euforia<\/li>\n<li><strong>2 Laranja Party X Capsules<\/strong> - Cria o derradeiro ambiente de festa holandesa<\/li>\n<\/ul>\n<p>Cada c\u00e1psula \u00e9 cuidadosamente elaborada para aumentar a energia, elevar o humor e promover a euforia, garantindo uma atmosfera animada e agrad\u00e1vel. O Smart X oferece uma forma flex\u00edvel de misturar e combinar f\u00f3rmulas, permitindo aos utilizadores personalizar a sua experi\u00eancia para uma noite inesquec\u00edvel. Com c\u00e1psulas suficientes para duas pessoas partilharem, \u00e9 o complemento perfeito para qualquer celebra\u00e7\u00e3o.<\/p>\n<h2>Hist\u00f3ria do Smart X<\/h2>\n<p>O Smart X foi desenvolvido para oferecer uma experi\u00eancia de festa \u00fanica que combina energia, euforia e divers\u00e3o. \u00c9 uma evolu\u00e7\u00e3o da linha de p\u00edlulas para festas DNX, que \u00e9 popular entre os frequentadores de festas h\u00e1 anos. A investiga\u00e7\u00e3o e experimenta\u00e7\u00e3o exaustivas levaram \u00e0 combina\u00e7\u00e3o perfeita de Speed X, Sexy X e Party X, resultando numa f\u00f3rmula de festa melhorada.<\/p>\n<p>A hist\u00f3ria do produto est\u00e1 enraizada no desejo de fornecer aos consumidores um suplemento seguro, agrad\u00e1vel e poderoso. Os seus ingredientes naturais s\u00e3o cuidadosamente selecionados para aumentar a energia f\u00edsica e o bem-estar mental. Ao longo do tempo, o Smart X tornou-se uma escolha preferida entre os entusiastas de festas que procuram um comprimido de alta qualidade que proporcione uma mistura equilibrada de excita\u00e7\u00e3o e energia.<\/p>\n<h2>Como utilizar o Smart X<\/h2>\n<p>A utiliza\u00e7\u00e3o de Smart X \u00e9 simples e eficaz. Para obter os melhores resultados, tome a sua combina\u00e7\u00e3o preferida de c\u00e1psulas 30 a 45 minutos antes de querer que os efeitos se fa\u00e7am sentir, acompanhada de \u00e1gua ou sumo de fruta. A dose di\u00e1ria recomendada \u00e9 de tr\u00eas c\u00e1psulas, n\u00e3o sendo aconselh\u00e1vel exceder este limite.<\/p>\n<p>O Smart X oferece flexibilidade na utiliza\u00e7\u00e3o, permitindo aos utilizadores misturar diferentes c\u00e1psulas para adaptar a sua experi\u00eancia. Por exemplo:<\/p>\n<ul data-spread=\"false\">\n<li><strong>Combina\u00e7\u00e3o de Sexy X cor-de-rosa e Speed X vermelho<\/strong> - Cria uma mistura equilibrada de energia e euforia<\/li>\n<li><strong>Misturar as tr\u00eas c\u00e1psulas<\/strong> - Proporciona uma experi\u00eancia intensa, ideal para um ambiente de festa hardcore<\/li>\n<\/ul>\n<p>Os novos utilizadores devem come\u00e7ar com uma dose mais baixa e ajust\u00e1-la de acordo com as suas prefer\u00eancias pessoais. Ouve sempre o teu corpo e consome de forma respons\u00e1vel.<\/p>\n<h2>Ingredientes de Smart X<\/h2>\n<p>Smart X cont\u00e9m uma mistura cuidadosamente selecionada de ingredientes conhecidos pela sua capacidade de melhorar a experi\u00eancia da festa. Cada c\u00e1psula apresenta uma combina\u00e7\u00e3o \u00fanica:<\/p>\n<ul data-spread=\"false\">\n<li><strong>C\u00e1psula Red Speed X:<\/strong> DL-Fenilalanina, Eviodiamina, Cafe\u00edna, Citrus Aurantium - Proporciona um forte impulso energ\u00e9tico<\/li>\n<li><strong>Rosa Sexy X C\u00e1psula:<\/strong> Damiana, GABA, Ginkgo Biloba, Extrato Kanna, Passion Flower - Promove a euforia, o relaxamento e a clareza mental<\/li>\n<li><strong>Laranja Party X C\u00e1psula:<\/strong> Extrato de Black Maca, Kanna, Zinco - Aumenta o humor e a resist\u00eancia<\/li>\n<\/ul>\n<p>Estes ingredientes naturais s\u00e3o misturados em propor\u00e7\u00f5es exactas para garantir uma experi\u00eancia equilibrada e eficaz. O Smart X \u00e9 formulado com cuidado para proporcionar resultados consistentes e potentes, permitindo aos utilizadores desfrutar da sua festa sem preocupa\u00e7\u00f5es com a qualidade ou seguran\u00e7a.<\/p>\n<p><strong>Aviso:<\/strong><br \/>\nN\u00e3o utilizar um suplemento alimentar como substituto de um regime alimentar variado. Manter fora do alcance das crian\u00e7as. A utiliza\u00e7\u00e3o s\u00f3 \u00e9 permitida a pessoas com mais de 18 anos. N\u00e3o utilizar em combina\u00e7\u00e3o com medicamentos ou outros estimulantes, em caso de tens\u00e3o arterial alta\/baixa, problemas card\u00edacos, perturba\u00e7\u00f5es da tiroide, doen\u00e7as renais, depress\u00e3o, nervosismo, queixas f\u00edsicas e\/ou mentais e utiliza\u00e7\u00e3o de inibidores da MAO. Ter cuidado com o consumo excessivo de \u00e1lcool. Em caso de d\u00favida, consultar o m\u00e9dico.<\/p>","protected":false},"excerpt":{"rendered":"<p>Liberta a derradeira experi\u00eancia de festa com Smart X! Este revolucion\u00e1rio comprimido para festas combina energia, euforia e sensa\u00e7\u00f5es de festa inigual\u00e1veis numa mistura m\u00e1gica de seis c\u00e1psulas naturais. Quer esteja \u00e0 procura de energia turbinada, de uma experi\u00eancia sensual euf\u00f3rica ou da verdadeira vibra\u00e7\u00e3o holandesa Party, Smart X tem tudo. Perfeito para partilhar com um amigo ou parceiro, este conjunto d\u00e1-lhe a liberdade de misturar e combinar para obter a sua combina\u00e7\u00e3o ideal para a festa. Opte por um Hardcore Sex Party combinando rosa, vermelho e laranja, e experimente o prazer supremo. Com Smart X, cada festa \u00e9 uma aventura inesquec\u00edvel. Misture, combine e divirta-se com Smart X - o seu bilhete para uma alegria de festa sem fim!<\/p>","protected":false},"featured_media":119454,"template":"","meta":[],"product_brand":[],"product_cat":[535,525,476,532],"product_tag":[],"class_list":{"0":"post-119450","1":"product","2":"type-product","3":"status-publish","4":"has-post-thumbnail","6":"product_cat-dnx","7":"product_cat-party-pills","8":"product_cat-smartshop","9":"product_cat-trippy-pills","11":"first","12":"instock","13":"taxable","14":"shipping-taxable","15":"purchasable","16":"product-type-variable","17":"has-default-attributes"},"_links":{"self":[{"href":"https:\/\/www.tatanka.nl\/pt\/wp-json\/wp\/v2\/product\/119450","targetHints":{"allow":["GET"]}}],"collection":[{"href":"https:\/\/www.tatanka.nl\/pt\/wp-json\/wp\/v2\/product"}],"about":[{"href":"https:\/\/www.tatanka.nl\/pt\/wp-json\/wp\/v2\/types\/product"}],"wp:featuredmedia":[{"embeddable":true,"href":"https:\/\/www.tatanka.nl\/pt\/wp-json\/wp\/v2\/media\/119454"}],"wp:attachment":[{"href":"https:\/\/www.tatanka.nl\/pt\/wp-json\/wp\/v2\/media?parent=119450"}],"wp:term":[{"taxonomy":"product_brand","embeddable":true,"href":"https:\/\/www.tatanka.nl\/pt\/wp-json\/wp\/v2\/product_brand?post=119450"},{"taxonomy":"product_cat","embeddable":true,"href":"https:\/\/www.tatanka.nl\/pt\/wp-json\/wp\/v2\/product_cat?post=119450"},{"taxonomy":"product_tag","embeddable":true,"href":"https:\/\/www.tatanka.nl\/pt\/wp-json\/wp\/v2\/product_tag?post=119450"}],"curies":[{"name":"wp","href":"https:\/\/api.w.org\/{rel}","templated":true}]}}