{"id":125379,"date":"2024-10-22T11:39:09","date_gmt":"2024-10-22T10:39:09","guid":{"rendered":"https:\/\/www.tatanka.nl\/?post_type=product&#038;p=125379"},"modified":"2026-01-14T12:49:25","modified_gmt":"2026-01-14T11:49:25","slug":"marshmallow-shrooms-grow-kit","status":"publish","type":"product","link":"https:\/\/www.tatanka.nl\/pt\/marshmallow-shrooms-grow-kit\/","title":{"rendered":"Marshmallow Kit de cultivo de cogumelos"},"content":{"rendered":"<h2 dir=\"ltr\" data-pm-slice=\"1 1 []\">O que s\u00e3o os cogumelos Marshmallow?<\/h2>\n<p dir=\"ltr\">Os cogumelos Marshmallow s\u00e3o uma variante h\u00edbrida \u00fanica de cubensis criada pela McSmart, concebida para uma experi\u00eancia psicad\u00e9lica sem paralelo. Estes cogumelos m\u00e1gicos destacam-se pelo seu tamanho robusto e efeitos potentes, ganhando a alcunha de \"maiores, mais gordos, melhores\". O All-in-One GrowKit torna o cultivo acess\u00edvel, contendo tudo o que \u00e9 necess\u00e1rio para cultivares os teus pr\u00f3prios cogumelos Marshmallow em casa. Com apenas \u00e1gua e instru\u00e7\u00f5es simples, podes cultivar estes cogumelos para produzir imagens vibrantes e uma viagem profundamente imersiva. Normalmente, o kit produz cerca de 400-500 gramas na primeira colheita, sendo poss\u00edveis at\u00e9 tr\u00eas colheitas. Armazenado entre 2-4\u00b0C, o kit mant\u00e9m-se vi\u00e1vel durante cerca de seis meses, garantindo um potencial duradouro para os produtores dom\u00e9sticos. A natureza h\u00edbrida dos cogumelos Marshmallow aumenta a sua intensidade, tornando-os favoritos para quem procura uma viagem psicad\u00e9lica de n\u00edvel superior. A sua facilidade de crescimento e efeitos impressionantes tornam-na ideal para cultivadores novatos e experientes que procuram explorar uma variedade verdadeiramente excecional.<\/p>\n<h2 dir=\"ltr\">Hist\u00f3ria dos cogumelos Marshmallow<\/h2>\n<p dir=\"ltr\">O desenvolvimento do Marshmallow Shrooms assinala um marco significativo na evolu\u00e7\u00e3o dos cogumelos m\u00e1gicos. Criada pela McSmart, esta variedade h\u00edbrida de cubensis surgiu de anos de reprodu\u00e7\u00e3o selectiva para combinar as melhores carater\u00edsticas de v\u00e1rias variedades de cubensis. O objetivo era criar um cogumelo que proporcionasse uma pot\u00eancia elevada e rendimentos substanciais, apelativo para os cultivadores modernos. Ao contr\u00e1rio das estirpes tradicionais, os cogumelos Marshmallow foram concebidos para produzirem corpos de frutifica\u00e7\u00e3o maiores e mais densos, o que resulta no seu aspeto carater\u00edstico de \"marshmallow\". Esta inova\u00e7\u00e3o reflecte os avan\u00e7os da micologia, em que os cultivadores procuraram melhorar a experi\u00eancia psicad\u00e9lica ao mesmo tempo que simplificavam o cultivo. A introdu\u00e7\u00e3o do All-in-One GrowKit democratizou ainda mais o acesso, permitindo a qualquer pessoa cultivar estes cogumelos not\u00e1veis em casa. Atualmente, os cogumelos Marshmallow s\u00e3o celebrados como uma oferta de edi\u00e7\u00e3o limitada, incorporando a vanguarda do cultivo de cogumelos m\u00e1gicos. A sua composi\u00e7\u00e3o h\u00edbrida \u00fanica garante uma experi\u00eancia consistente e poderosa, distinguindo-os no mundo dos psicad\u00e9licos e cimentando o seu lugar na explora\u00e7\u00e3o cont\u00ednua de fungos que alteram a consci\u00eancia.<\/p>\n<h2 dir=\"ltr\">Como utilizar os cogumelos Marshmallow<\/h2>\n<p dir=\"ltr\">O cultivo dos cogumelos Marshmallow \u00e9 simples com o kit de cultivo tudo-em-um inclu\u00eddo. Come\u00e7a por limpar as tuas m\u00e3os e o exterior do kit, depois retira a tampa e mergulha o kit em \u00e1gua morna (20\u00b0C) durante cinco minutos. Escorre a \u00e1gua, coloca o kit no saco de cultivo fornecido e adiciona 200-250 ml de \u00e1gua morna. Fecha o saco com clipes de papel e mant\u00e9m-no numa sala a 20-25\u00b0C, longe da luz solar direta ou de fontes de calor. Manter n\u00edveis elevados de humidade e CO2 at\u00e9 aparecerem cabe\u00e7as de alfinete (forma\u00e7\u00f5es iniciais de cogumelos), o que pode demorar 10-20 dias. Uma vez formadas as cabe\u00e7as de alfinete, arejar o saco diariamente e humedecer ligeiramente o kit. Colhe os cogumelos imediatamente antes de o v\u00e9u sob o chap\u00e9u se romper, torcendo-os suavemente e puxando-os para fora. Para colheitas adicionais, repetir o processo de demolha e crescimento. Este m\u00e9todo assegura um crescimento \u00f3timo e colheitas m\u00faltiplas, tornando o Marshmallow Shrooms um projeto excitante para cultivadores caseiros que procuram uma experi\u00eancia potente e gratificante.<\/p>\n<h2 dir=\"ltr\">Ingredientes de Marshmallow Shrooms<\/h2>\n<p dir=\"ltr\">O \"ingrediente\" principal da Marshmallow Shrooms \u00e9 o Psilocybe Qubit, uma estirpe h\u00edbrida cubensis exclusiva da McSmart. O All-in-One GrowKit cont\u00e9m um substrato optimizado para esta estirpe, pr\u00e9-inoculado com mic\u00e9lio para iniciar o crescimento. O kit tamb\u00e9m inclui um saco de cultivo com filtros de ar e dois clipes de papel para selar, eliminando a necessidade de materiais adicionais. O substrato \u00e9 uma mistura rica em nutrientes concebida para apoiar o desenvolvimento de cogumelos grandes e potentes, garantindo rendimentos elevados de 400-500 gramas em condi\u00e7\u00f5es ideais. Os compostos naturais dos cogumelos Marshmallow, como a psilocibina e a psilocina, s\u00e3o respons\u00e1veis pelos seus efeitos psicad\u00e9licos. A psilocibina converte-se em psilocina no corpo, influenciando os receptores de serotonina para produzir alucina\u00e7\u00f5es v\u00edvidas e estados alterados de consci\u00eancia. N\u00e3o s\u00e3o utilizados quaisquer aditivos ou qu\u00edmicos externos, preservando a pureza natural dos cogumelos. Esta configura\u00e7\u00e3o cuidadosamente selecionada permite aos cultivadores concentrarem-se no cultivo, enquanto o kit fornece todos os componentes essenciais para uma colheita bem sucedida.<\/p>\n<p dir=\"ltr\"><strong>Aviso<\/strong><br \/>\nMarshmallow Os cogumelos cont\u00eam psilocibina e psilocina, alucinog\u00e9nios naturais que podem induzir efeitos poderosos de altera\u00e7\u00e3o da consci\u00eancia. Estas subst\u00e2ncias podem causar alucina\u00e7\u00f5es intensas e devem ser tomadas com precau\u00e7\u00e3o. Guarda sempre os cogumelos Marshmallow fora do alcance das crian\u00e7as, devido \u00e0s suas propriedades psicoactivas potentes. Consulta um profissional se n\u00e3o tiveres a certeza dos seus efeitos ou da sua utiliza\u00e7\u00e3o segura.<\/p>","protected":false},"excerpt":{"rendered":"<p>Os Shrooms Marshmallow, uma edi\u00e7\u00e3o limitada de cubensis h\u00edbridos da McSmart, oferecem uma viagem psicad\u00e9lica extraordin\u00e1ria. Com o seu tamanho maior e pot\u00eancia melhorada, estes cogumelos proporcionam uma viagem intensa e visualmente cativante. Um kit de cultivo de 1200 cc rende uma m\u00e9dia de 500 gramas, o que os torna potentes e produtivos. Se procuras uma experi\u00eancia mais forte e envolvente, os cogumelos da edi\u00e7\u00e3o limitada Marshmallow s\u00e3o a escolha ideal para uma aventura inesquec\u00edvel.<\/p>","protected":false},"featured_media":125384,"template":"","meta":[],"product_brand":[],"product_cat":[539,297,595,515,519,476,593],"product_tag":[662],"class_list":{"0":"post-125379","1":"product","2":"type-product","3":"status-publish","4":"has-post-thumbnail","6":"product_cat-magic-mushroom-grow-kits","7":"product_cat-all-products","8":"product_cat-mcsmart","9":"product_cat-shroomshop","10":"product_cat-shroomshop-top-10","11":"product_cat-smartshop","12":"product_cat-strongest-magic-mushroom-grow-kits","13":"product_tag-shrdeal","14":"product_shipping_class-creditcard-off","16":"first","17":"instock","18":"taxable","19":"shipping-taxable","20":"purchasable","21":"product-type-variable","22":"has-default-attributes"},"_links":{"self":[{"href":"https:\/\/www.tatanka.nl\/pt\/wp-json\/wp\/v2\/product\/125379","targetHints":{"allow":["GET"]}}],"collection":[{"href":"https:\/\/www.tatanka.nl\/pt\/wp-json\/wp\/v2\/product"}],"about":[{"href":"https:\/\/www.tatanka.nl\/pt\/wp-json\/wp\/v2\/types\/product"}],"wp:featuredmedia":[{"embeddable":true,"href":"https:\/\/www.tatanka.nl\/pt\/wp-json\/wp\/v2\/media\/125384"}],"wp:attachment":[{"href":"https:\/\/www.tatanka.nl\/pt\/wp-json\/wp\/v2\/media?parent=125379"}],"wp:term":[{"taxonomy":"product_brand","embeddable":true,"href":"https:\/\/www.tatanka.nl\/pt\/wp-json\/wp\/v2\/product_brand?post=125379"},{"taxonomy":"product_cat","embeddable":true,"href":"https:\/\/www.tatanka.nl\/pt\/wp-json\/wp\/v2\/product_cat?post=125379"},{"taxonomy":"product_tag","embeddable":true,"href":"https:\/\/www.tatanka.nl\/pt\/wp-json\/wp\/v2\/product_tag?post=125379"}],"curies":[{"name":"wp","href":"https:\/\/api.w.org\/{rel}","templated":true}]}}