{"id":126705,"date":"2024-12-06T09:10:31","date_gmt":"2024-12-06T08:10:31","guid":{"rendered":"https:\/\/www.tatanka.nl\/?post_type=product&#038;p=126705"},"modified":"2025-10-31T10:24:00","modified_gmt":"2025-10-31T09:24:00","slug":"microdose-synergy-capsules","status":"publish","type":"product","link":"https:\/\/www.tatanka.nl\/pt\/microdose-synergy-capsules\/","title":{"rendered":"C\u00e1psulas Microdose Synergy"},"content":{"rendered":"<h2>O que \u00e9 o Microdose Synergy Capsules?<\/h2>\n<p>As c\u00e1psulas Microdose Synergy s\u00e3o suplementos inovadores concebidos para maximizar os benef\u00edcios da microdosagem. Combinam ingredientes poderosos, incluindo o cogumelo Lion\u2019s Mane, a niacina (vitamina B3), o extrato de alecrim e a vitamina C, criando uma sinergia que apoia a fun\u00e7\u00e3o cognitiva, a energia e a clareza mental.<\/p>\n<p>O Lion\u2019s Mane, conhecido como \"alimento natural para o c\u00e9rebro\", promove a produ\u00e7\u00e3o de factores de crescimento dos nervos, essenciais para a sa\u00fade das c\u00e9lulas cerebrais. A niacina aumenta o fluxo sangu\u00edneo, assegurando uma absor\u00e7\u00e3o eficiente dos nutrientes, enquanto a vitamina C e o extrato de alecrim fornecem apoio antioxidante e metab\u00f3lico. Estas c\u00e1psulas s\u00e3o especialmente eficazes quando combinadas com rotinas de microdosagem, ajudando-o a alcan\u00e7ar uma concentra\u00e7\u00e3o, criatividade e bem-estar ideais.<\/p>\n<p>Cada frasco cont\u00e9m 60 c\u00e1psulas, proporcionando uma forma simples e c\u00f3moda de integrar estes benef\u00edcios na sua vida di\u00e1ria.<\/p>\n<h2>A hist\u00f3ria dos ingredientes da Microdose Synergy<\/h2>\n<p>Os ingredientes das c\u00e1psulas Microdose Synergy t\u00eam ra\u00edzes profundas na medicina tradicional e na ci\u00eancia moderna. Os cogumelos Lion\u2019s Mane s\u00e3o utilizados h\u00e1 s\u00e9culos nas culturas da \u00c1sia Oriental para apoiar a sa\u00fade e a vitalidade do c\u00e9rebro. Estudos cient\u00edficos sugerem que estimulam a produ\u00e7\u00e3o do fator de crescimento nervoso, crucial para a repara\u00e7\u00e3o e manuten\u00e7\u00e3o dos neur\u00f3nios.<\/p>\n<p>A niacina, descoberta no in\u00edcio do s\u00e9culo XX, \u00e9 um nutriente vital para o metabolismo energ\u00e9tico e para a sa\u00fade da pele. Tradicionalmente derivada de alimentos como cereais e leguminosas, desempenha um papel fundamental na s\u00edntese de prote\u00ednas e na repara\u00e7\u00e3o celular. O alecrim, uma erva nativa do Mediterr\u00e2neo, tem sido celebrado pela sua capacidade de melhorar a mem\u00f3ria e a circula\u00e7\u00e3o, enquanto as propriedades antioxidantes da vitamina C s\u00e3o reconhecidas mundialmente h\u00e1 d\u00e9cadas.<\/p>\n<p>Ao combinar estes ingredientes testados ao longo do tempo, as c\u00e1psulas Microdose Synergy oferecem uma abordagem moderna \u00e0 melhoria da sa\u00fade f\u00edsica e cognitiva.<\/p>\n<h2>Como utilizar o Microdose Synergy Capsules<\/h2>\n<p>Para beneficiar plenamente das vantagens das c\u00e1psulas Microdose Synergy, siga uma rotina estruturada:<\/p>\n<p><strong>Dia 1-4: Dias Microdosing<\/strong><\/p>\n<ul>\n<li>Tomar 0,5 a 1,5 gramas de trufas m\u00e1gicas frescas de manh\u00e3.<\/li>\n<li>Adicionar 1-2 c\u00e1psulas de Microdose Synergy para amplificar os efeitos.<\/li>\n<\/ul>\n<p><strong>Dia 5-7: Dias n\u00e3o relacionados com o Microdosing<\/strong><\/p>\n<ul>\n<li>Saltar as trufas mas, opcionalmente, tomar 1-2 c\u00e1psulas de manh\u00e3.<\/li>\n<\/ul>\n<p><strong>Ciclo:<\/strong> Repita esta rotina durante quatro semanas para obter os melhores resultados.<\/p>\n<p>As c\u00e1psulas podem ser utilizadas com ou sem microdosagem. No entanto, a combina\u00e7\u00e3o com as trufas McMicrodose aumenta os seus efeitos sin\u00e9rgicos. Tomar sempre as c\u00e1psulas de manh\u00e3 com \u00e1gua para manter a energia e a concentra\u00e7\u00e3o ao longo do dia.<\/p>\n<h2>Ingredientes de Microdose Synergy Capsules<\/h2>\n<p>Cada c\u00e1psula de Microdose Synergy cont\u00e9m:<\/p>\n<ul>\n<li><strong>300 mg de extrato org\u00e2nico de Lion\u2019s Mane:<\/strong> Refor\u00e7a a fun\u00e7\u00e3o cognitiva e a sa\u00fade dos neur\u00f3nios.<\/li>\n<li><strong>50 mg de niacina (vitamina B3):<\/strong> Melhora o metabolismo energ\u00e9tico e a absor\u00e7\u00e3o de nutrientes.<\/li>\n<li><strong>25 mg de extrato de alecrim:<\/strong> Apoia a circula\u00e7\u00e3o e a digest\u00e3o.<\/li>\n<li><strong>25 mg de \u00e1cido asc\u00f3rbico (vitamina C):<\/strong> Protege as c\u00e9lulas do stress oxidativo e apoia a imunidade.<\/li>\n<\/ul>\n<p>Estes ingredientes s\u00e3o cuidadosamente selecionados para trabalharem em conjunto, promovendo a sa\u00fade do c\u00e9rebro, melhorando a concentra\u00e7\u00e3o e fornecendo prote\u00e7\u00e3o antioxidante.<\/p>\n<p><strong>Aviso<\/strong><br \/>\nAs c\u00e1psulas de Microdose Synergy s\u00e3o suplementos alimentares e n\u00e3o devem substituir um regime alimentar equilibrado ou um estilo de vida saud\u00e1vel. N\u00e3o exceder a dose recomendada. Manter fora do alcance das crian\u00e7as. Consultar um profissional de sa\u00fade antes da utiliza\u00e7\u00e3o se estiver gr\u00e1vida, a amamentar ou se tiver problemas de sa\u00fade. Doses elevadas de Niacina podem causar \"rubores\" tempor\u00e1rios, uma sensa\u00e7\u00e3o inofensiva de calor ou formigueiro.<\/p>","protected":false},"excerpt":{"rendered":"<p>Melhore o seu percurso de microdosagem com as c\u00e1psulas Microdose Synergy! Estes suplementos, que cont\u00eam Lion\u2019s Mane, niacina, extrato de alecrim e vitamina C, apoiam a sa\u00fade do c\u00e9rebro, os n\u00edveis de energia e o bem-estar geral, ao mesmo tempo que amplificam os efeitos da microdosagem.<\/p>","protected":false},"featured_media":134861,"template":"","meta":[],"product_brand":[],"product_cat":[596,475,521,523,395,515,476],"product_tag":[662],"class_list":{"0":"post-126705","1":"product","2":"type-product","3":"status-publish","4":"has-post-thumbnail","6":"product_cat-mcmyco","7":"product_cat-healthshop","8":"product_cat-medicinal-mushrooms","9":"product_cat-medicinal-mushrooms-supplements","10":"product_cat-microdosing","11":"product_cat-shroomshop","12":"product_cat-smartshop","13":"product_tag-shrdeal","15":"first","16":"instock","17":"taxable","18":"shipping-taxable","19":"purchasable","20":"product-type-variable","21":"has-default-attributes"},"_links":{"self":[{"href":"https:\/\/www.tatanka.nl\/pt\/wp-json\/wp\/v2\/product\/126705","targetHints":{"allow":["GET"]}}],"collection":[{"href":"https:\/\/www.tatanka.nl\/pt\/wp-json\/wp\/v2\/product"}],"about":[{"href":"https:\/\/www.tatanka.nl\/pt\/wp-json\/wp\/v2\/types\/product"}],"wp:featuredmedia":[{"embeddable":true,"href":"https:\/\/www.tatanka.nl\/pt\/wp-json\/wp\/v2\/media\/134861"}],"wp:attachment":[{"href":"https:\/\/www.tatanka.nl\/pt\/wp-json\/wp\/v2\/media?parent=126705"}],"wp:term":[{"taxonomy":"product_brand","embeddable":true,"href":"https:\/\/www.tatanka.nl\/pt\/wp-json\/wp\/v2\/product_brand?post=126705"},{"taxonomy":"product_cat","embeddable":true,"href":"https:\/\/www.tatanka.nl\/pt\/wp-json\/wp\/v2\/product_cat?post=126705"},{"taxonomy":"product_tag","embeddable":true,"href":"https:\/\/www.tatanka.nl\/pt\/wp-json\/wp\/v2\/product_tag?post=126705"}],"curies":[{"name":"wp","href":"https:\/\/api.w.org\/{rel}","templated":true}]}}