{"id":126719,"date":"2024-12-06T09:49:15","date_gmt":"2024-12-06T08:49:15","guid":{"rendered":"https:\/\/www.tatanka.nl\/?post_type=product&#038;p=126719"},"modified":"2025-03-05T16:25:36","modified_gmt":"2025-03-05T15:25:36","slug":"cola-nut-capsules-2","status":"publish","type":"product","link":"https:\/\/www.tatanka.nl\/pt\/cola-nut-capsules-2\/","title":{"rendered":"Cola Nut c\u00e1psulas"},"content":{"rendered":"<h2>O que s\u00e3o Cola Nut Capsules?<\/h2>\n<p>As c\u00e1psulas Cola Nut s\u00e3o um suplemento natural feito a partir das sementes da planta Cola Nitida, tamb\u00e9m conhecida como Kolanoot. Esta planta est\u00e1 relacionada com o cacau e pode crescer at\u00e9 20 metros de altura nas florestas tropicais de \u00c1frica. As sementes da planta Cola Nitida s\u00e3o ricas em cafe\u00edna, que proporciona os efeitos energizantes encontrados nas c\u00e1psulas Cola Nut. Semelhante \u00e0 cafe\u00edna do caf\u00e9, este estimulante natural pode ajudar a combater a fadiga e a aumentar o estado de alerta mental.<\/p>\n<p>As c\u00e1psulas foram concebidas para lhe proporcionar uma dosagem c\u00f3moda e controlada de Cola Nut. Cada c\u00e1psula cont\u00e9m uma quantidade potente dos compostos activos da Cola Nitida, oferecendo-lhe um impulso energ\u00e9tico limpo e natural sem a necessidade de bebidas energ\u00e9ticas a\u00e7ucaradas. Os efeitos do Cola Nut incluem maior concentra\u00e7\u00e3o, maior resist\u00eancia e uma redu\u00e7\u00e3o da sensa\u00e7\u00e3o de cansa\u00e7o. Quer necessite de um impulso mental ou de apoio para se manter alerta durante as suas actividades di\u00e1rias, as c\u00e1psulas de Cola Nut podem ser uma adi\u00e7\u00e3o \u00fatil \u00e0 sua rotina de bem-estar.<\/p>\n<h2>Hist\u00f3ria do Cola Nut<\/h2>\n<p>A hist\u00f3ria do Cola Nut remonta a s\u00e9culos em \u00c1frica, onde tem sido uma parte essencial da cultura e das pr\u00e1ticas medicinais. As sementes da planta Cola Nitida eram tradicionalmente mastigadas pelas tribos africanas para aumentar os n\u00edveis de energia durante longas viagens ou tarefas extenuantes. Era valorizada pela sua capacidade de aumentar a resist\u00eancia e a concentra\u00e7\u00e3o, tornando-a um recurso natural indispens\u00e1vel nestas comunidades.<\/p>\n<p>A popularidade global do Cola Nut disparou quando se tornou a principal fonte de cafe\u00edna na ic\u00f3nica bebida Coca-Cola. Durante muitos anos, o Cola Nut foi utilizado na f\u00f3rmula original, contribuindo para as propriedades energizantes da bebida. Embora a cafe\u00edna sint\u00e9tica tenha acabado por substituir o Cola Nut na maioria dos refrigerantes modernos, o legado deste estimulante natural perdura e continua a ser um ingrediente-chave em v\u00e1rios produtos de sa\u00fade atualmente.<\/p>\n<p>As propriedades energizantes do Cola Nut tornaram-no um ingrediente popular em suplementos de ervas em todo o mundo. A sua capacidade de estimular e melhorar a concentra\u00e7\u00e3o faz com que seja uma op\u00e7\u00e3o para quem procura alternativas naturais aos produtos energ\u00e9ticos sint\u00e9ticos.<\/p>\n<h2>Como utilizar o Cola Nut Capsules<\/h2>\n<p>Para tirar o m\u00e1ximo partido das c\u00e1psulas de Cola Nut, tomar duas c\u00e1psulas com um copo de \u00e1gua uma vez por dia. Recomenda-se consumir as c\u00e1psulas de Cola Nut durante a manh\u00e3 ou ao in\u00edcio da tarde para evitar perturbar o sono devido ao seu teor de cafe\u00edna. Esta dosagem simples permite-lhe desfrutar dos efeitos energ\u00e9ticos sem consumir cafe\u00edna em excesso.<\/p>\n<p>Se o Cola Nut \u00e9 novo para si ou se \u00e9 sens\u00edvel \u00e0 cafe\u00edna, comece com uma dose mais baixa e avalie a rea\u00e7\u00e3o do seu corpo. Como em qualquer suplemento, a consist\u00eancia \u00e9 fundamental. Para obter os melhores resultados, incorpore as c\u00e1psulas de Cola Nut na sua rotina di\u00e1ria para melhorar a concentra\u00e7\u00e3o e manter a energia durante todo o dia.<\/p>\n<p>Para al\u00e9m de aumentar a energia, as c\u00e1psulas de Cola Nut podem ajudar a apoiar os esfor\u00e7os de perda de peso. O teor de cafe\u00edna pode ajudar a aumentar o metabolismo e a suprimir o apetite, facilitando o cumprimento dos objectivos de controlo do peso. Certifique-se de que complementa as c\u00e1psulas com uma dieta equilibrada e exerc\u00edcio f\u00edsico regular para obter os melhores resultados.<\/p>\n<h2>Ingredientes de Cola Nut Capsules<\/h2>\n<p>Cada c\u00e1psula de Cola Nut cont\u00e9m um \u00fanico e poderoso ingrediente: Cola Nitida. Este ingrediente prov\u00e9m das sementes da planta Cola Nitida, que \u00e9 nativa da \u00c1frica tropical. As sementes s\u00e3o naturalmente ricas em cafe\u00edna, que \u00e9 o principal composto ativo respons\u00e1vel pelos efeitos energizantes do Cola Nut.<\/p>\n<p>A cafe\u00edna actua estimulando o sistema nervoso central, melhorando a clareza mental e aumentando o estado de alerta. Al\u00e9m disso, o Cola Nut pode ter outros compostos ben\u00e9ficos que contribuem para as suas propriedades de aumento de energia e de apoio ao metabolismo. Isto torna o Cola Nut uma alternativa ideal aos estimulantes sint\u00e9ticos encontrados em muitas bebidas energ\u00e9ticas.<\/p>\n<p>As c\u00e1psulas Indian Elements Cola Nut s\u00e3o 100% naturais, vegan e isentas de aditivos ou conservantes artificiais. Isto garante que est\u00e1 a receber um produto puro e de alta qualidade que se alinha com um estilo de vida limpo e saud\u00e1vel.<\/p>\n<p><strong>Aviso<\/strong><br \/>\nAs c\u00e1psulas Cola Nut destinam-se a adultos com idade superior a 18 anos. Manter fora do alcance das crian\u00e7as. O Cola Nut n\u00e3o deve ser utilizado em combina\u00e7\u00e3o com inibidores da MAO. Pessoas com problemas renais ou card\u00edacos, tens\u00e3o arterial alta ou baixa, diabetes, ou pessoas sob a influ\u00eancia de medicamentos, drogas ou \u00e1lcool devem evitar o uso de Cola Nut. Consultar sempre um profissional de sa\u00fade antes de iniciar qualquer novo suplemento. Este produto \u00e9 um suplemento alimentar e deve ser utilizado como parte de uma dieta equilibrada. N\u00e3o comprar se o selo estiver quebrado.<\/p>","protected":false},"excerpt":{"rendered":"<p>Indian Elements Cola Nut Capsules fornecem um impulso natural de energia atrav\u00e9s da cafe\u00edna encontrada na planta Cola Nitida. Este suplemento ajuda a melhorar a concentra\u00e7\u00e3o, a combater a fadiga e pode at\u00e9 apoiar a perda de peso. Com as suas propriedades energizantes, o Cola Nut oferece uma forma natural e vegan de melhorar o seu desempenho di\u00e1rio.<\/p>","protected":false},"featured_media":126722,"template":"","meta":[],"product_brand":[],"product_cat":[597,297,477,476],"product_tag":[],"class_list":{"0":"post-126719","1":"product","2":"type-product","3":"status-publish","4":"has-post-thumbnail","6":"product_cat-indian-elements","7":"product_cat-all-products","8":"product_cat-herbs","9":"product_cat-smartshop","11":"first","12":"instock","13":"taxable","14":"shipping-taxable","15":"purchasable","16":"product-type-variable","17":"has-default-attributes"},"_links":{"self":[{"href":"https:\/\/www.tatanka.nl\/pt\/wp-json\/wp\/v2\/product\/126719","targetHints":{"allow":["GET"]}}],"collection":[{"href":"https:\/\/www.tatanka.nl\/pt\/wp-json\/wp\/v2\/product"}],"about":[{"href":"https:\/\/www.tatanka.nl\/pt\/wp-json\/wp\/v2\/types\/product"}],"wp:featuredmedia":[{"embeddable":true,"href":"https:\/\/www.tatanka.nl\/pt\/wp-json\/wp\/v2\/media\/126722"}],"wp:attachment":[{"href":"https:\/\/www.tatanka.nl\/pt\/wp-json\/wp\/v2\/media?parent=126719"}],"wp:term":[{"taxonomy":"product_brand","embeddable":true,"href":"https:\/\/www.tatanka.nl\/pt\/wp-json\/wp\/v2\/product_brand?post=126719"},{"taxonomy":"product_cat","embeddable":true,"href":"https:\/\/www.tatanka.nl\/pt\/wp-json\/wp\/v2\/product_cat?post=126719"},{"taxonomy":"product_tag","embeddable":true,"href":"https:\/\/www.tatanka.nl\/pt\/wp-json\/wp\/v2\/product_tag?post=126719"}],"curies":[{"name":"wp","href":"https:\/\/api.w.org\/{rel}","templated":true}]}}