{"id":126724,"date":"2024-12-06T09:55:37","date_gmt":"2024-12-06T08:55:37","guid":{"rendered":"https:\/\/www.tatanka.nl\/?post_type=product&#038;p=126724"},"modified":"2025-03-05T16:25:18","modified_gmt":"2025-03-05T15:25:18","slug":"guarana-capsules","status":"publish","type":"product","link":"https:\/\/www.tatanka.nl\/pt\/guarana-capsules\/","title":{"rendered":"C\u00e1psulas de guaran\u00e1"},"content":{"rendered":"<h2>O que \u00e9 o Guaran\u00e1 Capsules?<\/h2>\n<p>O Guaran\u00e1 Capsules de Indian Elements \u00e9 um suplemento energ\u00e9tico natural derivado das sementes da planta Paullinia Cupana. Nativa da floresta amaz\u00f3nica, esta planta \u00e9 utilizada h\u00e1 s\u00e9culos pelas tribos ind\u00edgenas pelas suas propriedades estimulantes. As sementes da planta do guaran\u00e1 cont\u00eam uma elevada concentra\u00e7\u00e3o de cafe\u00edna - at\u00e9 4-6 vezes mais do que o caf\u00e9 - o que a torna um estimulante energ\u00e9tico eficaz e duradouro.<\/p>\n<p>Ao contr\u00e1rio do caf\u00e9, onde a cafe\u00edna \u00e9 absorvida rapidamente, a cafe\u00edna do guaran\u00e1 \u00e9 libertada gradualmente na corrente sangu\u00ednea. Isto permite n\u00edveis de energia sustentados e reduz o risco da quebra de energia que se segue frequentemente ao consumo de caf\u00e9. As c\u00e1psulas s\u00e3o uma forma conveniente de aproveitar o poder do guaran\u00e1 e podem apoiar o desempenho f\u00edsico e mental. Quer pretenda manter-se alerta durante longas horas de trabalho ou necessite de energia extra durante a atividade f\u00edsica, Indian Elements Guarana Capsules oferece uma solu\u00e7\u00e3o natural e equilibrada.<\/p>\n<h2>Hist\u00f3ria do guaran\u00e1<\/h2>\n<p>O guaran\u00e1 tem uma hist\u00f3ria rica, enraizada na cultura das tribos ind\u00edgenas da floresta amaz\u00f3nica. Durante s\u00e9culos, estas comunidades utilizaram as sementes da planta Paullinia Cupana para fins medicinais e cerimoniais. O guaran\u00e1 \u00e9 considerado t\u00e3o importante por algumas tribos que tem um significado simb\u00f3lico e cultural na sua vida quotidiana. Era tradicionalmente utilizado como estimulante para ajudar na ca\u00e7a ou na guerra, ajudando a melhorar a concentra\u00e7\u00e3o, a energia e a resist\u00eancia.<\/p>\n<p>As propriedades energizantes do guaran\u00e1 tornaram-no um recurso valioso para estas tribos, que dependiam dele para manter os seus n\u00edveis de energia durante tarefas fisicamente exigentes. Com o tempo, o guaran\u00e1 tornou-se mais reconhecido fora da sua regi\u00e3o nativa, acabando por entrar no mercado global. Atualmente, \u00e9 um ingrediente popular em bebidas energ\u00e9ticas, suplementos e produtos para perda de peso, gra\u00e7as \u00e0 sua capacidade de fornecer um aumento de energia natural e sustentado.<\/p>\n<h2>Como utilizar o Guaran\u00e1 Capsules<\/h2>\n<p>Para usufruir dos benef\u00edcios do Guaran\u00e1, toma uma c\u00e1psula com um copo de \u00e1gua, como parte da tua rotina di\u00e1ria. Recomenda-se consumir a c\u00e1psula de manh\u00e3 ou ao in\u00edcio da tarde para evitar qualquer potencial interfer\u00eancia com o sono, devido ao teor de cafe\u00edna. A liberta\u00e7\u00e3o gradual de cafe\u00edna da planta do guaran\u00e1 significa que os seus efeitos energizantes duram mais tempo, sem a r\u00e1pida queda que muitas vezes acompanha o caf\u00e9 ou as bebidas energ\u00e9ticas.<\/p>\n<p>Se for sens\u00edvel \u00e0 cafe\u00edna ou nunca tiver experimentado guaran\u00e1 antes, \u00e9 aconselh\u00e1vel come\u00e7ar com uma dose menor e observar como o seu corpo reage. O guaran\u00e1 \u00e9 conhecido por melhorar a clareza mental, a concentra\u00e7\u00e3o e o desempenho f\u00edsico, tornando-o uma excelente escolha para atletas, estudantes ou qualquer pessoa que precise de um impulso durante longos dias de trabalho.<\/p>\n<p>Para al\u00e9m de aumentar a energia, o guaran\u00e1 tamb\u00e9m pode ajudar na gest\u00e3o do peso, uma vez que tem propriedades moderadas de supress\u00e3o do apetite e cont\u00e9m antioxidantes saud\u00e1veis. Isto torna-o um suplemento popular entre aqueles que procuram apoiar a sua dieta e objectivos de fitness.<\/p>\n<h2>Ingredientes do Guaran\u00e1 Capsules<\/h2>\n<p>O ingrediente principal do Guaran\u00e1 Indian Elements Capsules \u00e9 a Paullinia Cupana, o nome cient\u00edfico da planta do guaran\u00e1. As sementes desta planta est\u00e3o repletas de cafe\u00edna, que \u00e9 o principal composto ativo respons\u00e1vel pelos seus efeitos energizantes. O guaran\u00e1 cont\u00e9m 4-6 vezes mais cafe\u00edna do que o caf\u00e9, o que o torna uma das fontes naturais mais potentes deste estimulante.<\/p>\n<p>Para al\u00e9m da cafe\u00edna, as sementes de guaran\u00e1 tamb\u00e9m cont\u00eam antioxidantes ben\u00e9ficos que contribuem para os benef\u00edcios gerais do suplemento para a sa\u00fade. Estes antioxidantes podem ajudar a combater o stress oxidativo e apoiar o bem-estar geral. A composi\u00e7\u00e3o natural do guaran\u00e1 proporciona um aumento de energia equilibrado e sustent\u00e1vel, sem os picos e quedas bruscos que frequentemente ocorrem com os estimulantes sint\u00e9ticos.<\/p>\n<p>Indian Elements Guaran\u00e1 Capsules s\u00e3o 100% naturais, vegan e isentos de quaisquer aditivos artificiais. Isto garante que est\u00e1 a receber um produto puro e de alta qualidade que apoia um estilo de vida saud\u00e1vel.<\/p>\n<p><strong>Aviso<\/strong><br \/>\nAs c\u00e1psulas de guaran\u00e1 destinam-se a adultos com mais de 18 anos. Manter fora do alcance das crian\u00e7as. O uso de guaran\u00e1 n\u00e3o \u00e9 recomendado para pessoas com problemas card\u00edacos. Consulta sempre um profissional de sa\u00fade antes de iniciares qualquer novo suplemento, especialmente se tiveres algum problema de sa\u00fade subjacente. Este \u00e9 um suplemento alimentar e deve ser utilizado como parte de uma dieta equilibrada. N\u00e3o comprar se o selo estiver quebrado.<\/p>","protected":false},"excerpt":{"rendered":"<p>Indian Elements Guaran\u00e1 Capsules proporciona um aumento natural de energia, gra\u00e7as ao elevado teor de cafe\u00edna da planta Paullinia Cupana. Ideais para quem procura mais energia, concentra\u00e7\u00e3o e motiva\u00e7\u00e3o, estas c\u00e1psulas s\u00e3o preferidas por atletas, estudantes e qualquer pessoa que necessite de um est\u00edmulo mental ou f\u00edsico.<\/p>","protected":false},"featured_media":126727,"template":"","meta":[],"product_brand":[],"product_cat":[597,297,477,476],"product_tag":[],"class_list":{"0":"post-126724","1":"product","2":"type-product","3":"status-publish","4":"has-post-thumbnail","6":"product_cat-indian-elements","7":"product_cat-all-products","8":"product_cat-herbs","9":"product_cat-smartshop","11":"first","12":"instock","13":"taxable","14":"shipping-taxable","15":"purchasable","16":"product-type-variable","17":"has-default-attributes"},"_links":{"self":[{"href":"https:\/\/www.tatanka.nl\/pt\/wp-json\/wp\/v2\/product\/126724","targetHints":{"allow":["GET"]}}],"collection":[{"href":"https:\/\/www.tatanka.nl\/pt\/wp-json\/wp\/v2\/product"}],"about":[{"href":"https:\/\/www.tatanka.nl\/pt\/wp-json\/wp\/v2\/types\/product"}],"wp:featuredmedia":[{"embeddable":true,"href":"https:\/\/www.tatanka.nl\/pt\/wp-json\/wp\/v2\/media\/126727"}],"wp:attachment":[{"href":"https:\/\/www.tatanka.nl\/pt\/wp-json\/wp\/v2\/media?parent=126724"}],"wp:term":[{"taxonomy":"product_brand","embeddable":true,"href":"https:\/\/www.tatanka.nl\/pt\/wp-json\/wp\/v2\/product_brand?post=126724"},{"taxonomy":"product_cat","embeddable":true,"href":"https:\/\/www.tatanka.nl\/pt\/wp-json\/wp\/v2\/product_cat?post=126724"},{"taxonomy":"product_tag","embeddable":true,"href":"https:\/\/www.tatanka.nl\/pt\/wp-json\/wp\/v2\/product_tag?post=126724"}],"curies":[{"name":"wp","href":"https:\/\/api.w.org\/{rel}","templated":true}]}}