{"id":126729,"date":"2024-12-06T10:00:16","date_gmt":"2024-12-06T09:00:16","guid":{"rendered":"https:\/\/www.tatanka.nl\/?post_type=product&#038;p=126729"},"modified":"2025-01-29T14:02:50","modified_gmt":"2025-01-29T13:02:50","slug":"guarana","status":"publish","type":"product","link":"https:\/\/www.tatanka.nl\/pt\/guarana\/","title":{"rendered":"Guaran\u00e1"},"content":{"rendered":"<h2>O que \u00e9 o guaran\u00e1?<\/h2>\n<p>O guaran\u00e1 (Paullinia Cupana) \u00e9 uma planta trepadeira tropical origin\u00e1ria da regi\u00e3o amaz\u00f3nica, sobretudo do Brasil. As suas pequenas bagas e sementes castanho-avermelhadas s\u00e3o utilizadas pelas tribos ind\u00edgenas h\u00e1 s\u00e9culos, n\u00e3o s\u00f3 como fonte de alimento, mas tamb\u00e9m pelas suas propriedades energizantes. Para estas tribos, o guaran\u00e1 \u00e9 um s\u00edmbolo cultural significativo, muitas vezes visto como vital para o seu modo de vida. Conhecido pelos seus poderosos efeitos estimulantes, o guaran\u00e1 tem sido historicamente utilizado na ca\u00e7a e na guerra pela sua capacidade de aumentar a energia e o estado de alerta.<\/p>\n<p>A carater\u00edstica mais not\u00e1vel do guaran\u00e1 \u00e9 o seu elevado teor de cafe\u00edna, que \u00e9 4 a 6 vezes superior ao do caf\u00e9. Ao contr\u00e1rio do caf\u00e9, que fornece uma explos\u00e3o r\u00e1pida de cafe\u00edna, o guaran\u00e1 liberta-a gradualmente, resultando num n\u00edvel de energia mais sustentado sem a queda r\u00e1pida. Isto faz do guaran\u00e1 um suplemento natural ideal para quem procura um aumento de energia constante e a longo prazo. Os efeitos do guaran\u00e1 s\u00e3o mais ben\u00e9ficos quando utilizado regularmente, apoiando a vitalidade geral e melhorando o desempenho f\u00edsico e mental.<\/p>\n<hr \/>\n<h2>Hist\u00f3ria do guaran\u00e1<\/h2>\n<p>O guaran\u00e1 tem uma hist\u00f3ria profundamente enraizada na Amaz\u00f3nia, onde as tribos ind\u00edgenas dependem desta planta h\u00e1 s\u00e9culos. Utilizam-na pelas suas propriedades estimulantes, que s\u00e3o particularmente \u00fateis durante as expedi\u00e7\u00f5es de ca\u00e7a ou na prepara\u00e7\u00e3o para a batalha. As bagas da planta, que cont\u00eam elevados n\u00edveis de cafe\u00edna, s\u00e3o frequentemente mo\u00eddas em p\u00f3 ou misturadas com \u00e1gua para criar bebidas energizantes.<\/p>\n<p>Para muitas tribos, o guaran\u00e1 tem um significado cultural e \u00e9 parte integrante da sua sobreviv\u00eancia e tradi\u00e7\u00f5es. Com o tempo, o conhecimento dos seus benef\u00edcios espalhou-se, e o guaran\u00e1 acabou por ganhar popularidade para al\u00e9m da Amaz\u00f3nia. Nos tempos modernos, o guaran\u00e1 \u00e9 amplamente utilizado em bebidas energ\u00e9ticas, suplementos diet\u00e9ticos e produtos para perda de peso, devido \u00e0 sua capacidade natural de melhorar a energia e a concentra\u00e7\u00e3o. O Guaran\u00e1 Indian Elements traz esta tradi\u00e7\u00e3o secular para o mundo moderno, oferecendo um impulsionador de energia natural e eficaz.<\/p>\n<hr \/>\n<h2>Como utilizar o guaran\u00e1<\/h2>\n<p>A dose recomendada de Guaran\u00e1 Indian Elements \u00e9 de 1 grama por dia, o que faz com que seja uma forma f\u00e1cil e conveniente de incorporar esta erva que aumenta a energia na sua rotina di\u00e1ria. Basta misturar o p\u00f3 numa bebida, batido ou batido. Devido \u00e0 liberta\u00e7\u00e3o gradual de cafe\u00edna, os efeitos do guaran\u00e1 s\u00e3o sustentados ao longo do dia, proporcionando um aumento constante de energia, concentra\u00e7\u00e3o e clareza mental.<\/p>\n<p>Embora o guaran\u00e1 possa ser tomado em qualquer altura, \u00e9 prefer\u00edvel tom\u00e1-lo de manh\u00e3 ou ao in\u00edcio da tarde para evitar perturbar o seu hor\u00e1rio de sono. Pode ser particularmente \u00fatil para quem precisa de um impulso de energia durante longas sess\u00f5es de trabalho ou estudo, pois ajuda a manter a concentra\u00e7\u00e3o e a produtividade. Para os desportistas, o guaran\u00e1 pode contribuir para um melhor desempenho, melhorando a resist\u00eancia f\u00edsica e reduzindo a fadiga durante actividades f\u00edsicas intensas.<\/p>\n<hr \/>\n<h2>Ingredientes do Guaran\u00e1<\/h2>\n<p>O \u00fanico ingrediente do Guaran\u00e1 Indian Elements \u00e9 a semente da planta Paullinia Cupana. Esta semente \u00e9 mo\u00edda num p\u00f3 fino, retendo todos os benef\u00edcios naturais da erva. O guaran\u00e1 \u00e9 conhecido pela sua elevada concentra\u00e7\u00e3o de cafe\u00edna, bem como por outros compostos ben\u00e9ficos, como os antioxidantes, que contribuem para a sa\u00fade e o bem-estar geral.<\/p>\n<p>Al\u00e9m disso, o guaran\u00e1 tem propriedades moderadas de supress\u00e3o do apetite, tornando-o uma escolha popular para quem procura controlar o seu peso. Os seus antioxidantes ajudam a combater o stress oxidativo no corpo, contribuindo para a vitalidade geral. A cafe\u00edna do guaran\u00e1, combinada com os seus outros compostos naturais, torna-o um suplemento poderoso e totalmente natural para aumentar a energia, a concentra\u00e7\u00e3o e a resist\u00eancia.<\/p>\n<hr \/>\n<p><strong>Aviso:<\/strong><br \/>\nUtilizar apenas se tiver mais de 18 anos de idade. Manter fora do alcance das crian\u00e7as. O guaran\u00e1 n\u00e3o \u00e9 recomendado para pessoas com problemas card\u00edacos. Este produto \u00e9 um suplemento alimentar e deve ser utilizado como tal. N\u00e3o comprar se o selo estiver violado.<\/p>","protected":false},"excerpt":{"rendered":"<p>O guaran\u00e1 da Indian Elements \u00e9 um estimulante natural da energia, perfeito para quem precisa de um est\u00edmulo extra durante o dia. Com o seu elevado teor de cafe\u00edna, esta poderosa erva ajuda a melhorar o desempenho f\u00edsico e mental, tornando-a popular entre atletas, estudantes e trabalhadores noturnos. Com uma dose di\u00e1ria recomendada de apenas 1 grama, oferece energia duradoura, maior concentra\u00e7\u00e3o e motiva\u00e7\u00e3o.<\/p>","protected":false},"featured_media":126732,"template":"","meta":[],"product_brand":[],"product_cat":[597,297,477,476],"product_tag":[],"class_list":{"0":"post-126729","1":"product","2":"type-product","3":"status-publish","4":"has-post-thumbnail","6":"product_cat-indian-elements","7":"product_cat-all-products","8":"product_cat-herbs","9":"product_cat-smartshop","11":"first","12":"instock","13":"taxable","14":"shipping-taxable","15":"purchasable","16":"product-type-variable","17":"has-default-attributes"},"_links":{"self":[{"href":"https:\/\/www.tatanka.nl\/pt\/wp-json\/wp\/v2\/product\/126729","targetHints":{"allow":["GET"]}}],"collection":[{"href":"https:\/\/www.tatanka.nl\/pt\/wp-json\/wp\/v2\/product"}],"about":[{"href":"https:\/\/www.tatanka.nl\/pt\/wp-json\/wp\/v2\/types\/product"}],"wp:featuredmedia":[{"embeddable":true,"href":"https:\/\/www.tatanka.nl\/pt\/wp-json\/wp\/v2\/media\/126732"}],"wp:attachment":[{"href":"https:\/\/www.tatanka.nl\/pt\/wp-json\/wp\/v2\/media?parent=126729"}],"wp:term":[{"taxonomy":"product_brand","embeddable":true,"href":"https:\/\/www.tatanka.nl\/pt\/wp-json\/wp\/v2\/product_brand?post=126729"},{"taxonomy":"product_cat","embeddable":true,"href":"https:\/\/www.tatanka.nl\/pt\/wp-json\/wp\/v2\/product_cat?post=126729"},{"taxonomy":"product_tag","embeddable":true,"href":"https:\/\/www.tatanka.nl\/pt\/wp-json\/wp\/v2\/product_tag?post=126729"}],"curies":[{"name":"wp","href":"https:\/\/api.w.org\/{rel}","templated":true}]}}