{"id":126743,"date":"2024-12-06T11:16:36","date_gmt":"2024-12-06T10:16:36","guid":{"rendered":"https:\/\/www.tatanka.nl\/?post_type=product&#038;p=126743"},"modified":"2025-03-05T16:24:02","modified_gmt":"2025-03-05T15:24:02","slug":"creatine","status":"publish","type":"product","link":"https:\/\/www.tatanka.nl\/pt\/creatine\/","title":{"rendered":"Creatina"},"content":{"rendered":"<h2>O que \u00e9 o Creatine Monohydrate Capsules?<\/h2>\n<p>Fit4Seasons Creatine Monohydrate Capsules oferece uma forma conveniente de incorporar a creatina na sua rotina de fitness. A creatina \u00e9 um composto natural que se encontra nas c\u00e9lulas musculares e desempenha um papel vital na produ\u00e7\u00e3o de energia durante curtos per\u00edodos de exerc\u00edcio de alta intensidade. Cada c\u00e1psula cont\u00e9m 750 mg de creatina mono-hidratada, a forma de creatina mais estudada e mais utilizada.<\/p>\n<p>A creatina \u00e9 popular entre os atletas e entusiastas do fitness porque pode melhorar o desempenho f\u00edsico, particularmente em actividades explosivas como levantamento de pesos, sprinting e treino intervalado de alta intensidade (HIIT). Ao tomar suplementos de creatina, os atletas podem sentir melhorias na for\u00e7a, pot\u00eancia e resist\u00eancia durante treinos intensos e de curta dura\u00e7\u00e3o. Estas c\u00e1psulas veganas proporcionam uma forma f\u00e1cil e eficiente de adicionar creatina \u00e0 sua rotina di\u00e1ria sem necessidade de p\u00f3s ou batidos.<\/p>\n<p>Fit4Seasons Creatine Monohydrate Capsules foi concebido para apoiar os seus objectivos de treino e ajud\u00e1-lo a atingir o seu desempenho m\u00e1ximo. S\u00e3o adequados para atletas de todos os n\u00edveis que procuram uma forma natural e eficaz de aumentar o seu rendimento f\u00edsico.<\/p>\n<hr \/>\n<h2>Hist\u00f3ria da creatina<\/h2>\n<p>A creatina \u00e9 utilizada h\u00e1 d\u00e9cadas como suplemento para apoiar o desempenho desportivo. Descoberta no in\u00edcio do s\u00e9culo XIX pelo qu\u00edmico franc\u00eas Michel Eug\u00e8ne Chevreul, a creatina foi identificada como uma subst\u00e2ncia que ocorre naturalmente no tecido muscular. No entanto, s\u00f3 na d\u00e9cada de 1990 \u00e9 que a creatina se tornou amplamente reconhecida pelos seus benef\u00edcios de melhoria do desempenho, particularmente no dom\u00ednio do desporto e da boa forma f\u00edsica.<\/p>\n<p>Nos primeiros tempos, a suplementa\u00e7\u00e3o de creatina estava sobretudo dispon\u00edvel em p\u00f3, mas com o tempo foram desenvolvidos m\u00e9todos de administra\u00e7\u00e3o mais convenientes, como as c\u00e1psulas, para facilitar a suplementa\u00e7\u00e3o dos atletas. Estudos de investiga\u00e7\u00e3o demonstraram que o monohidrato de creatina pode aumentar a massa muscular, a for\u00e7a e o desempenho do exerc\u00edcio, especialmente em treinos de alta intensidade. Como resultado, a creatina tornou-se um dos suplementos mais investigados e populares do mundo, utilizado tanto por atletas profissionais como por frequentadores casuais de gin\u00e1sios.<\/p>\n<p>Atualmente, a creatina \u00e9 normalmente inclu\u00edda em produtos de nutri\u00e7\u00e3o desportiva devido aos seus benef\u00edcios bem documentados para exerc\u00edcios explosivos de curta dura\u00e7\u00e3o e \u00e0 sua capacidade de ajudar os atletas a recuperar mais eficazmente entre s\u00e9ries ou treinos.<\/p>\n<hr \/>\n<h2>Como utilizar a Creatina Monohidratada Capsules<\/h2>\n<p>Fit4Seasons Creatine Monohydrate Capsules s\u00e3o simples de utilizar. A dose recomendada \u00e9 de 1 c\u00e1psula, tomada duas vezes por dia, de prefer\u00eancia ap\u00f3s as refei\u00e7\u00f5es com um copo de \u00e1gua. Isto garante uma absor\u00e7\u00e3o \u00f3ptima da creatina e minimiza o risco de desconforto digestivo.<\/p>\n<p>Para obter os melhores resultados, \u00e9 essencial manter-se consistente com a ingest\u00e3o de creatina. Muitos atletas optam por tomar as c\u00e1psulas em alturas espec\u00edficas do dia, como ap\u00f3s o treino ou com uma refei\u00e7\u00e3o, para ajudar na absor\u00e7\u00e3o. Enquanto algumas pessoas podem sentir benef\u00edcios imediatos da creatina, outras podem levar v\u00e1rios dias ou semanas para notar mudan\u00e7as vis\u00edveis no desempenho.<\/p>\n<p>Tamb\u00e9m \u00e9 importante manter uma hidrata\u00e7\u00e3o adequada ao tomar suplementos de creatina, uma vez que pode aumentar a reten\u00e7\u00e3o de \u00e1gua nos m\u00fasculos. Como sempre, consulte um profissional de sa\u00fade antes de iniciar qualquer novo suplemento, especialmente se estiver gr\u00e1vida, a amamentar ou se tiver algum problema de sa\u00fade.<\/p>\n<hr \/>\n<h2>Ingredientes da Creatina Monohidratada Capsules<\/h2>\n<p>Cada c\u00e1psula de Creatina Monohidratada Fit4Seasons cont\u00e9m 750 mg de creatina monohidratada pura, a forma de creatina mais estudada e eficaz. A creatina \u00e9 um composto que se encontra naturalmente no organismo, principalmente nas c\u00e9lulas musculares, e que desempenha um papel fundamental na produ\u00e7\u00e3o de energia durante curtos per\u00edodos de atividade f\u00edsica intensa.<\/p>\n<p>Quando tomada como suplemento, a creatina ajuda a repor as reservas de ATP (adenosina trifosfato) do organismo, a moeda energ\u00e9tica das c\u00e9lulas. Isto, por sua vez, apoia o aumento da for\u00e7a, pot\u00eancia e resist\u00eancia durante exerc\u00edcios de alta intensidade, como levantamento de pesos, sprinting e outros movimentos explosivos.<\/p>\n<p>As c\u00e1psulas s\u00e3o 100% vegan, o que as torna adequadas para uma dieta \u00e0 base de plantas. Est\u00e3o isentas de aditivos artificiais, conservantes e gl\u00faten, oferecendo uma forma limpa e natural de apoiar os seus objectivos de fitness. Com Fit4Seasons Creatine Monohydrate Capsules, pode abastecer o seu corpo com uma fonte pura e potente de creatina para melhorar o seu desempenho atl\u00e9tico e recupera\u00e7\u00e3o.<\/p>\n<hr \/>\n<p><strong>Avisos<\/strong><\/p>\n<ul>\n<li>Manter fora do alcance das crian\u00e7as.<\/li>\n<li>Consulte o seu m\u00e9dico antes de utilizar o produto se estiver gr\u00e1vida, a amamentar ou se tiver algum problema de sa\u00fade.<\/li>\n<li>Conservar num local fresco e seco, ao abrigo da luz solar direta e \u00e0 temperatura ambiente.<\/li>\n<li>Este produto n\u00e3o substitui uma dieta equilibrada e deve ser utilizado como parte de um estilo de vida saud\u00e1vel.<\/li>\n<\/ul>","protected":false},"excerpt":{"rendered":"<p>Fit4Seasons Creatine Monohydrate Capsules foi concebido para ajudar os atletas a melhorar o seu desempenho durante treinos curtos e intensos. Cada c\u00e1psula vegana cont\u00e9m 750 mg de creatina monohidratada pura, conhecida por aumentar a energia e a for\u00e7a durante actividades como o levantamento de pesos.<\/p>","protected":false},"featured_media":126746,"template":"","meta":[],"product_brand":[],"product_cat":[598,297,475,482],"product_tag":[],"class_list":{"0":"post-126743","1":"product","2":"type-product","3":"status-publish","4":"has-post-thumbnail","6":"product_cat-fit4seasons","7":"product_cat-all-products","8":"product_cat-healthshop","9":"product_cat-vitamins","11":"first","12":"instock","13":"taxable","14":"shipping-taxable","15":"purchasable","16":"product-type-variable","17":"has-default-attributes"},"_links":{"self":[{"href":"https:\/\/www.tatanka.nl\/pt\/wp-json\/wp\/v2\/product\/126743","targetHints":{"allow":["GET"]}}],"collection":[{"href":"https:\/\/www.tatanka.nl\/pt\/wp-json\/wp\/v2\/product"}],"about":[{"href":"https:\/\/www.tatanka.nl\/pt\/wp-json\/wp\/v2\/types\/product"}],"wp:featuredmedia":[{"embeddable":true,"href":"https:\/\/www.tatanka.nl\/pt\/wp-json\/wp\/v2\/media\/126746"}],"wp:attachment":[{"href":"https:\/\/www.tatanka.nl\/pt\/wp-json\/wp\/v2\/media?parent=126743"}],"wp:term":[{"taxonomy":"product_brand","embeddable":true,"href":"https:\/\/www.tatanka.nl\/pt\/wp-json\/wp\/v2\/product_brand?post=126743"},{"taxonomy":"product_cat","embeddable":true,"href":"https:\/\/www.tatanka.nl\/pt\/wp-json\/wp\/v2\/product_cat?post=126743"},{"taxonomy":"product_tag","embeddable":true,"href":"https:\/\/www.tatanka.nl\/pt\/wp-json\/wp\/v2\/product_tag?post=126743"}],"curies":[{"name":"wp","href":"https:\/\/api.w.org\/{rel}","templated":true}]}}