{"id":126754,"date":"2024-12-06T11:41:44","date_gmt":"2024-12-06T10:41:44","guid":{"rendered":"https:\/\/www.tatanka.nl\/?post_type=product&#038;p=126754"},"modified":"2025-07-11T12:48:38","modified_gmt":"2025-07-11T11:48:38","slug":"pine-pollen","status":"publish","type":"product","link":"https:\/\/www.tatanka.nl\/pt\/pine-pollen\/","title":{"rendered":"P\u00f3len de pinheiro"},"content":{"rendered":"<h2>O que s\u00e3o os comprimidos de p\u00f3len de pinheiro?<\/h2>\n<p>Os comprimidos de p\u00f3len de pinheiro s\u00e3o um suplemento diet\u00e9tico natural feito de p\u00f3len de pinheiro org\u00e2nico 90% em p\u00f3, combinado com maltodextrina 10% em p\u00f3. Estes comprimidos s\u00e3o uma fonte rica de fito-androg\u00e9nios bio-id\u00eanticos como DHEA, androsterona e testosterona, que s\u00e3o essenciais para manter n\u00edveis hormonais saud\u00e1veis nos homens. Conhecido pela sua cor amarela subtil e sabor doce, o p\u00f3len de pinheiro \u00e9 utilizado h\u00e1 s\u00e9culos pelos seus v\u00e1rios benef\u00edcios para a sa\u00fade. Quando tomados regularmente, os comprimidos de p\u00f3len de pinheiro podem fornecer nutrientes essenciais para apoiar a fertilidade masculina, aumentar a libido e melhorar a vitalidade f\u00edsica e mental geral.<\/p>\n<p>A composi\u00e7\u00e3o \u00fanica do p\u00f3len de pinheiro torna-o um dos suplementos naturais mais potentes para apoiar a sa\u00fade masculina, uma vez que funciona para aumentar os n\u00edveis de energia, melhorar a fun\u00e7\u00e3o imunit\u00e1ria e at\u00e9 aliviar os sintomas de dores nas articula\u00e7\u00f5es como a artrite. Os compostos naturais encontrados no p\u00f3len de pinheiro fazem dele um suplemento vers\u00e1til adequado para quem procura melhorar a sua sa\u00fade naturalmente.<\/p>\n<h2>Hist\u00f3ria dos comprimidos de p\u00f3len de pinheiro<\/h2>\n<p>O p\u00f3len de pinheiro \u00e9 utilizado na medicina tradicional h\u00e1 s\u00e9culos, particularmente nas culturas asi\u00e1ticas, pelas suas propriedades ben\u00e9ficas para a sa\u00fade. O conceito de utiliza\u00e7\u00e3o do p\u00f3len de pinheiro como suplemento baseia-se na sua elevada concentra\u00e7\u00e3o de testosterona natural e noutros nutrientes essenciais que promovem a sa\u00fade masculina. Nos tempos modernos, os comprimidos de p\u00f3len de pinheiro ganharam popularidade como um rem\u00e9dio natural para os homens que procuram aumentar a sua vitalidade e apoiar os seus n\u00edveis hormonais.<\/p>\n<p>Historicamente, o p\u00f3len de pinheiro era valorizado pela sua capacidade de fortalecer o corpo, melhorar a resist\u00eancia f\u00edsica e promover a energia da juventude. Tamb\u00e9m tem sido reconhecido pelas suas propriedades antioxidantes, que ajudam a combater os efeitos do envelhecimento e a melhorar o bem-estar geral. A formula\u00e7\u00e3o dos comprimidos de p\u00f3len de pinheiro evoluiu para fornecer uma forma conveniente e eficaz de aproveitar o poder do p\u00f3len de pinheiro numa forma altamente biodispon\u00edvel, tornando mais f\u00e1cil do que nunca experimentar os seus benef\u00edcios para a sa\u00fade.<\/p>\n<h2>Como utilizar os comprimidos de p\u00f3len de pinheiro<\/h2>\n<p>Para obter os melhores resultados, recomenda-se a toma de 1-2 comprimidos de p\u00f3len de pinheiro tr\u00eas vezes por dia, de prefer\u00eancia com as refei\u00e7\u00f5es e um copo de \u00e1gua. Esta dosagem garante que o seu corpo pode absorver eficazmente os nutrientes dos comprimidos ao longo do dia, apoiando o seu equil\u00edbrio hormonal, fertilidade e n\u00edveis de energia. O suplemento pode ser utilizado continuamente como parte de uma rotina di\u00e1ria de bem-estar.<\/p>\n<p>Os comprimidos de p\u00f3len de pinheiro s\u00e3o especialmente ben\u00e9ficos para homens com sintomas relacionados com desequil\u00edbrio hormonal, baixa energia ou diminui\u00e7\u00e3o da libido. Ao tomar estes comprimidos regularmente, pode ajudar a suportar os seus n\u00edveis de testosterona, melhorar a sua resist\u00eancia f\u00edsica e aumentar a concentra\u00e7\u00e3o mental. Siga sempre a dosagem recomendada e consulte o seu profissional de sa\u00fade antes de utilizar, especialmente se tiver problemas de sa\u00fade, estiver gr\u00e1vida ou a amamentar.<\/p>\n<h2>Ingredientes de Pine Pollen Tablets<\/h2>\n<p>Cada comprimido de p\u00f3len de pinheiro \u00e9 feito de p\u00f3 de p\u00f3len de pinheiro org\u00e2nico 90%, que cont\u00e9m uma vasta gama de nutrientes biodispon\u00edveis. Estes incluem vitaminas, minerais, antioxidantes e fito-androg\u00e9nios, tais como DHEA, androsterona e testosterona. Estes compostos s\u00e3o naturalmente id\u00eanticos \u00e0s hormonas humanas, tornando o Pine Pollen num suplemento altamente eficaz para apoiar a sa\u00fade masculina. O p\u00f3 de maltodextrina 10% serve como aglutinante para ajudar a criar a forma de comprimido.<\/p>\n<p>O p\u00f3len de pinheiro \u00e9 conhecido pela sua capacidade de promover n\u00edveis saud\u00e1veis de testosterona, aumentar a fertilidade e melhorar a libido masculina. Tamb\u00e9m cont\u00e9m vitaminas e minerais essenciais que apoiam a sa\u00fade geral, incluindo vitamina A, vitaminas B e amino\u00e1cidos essenciais. Al\u00e9m disso, os antioxidantes presentes no p\u00f3len de pinheiro ajudam a reduzir a inflama\u00e7\u00e3o, apoiam a fun\u00e7\u00e3o imunit\u00e1ria e protegem contra o stress oxidativo, tornando-o um excelente complemento para um estilo de vida preocupado com a sa\u00fade.<\/p>\n<p><strong>Aviso:<\/strong> Manter fora do alcance das crian\u00e7as. Consulte o seu m\u00e9dico antes de utilizar este produto se estiver gr\u00e1vida, a amamentar ou se tiver algum problema de sa\u00fade. Conservar \u00e0 temperatura ambiente num local escuro.<\/p>","protected":false},"excerpt":{"rendered":"<p>Os comprimidos de p\u00f3len de pinheiro s\u00e3o um poderoso suplemento natural com mais de 200 nutrientes biodispon\u00edveis, incluindo vitaminas, minerais, antioxidantes e fito-androg\u00e9nios. Conhecido pela sua capacidade de apoiar a sa\u00fade masculina, o p\u00f3len de pinheiro \u00e9 uma excelente fonte de testosterona e pode ajudar a aumentar a fertilidade, melhorar a libido e at\u00e9 promover a sa\u00fade das articula\u00e7\u00f5es. Este suplemento \u00e9 ideal para homens que procuram aumentar o seu bem-estar f\u00edsico e mental naturalmente.<\/p>","protected":false},"featured_media":126756,"template":"","meta":[],"product_brand":[],"product_cat":[598,297,475,482],"product_tag":[],"class_list":{"0":"post-126754","1":"product","2":"type-product","3":"status-publish","4":"has-post-thumbnail","6":"product_cat-fit4seasons","7":"product_cat-all-products","8":"product_cat-healthshop","9":"product_cat-vitamins","11":"first","12":"instock","13":"taxable","14":"shipping-taxable","15":"purchasable","16":"product-type-variable","17":"has-default-attributes"},"_links":{"self":[{"href":"https:\/\/www.tatanka.nl\/pt\/wp-json\/wp\/v2\/product\/126754","targetHints":{"allow":["GET"]}}],"collection":[{"href":"https:\/\/www.tatanka.nl\/pt\/wp-json\/wp\/v2\/product"}],"about":[{"href":"https:\/\/www.tatanka.nl\/pt\/wp-json\/wp\/v2\/types\/product"}],"wp:featuredmedia":[{"embeddable":true,"href":"https:\/\/www.tatanka.nl\/pt\/wp-json\/wp\/v2\/media\/126756"}],"wp:attachment":[{"href":"https:\/\/www.tatanka.nl\/pt\/wp-json\/wp\/v2\/media?parent=126754"}],"wp:term":[{"taxonomy":"product_brand","embeddable":true,"href":"https:\/\/www.tatanka.nl\/pt\/wp-json\/wp\/v2\/product_brand?post=126754"},{"taxonomy":"product_cat","embeddable":true,"href":"https:\/\/www.tatanka.nl\/pt\/wp-json\/wp\/v2\/product_cat?post=126754"},{"taxonomy":"product_tag","embeddable":true,"href":"https:\/\/www.tatanka.nl\/pt\/wp-json\/wp\/v2\/product_tag?post=126754"}],"curies":[{"name":"wp","href":"https:\/\/api.w.org\/{rel}","templated":true}]}}