{"id":126757,"date":"2024-12-06T11:48:41","date_gmt":"2024-12-06T10:48:41","guid":{"rendered":"https:\/\/www.tatanka.nl\/?post_type=product&#038;p=126757"},"modified":"2025-06-27T12:48:44","modified_gmt":"2025-06-27T11:48:44","slug":"spirulina","status":"publish","type":"product","link":"https:\/\/www.tatanka.nl\/pt\/spirulina\/","title":{"rendered":"Spirulina"},"content":{"rendered":"<h2>O que s\u00e3o os comprimidos de Spirulina?<\/h2>\n<p>Os comprimidos de Spirulina s\u00e3o um suplemento alimentar derivado da spirulina biol\u00f3gica, uma alga azul-verde altamente nutritiva. A espirulina \u00e9 considerada um dos alimentos mais densos em nutrientes dispon\u00edveis, fornecendo uma impressionante variedade de vitaminas, minerais e amino\u00e1cidos essenciais. Cada comprimido cont\u00e9m Spirulina em p\u00f3, que \u00e9 rica em prote\u00ednas (constituindo 70% do seu conte\u00fado), \u00e1cidos gordos \u00f3mega 3 e antioxidantes. A espirulina \u00e9 conhecida por apoiar o bem-estar geral, aumentando a energia, melhorando a resist\u00eancia e refor\u00e7ando o sistema imunit\u00e1rio.<\/p>\n<p>Estes comprimidos s\u00e3o particularmente populares entre atletas, vegetarianos e indiv\u00edduos com um estilo de vida ativo. O elevado teor de amino\u00e1cidos essenciais da Spirulina, incluindo todos os nove amino\u00e1cidos essenciais do organismo, torna-a uma excelente fonte de prote\u00ednas de origem vegetal. Al\u00e9m disso, a sua abund\u00e2ncia de vitaminas (como as vitaminas B) e minerais (incluindo c\u00e1lcio, ferro e magn\u00e9sio) ajuda a promover uma sa\u00fade \u00f3ptima. Os comprimidos de Spirulina s\u00e3o uma forma simples e conveniente de incorporar este poderoso superalimento na sua rotina di\u00e1ria.<\/p>\n<h2>Hist\u00f3ria das pastilhas de Spirulina<\/h2>\n<p>A utiliza\u00e7\u00e3o da Spirulina remonta a civiliza\u00e7\u00f5es antigas, particularmente na cultura Asteca, onde era consumida como uma fonte de alimento nutritivo. No entanto, o interesse moderno na Spirulina como suplemento diet\u00e9tico come\u00e7ou em meados do s\u00e9culo XX, quando foi descoberta pelos seus not\u00e1veis benef\u00edcios para a sa\u00fade. A Spirulina ganhou rapidamente popularidade na comunidade de sa\u00fade e bem-estar, particularmente entre atletas e vegetarianos, devido ao seu elevado teor de prote\u00ednas e perfil nutricional abrangente.<\/p>\n<p>O desenvolvimento dos comprimidos de Spirulina facilitou o consumo deste superalimento repleto de nutrientes, tornando-o acess\u00edvel a um p\u00fablico mais vasto. Os investigadores estudaram extensivamente a Spirulina, confirmando os seus potenciais benef\u00edcios para o apoio imunit\u00e1rio, energia e resist\u00eancia. A Spirulina \u00e9 agora reconhecida globalmente como um dos superalimentos mais investigados, e a sua inclus\u00e3o em comprimidos proporcionou uma forma conveniente para as pessoas experimentarem os seus benef\u00edcios sem a necessidade de a preparar noutras formas, como em p\u00f3 ou batidos.<\/p>\n<h2>Como utilizar as pastilhas de Spirulina<\/h2>\n<p>Para tirar o m\u00e1ximo partido dos comprimidos de Spirulina, recomenda-se que tome 1-2 comprimidos tr\u00eas vezes por dia com \u00e1gua durante as refei\u00e7\u00f5es. Isto garante que o seu corpo tem um fornecimento consistente dos nutrientes encontrados na Spirulina ao longo do dia. Para indiv\u00edduos que procuram benef\u00edcios de sa\u00fade mais significativos, a Spirulina pode ser combinada com outros superalimentos como a Chlorella para um efeito melhorado.<\/p>\n<p>Os comprimidos de Spirulina s\u00e3o um excelente complemento para uma dieta equilibrada e um estilo de vida ativo. Ajudam a aumentar a energia, apoiam o sistema imunit\u00e1rio e melhoram a resist\u00eancia, tornando-as um suplemento ideal para atletas ou qualquer pessoa que procure aumentar o seu desempenho f\u00edsico e mental. A espirulina tamb\u00e9m pode ser utilizada como um suplemento di\u00e1rio de bem-estar, fornecendo nutrientes essenciais e apoiando a sa\u00fade geral. Lembre-se de seguir a dosagem recomendada e consulte um profissional de sa\u00fade se estiver gr\u00e1vida, a amamentar ou se tiver algum problema de sa\u00fade.<\/p>\n<h2>Ingredientes de Spirulina em comprimidos<\/h2>\n<p>Cada comprimido de Spirulina cont\u00e9m 100% de Spirulina org\u00e2nica em p\u00f3, uma fonte potente de nutrientes. A Spirulina \u00e9 rica em prote\u00ednas, contendo todos os nove amino\u00e1cidos essenciais, o que a torna uma excelente fonte de prote\u00ednas de origem vegetal para vegetarianos e veganos. Tamb\u00e9m \u00e9 rica em vitaminas B, fibras, antioxidantes e \u00e1cidos gordos \u00f3mega 3, que ajudam a promover a sa\u00fade cardiovascular, a fun\u00e7\u00e3o cerebral e o bem-estar geral.<\/p>\n<p>Para al\u00e9m destes nutrientes, a Spirulina \u00e9 conhecida pelo seu elevado teor de c\u00e1lcio, que \u00e9 tr\u00eas vezes superior ao encontrado no leite gordo, o que a torna uma excelente escolha para quem procura fontes de c\u00e1lcio \u00e0 base de plantas. A Spirulina tamb\u00e9m cont\u00e9m minerais importantes como o ferro, o magn\u00e9sio e o pot\u00e1ssio, que apoiam v\u00e1rias fun\u00e7\u00f5es corporais. O seu elevado teor de antioxidantes ajuda a proteger o corpo do stress oxidativo, contribuindo para uma melhor fun\u00e7\u00e3o imunit\u00e1ria e sa\u00fade geral.<\/p>\n<p><strong>Aviso:<\/strong> Manter fora do alcance das crian\u00e7as. Consulte o seu m\u00e9dico antes de utilizar este produto se estiver gr\u00e1vida, a amamentar ou se tiver algum problema de sa\u00fade. Conservar \u00e0 temperatura ambiente num local escuro.<\/p>\n<p>Os comprimidos de Spirulina s\u00e3o uma forma simples e eficaz de adicionar uma fonte potente de nutrientes \u00e0 sua dieta, apoiando a energia, a resist\u00eancia e a sa\u00fade imunit\u00e1ria. Com o seu impressionante perfil de nutrientes, este suplemento de superalimento pode ajud\u00e1-lo a manter um estilo de vida saud\u00e1vel e ativo.<\/p>","protected":false},"excerpt":{"rendered":"<p>Os comprimidos de Spirulina s\u00e3o feitos a partir de p\u00f3 de Spirulina org\u00e2nica 100%, uma alga verde-azul que cresce em \u00e1gua doce. Repleta de amino\u00e1cidos essenciais, vitaminas e minerais, a Spirulina \u00e9 um superalimento poderoso que apoia os n\u00edveis de energia, a fun\u00e7\u00e3o imunit\u00e1ria e a resist\u00eancia. Ideal para atletas e para quem leva um estilo de vida consciente, os comprimidos de Spirulina fornecem uma fonte natural de prote\u00ednas, fibras e antioxidantes para o ajudar a sentir-se no seu melhor todos os dias.<\/p>","protected":false},"featured_media":126759,"template":"","meta":[],"product_brand":[],"product_cat":[598,297,475,482],"product_tag":[],"class_list":{"0":"post-126757","1":"product","2":"type-product","3":"status-publish","4":"has-post-thumbnail","6":"product_cat-fit4seasons","7":"product_cat-all-products","8":"product_cat-healthshop","9":"product_cat-vitamins","11":"first","12":"instock","13":"taxable","14":"shipping-taxable","15":"purchasable","16":"product-type-variable","17":"has-default-attributes"},"_links":{"self":[{"href":"https:\/\/www.tatanka.nl\/pt\/wp-json\/wp\/v2\/product\/126757","targetHints":{"allow":["GET"]}}],"collection":[{"href":"https:\/\/www.tatanka.nl\/pt\/wp-json\/wp\/v2\/product"}],"about":[{"href":"https:\/\/www.tatanka.nl\/pt\/wp-json\/wp\/v2\/types\/product"}],"wp:featuredmedia":[{"embeddable":true,"href":"https:\/\/www.tatanka.nl\/pt\/wp-json\/wp\/v2\/media\/126759"}],"wp:attachment":[{"href":"https:\/\/www.tatanka.nl\/pt\/wp-json\/wp\/v2\/media?parent=126757"}],"wp:term":[{"taxonomy":"product_brand","embeddable":true,"href":"https:\/\/www.tatanka.nl\/pt\/wp-json\/wp\/v2\/product_brand?post=126757"},{"taxonomy":"product_cat","embeddable":true,"href":"https:\/\/www.tatanka.nl\/pt\/wp-json\/wp\/v2\/product_cat?post=126757"},{"taxonomy":"product_tag","embeddable":true,"href":"https:\/\/www.tatanka.nl\/pt\/wp-json\/wp\/v2\/product_tag?post=126757"}],"curies":[{"name":"wp","href":"https:\/\/api.w.org\/{rel}","templated":true}]}}