{"id":126765,"date":"2024-12-06T12:05:00","date_gmt":"2024-12-06T11:05:00","guid":{"rendered":"https:\/\/www.tatanka.nl\/?post_type=product&#038;p=126765"},"modified":"2025-06-04T15:39:41","modified_gmt":"2025-06-04T14:39:41","slug":"all-in-one-kratom","status":"publish","type":"product","link":"https:\/\/www.tatanka.nl\/pt\/all-in-one-kratom\/","title":{"rendered":"Tudo em um Kratom"},"content":{"rendered":"<h2>O que \u00e9 o Kratopia All in One Kratom?<\/h2>\n<p>Kratopia All in One Kratom \u00e9 uma mistura cuidadosamente elaborada de v\u00e1rias variedades de Kratom, incluindo Green, Red e White Vein, com um toque de Maeng Da para aumentar a pot\u00eancia. Esta mistura foi concebida para proporcionar uma vasta gama de efeitos, permitindo aos utilizadores experimentar o al\u00edvio da dor, o aumento de energia e o relaxamento. A combina\u00e7\u00e3o destas diferentes variedades de Kratom garante que a mistura mant\u00e9m um efeito equilibrado, com a capacidade de ajustar a intensidade com base na prefer\u00eancia pessoal e na dosagem. As carater\u00edsticas \u00fanicas de cada estirpe contribuem para uma experi\u00eancia mais din\u00e2mica, tornando a Kratopia All in One Kratom uma escolha vers\u00e1til para quem procura uma experi\u00eancia Kratom hol\u00edstica. Dependendo de factores como a idade, a condi\u00e7\u00e3o corporal e a dosagem, o impacto da mistura pode variar, proporcionando uma experi\u00eancia personalizada de cada vez. Quer esteja \u00e0 procura de reduzir o stress, melhorar a concentra\u00e7\u00e3o ou encontrar al\u00edvio para o desconforto, o Kratopia All in One Kratom oferece uma solu\u00e7\u00e3o completa.<\/p>\n<h2>Hist\u00f3ria do Kratopia All in One Kratom<\/h2>\n<p>Kratopia All in One Kratom combina as melhores carater\u00edsticas de v\u00e1rias estirpes tradicionais de Kratom utilizadas h\u00e1 s\u00e9culos. A Kratom, cientificamente conhecida como <em>Mitragyna speciosa<\/em>O Vein Kratom \u00e9 nativo do Sudeste Asi\u00e1tico, onde tem sido um elemento b\u00e1sico na medicina herbal durante s\u00e9culos. As diferentes variedades de Vein Kratom - verde, vermelha e branca - t\u00eam propriedades \u00fanicas e t\u00eam sido utilizadas para v\u00e1rios fins. A Green Vein Kratom \u00e9 conhecida pelos seus efeitos energizantes, enquanto a Red Vein \u00e9 mais relaxante e frequentemente utilizada para o al\u00edvio da dor. A White Vein Kratom, por outro lado, \u00e9 estimulante e edificante. Ao misturar estas variedades, a Kratopia All in One Kratom cria um produto mais completo, combinando os atributos positivos de cada variedade numa mistura harmoniosa. A Maeng Da, outra estirpe muito apreciada e conhecida pela sua pot\u00eancia, \u00e9 adicionada para melhorar os efeitos gerais. Esta mistura oferece aos utilizadores uma experi\u00eancia Kratom evolu\u00edda que abrange m\u00faltiplos benef\u00edcios, e tornou-se uma escolha popular para quem procura versatilidade e equil\u00edbrio no seu consumo de Kratom.<\/p>\n<h2>Como utilizar o Kratopia All in One Kratom<\/h2>\n<p>O Kratopia All in One Kratom pode ser utilizado de v\u00e1rias formas, mas o m\u00e9todo mais comum \u00e9 transform\u00e1-lo num ch\u00e1. Para preparar, basta dissolver 4-5 gramas do p\u00f3 de Kratom numa ch\u00e1vena de \u00e1gua quente e, em seguida, adicionar um pouco de mel ou o seu ado\u00e7ante preferido a gosto. Esta \u00e9 uma forma suave e agrad\u00e1vel de consumir o Kratom, permitindo que os efeitos surjam gradualmente. Os principiantes s\u00e3o aconselhados a come\u00e7ar com uma dose mais baixa, especialmente quando misturam diferentes estirpes de Kratom, como as encontradas na Kratopia All in One Kratom. O efeito da Kratom pode variar consoante o peso corporal, a sensibilidade e a toler\u00e2ncia, pelo que o ajuste da dosagem \u00e9 fundamental para obter o efeito desejado. Para utilizadores mais experientes, pode ser necess\u00e1ria uma dose mais elevada para sentir todos os benef\u00edcios. No entanto, \u00e9 importante seguir sempre a dosagem recomendada e evitar exceder os limites para evitar efeitos secund\u00e1rios indesejados.<\/p>\n<h2>Ingredientes do Kratopia All in One Kratom<\/h2>\n<p>O ingrediente principal do Kratopia All in One Kratom \u00e9 <em>Mitragyna speciosa<\/em>que \u00e9 vulgarmente conhecida como Kratom. Esta planta cont\u00e9m v\u00e1rios alcal\u00f3ides, incluindo a mitragina e a 7-hidroximitragina, que s\u00e3o respons\u00e1veis pelos efeitos abrangentes da planta. A mistura de Green Vein, Red Vein e White Vein Kratom proporciona uma combina\u00e7\u00e3o equilibrada de efeitos estimulantes e calmantes. A Green Vein Kratom \u00e9 normalmente utilizada pelas suas propriedades de aumento da disposi\u00e7\u00e3o e da energia. A Red Vein Kratom \u00e9 mais frequentemente utilizada para o al\u00edvio da dor e relaxamento, enquanto a White Vein Kratom \u00e9 conhecida pelos seus efeitos energizantes e de clareza mental. A inclus\u00e3o da Maeng Da, uma estirpe potente, aumenta ainda mais a efic\u00e1cia geral deste produto. A combina\u00e7\u00e3o destas estirpes Kratom no Kratopia All in One Kratom assegura que os utilizadores experimentam uma variedade de benef\u00edcios, dependendo da dosagem e da condi\u00e7\u00e3o individual. Quer esteja \u00e0 procura de relaxamento, al\u00edvio da dor, energia ou al\u00edvio do stress, esta mistura oferece uma solu\u00e7\u00e3o vers\u00e1til e equilibrada.<\/p>\n<p><strong>Aviso:<\/strong><\/p>\n<p>A venda e utiliza\u00e7\u00e3o do Kratopia All in One Kratom s\u00e3o proibidas a indiv\u00edduos com idade inferior a 18 anos. Conservar num local fresco e seco, fora do alcance das crian\u00e7as. Respeitar sempre a dosagem recomendada para garantir uma utiliza\u00e7\u00e3o segura.<\/p>","protected":false},"excerpt":{"rendered":"<p>A Kratopia All in One Kratom \u00e9 uma mistura equilibrada e vers\u00e1til de Green, Red e White Vein Kratom, refor\u00e7ada com Maeng Da. Esta mistura poderosa oferece uma s\u00e9rie de benef\u00edcios, desde o al\u00edvio da dor e o aumento da energia at\u00e9 \u00e0 redu\u00e7\u00e3o do stress e ao relaxamento. Os seus efeitos variam consoante a dosagem e os factores individuais, proporcionando sempre uma experi\u00eancia \u00fanica.<\/p>","protected":false},"featured_media":126768,"template":"","meta":[],"product_brand":[],"product_cat":[599,297,477,511,476],"product_tag":[],"class_list":{"0":"post-126765","1":"product","2":"type-product","3":"status-publish","4":"has-post-thumbnail","6":"product_cat-kratopia","7":"product_cat-all-products","8":"product_cat-herbs","9":"product_cat-relax-herbs","10":"product_cat-smartshop","11":"product_shipping_class-not-allowed-group-1","13":"first","14":"instock","15":"taxable","16":"shipping-taxable","17":"purchasable","18":"product-type-variable","19":"has-default-attributes"},"_links":{"self":[{"href":"https:\/\/www.tatanka.nl\/pt\/wp-json\/wp\/v2\/product\/126765","targetHints":{"allow":["GET"]}}],"collection":[{"href":"https:\/\/www.tatanka.nl\/pt\/wp-json\/wp\/v2\/product"}],"about":[{"href":"https:\/\/www.tatanka.nl\/pt\/wp-json\/wp\/v2\/types\/product"}],"wp:featuredmedia":[{"embeddable":true,"href":"https:\/\/www.tatanka.nl\/pt\/wp-json\/wp\/v2\/media\/126768"}],"wp:attachment":[{"href":"https:\/\/www.tatanka.nl\/pt\/wp-json\/wp\/v2\/media?parent=126765"}],"wp:term":[{"taxonomy":"product_brand","embeddable":true,"href":"https:\/\/www.tatanka.nl\/pt\/wp-json\/wp\/v2\/product_brand?post=126765"},{"taxonomy":"product_cat","embeddable":true,"href":"https:\/\/www.tatanka.nl\/pt\/wp-json\/wp\/v2\/product_cat?post=126765"},{"taxonomy":"product_tag","embeddable":true,"href":"https:\/\/www.tatanka.nl\/pt\/wp-json\/wp\/v2\/product_tag?post=126765"}],"curies":[{"name":"wp","href":"https:\/\/api.w.org\/{rel}","templated":true}]}}