{"id":126770,"date":"2024-12-06T12:14:49","date_gmt":"2024-12-06T11:14:49","guid":{"rendered":"https:\/\/www.tatanka.nl\/?post_type=product&#038;p=126770"},"modified":"2025-06-04T15:39:51","modified_gmt":"2025-06-04T14:39:51","slug":"maeng-da-x-bali-kratom","status":"publish","type":"product","link":"https:\/\/www.tatanka.nl\/pt\/maeng-da-x-bali-kratom\/","title":{"rendered":"Maeng Da X Bali Kratom"},"content":{"rendered":"<h2>O que \u00e9 o Kratopia Maeng Da X Bali Kratom?<\/h2>\n<p>Kratopia Maeng Da X Bali Kratom \u00e9 uma mistura distinta que combina duas das mais veneradas variedades Kratom: Maeng Da e Bali. A Maeng Da \u00e9 conhecida pelo seu elevado teor de alcal\u00f3ides, proporcionando um potente aumento de energia e uma maior concentra\u00e7\u00e3o, enquanto a Bali Kratom \u00e9 celebrada pelas suas propriedades calmantes e analg\u00e9sicas. A combina\u00e7\u00e3o destas duas variedades cria uma experi\u00eancia Kratom completa, oferecendo aos utilizadores benef\u00edcios f\u00edsicos e mentais. O componente Maeng Da proporciona efeitos estimulantes, enquanto o Bali Kratom equilibra-os com efeitos calmantes e suavizantes, levando a uma sensa\u00e7\u00e3o de relaxamento sereno. Esta mistura \u00e9 perfeita para indiv\u00edduos que querem experimentar uma combina\u00e7\u00e3o de energia, alegria e al\u00edvio da dor, com o benef\u00edcio adicional de promover a clareza mental e a vitalidade f\u00edsica. Quer seja utilizada para fazer face \u00e0s tarefas di\u00e1rias ou para descontrair ap\u00f3s um longo dia, a Kratopia Maeng Da X Bali Kratom oferece uma experi\u00eancia adapt\u00e1vel que pode satisfazer v\u00e1rias necessidades.<\/p>\n<h2>Hist\u00f3ria de Kratopia Maeng Da X Bali Kratom<\/h2>\n<p>A Kratopia Maeng Da X Bali Kratom junta duas das mais famosas e conceituadas variedades Kratom do sudeste asi\u00e1tico. A variedade Maeng Da Kratom tem as suas origens na Indon\u00e9sia, onde os agricultores do Born\u00e9u e de Sumatra t\u00eam vindo a reproduzir seletivamente as melhores \u00e1rvores Kratom durante gera\u00e7\u00f5es. Este cuidadoso processo de cultivo levou \u00e0 reputa\u00e7\u00e3o da variedade Maeng Da de ser a mais potente em termos de teor de alcal\u00f3ides. \u00c9 frequentemente considerada o \"padr\u00e3o de ouro\" da Kratom devido \u00e0 sua for\u00e7a e efic\u00e1cia. Por outro lado, a Bali Kratom \u00e9 utilizada h\u00e1 s\u00e9culos em Bali, na Indon\u00e9sia, conhecida pelas suas propriedades calmantes e analg\u00e9sicas. A combina\u00e7\u00e3o destas duas poderosas estirpes de Kratom resulta numa mistura equilibrada e vers\u00e1til que oferece uma vasta gama de benef\u00edcios. Esta mistura ganhou popularidade pela sua capacidade de responder \u00e0s necessidades f\u00edsicas e mentais, proporcionando aos utilizadores um aumento de energia e uma sensa\u00e7\u00e3o de bem-estar. Para al\u00e9m disso, a mistura cont\u00e9m uma variedade especial de Kratom branca da Mal\u00e1sia que aumenta ainda mais os efeitos estimulantes, criando um produto Kratom \u00fanico e potente.<\/p>\n<h2>Como utilizar o Kratopia Maeng Da X Bali Kratom<\/h2>\n<p>Para usar a Kratopia Maeng Da X Bali Kratom, o m\u00e9todo mais popular \u00e9 prepar\u00e1-la em ch\u00e1. Come\u00e7a-se por dissolver 4-5 gramas do p\u00f3 de Kratom numa ch\u00e1vena de \u00e1gua quente. Pode ent\u00e3o adicionar mel ou qualquer ado\u00e7ante da sua escolha para real\u00e7ar o sabor e torn\u00e1-lo mais agrad\u00e1vel. O Kratom pode ser tomado de outras formas, como mistur\u00e1-lo com um batido ou c\u00e1psulas, mas o ch\u00e1 continua a ser o m\u00e9todo mais comum para a maioria dos utilizadores. Se \u00e9 novo no Kratom ou nesta mistura espec\u00edfica, \u00e9 aconselh\u00e1vel come\u00e7ar com uma dose mais pequena e aument\u00e1-la gradualmente para encontrar o efeito ideal. Para aqueles que t\u00eam mais experi\u00eancia com a Kratom, uma dose mais elevada pode ser mais apropriada. Os efeitos da Kratopia Maeng Da X Bali Kratom podem variar consoante a dosagem, o peso corporal e a sensibilidade individual. Embora seja normalmente utilizada pelos seus efeitos energizantes e calmantes, os utilizadores devem estar atentos \u00e0 sua toler\u00e2ncia pessoal e ajustar a sua ingest\u00e3o em conformidade para evitar potenciais efeitos secund\u00e1rios. Seja sempre cauteloso e comece com uma dose moderada ao experimentar uma nova mistura de Kratom.<\/p>\n<h2>Ingredientes de Kratopia Maeng Da X Bali Kratom<\/h2>\n<p>Os ingredientes principais do Kratopia Maeng Da X Bali Kratom s\u00e3o as folhas de <em>Mitragyna speciosa<\/em>vulgarmente conhecida como Kratom. Esta mistura cont\u00e9m uma combina\u00e7\u00e3o de Maeng Da Kratom, Bali Kratom, e um toque de Malaysian White Kratom. Cada uma destas estirpes de Kratom tem as suas pr\u00f3prias propriedades \u00fanicas, contribuindo para os efeitos gerais da mistura. A Maeng Da Kratom \u00e9 conhecida pelo seu elevado teor de alcal\u00f3ides, particularmente a mitragina, que proporciona efeitos estimulantes que aumentam a energia e a concentra\u00e7\u00e3o. A Bali Kratom, pelo contr\u00e1rio, \u00e9 conhecida pelas suas propriedades relaxantes e analg\u00e9sicas, tornando-a ideal para o al\u00edvio do stress e relaxamento muscular. A adi\u00e7\u00e3o da White Kratom da Mal\u00e1sia aumenta os efeitos energizantes gerais da mistura, criando uma experi\u00eancia equilibrada que oferece benef\u00edcios f\u00edsicos e mentais. A combina\u00e7\u00e3o destas tr\u00eas estirpes garante que a Kratopia Maeng Da X Bali Kratom proporciona um produto Kratom potente e vers\u00e1til, ideal para utilizadores que procuram uma vasta gama de efeitos, desde o aumento da vitalidade ao relaxamento e al\u00edvio da dor.<\/p>\n<p><strong>Aviso:<\/strong><\/p>\n<p>A venda e utiliza\u00e7\u00e3o de Kratopia Maeng Da X Bali Kratom n\u00e3o s\u00e3o permitidas a indiv\u00edduos com menos de 18 anos. Guardar num local fresco e seco, fora do alcance das crian\u00e7as. Respeitar sempre a dosagem recomendada para garantir uma utiliza\u00e7\u00e3o segura.<\/p>","protected":false},"excerpt":{"rendered":"<p>Kratopia Maeng Da e Bali Kratom \u00e9 uma mistura poderosa que combina os efeitos energizantes da Maeng Da com as qualidades calmantes da Bali Kratom. Esta mistura \u00fanica proporciona benef\u00edcios f\u00edsicos e mentais, incluindo o al\u00edvio da dor, maior vitalidade e uma sensa\u00e7\u00e3o de relaxamento sereno. Ideal para quem procura uma experi\u00eancia equilibrada e eficaz com o Kratom.<\/p>","protected":false},"featured_media":126773,"template":"","meta":[],"product_brand":[],"product_cat":[599,297,477,479,511,476],"product_tag":[],"class_list":{"0":"post-126770","1":"product","2":"type-product","3":"status-publish","4":"has-post-thumbnail","6":"product_cat-kratopia","7":"product_cat-all-products","8":"product_cat-herbs","9":"product_cat-medicinal-herbs","10":"product_cat-relax-herbs","11":"product_cat-smartshop","12":"product_shipping_class-not-allowed-group-1","14":"first","15":"instock","16":"taxable","17":"shipping-taxable","18":"purchasable","19":"product-type-variable","20":"has-default-attributes"},"_links":{"self":[{"href":"https:\/\/www.tatanka.nl\/pt\/wp-json\/wp\/v2\/product\/126770","targetHints":{"allow":["GET"]}}],"collection":[{"href":"https:\/\/www.tatanka.nl\/pt\/wp-json\/wp\/v2\/product"}],"about":[{"href":"https:\/\/www.tatanka.nl\/pt\/wp-json\/wp\/v2\/types\/product"}],"wp:featuredmedia":[{"embeddable":true,"href":"https:\/\/www.tatanka.nl\/pt\/wp-json\/wp\/v2\/media\/126773"}],"wp:attachment":[{"href":"https:\/\/www.tatanka.nl\/pt\/wp-json\/wp\/v2\/media?parent=126770"}],"wp:term":[{"taxonomy":"product_brand","embeddable":true,"href":"https:\/\/www.tatanka.nl\/pt\/wp-json\/wp\/v2\/product_brand?post=126770"},{"taxonomy":"product_cat","embeddable":true,"href":"https:\/\/www.tatanka.nl\/pt\/wp-json\/wp\/v2\/product_cat?post=126770"},{"taxonomy":"product_tag","embeddable":true,"href":"https:\/\/www.tatanka.nl\/pt\/wp-json\/wp\/v2\/product_tag?post=126770"}],"curies":[{"name":"wp","href":"https:\/\/api.w.org\/{rel}","templated":true}]}}